{"id":270,"date":"2025-02-12T02:54:53","date_gmt":"2025-02-12T02:54:53","guid":{"rendered":"https:\/\/cangluo.easiwin.com\/?post_type=product&#038;p=270"},"modified":"2025-02-24T03:40:57","modified_gmt":"2025-02-24T03:40:57","slug":"csa-z245-1-spiral-welded-pipe-manufacturer","status":"publish","type":"product","link":"https:\/\/cangluopipe.com\/pt\/product\/csa-z245-1-spiral-welded-pipe-manufacturer\/","title":{"rendered":"CSA Z245.1 Tubo soldado em espiral Fabricante"},"content":{"rendered":"<h2 class=\"wp-block-heading\" id=\"overview-of-csa-z245-1-spiral-welded-pipe\"><strong>Vis\u00e3o geral do tubo soldado em espiral CSA Z245.1<\/strong><\/h2>\n\n\n\n<p>Quando se trata de condutas de alta resist\u00eancia para aplica\u00e7\u00f5es cr\u00edticas, <strong>CSA Z245.1 Tubo soldado em espiral<\/strong> \u00e9 uma escolha de topo. Esta norma de tubagem, estabelecida pela <strong>Associa\u00e7\u00e3o Canadiana de Normas (CSA)<\/strong>garante que <strong>tubos de a\u00e7o soldados em espiral<\/strong> cumprem rigorosos requisitos mec\u00e2nicos, qu\u00edmicos e de desempenho para <strong>petr\u00f3leo &amp; g\u00e1s, transporte de \u00e1gua e infra-estruturas industriais<\/strong>.<\/p>\n\n\n\n<p>Diferente <strong>tubos sem costura ou ERW (soldadura por resist\u00eancia el\u00e9ctrica)<\/strong>, <strong>tubos soldados em espiral<\/strong> oferta <strong>maior resist\u00eancia, melhor manuseamento da press\u00e3o e efici\u00eancia de custos<\/strong>tornando-os uma op\u00e7\u00e3o preferida para projectos de grande di\u00e2metro.<\/p>\n\n\n\n<p>Neste guia, vamos aprofundar <strong>CSA Z245.1 Tubo soldado em espiral<\/strong>, abrangendo <strong>fabricantes, tend\u00eancias de pre\u00e7os, especifica\u00e7\u00f5es, aplica\u00e7\u00f5es, revestimentos e processos de soldadura<\/strong>.<\/p>\n\n\n\n<h2 class=\"wp-block-heading\" id=\"top-csa-z245-1-spiral-welded-pipe-manufacturers\"><strong>Principais fabricantes de tubos soldados em espiral CSA Z245.1<\/strong><\/h2>\n\n\n\n<p>Ao selecionar um <strong>Fabricante de Tubo soldado em espiral CSA Z245.1<\/strong>a qualidade, a fiabilidade e a conformidade com as normas internacionais s\u00e3o cruciais. Aqui est\u00e3o <strong>alguns dos principais fabricantes<\/strong>:<\/p>\n\n\n\n<h3 class=\"wp-block-heading\" id=\"1-cangzhou-spiral-steel-pipes-group-co-ltd\"><strong>1. Cangzhou Spiral Steel Pipes Group Co., Ltd<\/strong><\/h3>\n\n\n\n<p>\u2714 <strong>27 anos de experi\u00eancia<\/strong> no fabrico de tubos de a\u00e7o<br>\u2714 <strong>13 linhas de produ\u00e7\u00e3o<\/strong> para <strong>\u03a6219-\u03a63500mm<\/strong> tubos soldados em espiral<br>\u2714 <strong>Certifica\u00e7\u00e3o ISO9001, API Spec 5L e CSA Z245.1<\/strong><br>\u2714 <strong>Capacidade de produ\u00e7\u00e3o anual: 400 000 toneladas<\/strong><br>\u2714 <strong>Revestimentos personalizados dispon\u00edveis: FBE, 3LPE, revestimento de argamassa de cimento<\/strong><\/p>\n\n\n\n<h3 class=\"wp-block-heading\" id=\"2-evraz-north-america\"><strong>2. Evraz Am\u00e9rica do Norte<\/strong><\/h3>\n\n\n\n<p>Um fabricante canadiano l\u00edder especializado em <strong>Tubos com certifica\u00e7\u00e3o CSA Z245.1<\/strong> para oleodutos e gasodutos.<\/p>\n\n\n\n<h3 class=\"wp-block-heading\" id=\"3-tenaris\"><strong>3. Tenaris<\/strong><\/h3>\n\n\n\n<p>Um fabricante mundial de tubos de a\u00e7o que fornece <strong>tubos soldados em espiral de alta qualidade<\/strong> para projectos de energia e de infra-estruturas.<\/p>\n\n\n\n<h3 class=\"wp-block-heading\" id=\"4-jindal-saw-ltd\"><strong>4. Jindal SAW Ltd<\/strong><\/h3>\n\n\n\n<p>Um dos maiores exportadores de <strong>tubos soldados em espiral<\/strong> para a Am\u00e9rica do Norte, em conformidade com <strong>Normas CSA Z245.1<\/strong>.<\/p>\n\n\n\n<h3 class=\"wp-block-heading\" id=\"5-tianjin-steel-pipe-corporation\"><strong>5. Tianjin Steel Pipe Corporation<\/strong><\/h3>\n\n\n\n<p>Um fabricante chin\u00eas especializado em <strong>grande di\u00e2metro, alta resist\u00eancia <a href=\"https:\/\/en.wikipedia.org\/wiki\/Steel\" target=\"_blank\" rel=\"noopener\">a\u00e7o <\/a>tubos<\/strong> para projectos industriais.<\/p>\n\n\n\n<p>Cada um destes fabricantes garante <strong>cumprimento rigoroso das normas CSA Z245.1<\/strong>, garantindo <strong>for\u00e7a, durabilidade e resist\u00eancia \u00e0 corros\u00e3o<\/strong>.<\/p>\n\n\n<div class=\"wp-block-image\">\n<figure class=\"aligncenter size-full is-resized\"><img decoding=\"async\" src=\"https:\/\/cangluopipe.com\/wp-content\/uploads\/2025\/02\/steel-coil6.jpg\" alt=\"CSA Z245.1 Tubo soldado em espiral\" class=\"wp-image-373\" style=\"width:542px;height:auto\"\/><\/figure>\n<\/div>\n\n\n<h2 class=\"wp-block-heading\" id=\"csa-z245-1-spiral-welded-pipe-vs-other-pipe-types\"><strong>CSA Z245.1 Tubo soldado em espiral vs. outros tipos de tubo<\/strong><\/h2>\n\n\n\n<p>Compreender as diferen\u00e7as entre <strong>CSA Z245.1 Tubos soldados em espiral<\/strong> e outros tipos de tubos \u00e9 crucial para selecionar o produto certo para o seu projeto.<\/p>\n\n\n\n<figure class=\"wp-block-table\"><table class=\"has-fixed-layout\"><thead><tr><th><strong>Carater\u00edstica<\/strong><\/th><th><strong>CSA Z245.1 Tubo soldado em espiral<\/strong><\/th><th><strong>Tubo de a\u00e7o ERW<\/strong><\/th><th><strong>Tubo de a\u00e7o sem costura<\/strong><\/th><\/tr><\/thead><tbody><tr><td><strong>Processo de fabrico<\/strong><\/td><td>Soldadura por arco submerso em espiral (SSAW)<\/td><td>Soldadura de alta frequ\u00eancia<\/td><td>Sem soldadura (extrudido a partir de a\u00e7o s\u00f3lido)<\/td><\/tr><tr><td><strong>For\u00e7a<\/strong><\/td><td>Elevado devido \u00e0 costura em espiral<\/td><td>Moderado<\/td><td>Muito elevado<\/td><\/tr><tr><td><strong>Resist\u00eancia \u00e0 press\u00e3o<\/strong><\/td><td>Excelente<\/td><td>Moderado<\/td><td>Superior<\/td><\/tr><tr><td><strong>Resist\u00eancia \u00e0 corros\u00e3o<\/strong><\/td><td>Pode ser melhorado com revestimentos<\/td><td>Necessita de revestimento adicional<\/td><td>Naturalmente mais resistente<\/td><\/tr><tr><td><strong>Custo<\/strong><\/td><td>Acess\u00edvel<\/td><td>Ligeiramente superior<\/td><td>Caro<\/td><\/tr><tr><td><strong>Gama de di\u00e2metros<\/strong><\/td><td>Grande (at\u00e9 3500 mm)<\/td><td>Limitada<\/td><td>Limitada<\/td><\/tr><tr><td><strong>Aplica\u00e7\u00f5es<\/strong><\/td><td>Petr\u00f3leo, g\u00e1s, condutas de \u00e1gua, projectos estruturais<\/td><td>Transporte de \u00e1gua, constru\u00e7\u00e3o<\/td><td>Aplica\u00e7\u00f5es de alta press\u00e3o<\/td><\/tr><\/tbody><\/table><\/figure>\n\n\n\n<h3 class=\"wp-block-heading\" id=\"why-choose-csa-z245-1-spiral-welded-pipes\"><strong>Por que escolher os tubos soldados em espiral CSA Z245.1?<\/strong><\/h3>\n\n\n\n<p>\u2714 <strong>Econ\u00f3mica para condutas de grande di\u00e2metro<\/strong><br>\u2714 <strong>Elevada resist\u00eancia e durabilidade<\/strong><br>\u2714 <strong>Mais f\u00e1cil de fabricar em comprimentos longos<\/strong><br>\u2714 <strong>Ideal para aplica\u00e7\u00f5es de petr\u00f3leo, g\u00e1s, transmiss\u00e3o de \u00e1gua e industriais<\/strong><\/p>\n\n\n\n<h2 class=\"wp-block-heading\" id=\"csa-z245-1-spiral-welded-pipe-price-per-ton-in-2025\"><strong>Pre\u00e7o do tubo soldado em espiral CSA Z245.1 por tonelada em 2025<\/strong><\/h2>\n\n\n\n<p>O pre\u00e7o de <strong>CSA Z245.1 Tubos soldados em espiral<\/strong> flutua com base em factores como <strong>mat\u00e9rias-primas, di\u00e2metro, revestimentos e procura global<\/strong>. Eis uma tabela de pre\u00e7os estimados para 2025:<\/p>\n\n\n\n<figure class=\"wp-block-table\"><table class=\"has-fixed-layout\"><thead><tr><th><strong>Di\u00e2metro do tubo (mm)<\/strong><\/th><th><strong>Espessura da parede (mm)<\/strong><\/th><th><strong>Pre\u00e7o por tonelada (USD)<\/strong><\/th><\/tr><\/thead><tbody><tr><td>219 \u2013 600<\/td><td>6 \u2013 10<\/td><td>850-850 &#8211; 850-1,250<\/td><\/tr><tr><td>610 \u2013 1200<\/td><td>8 \u2013 14<\/td><td>1,150-1,150 &#8211; 1,150-1,600<\/td><\/tr><tr><td>12h20 \u2013 18h00<\/td><td>10 \u2013 16<\/td><td>1,350-1,350 &#8211; 1,350-1,900<\/td><\/tr><tr><td>2000 \u2013 3500<\/td><td>12 \u2013 25<\/td><td>1,700-1,700 &#8211; 1,700-2,600<\/td><\/tr><\/tbody><\/table><\/figure>\n\n\n\n<h3 class=\"wp-block-heading\" id=\"factors-affecting-price\"><strong>Factores que afectam o pre\u00e7o:<\/strong><\/h3>\n\n\n\n<p>\u2714 <strong>Pre\u00e7os do a\u00e7o<\/strong> - As flutua\u00e7\u00f5es das mat\u00e9rias-primas t\u00eam impacto nos custos.<br>\u2714 <strong>Despesas de fabrico<\/strong> - Custos de m\u00e3o de obra, energia e transporte.<br>\u2714 <strong>Revestimentos &amp; Tratamentos anti-corros\u00e3o<\/strong> - Os revestimentos personalizados aumentam o pre\u00e7o.<br>\u2714 <strong>Encomendas em massa<\/strong> - As grandes encomendas recebem geralmente <strong>tarifas reduzidas<\/strong>.<\/p>\n\n\n\n<p>Cangzhou Spiral Steel Pipes Group oferece <strong>pre\u00e7os competitivos e descontos por grosso<\/strong> para <strong>CSA Z245.1 Tubos soldados em espiral<\/strong>.<\/p>\n\n\n\n<h2 class=\"wp-block-heading\" id=\"csa-z245-1-spiral-welded-pipe-specifications-standards\"><strong>Especifica\u00e7\u00f5es de tubos soldados em espiral CSA Z245.1 &amp; Normas<\/strong><\/h2>\n\n\n\n<p>Para atender <strong>Requisitos CSA Z245.1<\/strong>os tubos soldados em espiral devem obedecer a especifica\u00e7\u00f5es rigorosas.<\/p>\n\n\n\n<figure class=\"wp-block-table\"><table class=\"has-fixed-layout\"><thead><tr><th><strong>Especifica\u00e7\u00e3o<\/strong><\/th><th><strong>Detalhes<\/strong><\/th><\/tr><\/thead><tbody><tr><td><strong>Padr\u00e3o<\/strong><\/td><td>CSA Z245.1:2025<\/td><\/tr><tr><td><strong>Gama de di\u00e2metros<\/strong><\/td><td>219mm - 3500mm<\/td><\/tr><tr><td><strong>Espessura da parede<\/strong><\/td><td>6mm &#8211; 25mm<\/td><\/tr><tr><td><strong>Material<\/strong><\/td><td>A\u00e7o carbono (GR B, X42-X80)<\/td><\/tr><tr><td><strong>Processo de fabrico<\/strong><\/td><td>Soldadura por arco submerso (SAW)<\/td><\/tr><tr><td><strong>M\u00e9todos de ensaio<\/strong><\/td><td>Inspe\u00e7\u00e3o ultra-s\u00f3nica, hidrost\u00e1tica e por raios X<\/td><\/tr><tr><td><strong>Op\u00e7\u00f5es de revestimento<\/strong><\/td><td>FBE, 3LPE, Revestimento de argamassa de cimento<\/td><\/tr><\/tbody><\/table><\/figure>\n\n\n\n<p>Estas especifica\u00e7\u00f5es garantem <strong>CSA Z245.1 Tubos soldados em espiral<\/strong> s\u00e3o <strong>forte, dur\u00e1vel e resistente \u00e0 corros\u00e3o<\/strong>, tornando-os <strong>ideal para a transmiss\u00e3o de petr\u00f3leo, g\u00e1s e \u00e1gua<\/strong>.<\/p>\n\n\n\n<h2 class=\"wp-block-heading\" id=\"csa-z245-1-spiral-welded-pipe-coating-anti-corrosion-treatments\"><strong>CSA Z245.1 Revestimento de tubos soldados em espiral &amp; Tratamentos anti-corros\u00e3o<\/strong><\/h2>\n\n\n\n<p>Para aumentar a durabilidade, <strong>CSA Z245.1 Tubos soldados em espiral<\/strong> submeter-se <strong>diversos tratamentos de revestimento e de prote\u00e7\u00e3o contra a corros\u00e3o<\/strong>.<\/p>\n\n\n\n<figure class=\"wp-block-table\"><table class=\"has-fixed-layout\"><thead><tr><th><strong>Tipo de revestimento<\/strong><\/th><th><strong>Benef\u00edcios<\/strong><\/th><th><strong>Melhor para<\/strong><\/th><\/tr><\/thead><tbody><tr><td><strong>Ep\u00f3xi ligado por fus\u00e3o (FBE)<\/strong><\/td><td>Elevada resist\u00eancia \u00e0 corros\u00e3o, superf\u00edcie lisa<\/td><td>Oleodutos e gasodutos<\/td><\/tr><tr><td><strong>3LPE (Polietileno de tr\u00eas camadas)<\/strong><\/td><td>Elevada resist\u00eancia ao impacto, prote\u00e7\u00e3o contra a humidade<\/td><td>Condutas subterr\u00e2neas<\/td><\/tr><tr><td><strong>Revestimento de argamassa de cimento<\/strong><\/td><td>Evita a corros\u00e3o interna, melhora a qualidade da \u00e1gua<\/td><td>Condutas de transporte de \u00e1gua<\/td><\/tr><tr><td><strong>Revestimento de betume<\/strong><\/td><td>Acess\u00edvel, protege contra a corros\u00e3o do solo<\/td><td>Condutas enterradas<\/td><\/tr><tr><td><strong>Galvaniza\u00e7\u00e3o<\/strong><\/td><td>Resist\u00eancia \u00e0 ferrugem, longa vida \u00fatil<\/td><td>Aplica\u00e7\u00f5es estruturais<\/td><\/tr><\/tbody><\/table><\/figure>\n\n\n\n<p>Cangzhou Spiral Steel Pipes Group fornece <strong>solu\u00e7\u00f5es de revestimento personalizadas<\/strong> para <strong>Tubos com certifica\u00e7\u00e3o CSA Z245.1<\/strong>, assegurando <strong>m\u00e1xima longevidade<\/strong>.<\/p>\n\n\n<div class=\"wp-block-image\">\n<figure class=\"aligncenter size-full is-resized\"><img loading=\"lazy\" decoding=\"async\" width=\"180\" height=\"180\" src=\"https:\/\/cangluopipe.com\/wp-content\/uploads\/2025\/02\/weld-spiral-pipe2.jpg\" alt=\"CSA Z245.1 Tubo soldado em espiral\" class=\"wp-image-374\" style=\"width:582px;height:auto\" srcset=\"https:\/\/cangluopipe.com\/wp-content\/uploads\/2025\/02\/weld-spiral-pipe2.jpg 180w, https:\/\/cangluopipe.com\/wp-content\/uploads\/2025\/02\/weld-spiral-pipe2-150x150.jpg 150w\" sizes=\"auto, (max-width: 180px) 100vw, 180px\" \/><\/figure>\n<\/div>\n\n\n<h2 class=\"wp-block-heading\" id=\"faq-csa-z245-1-spiral-welded-pipe\"><strong>CSA Z245.1 Tubo soldado em espiral Processo de soldadura &amp; Fabrico<\/strong><\/h2>\n\n\n\n<h3 class=\"wp-block-heading\" id=\"how-are-csa-z245-1-spiral-welded-pipes-manufactured\"><strong>Como s\u00e3o fabricados os tubos soldados em espiral CSA Z245.1?<\/strong><\/h3>\n\n\n\n<p>O fabrico de <strong>CSA Z245.1 Tubos soldados em espiral<\/strong> segue um processo meticuloso para garantir <strong>elevada resist\u00eancia, durabilidade e conformidade com as normas da ind\u00fastria<\/strong>. Eis um resumo de como estes tubos s\u00e3o produzidos:<\/p>\n\n\n\n<ol class=\"wp-block-list\">\n<li><strong>Sele\u00e7\u00e3o de bobinas de a\u00e7o<\/strong>\n<ul class=\"wp-block-list\">\n<li>O a\u00e7o-carbono de alta qualidade \u00e9 escolhido com base em <strong>Especifica\u00e7\u00f5es CSA Z245.1<\/strong>.<\/li>\n\n\n\n<li>Os materiais comuns incluem <strong>GR B, X42, X52, X60, X70 e X80<\/strong>.<\/li>\n<\/ul>\n<\/li>\n\n\n\n<li><strong>Processo de forma\u00e7\u00e3o de espirais<\/strong>\n<ul class=\"wp-block-list\">\n<li>A tira de a\u00e7o \u00e9 introduzida numa m\u00e1quina de moldagem, onde \u00e9 continuamente enrolada numa <strong>forma de espiral<\/strong>.<\/li>\n\n\n\n<li>O <strong>costura helicoidal<\/strong> \u00e9 formado, o que aumenta a resist\u00eancia \u00e0 press\u00e3o.<\/li>\n<\/ul>\n<\/li>\n\n\n\n<li><strong>Soldadura por arco submerso (SAW)<\/strong>\n<ul class=\"wp-block-list\">\n<li><strong>Soldadura por arco submerso de dupla face (DSAW)<\/strong> \u00e9 aplicado para garantir uma penetra\u00e7\u00e3o profunda e soldaduras fortes.<\/li>\n\n\n\n<li>Este processo melhora <strong>resist\u00eancia mec\u00e2nica e durabilidade<\/strong>.<\/li>\n<\/ul>\n<\/li>\n\n\n\n<li><strong>Inspe\u00e7\u00e3o por ultra-sons e por ampola; Inspe\u00e7\u00e3o por raios X<\/strong>\n<ul class=\"wp-block-list\">\n<li>Tubos submetidos <strong>ensaios n\u00e3o destrutivos (NDT)<\/strong> para detetar eventuais defeitos.<\/li>\n\n\n\n<li><strong>Ensaio de press\u00e3o hidrost\u00e1tica<\/strong> garante que os tubos podem suportar as press\u00f5es internas.<\/li>\n<\/ul>\n<\/li>\n\n\n\n<li><strong>Revestimento &amp; Tratamento anti-corros\u00e3o<\/strong>\n<ul class=\"wp-block-list\">\n<li>Dependendo da aplica\u00e7\u00e3o, os revestimentos como <strong>Fusion Bonded Epoxy (FBE), 3LPE, e revestimento de argamassa de cimento<\/strong> s\u00e3o aplicadas.<\/li>\n<\/ul>\n<\/li>\n\n\n\n<li><strong>Inspe\u00e7\u00e3o final e carimbo; Certifica\u00e7\u00e3o<\/strong>\n<ul class=\"wp-block-list\">\n<li>Cada tubo \u00e9 testado para <strong>precis\u00e3o dimensional, propriedades mec\u00e2nicas e qualidade do revestimento<\/strong>.<\/li>\n\n\n\n<li>Os tubos s\u00e3o estampados e certificados de acordo com <strong>Diretrizes CSA Z245.1<\/strong>.<\/li>\n<\/ul>\n<\/li>\n<\/ol>\n\n\n\n<h3 class=\"wp-block-heading\" id=\"welding-techniques-used-in-csa-z245-1-spiral-pipes\"><strong>T\u00e9cnicas de soldadura utilizadas nos tubos espirais CSA Z245.1<\/strong><\/h3>\n\n\n\n<figure class=\"wp-block-table\"><table class=\"has-fixed-layout\"><thead><tr><th><strong>M\u00e9todo de soldadura<\/strong><\/th><th><strong>Vantagens<\/strong><\/th><\/tr><\/thead><tbody><tr><td><strong>Soldadura por arco submerso (SAW)<\/strong><\/td><td>Penetra\u00e7\u00e3o profunda, soldaduras fortes, elevada efici\u00eancia<\/td><\/tr><tr><td><strong>Soldadura de dupla face (DSAW)<\/strong><\/td><td>Garante uma resist\u00eancia uniforme, evita pontos fracos<\/td><\/tr><tr><td><strong>Teste hidrost\u00e1tico<\/strong><\/td><td>Verifica a resist\u00eancia \u00e0 press\u00e3o, assegura a aus\u00eancia de fugas<\/td><\/tr><\/tbody><\/table><\/figure>\n\n\n\n<p>Cangzhou Spiral Steel Pipes Group Co., Ltd utiliza <strong>t\u00e9cnicas de soldadura e de ensaio de \u00faltima gera\u00e7\u00e3o<\/strong> para garantir <strong>alta qualidade CSA Z245.1 Tubos soldados em espiral<\/strong>.<\/p>\n\n\n\n<h2 class=\"wp-block-heading\" id=\"csa-z245-1-spiral-welded-pipe-suppliers-exporters\"><strong>CSA Z245.1 Tubo soldado em espiral Fornecedores &amp; amp; Exportadores<\/strong><\/h2>\n\n\n\n<p>Se est\u00e1 a planear <strong>importar CSA Z245.1 Tubos soldados em espiral<\/strong>, escolhendo um <strong>exportador de confian\u00e7a<\/strong> \u00e9 crucial. A China continua a ser um <strong>principal exportador<\/strong> devido \u00e0 sua <strong>elevada capacidade de produ\u00e7\u00e3o, pre\u00e7os competitivos e t\u00e9cnicas de fabrico avan\u00e7adas<\/strong>.<\/p>\n\n\n\n<h3 class=\"wp-block-heading\" id=\"top-chinese-exporters-of-csa-z245-1-spiral-welded-pipes\"><strong>Principais exportadores chineses de tubos soldados em espiral CSA Z245.1<\/strong><\/h3>\n\n\n\n<figure class=\"wp-block-table\"><table class=\"has-fixed-layout\"><thead><tr><th><strong>Nome da empresa<\/strong><\/th><th><strong>Localiza\u00e7\u00e3o<\/strong><\/th><th><strong>Capacidade de produ\u00e7\u00e3o anual<\/strong><\/th><\/tr><\/thead><tbody><tr><td><strong>Cangzhou Spiral Steel Pipes Group Co., Ltd<\/strong><\/td><td>Hebei, China<\/td><td>400.000 toneladas<\/td><\/tr><tr><td><strong>Grupo Baosteel<\/strong><\/td><td>Xangai, China<\/td><td>mais de 500.000 toneladas<\/td><\/tr><tr><td><strong>Tianjin Steel Pipe Co.<\/strong><\/td><td>Tianjin, China<\/td><td>300.000 toneladas<\/td><\/tr><\/tbody><\/table><\/figure>\n\n\n\n<h3 class=\"wp-block-heading\" id=\"why-choose-cangzhou-spiral-steel-pipes-group-for-csa-z245-1-spiral-pipes\"><strong>Por que escolher Cangzhou Spiral Steel Pipes Group para tubos espirais CSA Z245.1?<\/strong><\/h3>\n\n\n\n<p>\u2714 <strong>27 anos de experi\u00eancia no fabrico de tubos de a\u00e7o<\/strong><br>\u2714 <strong>Certifica\u00e7\u00e3o CSA Z245.1, API e ISO<\/strong><br>\u2714 <strong>13 linhas de produ\u00e7\u00e3o, cobrindo di\u00e2metros de tubo de 219 mm a 3500 mm<\/strong><br>\u2714 <strong>Revestimentos personalizados e tratamentos anti-corros\u00e3o dispon\u00edveis<\/strong><br>\u2714 <strong>Forte rede de exporta\u00e7\u00e3o para a Am\u00e9rica do Norte, Europa e M\u00e9dio Oriente<\/strong><\/p>\n\n\n\n<p>Se est\u00e1 \u00e0 procura de um <strong>fornecedor fi\u00e1vel de Tubos soldados em espiral CSA Z245.1<\/strong>, <strong>Grupo de tubos de a\u00e7o em espiral de Cangzhou<\/strong> \u00e9 o seu <strong>melhor escolha<\/strong>.<\/p>\n\n\n\n<h2 class=\"wp-block-heading\" id=\"faq-csa-z245-1-spiral-welded-pipe-1\"><strong>FAQ: CSA Z245.1 Tubo soldado em espiral<\/strong><\/h2>\n\n\n\n<figure class=\"wp-block-table\"><table class=\"has-fixed-layout\"><thead><tr><th><strong>Quest\u00e3o<\/strong><\/th><th><strong>Resposta<\/strong><\/th><\/tr><\/thead><tbody><tr><td><strong>Para que \u00e9 utilizado o tubo soldado em espiral CSA Z245.1?<\/strong><\/td><td>Utilizado principalmente para <strong>petr\u00f3leo e petr\u00f3leos; transporte de g\u00e1s, condutas de \u00e1gua e projectos estruturais<\/strong>.<\/td><\/tr><tr><td><strong>Que revestimentos est\u00e3o dispon\u00edveis?<\/strong><\/td><td><strong>FBE, 3LPE, revestimento de argamassa de cimento e revestimentos galvanizados<\/strong>.<\/td><\/tr><tr><td><strong>Como \u00e9 que se compara com os tubos API 5L?<\/strong><\/td><td><strong>A norma CSA Z245.1 \u00e9 ideal para projectos canadianos e norte-americanos, enquanto a norma API 5L \u00e9 utilizada em todo o mundo<\/strong>.<\/td><\/tr><tr><td><strong>Quem \u00e9 o melhor fornecedor?<\/strong><\/td><td><strong>Cangzhou Spiral Steel Pipes Group Co., Ltd<\/strong> \u00e9 um fornecedor l\u00edder com <strong>Certifica\u00e7\u00f5es ISO &amp; CSA Z245.1<\/strong>.<\/td><\/tr><tr><td><strong>Qual \u00e9 o pre\u00e7o por tonelada em 2025?<\/strong><\/td><td>Os pre\u00e7os variam entre <strong>850a850a850a2.600 por tonelada<\/strong>dependendo do tamanho e do revestimento.<\/td><\/tr><tr><td><strong>Como \u00e9 que estes tubos s\u00e3o testados?<\/strong><\/td><td><strong>Inspec\u00e7\u00f5es ultra-s\u00f3nicas, hidrost\u00e1ticas e por raios X<\/strong> garantir a conformidade da qualidade.<\/td><\/tr><tr><td><strong>Quais s\u00e3o as vantagens dos tubos soldados em espiral em rela\u00e7\u00e3o aos tubos ERW?<\/strong><\/td><td><strong>Maior resist\u00eancia, melhor resist\u00eancia \u00e0 press\u00e3o e rentabilidade para grandes di\u00e2metros<\/strong>.<\/td><\/tr><tr><td><strong>Os tubos CSA Z245.1 requerem revestimentos?<\/strong><\/td><td><strong>Sim, os revestimentos como o FBE, o 3LPE ou o revestimento de argamassa de cimento aumentam a resist\u00eancia \u00e0 corros\u00e3o<\/strong>.<\/td><\/tr><\/tbody><\/table><\/figure>\n\n\n\n<h2 class=\"wp-block-heading\" id=\"final-thoughts\"><strong>Considera\u00e7\u00f5es finais<\/strong><\/h2>\n\n\n\n<p><strong>CSA Z245.1 Tubos soldados em espiral<\/strong> oferta <strong>elevada resist\u00eancia, rentabilidade e durabilidade<\/strong>, tornando-os ideais para <strong>petr\u00f3leo e petr\u00f3leos; transporte de g\u00e1s, condutas de \u00e1gua e aplica\u00e7\u00f5es estruturais<\/strong>.<\/p>\n\n\n\n<p>Se est\u00e1 \u00e0 procura de <strong>um fornecedor fi\u00e1vel<\/strong>, <strong>Cangzhou Spiral Steel Pipes Group Co., Ltd<\/strong> \u00e9 o seu <strong>melhor escolha<\/strong> em 2025! <\/p>\n\n\n\n<p>Necessita de um <strong>cita\u00e7\u00e3o<\/strong> ou mais <strong>pormenores t\u00e9cnicos<\/strong>? Contacto <strong>Grupo de tubos de a\u00e7o em espiral de Cangzhou<\/strong> hoje!<\/p>","protected":false},"featured_media":271,"template":"","meta":{"_acf_changed":true,"_gspb_post_css":"","_kad_blocks_custom_css":"","_kad_blocks_head_custom_js":"","_kad_blocks_body_custom_js":"","_kad_blocks_footer_custom_js":"","_kad_post_transparent":"","_kad_post_title":"","_kad_post_layout":"","_kad_post_sidebar_id":"","_kad_post_content_style":"","_kad_post_vertical_padding":"","_kad_post_feature":"","_kad_post_feature_position":"","_kad_post_header":false,"_kad_post_footer":false,"_kad_post_classname":""},"product-category":[3],"product-standard":[17],"class_list":["post-270","product","type-product","status-publish","has-post-thumbnail","hentry","product-category-spiral-welded-pipe","product-standard-csa-z245-1"],"acf":[],"taxonomy_info":{"product-category":[{"value":3,"label":"Spiral Welded Pipe"}],"product-standard":[{"value":17,"label":"CSA Z245.1"}]},"featured_image_src_large":["https:\/\/cangluopipe.com\/wp-content\/uploads\/2025\/02\/CSA-Z245.1-spiral-welded-pipe.jpg",920,518,false],"author_info":[],"comment_info":"","_links":{"self":[{"href":"https:\/\/cangluopipe.com\/pt\/wp-json\/wp\/v2\/product\/270","targetHints":{"allow":["GET"]}}],"collection":[{"href":"https:\/\/cangluopipe.com\/pt\/wp-json\/wp\/v2\/product"}],"about":[{"href":"https:\/\/cangluopipe.com\/pt\/wp-json\/wp\/v2\/types\/product"}],"wp:featuredmedia":[{"embeddable":true,"href":"https:\/\/cangluopipe.com\/pt\/wp-json\/wp\/v2\/media\/271"}],"wp:attachment":[{"href":"https:\/\/cangluopipe.com\/pt\/wp-json\/wp\/v2\/media?parent=270"}],"wp:term":[{"taxonomy":"product-category","embeddable":true,"href":"https:\/\/cangluopipe.com\/pt\/wp-json\/wp\/v2\/product-category?post=270"},{"taxonomy":"product-standard","embeddable":true,"href":"https:\/\/cangluopipe.com\/pt\/wp-json\/wp\/v2\/product-standard?post=270"}],"curies":[{"name":"wp","href":"https:\/\/api.w.org\/{rel}","templated":true}]}}