{"id":268,"date":"2025-02-12T02:53:57","date_gmt":"2025-02-12T02:53:57","guid":{"rendered":"https:\/\/cangluo.easiwin.com\/?post_type=product&#038;p=268"},"modified":"2025-02-24T03:41:02","modified_gmt":"2025-02-24T03:41:02","slug":"gost-20295-spiral-welded-pipe-manufacturer","status":"publish","type":"product","link":"https:\/\/cangluopipe.com\/pt\/product\/gost-20295-spiral-welded-pipe-manufacturer\/","title":{"rendered":"GOST 20295 Tubo soldado em espiral Fabricante"},"content":{"rendered":"<h2 class=\"wp-block-heading\" id=\"overview-of-gost-20295-spiral-welded-pipe\"><strong>Vis\u00e3o geral do tubo soldado em espiral GOST 20295<\/strong><\/h2>\n\n\n\n<p>Quando se trata de <strong>condutas de a\u00e7o de alta resist\u00eancia<\/strong>, <strong>GOST 20295 Tubo soldado em espiral<\/strong> desempenha um papel vital em sectores como <strong>petr\u00f3leo &amp; g\u00e1s, transporte de \u00e1gua, constru\u00e7\u00e3o e desenvolvimento de infra-estruturas<\/strong>. Esta norma, estabelecida por <strong>Sistema GOST (Norma Estatal) da R\u00fassia<\/strong>garante que <strong>tubos de a\u00e7o soldados em espiral<\/strong> cumprem rigorosos requisitos mec\u00e2nicos, qu\u00edmicos e de desempenho.<\/p>\n\n\n\n<p>Diferente <strong>sem costuras<\/strong> ou <strong>Tubos ERW (soldados por resist\u00eancia el\u00e9ctrica)<\/strong>, <strong>tubos soldados em espiral<\/strong> s\u00e3o conhecidos pela sua <strong>rentabilidade, elevada resist\u00eancia e capacidades de grande di\u00e2metro<\/strong>tornando-os a escolha preferida para projectos de condutas de longa dist\u00e2ncia.<\/p>\n\n\n\n<p>Neste guia, vamos explorar tudo sobre <strong>GOST 20295 Tubo soldado em espiral<\/strong>, incluindo <strong>fabricantes, especifica\u00e7\u00f5es, tend\u00eancias de pre\u00e7os, revestimentos, aplica\u00e7\u00f5es e processos de soldadura<\/strong>.<\/p>\n\n\n\n<h2 class=\"wp-block-heading\" id=\"top-gost-20295-spiral-welded-pipe-manufacturers\"><strong>Principais fabricantes de tubo soldado em espiral GOST 20295<\/strong><\/h2>\n\n\n\n<p>Sele\u00e7\u00e3o de um <strong>fabricante fi\u00e1vel<\/strong> \u00e9 fundamental para garantir <strong>qualidade, durabilidade e conformidade<\/strong> com o <strong>Norma GOST 20295<\/strong>. Aqui est\u00e3o alguns dos <strong>principais fabricantes<\/strong>:<\/p>\n\n\n\n<h3 class=\"wp-block-heading\" id=\"1-cangzhou-spiral-steel-pipes-group-co-ltd\"><strong>1. Cangzhou Spiral Steel Pipes Group Co., Ltd<\/strong><\/h3>\n\n\n\n<p>\u2714 <strong>27 anos de experi\u00eancia<\/strong> no fabrico de tubos de a\u00e7o<br>\u2714 <strong>13 linhas de produ\u00e7\u00e3o<\/strong> para <strong>\u03a6219-\u03a63500mm<\/strong> tubos soldados em espiral<br>\u2714 <strong>Certifica\u00e7\u00e3o GOST 20295, API Spec 5L e ISO 9001<\/strong><br>\u2714 <strong>Capacidade de produ\u00e7\u00e3o anual: 400 000 toneladas<\/strong><br>\u2714 <strong>Revestimentos personalizados dispon\u00edveis: FBE, 3LPE, revestimento de argamassa de cimento<\/strong><\/p>\n\n\n\n<h3 class=\"wp-block-heading\" id=\"2-tmk-\u0442\u0440\u0443\u0431\u043d\u0430\u044f-\u043c\u0435\u0442\u0430\u043b\u043b\u0443\u0440\u0433\u0438\u0447\u0435\u0441\u043a\u0430\u044f-\u043a\u043e\u043c\u043f\u0430\u043d\u0438\u044f-russia\"><strong>2. TMK (\u0422\u0440\u0443\u0431\u043d\u0430\u044f \u041c\u0435\u0442\u0430\u043b\u043b\u0443\u0440\u0433\u0438\u0447\u0435\u0441\u043a\u0430\u044f \u041a\u043e\u043c\u043f\u0430\u043d\u0438\u044f, R\u00fassia)<\/strong><\/h3>\n\n\n\n<p>Um dos maiores fabricantes de tubos de a\u00e7o da R\u00fassia, especializado em <strong>Tubos em conformidade com GOST<\/strong> para <strong>petr\u00f3leo &amp; ind\u00fastrias do g\u00e1s<\/strong>.<\/p>\n\n\n\n<h3 class=\"wp-block-heading\" id=\"3-chelpipe-\u0447\u0435\u043b\u044f\u0431\u0438\u043d\u0441\u043a\u0438\u0438-\u0442\u0440\u0443\u0431\u043e\u043f\u0440\u043e\u043a\u0430\u0442\u043d\u044b\u0438-\u0437\u0430\u0432\u043e\u0434-russia\"><strong>3. ChelPipe (\u0427\u0435\u043b\u044f\u0431\u0438\u043d\u0441\u043a\u0438\u0439 \u0442\u0440\u0443\u0431\u043e\u043f\u0440\u043e\u043a\u0430\u0442\u043d\u044b\u0439 \u0437\u0430\u0432\u043e\u0434, R\u00fassia)<\/strong><\/h3>\n\n\n\n<p>Um dos principais produtores russos de <strong>tubos soldados em espiral de grande di\u00e2metro<\/strong> para <strong>condutas de transporte de \u00e1gua e de g\u00e1s<\/strong>.<\/p>\n\n\n\n<h3 class=\"wp-block-heading\" id=\"4-omk-\u043e\u0431\u044a\u0435\u0434\u0438\u043d\u0435\u043d\u043d\u0430\u044f-\u043c\u0435\u0442\u0430\u043b\u043b\u0443\u0440\u0433\u0438\u0447\u0435\u0441\u043a\u0430\u044f-\u043a\u043e\u043c\u043f\u0430\u043d\u0438\u044f-russia\"><strong>4. OMK (\u041e\u0431\u044a\u0435\u0434\u0438\u043d\u0435\u043d\u043d\u0430\u044f \u041c\u0435\u0442\u0430\u043b\u043b\u0443\u0440\u0433\u0438\u0447\u0435\u0441\u043a\u0430\u044f \u041a\u043e\u043c\u043f\u0430\u043d\u0438\u044f, R\u00fassia)<\/strong><\/h3>\n\n\n\n<p>Um fornecedor l\u00edder de <strong>tubos de alta resist\u00eancia e resistentes \u00e0 corros\u00e3o<\/strong> para <strong>projectos de infra-estruturas<\/strong>.<\/p>\n\n\n\n<h3 class=\"wp-block-heading\" id=\"5-jindal-saw-ltd\"><strong>5. Jindal SAW Ltd<\/strong><\/h3>\n\n\n\n<p>Um fabricante mundial que exporta <strong>tubos soldados em espiral<\/strong> para <strong>R\u00fassia, Europa e Am\u00e9rica do Norte<\/strong>.<\/p>\n\n\n\n<p>Cada um destes fabricantes garante <strong>cumprimento rigoroso das normas GOST 20295<\/strong>, garantindo <strong>elevada durabilidade e resist\u00eancia \u00e0 corros\u00e3o<\/strong>.<\/p>\n\n\n<div class=\"wp-block-image\">\n<figure class=\"aligncenter size-full is-resized\"><img decoding=\"async\" src=\"https:\/\/cangluopipe.com\/wp-content\/uploads\/2025\/02\/IMG_20250207_141943.jpg\" alt=\"GOST 20295 Tubo soldado em espiral\" class=\"wp-image-299\" style=\"width:562px;height:auto\"\/><\/figure>\n<\/div>\n\n\n<h2 class=\"wp-block-heading\" id=\"gost-20295-spiral-welded-pipe-vs-other-pipe-types\"><strong>GOST 20295 Tubo soldado em espiral vs. outros tipos de tubo<\/strong><\/h2>\n\n\n\n<p>A escolha do tubo correto depende de <strong>aplica\u00e7\u00e3o, durabilidade, custo e resist\u00eancia<\/strong>. Eis como <strong>GOST 20295 Tubo soldado em espiral<\/strong> compara-se com outros tipos de tubos comuns:<\/p>\n\n\n\n<figure class=\"wp-block-table\"><table class=\"has-fixed-layout\"><thead><tr><th><strong>Carater\u00edstica<\/strong><\/th><th><strong>GOST 20295 Tubo soldado em espiral<\/strong><\/th><th><strong>Tubo ERW (soldado por resist\u00eancia el\u00e9ctrica)<\/strong><\/th><th><strong>Tubo de a\u00e7o sem costura<\/strong><\/th><\/tr><\/thead><tbody><tr><td><strong>Processo de fabrico<\/strong><\/td><td>Soldadura por arco submerso helicoidal (HSAW)<\/td><td>Soldadura por resist\u00eancia de alta frequ\u00eancia<\/td><td>Produzido sem soldadura<\/td><\/tr><tr><td><strong>Resist\u00eancia &amp; Durabilidade<\/strong><\/td><td>Elevado devido \u00e0 costura em espiral<\/td><td>Moderado<\/td><td>Muito elevado<\/td><\/tr><tr><td><strong>Resist\u00eancia \u00e0 press\u00e3o<\/strong><\/td><td>Excelente<\/td><td>Moderado<\/td><td>Superior<\/td><\/tr><tr><td><strong>Resist\u00eancia \u00e0 corros\u00e3o<\/strong><\/td><td>Pode ser melhorado com revestimentos<\/td><td>Necessita de revestimento adicional<\/td><td>Naturalmente mais resistente<\/td><\/tr><tr><td><strong>Custo<\/strong><\/td><td>Econ\u00f3mica<\/td><td>Ligeiramente superior<\/td><td>Caro<\/td><\/tr><tr><td><strong>Tamanho Disponibilidade<\/strong><\/td><td>Di\u00e2metro grande (at\u00e9 3500 mm)<\/td><td>Di\u00e2metro limitado<\/td><td>Di\u00e2metro limitado<\/td><\/tr><tr><td><strong>Aplica\u00e7\u00e3o<\/strong><\/td><td>Petr\u00f3leo, g\u00e1s, condutas de \u00e1gua, projectos estruturais<\/td><td>Transporte de \u00e1gua, constru\u00e7\u00e3o<\/td><td>Aplica\u00e7\u00f5es de alta press\u00e3o<\/td><\/tr><\/tbody><\/table><\/figure>\n\n\n\n<h3 class=\"wp-block-heading\" id=\"why-choose-gost-20295-spiral-welded-pipes\"><strong>Por que escolher os tubos soldados em espiral GOST 20295?<\/strong><\/h3>\n\n\n\n<p>\u2714 <strong>Elevada resist\u00eancia para condutas de longa dist\u00e2ncia<\/strong><br>\u2714 <strong>Econ\u00f3mica para aplica\u00e7\u00f5es de grande di\u00e2metro<\/strong><br>\u2714 <strong>Excelente para projectos de transmiss\u00e3o de \u00e1gua e industriais<\/strong><br>\u2714 <strong>Mais f\u00e1cil de fabricar em comprimentos longos<\/strong><\/p>\n\n\n\n<h2 class=\"wp-block-heading\" id=\"gost-20295-spiral-welded-pipe-price-per-ton-in-2025\"><strong>GOST 20295 Tubo soldado em espiral Pre\u00e7o por tonelada em 2025<\/strong><\/h2>\n\n\n\n<p>O pre\u00e7o de <strong>GOST 20295 Tubos soldados em espiral<\/strong> varia em fun\u00e7\u00e3o de factores como <strong>custos das mat\u00e9rias-primas, procura, revestimentos e local de fabrico<\/strong>. Segue-se um intervalo de pre\u00e7os estimado para 2025:<\/p>\n\n\n\n<figure class=\"wp-block-table\"><table class=\"has-fixed-layout\"><thead><tr><th><strong>Di\u00e2metro do tubo (mm)<\/strong><\/th><th><strong>Espessura da parede (mm)<\/strong><\/th><th><strong>Pre\u00e7o por tonelada (USD)<\/strong><\/th><\/tr><\/thead><tbody><tr><td>219 \u2013 600<\/td><td>6 \u2013 10<\/td><td>850-850 &#8211; 850-1,250<\/td><\/tr><tr><td>610 \u2013 1200<\/td><td>8 \u2013 14<\/td><td>1,150-1,150 &#8211; 1,150-1,600<\/td><\/tr><tr><td>12h20 \u2013 18h00<\/td><td>10 \u2013 16<\/td><td>1,350-1,350 &#8211; 1,350-1,900<\/td><\/tr><tr><td>2000 \u2013 3500<\/td><td>12 \u2013 25<\/td><td>1,700-1,700 &#8211; 1,700-2,600<\/td><\/tr><\/tbody><\/table><\/figure>\n\n\n\n<h3 class=\"wp-block-heading\" id=\"factors-affecting-price\"><strong>Factores que afectam o pre\u00e7o:<\/strong><\/h3>\n\n\n\n<p>\u2714 <strong>Pre\u00e7os do a\u00e7o:<\/strong> As flutua\u00e7\u00f5es dos pre\u00e7os das mat\u00e9rias-primas t\u00eam impacto nos custos dos tubos.<br>\u2714 <strong>Custos de fabrico:<\/strong> Despesas de m\u00e3o de obra, energia e transporte.<br>\u2714 <strong>Revestimentos &amp; Tratamentos:<\/strong> Os revestimentos anti-corros\u00e3o adicionais aumentam o pre\u00e7o.<br>\u2714 <strong>Quantidade de encomenda:<\/strong> As encomendas em massa beneficiam frequentemente de melhores pre\u00e7os.<\/p>\n\n\n\n<p>Cangzhou Spiral Steel Pipes Group oferece <strong>pre\u00e7os competitivos e descontos por grosso<\/strong> para <strong>Tubos com certifica\u00e7\u00e3o GOST 20295<\/strong>.<\/p>\n\n\n\n<h2 class=\"wp-block-heading\" id=\"gost-20295-spiral-welded-pipe-specifications-standards\"><strong>GOST 20295 Especifica\u00e7\u00f5es de tubos soldados em espiral &amp; Normas<\/strong><\/h2>\n\n\n\n<p>Para atender <strong>Requisitos GOST 20295<\/strong>os tubos soldados em espiral devem obedecer a especifica\u00e7\u00f5es rigorosas.<\/p>\n\n\n\n<figure class=\"wp-block-table\"><table class=\"has-fixed-layout\"><thead><tr><th><strong>Especifica\u00e7\u00e3o<\/strong><\/th><th><strong>Detalhes<\/strong><\/th><\/tr><\/thead><tbody><tr><td><strong>Padr\u00e3o<\/strong><\/td><td>GOST 20295:2025<\/td><\/tr><tr><td><strong>Gama de di\u00e2metros<\/strong><\/td><td>219mm - 3500mm<\/td><\/tr><tr><td><strong>Espessura da parede<\/strong><\/td><td>6mm &#8211; 25mm<\/td><\/tr><tr><td><strong>Material<\/strong><\/td><td>A\u00e7o carbono (GR B, X42-X80)<\/td><\/tr><tr><td><strong>Processo de fabrico<\/strong><\/td><td>Soldadura por arco submerso (SAW)<\/td><\/tr><tr><td><strong>M\u00e9todos de ensaio<\/strong><\/td><td>Inspe\u00e7\u00e3o ultra-s\u00f3nica, hidrost\u00e1tica e por raios X<\/td><\/tr><tr><td><strong>Op\u00e7\u00f5es de revestimento<\/strong><\/td><td>FBE, 3LPE, Revestimento de argamassa de cimento<\/td><\/tr><\/tbody><\/table><\/figure>\n\n\n\n<p>Estas especifica\u00e7\u00f5es garantem <strong>GOST 20295 Tubos soldados em espiral<\/strong> s\u00e3o <strong>forte, dur\u00e1vel e resistente \u00e0 corros\u00e3o<\/strong>, tornando-os <strong>ideal para a transmiss\u00e3o de petr\u00f3leo, g\u00e1s e \u00e1gua<\/strong>.<\/p>\n\n\n\n<h2 class=\"wp-block-heading\" id=\"gost-20295-spiral-welded-pipe-welding-process-manufacturing\"><strong>GOST 20295 Tubo soldado em espiral Processo de soldadura &amp; Fabrico<\/strong><\/h2>\n\n\n\n<h3 class=\"wp-block-heading\" id=\"how-are-gost-20295-spiral-welded-pipes-manufactured\"><strong>Como s\u00e3o fabricados os tubos soldados em espiral GOST 20295?<\/strong><\/h3>\n\n\n\n<p>O <strong>processo de fabrico<\/strong> de <strong>GOST 20295 Tubos soldados em espiral<\/strong> segue um conjunto de procedimentos rigorosos para garantir <strong>elevada resist\u00eancia mec\u00e2nica, durabilidade e conformidade<\/strong> com <strong>Normas russas e internacionais<\/strong>. Segue-se uma descri\u00e7\u00e3o passo a passo do processo de produ\u00e7\u00e3o:<\/p>\n\n\n\n<ol class=\"wp-block-list\">\n<li><strong>Sele\u00e7\u00e3o de bobinas de a\u00e7o<\/strong>\n<ul class=\"wp-block-list\">\n<li>Alta qualidade <strong>carbono<a href=\"https:\/\/en.wikipedia.org\/wiki\/Steel\" target=\"_blank\" rel=\"noopener\"> a\u00e7o<\/a><\/strong> \u00e9 selecionado com base em <strong>Requisitos GOST 20295<\/strong>.<\/li>\n\n\n\n<li>Comum <strong>tipos de a\u00e7o<\/strong> incluir <strong>GR B, X42, X52, X60, X70 e X80<\/strong>.<\/li>\n<\/ul>\n<\/li>\n\n\n\n<li><strong>Processo de forma\u00e7\u00e3o de espirais<\/strong>\n<ul class=\"wp-block-list\">\n<li>A tira de a\u00e7o \u00e9 continuamente alimentada numa m\u00e1quina de moldagem onde \u00e9 <strong>enrolado em forma de espiral<\/strong>.<\/li>\n\n\n\n<li>O <strong>costura helicoidal<\/strong> \u00e9 formado, o que distribui a tens\u00e3o de forma mais uniforme, tornando-o ideal para aplica\u00e7\u00f5es de alta press\u00e3o.<\/li>\n<\/ul>\n<\/li>\n\n\n\n<li><strong>Soldadura por arco submerso (SAW)<\/strong>\n<ul class=\"wp-block-list\">\n<li><strong>Soldadura por arco submerso de dupla face (DSAW)<\/strong> \u00e9 aplicado para garantir <strong>penetra\u00e7\u00e3o profunda e soldaduras fortes<\/strong>.<\/li>\n\n\n\n<li>Este m\u00e9todo <strong>aumenta a resist\u00eancia mec\u00e2nica e evita defeitos<\/strong>.<\/li>\n<\/ul>\n<\/li>\n\n\n\n<li><strong>Ensaios n\u00e3o destrutivos (NDT) &amp; Controlo de qualidade<\/strong>\n<ul class=\"wp-block-list\">\n<li><strong>Ensaio por ultra-sons (UT)<\/strong> detecta defeitos internos e externos.<\/li>\n\n\n\n<li><strong>Inspe\u00e7\u00e3o por raios X<\/strong> garante <strong>integridade da soldadura<\/strong>.<\/li>\n\n\n\n<li><strong>Ensaio de press\u00e3o hidrost\u00e1tica<\/strong> verifica que os tubos podem <strong>suportar a press\u00e3o interna sem falhas<\/strong>.<\/li>\n<\/ul>\n<\/li>\n\n\n\n<li><strong>Revestimento &amp; Prote\u00e7\u00e3o contra a corros\u00e3o<\/strong>\n<ul class=\"wp-block-list\">\n<li>Os tubos s\u00e3o revestidos com <strong>Fusion Bonded Epoxy (FBE), 3LPE (Polietileno de Tr\u00eas Camadas), ou revestimento de argamassa de cimento<\/strong> para evitar a corros\u00e3o.<\/li>\n<\/ul>\n<\/li>\n\n\n\n<li><strong>Inspe\u00e7\u00e3o final e carimbo; Certifica\u00e7\u00e3o<\/strong>\n<ul class=\"wp-block-list\">\n<li>Cada tubo \u00e9 testado para <strong>precis\u00e3o dimensional, propriedades mec\u00e2nicas e qualidade do revestimento<\/strong>.<\/li>\n\n\n\n<li>Certificado de acordo com <strong>Normas GOST 20295 e ISO 9001<\/strong>.<\/li>\n<\/ul>\n<\/li>\n<\/ol>\n\n\n\n<h3 class=\"wp-block-heading\" id=\"welding-methods-used-in-gost-20295-spiral-pipes\"><strong>M\u00e9todos de soldadura utilizados nos tubos espirais GOST 20295<\/strong><\/h3>\n\n\n\n<figure class=\"wp-block-table\"><table class=\"has-fixed-layout\"><thead><tr><th><strong>M\u00e9todo de soldadura<\/strong><\/th><th><strong>Vantagens<\/strong><\/th><\/tr><\/thead><tbody><tr><td><strong>Soldadura por arco submerso (SAW)<\/strong><\/td><td>Penetra\u00e7\u00e3o profunda, soldaduras fortes e uniformes<\/td><\/tr><tr><td><strong>Soldadura de dupla face (DSAW)<\/strong><\/td><td>Garante uma resist\u00eancia uniforme, evita pontos fracos<\/td><\/tr><tr><td><strong>Teste hidrost\u00e1tico<\/strong><\/td><td>Verifica a resist\u00eancia \u00e0 press\u00e3o, assegura a aus\u00eancia de fugas<\/td><\/tr><\/tbody><\/table><\/figure>\n\n\n\n<p>Cangzhou Spiral Steel Pipes Group Co., Ltd garante <strong>todos os tubos cumprem as normas GOST 20295<\/strong> atrav\u00e9s de <strong>rigoroso controlo de qualidade e t\u00e9cnicas de fabrico avan\u00e7adas<\/strong>.<\/p>\n\n\n\n<h2 class=\"wp-block-heading\" id=\"gost-20295-spiral-welded-pipe-suppliers-exporters\"><strong>GOST 20295 Tubo soldado em espiral Fornecedores &amp; Exportadores<\/strong><\/h2>\n\n\n\n<p>Se pretende <strong>importar GOST 20295 Tubos soldados em espiral<\/strong>, trabalhando com um <strong>exportador de confian\u00e7a<\/strong> \u00e9 essencial. A China continua a ser um <strong>principal exportador<\/strong> devido \u00e0 sua <strong>elevada capacidade de produ\u00e7\u00e3o, pre\u00e7os competitivos e um s\u00f3lido controlo de qualidade<\/strong>.<\/p>\n\n\n\n<h3 class=\"wp-block-heading\" id=\"top-chinese-exporters-of-gost-20295-spiral-welded-pipes\"><strong>Principais exportadores chineses de tubos soldados em espiral GOST 20295<\/strong><\/h3>\n\n\n\n<figure class=\"wp-block-table\"><table class=\"has-fixed-layout\"><thead><tr><th><strong>Nome da empresa<\/strong><\/th><th><strong>Localiza\u00e7\u00e3o<\/strong><\/th><th><strong>Capacidade de produ\u00e7\u00e3o anual<\/strong><\/th><\/tr><\/thead><tbody><tr><td><strong>Cangzhou Spiral Steel Pipes Group Co., Ltd<\/strong><\/td><td>Hebei, China<\/td><td>400.000 toneladas<\/td><\/tr><tr><td><strong>Grupo Baosteel<\/strong><\/td><td>Xangai, China<\/td><td>mais de 500.000 toneladas<\/td><\/tr><tr><td><strong>Tianjin Steel Pipe Co.<\/strong><\/td><td>Tianjin, China<\/td><td>300.000 toneladas<\/td><\/tr><\/tbody><\/table><\/figure>\n\n\n\n<h3 class=\"wp-block-heading\" id=\"why-choose-cangzhou-spiral-steel-pipes-group-for-gost-20295-pipes\"><strong>Por que escolher Cangzhou Spiral Steel Pipes Group para tubos GOST 20295?<\/strong><\/h3>\n\n\n\n<p>\u2714 <strong>27 anos de experi\u00eancia no fabrico de tubos de a\u00e7o<\/strong><br>\u2714 <strong>Certifica\u00e7\u00e3o GOST 20295, API e ISO<\/strong><br>\u2714 <strong>13 linhas de produ\u00e7\u00e3o, cobrindo di\u00e2metros de 219 mm a 3500 mm<\/strong><br>\u2714 <strong>Revestimentos personalizados e tratamentos anti-corros\u00e3o dispon\u00edveis<\/strong><br>\u2714 <strong>Forte rede de exporta\u00e7\u00e3o para a R\u00fassia, os pa\u00edses da CEI, a Europa e o M\u00e9dio Oriente<\/strong><\/p>\n\n\n\n<p>Para <strong>alta qualidade GOST 20295 Tubos soldados em espiral<\/strong>, <strong>Cangzhou Spiral Steel Pipes Group Co., Ltd<\/strong> \u00e9 um <strong>fornecedor de confian\u00e7a<\/strong>.<\/p>\n\n\n<div class=\"wp-block-image\">\n<figure class=\"aligncenter size-full is-resized\"><img loading=\"lazy\" decoding=\"async\" width=\"500\" height=\"600\" src=\"https:\/\/cangluopipe.com\/wp-content\/uploads\/2025\/02\/Loading.jpg\" alt=\"GOST 20295 Tubo soldado em espiral\" class=\"wp-image-292\" style=\"width:452px;height:auto\" srcset=\"https:\/\/cangluopipe.com\/wp-content\/uploads\/2025\/02\/Loading.jpg 500w, https:\/\/cangluopipe.com\/wp-content\/uploads\/2025\/02\/Loading-250x300.jpg 250w\" sizes=\"auto, (max-width: 500px) 100vw, 500px\" \/><\/figure>\n<\/div>\n\n\n<h2 class=\"wp-block-heading\" id=\"faq-gost-20295-spiral-welded-pipe\"><strong>FAQ: GOST 20295 Tubo soldado em espiral<\/strong><\/h2>\n\n\n\n<figure class=\"wp-block-table\"><table class=\"has-fixed-layout\"><thead><tr><th><strong>Quest\u00e3o<\/strong><\/th><th><strong>Resposta<\/strong><\/th><\/tr><\/thead><tbody><tr><td><strong>Para que \u00e9 utilizado o tubo soldado em espiral GOST 20295?<\/strong><\/td><td>Utilizado principalmente para <strong>petr\u00f3leo e petr\u00f3leos; transporte de g\u00e1s, condutas de \u00e1gua e projectos estruturais<\/strong>.<\/td><\/tr><tr><td><strong>Que revestimentos est\u00e3o dispon\u00edveis?<\/strong><\/td><td><strong>FBE, 3LPE, revestimento de argamassa de cimento e revestimentos galvanizados<\/strong>.<\/td><\/tr><tr><td><strong>Como \u00e9 que se compara com os tubos API 5L?<\/strong><\/td><td><strong>O GOST 20295 \u00e9 ideal para a R\u00fassia e os pa\u00edses da CEI, enquanto o API 5L \u00e9 utilizado a n\u00edvel mundial<\/strong>.<\/td><\/tr><tr><td><strong>Quem \u00e9 o melhor fornecedor?<\/strong><\/td><td><strong>Cangzhou Spiral Steel Pipes Group Co., Ltd<\/strong> \u00e9 um fornecedor l\u00edder com <strong>Certifica\u00e7\u00f5es ISO &amp; GOST 20295<\/strong>.<\/td><\/tr><tr><td><strong>Qual \u00e9 o pre\u00e7o por tonelada em 2025?<\/strong><\/td><td>Os pre\u00e7os variam entre <strong>850a850a850a2.600 por tonelada<\/strong>dependendo do tamanho e do revestimento.<\/td><\/tr><tr><td><strong>Como \u00e9 que estes tubos s\u00e3o testados?<\/strong><\/td><td><strong>Inspec\u00e7\u00f5es ultra-s\u00f3nicas, hidrost\u00e1ticas e por raios X<\/strong> garantir a conformidade da qualidade.<\/td><\/tr><tr><td><strong>Quais s\u00e3o as vantagens dos tubos soldados em espiral em rela\u00e7\u00e3o aos tubos ERW?<\/strong><\/td><td><strong>Maior resist\u00eancia, melhor resist\u00eancia \u00e0 press\u00e3o e rentabilidade para grandes di\u00e2metros<\/strong>.<\/td><\/tr><tr><td><strong>Os tubos GOST 20295 requerem revestimentos?<\/strong><\/td><td><strong>Sim, os revestimentos como o FBE, o 3LPE ou o revestimento de argamassa de cimento aumentam a resist\u00eancia \u00e0 corros\u00e3o<\/strong>.<\/td><\/tr><tr><td><strong>Os tubos GOST 20295 est\u00e3o dispon\u00edveis em di\u00e2metros grandes?<\/strong><\/td><td><strong>Sim, est\u00e3o dispon\u00edveis em tamanhos at\u00e9 3500 mm de di\u00e2metro.<\/strong><\/td><\/tr><\/tbody><\/table><\/figure>\n\n\n\n<h2 class=\"wp-block-heading\" id=\"final-thoughts\"><strong>Considera\u00e7\u00f5es finais<\/strong><\/h2>\n\n\n\n<p><strong>GOST 20295 Tubos soldados em espiral<\/strong> s\u00e3o amplamente utilizados em <strong>petr\u00f3leo e pin\u00e7as; g\u00e1s, transporte de \u00e1gua e aplica\u00e7\u00f5es industriais<\/strong> devido \u00e0 sua <strong>elevada for\u00e7a, resist\u00eancia \u00e0 corros\u00e3o e rentabilidade<\/strong>.<\/p>\n\n\n\n<p>Se est\u00e1 \u00e0 procura de <strong>um fornecedor fi\u00e1vel<\/strong>, <strong>Cangzhou Spiral Steel Pipes Group Co., Ltd<\/strong> \u00e9 o seu <strong>melhor escolha<\/strong> em 2025! <\/p>\n\n\n\n<p>Necessita de um <strong>cita\u00e7\u00e3o<\/strong> ou mais <strong>pormenores t\u00e9cnicos<\/strong>? Contacto <strong>Grupo de tubos de a\u00e7o em espiral de Cangzhou<\/strong> hoje!<\/p>","protected":false},"featured_media":269,"template":"","meta":{"_acf_changed":false,"_gspb_post_css":"","_kad_blocks_custom_css":"","_kad_blocks_head_custom_js":"","_kad_blocks_body_custom_js":"","_kad_blocks_footer_custom_js":"","_kad_post_transparent":"","_kad_post_title":"","_kad_post_layout":"","_kad_post_sidebar_id":"","_kad_post_content_style":"","_kad_post_vertical_padding":"","_kad_post_feature":"","_kad_post_feature_position":"","_kad_post_header":false,"_kad_post_footer":false,"_kad_post_classname":""},"product-category":[3],"product-standard":[16],"class_list":["post-268","product","type-product","status-publish","has-post-thumbnail","hentry","product-category-spiral-welded-pipe","product-standard-gost-20295"],"acf":[],"taxonomy_info":{"product-category":[{"value":3,"label":"Spiral Welded Pipe"}],"product-standard":[{"value":16,"label":"GOST 20295"}]},"featured_image_src_large":["https:\/\/cangluopipe.com\/wp-content\/uploads\/2025\/02\/GOST-20295-spiral-welded-pipe.jpg",920,414,false],"author_info":[],"comment_info":"","_links":{"self":[{"href":"https:\/\/cangluopipe.com\/pt\/wp-json\/wp\/v2\/product\/268","targetHints":{"allow":["GET"]}}],"collection":[{"href":"https:\/\/cangluopipe.com\/pt\/wp-json\/wp\/v2\/product"}],"about":[{"href":"https:\/\/cangluopipe.com\/pt\/wp-json\/wp\/v2\/types\/product"}],"wp:featuredmedia":[{"embeddable":true,"href":"https:\/\/cangluopipe.com\/pt\/wp-json\/wp\/v2\/media\/269"}],"wp:attachment":[{"href":"https:\/\/cangluopipe.com\/pt\/wp-json\/wp\/v2\/media?parent=268"}],"wp:term":[{"taxonomy":"product-category","embeddable":true,"href":"https:\/\/cangluopipe.com\/pt\/wp-json\/wp\/v2\/product-category?post=268"},{"taxonomy":"product-standard","embeddable":true,"href":"https:\/\/cangluopipe.com\/pt\/wp-json\/wp\/v2\/product-standard?post=268"}],"curies":[{"name":"wp","href":"https:\/\/api.w.org\/{rel}","templated":true}]}}