{"id":266,"date":"2025-02-12T02:53:14","date_gmt":"2025-02-12T02:53:14","guid":{"rendered":"https:\/\/cangluo.easiwin.com\/?post_type=product&#038;p=266"},"modified":"2025-02-24T03:41:06","modified_gmt":"2025-02-24T03:41:06","slug":"as-1579-spiral-welded-pipe-manufacturer","status":"publish","type":"product","link":"https:\/\/cangluopipe.com\/pt\/product\/as-1579-spiral-welded-pipe-manufacturer\/","title":{"rendered":"Fabricante de tubos soldados em espiral AS 1579"},"content":{"rendered":"<h2 class=\"wp-block-heading\" id=\"overview-of-as-1579-spiral-welded-pipe\"><strong>Vis\u00e3o geral do tubo soldado em espiral AS 1579<\/strong><\/h2>\n\n\n\n<p><strong>Tubo soldado em espiral AS 1579<\/strong> \u00e9 um padr\u00e3o de tubo de a\u00e7o amplamente utilizado em <strong>Austr\u00e1lia e Nova Zel\u00e2ndia<\/strong>, concebido principalmente para <strong>transmiss\u00e3o de \u00e1gua, tratamento de \u00e1guas residuais e aplica\u00e7\u00f5es industriais<\/strong>. Governado por <strong>Norma australiana AS 1579<\/strong>, esta especifica\u00e7\u00e3o garante <strong>elevada for\u00e7a, resist\u00eancia \u00e0 corros\u00e3o e durabilidade<\/strong>, o que o torna uma escolha ideal para <strong>projectos municipais de \u00e1gua, sistemas de irriga\u00e7\u00e3o e infra-estruturas de grande escala<\/strong>.<\/p>\n\n\n\n<p>Diferente <strong>tubos sem costura ou ERW<\/strong>, <strong>tubos soldados em espiral<\/strong> oferta <strong>rentabilidade, capacidades de grande di\u00e2metro e manuseamento de press\u00e3o superior<\/strong>tornando-os uma op\u00e7\u00e3o preferida para <strong>sistemas de abastecimento de \u00e1gua a longa dist\u00e2ncia<\/strong>.<\/p>\n\n\n\n<p>Este guia abrange tudo o que precisa de saber sobre <strong>Tubo soldado em espiral AS 1579<\/strong>, incluindo <strong>principais fabricantes, especifica\u00e7\u00f5es, tend\u00eancias de pre\u00e7os, revestimentos, aplica\u00e7\u00f5es e processos de soldadura<\/strong>.<\/p>\n\n\n\n<h2 class=\"wp-block-heading\" id=\"top-as-1579-spiral-welded-pipe-manufacturers\"><strong>Principais fabricantes de tubos soldados em espiral AS 1579<\/strong><\/h2>\n\n\n\n<p>Escolher o melhor <strong>Fabricante de tubo soldado em espiral AS 1579<\/strong> \u00e9 essencial para garantir <strong>elevada qualidade, conformidade com as normas e durabilidade a longo prazo<\/strong>. Abaixo est\u00e3o <strong>alguns dos principais fabricantes<\/strong> em 2025:<\/p>\n\n\n\n<h3 class=\"wp-block-heading\" id=\"1-cangzhou-spiral-steel-pipes-group-co-ltd\"><strong>1. Cangzhou Spiral Steel Pipes Group Co., Ltd<\/strong><\/h3>\n\n\n\n<p>\u2714 <strong>27 anos de experi\u00eancia<\/strong> no fabrico de tubos de a\u00e7o<br>\u2714 <strong>13 linhas de produ\u00e7\u00e3o<\/strong> para <strong>\u03a6219-\u03a63500mm<\/strong> tubos soldados em espiral<br>\u2714 <strong>Certifica\u00e7\u00e3o ISO 9001, AS 1579 e API Spec 5L<\/strong><br>\u2714 <strong>Capacidade de produ\u00e7\u00e3o anual: 400 000 toneladas<\/strong><br>\u2714 <strong>Revestimentos personalizados dispon\u00edveis: FBE, 3LPE, revestimento de argamassa de cimento<\/strong><\/p>\n\n\n\n<h3 class=\"wp-block-heading\" id=\"2-steel-mains-australia\"><strong>2. Redes de a\u00e7o (Austr\u00e1lia)<\/strong><\/h3>\n\n\n\n<p>Um fabricante australiano l\u00edder especializado em <strong>Tubos de transmiss\u00e3o de \u00e1gua com certifica\u00e7\u00e3o AS 1579<\/strong>.<\/p>\n\n\n\n<h3 class=\"wp-block-heading\" id=\"3-tyco-water\"><strong>3. Tyco Water<\/strong><\/h3>\n\n\n\n<p>Um importante fornecedor de tubos de a\u00e7o para <strong>Projectos australianos de infra-estruturas h\u00eddricas<\/strong>.<\/p>\n\n\n\n<h3 class=\"wp-block-heading\" id=\"4-baosteel-group-china\"><strong>4. Grupo Baosteel (China)<\/strong><\/h3>\n\n\n\n<p>Um fabricante mundial de a\u00e7o que produz <strong>Tubos em conformidade com a norma AS 1579<\/strong> para exporta\u00e7\u00e3o para <strong>Austr\u00e1lia e Nova Zel\u00e2ndia<\/strong>.<\/p>\n\n\n\n<h3 class=\"wp-block-heading\" id=\"5-jindal-saw-ltd\"><strong>5. Jindal SAW Ltd<\/strong><\/h3>\n\n\n\n<p>Um dos principais fornecedores de <strong>tubos soldados em espiral<\/strong> para <strong>\u00e1gua e aplica\u00e7\u00f5es industriais na Austr\u00e1lia<\/strong>.<\/p>\n\n\n\n<p>Cada um destes fabricantes garante <strong>cumprimento rigoroso das normas AS 1579<\/strong>, garantindo <strong>elevada durabilidade e resist\u00eancia \u00e0 corros\u00e3o<\/strong>.<\/p>\n\n\n<div class=\"wp-block-image\">\n<figure class=\"aligncenter size-large is-resized\"><img loading=\"lazy\" decoding=\"async\" width=\"1024\" height=\"536\" src=\"https:\/\/cangluopipe.com\/wp-content\/uploads\/2025\/02\/q355b-spiral-weld-pipes-1024x536.jpg\" alt=\"Tubo soldado em espiral AS 1579\" class=\"wp-image-420\" style=\"width:898px;height:auto\" srcset=\"https:\/\/cangluopipe.com\/wp-content\/uploads\/2025\/02\/q355b-spiral-weld-pipes-1024x536.jpg 1024w, https:\/\/cangluopipe.com\/wp-content\/uploads\/2025\/02\/q355b-spiral-weld-pipes-300x157.jpg 300w, https:\/\/cangluopipe.com\/wp-content\/uploads\/2025\/02\/q355b-spiral-weld-pipes-768x402.jpg 768w, https:\/\/cangluopipe.com\/wp-content\/uploads\/2025\/02\/q355b-spiral-weld-pipes-1536x804.jpg 1536w, https:\/\/cangluopipe.com\/wp-content\/uploads\/2025\/02\/q355b-spiral-weld-pipes.jpg 1800w\" sizes=\"auto, (max-width: 1024px) 100vw, 1024px\" \/><\/figure>\n<\/div>\n\n\n<h2 class=\"wp-block-heading\" id=\"as-1579-spiral-welded-pipe-vs-other-pipe-types\"><strong>Tubo soldado em espiral AS 1579 versus outros tipos de tubo<\/strong><\/h2>\n\n\n\n<p>Compreender as diferen\u00e7as entre <strong>Tubos soldados em espiral AS 1579<\/strong> e outros tipos de tubos \u00e9 crucial para selecionar o produto certo para o seu projeto.<\/p>\n\n\n\n<figure class=\"wp-block-table\"><table class=\"has-fixed-layout\"><thead><tr><th><strong>Carater\u00edstica<\/strong><\/th><th><strong>Tubo soldado em espiral AS 1579<\/strong><\/th><th><strong>Tubo de a\u00e7o ERW<\/strong><\/th><th><strong>Tubo de a\u00e7o sem costura<\/strong><\/th><\/tr><\/thead><tbody><tr><td><strong>Processo de fabrico<\/strong><\/td><td>Soldadura por arco submerso helicoidal (HSAW)<\/td><td>Soldadura de alta frequ\u00eancia<\/td><td>Sem soldadura (extrudido a partir de a\u00e7o s\u00f3lido)<\/td><\/tr><tr><td><strong>Resist\u00eancia &amp; Durabilidade<\/strong><\/td><td>Elevado, adequado para a transmiss\u00e3o de \u00e1gua<\/td><td>Moderado<\/td><td>Muito elevado<\/td><\/tr><tr><td><strong>Resist\u00eancia \u00e0 press\u00e3o<\/strong><\/td><td>Excelente<\/td><td>Moderado<\/td><td>Superior<\/td><\/tr><tr><td><strong>Resist\u00eancia \u00e0 corros\u00e3o<\/strong><\/td><td>Pode ser melhorado com revestimentos<\/td><td>Necessita de revestimento adicional<\/td><td>Naturalmente mais resistente<\/td><\/tr><tr><td><strong>Custo<\/strong><\/td><td>Econ\u00f3mica<\/td><td>Ligeiramente superior<\/td><td>Caro<\/td><\/tr><tr><td><strong>Gama de di\u00e2metros<\/strong><\/td><td>Grande (at\u00e9 3500 mm)<\/td><td>Limitada<\/td><td>Limitada<\/td><\/tr><tr><td><strong>Aplica\u00e7\u00f5es<\/strong><\/td><td>Transmiss\u00e3o de \u00e1gua, aplica\u00e7\u00f5es industriais<\/td><td>Distribui\u00e7\u00e3o de \u00e1gua, constru\u00e7\u00e3o<\/td><td>Aplica\u00e7\u00f5es de alta press\u00e3o<\/td><\/tr><\/tbody><\/table><\/figure>\n\n\n\n<h3 class=\"wp-block-heading\" id=\"why-choose-as-1579-spiral-welded-pipes\"><strong>Por que escolher os tubos soldados em espiral AS 1579?<\/strong><\/h3>\n\n\n\n<p>\u2714 <strong>Econ\u00f3mica para condutas de \u00e1gua de grande di\u00e2metro<\/strong><br>\u2714 <strong>Elevada resist\u00eancia e durabilidade<\/strong><br>\u2714 <strong>Excelente para projectos municipais de \u00e1gua e sistemas de irriga\u00e7\u00e3o<\/strong><br>\u2714 <strong>Mais f\u00e1cil de fabricar em comprimentos longos<\/strong><\/p>\n\n\n\n<h2 class=\"wp-block-heading\" id=\"as-1579-spiral-welded-pipe-price-per-ton-in-2025\"><strong>AS 1579 Tubo soldado em espiral Pre\u00e7o por tonelada em 2025<\/strong><\/h2>\n\n\n\n<p>O pre\u00e7o de <strong>Tubos soldados em espiral AS 1579<\/strong> varia em fun\u00e7\u00e3o de factores como <strong>mat\u00e9rias-primas, di\u00e2metro, revestimentos e procura global<\/strong>. Eis uma tabela de pre\u00e7os estimados para 2025:<\/p>\n\n\n\n<figure class=\"wp-block-table\"><table class=\"has-fixed-layout\"><thead><tr><th><strong>Di\u00e2metro do tubo (mm)<\/strong><\/th><th><strong>Espessura da parede (mm)<\/strong><\/th><th><strong>Pre\u00e7o por tonelada (USD)<\/strong><\/th><\/tr><\/thead><tbody><tr><td>219 \u2013 600<\/td><td>6 \u2013 10<\/td><td>850-850 &#8211; 850-1,250<\/td><\/tr><tr><td>610 \u2013 1200<\/td><td>8 \u2013 14<\/td><td>1,150-1,150 &#8211; 1,150-1,600<\/td><\/tr><tr><td>12h20 \u2013 18h00<\/td><td>10 \u2013 16<\/td><td>1,350-1,350 &#8211; 1,350-1,900<\/td><\/tr><tr><td>2000 \u2013 3500<\/td><td>12 \u2013 25<\/td><td>1,700-1,700 &#8211; 1,700-2,600<\/td><\/tr><\/tbody><\/table><\/figure>\n\n\n\n<h3 class=\"wp-block-heading\" id=\"factors-affecting-price\"><strong>Factores que afectam o pre\u00e7o:<\/strong><\/h3>\n\n\n\n<p>\u2714 <strong><a href=\"https:\/\/en.wikipedia.org\/wiki\/Steel\" target=\"_blank\" rel=\"noopener\">A\u00e7o<\/a> Pre\u00e7os<\/strong> - As flutua\u00e7\u00f5es das mat\u00e9rias-primas t\u00eam impacto nos custos.<br>\u2714 <strong>Despesas de fabrico<\/strong> - Custos de m\u00e3o de obra, energia e transporte.<br>\u2714 <strong>Revestimentos &amp; Tratamentos anti-corros\u00e3o<\/strong> - Os revestimentos personalizados aumentam o pre\u00e7o.<br>\u2714 <strong>Encomendas em massa<\/strong> - As grandes encomendas recebem geralmente <strong>tarifas reduzidas<\/strong>.<\/p>\n\n\n\n<p>Cangzhou Spiral Steel Pipes Group oferece <strong>pre\u00e7os competitivos e descontos por grosso<\/strong> para <strong>Tubos com certifica\u00e7\u00e3o AS 1579<\/strong>.<\/p>\n\n\n\n<h2 class=\"wp-block-heading\" id=\"as-1579-spiral-welded-pipe-coating-anti-corrosion-treatments\"><strong>AS 1579 Revestimento de tubos soldados em espiral &amp; Tratamentos anti-corros\u00e3o<\/strong><\/h2>\n\n\n\n<p>Para aumentar a durabilidade, <strong>Tubos soldados em espiral AS 1579<\/strong> submeter-se <strong>diversos tratamentos de revestimento e de prote\u00e7\u00e3o contra a corros\u00e3o<\/strong>.<\/p>\n\n\n\n<figure class=\"wp-block-table\"><table class=\"has-fixed-layout\"><thead><tr><th><strong>Tipo de revestimento<\/strong><\/th><th><strong>Benef\u00edcios<\/strong><\/th><th><strong>Melhor para<\/strong><\/th><\/tr><\/thead><tbody><tr><td><strong>Ep\u00f3xi ligado por fus\u00e3o (FBE)<\/strong><\/td><td>Elevada resist\u00eancia \u00e0 corros\u00e3o, superf\u00edcie lisa<\/td><td>Transporte de \u00e1gua, condutas municipais<\/td><\/tr><tr><td><strong>3LPE (Polietileno de tr\u00eas camadas)<\/strong><\/td><td>Elevada resist\u00eancia ao impacto, prote\u00e7\u00e3o contra a humidade<\/td><td>Condutas subterr\u00e2neas<\/td><\/tr><tr><td><strong>Revestimento de argamassa de cimento<\/strong><\/td><td>Evita a corros\u00e3o interna, melhora a qualidade da \u00e1gua<\/td><td>Condutas de \u00e1gua pot\u00e1vel e de \u00e1guas residuais<\/td><\/tr><tr><td><strong>Revestimento de betume<\/strong><\/td><td>Acess\u00edvel, protege contra a corros\u00e3o do solo<\/td><td>Condutas enterradas<\/td><\/tr><tr><td><strong>Galvaniza\u00e7\u00e3o<\/strong><\/td><td>Resist\u00eancia \u00e0 ferrugem, longa vida \u00fatil<\/td><td>Aplica\u00e7\u00f5es estruturais<\/td><\/tr><\/tbody><\/table><\/figure>\n\n\n\n<p>Cangzhou Spiral Steel Pipes Group fornece <strong>solu\u00e7\u00f5es de revestimento personalizadas<\/strong> para <strong>Tubos com certifica\u00e7\u00e3o AS 1579<\/strong>, assegurando <strong>m\u00e1xima longevidade<\/strong>.<\/p>\n\n\n\n<h2 class=\"wp-block-heading\" id=\"faq-as-1579-spiral-welded-pipe\"><strong>AS 1579 Tubo soldado em espiral Processo de soldagem &amp; Fabrica\u00e7\u00e3o<\/strong><\/h2>\n\n\n\n<h3 class=\"wp-block-heading\" id=\"how-are-as-1579-spiral-welded-pipes-manufactured\"><strong>Como s\u00e3o fabricados os tubos soldados em espiral AS 1579?<\/strong><\/h3>\n\n\n\n<p>O <strong>processo de fabrico<\/strong> de <strong>Tubos soldados em espiral AS 1579<\/strong> segue medidas rigorosas de controlo de qualidade para garantir <strong>resist\u00eancia, durabilidade e conformidade<\/strong> com <strong>Normas australianas<\/strong>. Segue-se um resumo dos <strong>processo de fabrico passo a passo<\/strong>:<\/p>\n\n\n\n<ol class=\"wp-block-list\">\n<li><strong>Sele\u00e7\u00e3o de bobinas de a\u00e7o<\/strong>\n<ul class=\"wp-block-list\">\n<li>Alta qualidade <strong>a\u00e7o-carbono<\/strong> \u00e9 escolhido para satisfazer <strong>Especifica\u00e7\u00f5es de materiais AS 1579<\/strong>.<\/li>\n\n\n\n<li>Os tipos de a\u00e7o mais comuns incluem <strong>GR B, X42, X52, X60, X70 e X80<\/strong>.<\/li>\n<\/ul>\n<\/li>\n\n\n\n<li><strong>Processo de forma\u00e7\u00e3o de espirais<\/strong>\n<ul class=\"wp-block-list\">\n<li>O a\u00e7o \u00e9 introduzido numa m\u00e1quina de moldagem, onde \u00e9 <strong>enrolado em forma de h\u00e9lice<\/strong>.<\/li>\n\n\n\n<li>O <strong>estrutura de costura em espiral<\/strong> permite <strong>melhor manuseamento da press\u00e3o e flexibilidade<\/strong>.<\/li>\n<\/ul>\n<\/li>\n\n\n\n<li><strong>Soldadura por arco submerso (SAW)<\/strong>\n<ul class=\"wp-block-list\">\n<li><strong>Soldadura por arco submerso de dupla face (DSAW)<\/strong> \u00e9 utilizado para criar um <strong>soldadura forte e duradoura<\/strong>.<\/li>\n\n\n\n<li>Isto garante <strong>elevada resist\u00eancia mec\u00e2nica e resist\u00eancia ao esfor\u00e7o<\/strong>.<\/li>\n<\/ul>\n<\/li>\n\n\n\n<li><strong>Controlo de Qualidade &amp; Testes<\/strong>\n<ul class=\"wp-block-list\">\n<li><strong>Ultrassons &amp; Ensaios de raios X<\/strong> para verificar se existem defeitos internos e externos.<\/li>\n\n\n\n<li><strong>Ensaio de press\u00e3o hidrost\u00e1tica<\/strong> garante a aus\u00eancia de fugas sob alta press\u00e3o.<\/li>\n<\/ul>\n<\/li>\n\n\n\n<li><strong>Revestimento &amp; Tratamentos anti-corros\u00e3o<\/strong>\n<ul class=\"wp-block-list\">\n<li>Os tubos s\u00e3o revestidos com <strong>Fusion Bonded Epoxy (FBE), 3LPE, ou revestimento de argamassa de cimento<\/strong> para <strong>maior resist\u00eancia \u00e0 corros\u00e3o<\/strong>.<\/li>\n<\/ul>\n<\/li>\n\n\n\n<li><strong>Inspe\u00e7\u00e3o final e carimbo; Certifica\u00e7\u00e3o<\/strong>\n<ul class=\"wp-block-list\">\n<li>As condutas s\u00e3o verificadas quanto a <strong>exatid\u00e3o dimensional e conformidade com a norma AS 1579<\/strong>.<\/li>\n\n\n\n<li>Certificado com <strong>ISO 9001 e normas de qualidade australianas<\/strong>.<\/li>\n<\/ul>\n<\/li>\n<\/ol>\n\n\n\n<h3 class=\"wp-block-heading\" id=\"welding-techniques-used-in-as-1579-spiral-pipes\"><strong>T\u00e9cnicas de soldadura utilizadas em tubos espirais AS 1579<\/strong><\/h3>\n\n\n\n<figure class=\"wp-block-table\"><table class=\"has-fixed-layout\"><thead><tr><th><strong>M\u00e9todo de soldadura<\/strong><\/th><th><strong>Vantagens<\/strong><\/th><\/tr><\/thead><tbody><tr><td><strong>Soldadura por arco submerso (SAW)<\/strong><\/td><td>Penetra\u00e7\u00e3o profunda, soldaduras fortes e uniformes<\/td><\/tr><tr><td><strong>Soldadura de dupla face (DSAW)<\/strong><\/td><td>Garante uma resist\u00eancia uniforme, evita pontos fracos<\/td><\/tr><tr><td><strong>Teste hidrost\u00e1tico<\/strong><\/td><td>Verifica a resist\u00eancia \u00e0 press\u00e3o, assegura a aus\u00eancia de fugas<\/td><\/tr><\/tbody><\/table><\/figure>\n\n\n\n<p>Cangzhou Spiral Steel Pipes Group Co., Ltd garante <strong>todos os tubos cumprem as normas AS 1579<\/strong> atrav\u00e9s de <strong>rigoroso controlo de qualidade e t\u00e9cnicas de fabrico avan\u00e7adas<\/strong>.<\/p>\n\n\n\n<h2 class=\"wp-block-heading\" id=\"as-1579-spiral-welded-pipe-suppliers-exporters\"><strong>AS 1579 Tubo soldado em espiral Fornecedores &amp; Exportadores<\/strong><\/h2>\n\n\n\n<p>Se pretende <strong>importar Tubos soldados em espiral AS 1579<\/strong>, trabalhando com um <strong>exportador de confian\u00e7a<\/strong> \u00e9 essencial. A China continua a ser um <strong>principal exportador<\/strong> devido \u00e0 sua <strong>elevada capacidade de produ\u00e7\u00e3o, pre\u00e7os competitivos e um s\u00f3lido controlo de qualidade<\/strong>.<\/p>\n\n\n\n<h3 class=\"wp-block-heading\" id=\"top-chinese-exporters-of-as-1579-spiral-welded-pipes\"><strong>Principais exportadores chineses de tubos soldados em espiral AS 1579<\/strong><\/h3>\n\n\n\n<figure class=\"wp-block-table\"><table class=\"has-fixed-layout\"><thead><tr><th><strong>Nome da empresa<\/strong><\/th><th><strong>Localiza\u00e7\u00e3o<\/strong><\/th><th><strong>Capacidade de produ\u00e7\u00e3o anual<\/strong><\/th><\/tr><\/thead><tbody><tr><td><strong>Cangzhou Spiral Steel Pipes Group Co., Ltd<\/strong><\/td><td>Hebei, China<\/td><td>400.000 toneladas<\/td><\/tr><tr><td><strong>Grupo Baosteel<\/strong><\/td><td>Xangai, China<\/td><td>mais de 500.000 toneladas<\/td><\/tr><tr><td><strong>Tianjin Steel Pipe Co.<\/strong><\/td><td>Tianjin, China<\/td><td>300.000 toneladas<\/td><\/tr><\/tbody><\/table><\/figure>\n\n\n\n<h3 class=\"wp-block-heading\" id=\"why-choose-cangzhou-spiral-steel-pipes-group-for-as-1579-pipes\"><strong>Por que escolher Cangzhou Spiral Steel Pipes Group para tubos AS 1579?<\/strong><\/h3>\n\n\n\n<p>\u2714 <strong>27 anos de experi\u00eancia no fabrico de tubos de a\u00e7o<\/strong><br>\u2714 <strong>Certifica\u00e7\u00e3o AS 1579, API e ISO<\/strong><br>\u2714 <strong>13 linhas de produ\u00e7\u00e3o, cobrindo di\u00e2metros de 219 mm a 3500 mm<\/strong><br>\u2714 <strong>Revestimentos personalizados e tratamentos anti-corros\u00e3o dispon\u00edveis<\/strong><br>\u2714 <strong>Forte rede de exporta\u00e7\u00e3o para a Austr\u00e1lia, Nova Zel\u00e2ndia e Sudeste Asi\u00e1tico<\/strong><\/p>\n\n\n\n<p>Para <strong>tubos soldados em espiral AS 1579 de alta qualidade<\/strong>, <strong>Cangzhou Spiral Steel Pipes Group Co., Ltd<\/strong> \u00e9 um <strong>fornecedor de confian\u00e7a<\/strong>.<\/p>\n\n\n<div class=\"wp-block-image\">\n<figure class=\"aligncenter size-large is-resized\"><img loading=\"lazy\" decoding=\"async\" width=\"1024\" height=\"536\" src=\"https:\/\/cangluopipe.com\/wp-content\/uploads\/2025\/02\/coated-spiral-pipe-1024x536.jpg\" alt=\"\" class=\"wp-image-418\" style=\"width:880px;height:auto\" srcset=\"https:\/\/cangluopipe.com\/wp-content\/uploads\/2025\/02\/coated-spiral-pipe-1024x536.jpg 1024w, https:\/\/cangluopipe.com\/wp-content\/uploads\/2025\/02\/coated-spiral-pipe-300x157.jpg 300w, https:\/\/cangluopipe.com\/wp-content\/uploads\/2025\/02\/coated-spiral-pipe-768x402.jpg 768w, https:\/\/cangluopipe.com\/wp-content\/uploads\/2025\/02\/coated-spiral-pipe-1536x804.jpg 1536w, https:\/\/cangluopipe.com\/wp-content\/uploads\/2025\/02\/coated-spiral-pipe.jpg 1800w\" sizes=\"auto, (max-width: 1024px) 100vw, 1024px\" \/><\/figure>\n<\/div>\n\n\n<h2 class=\"wp-block-heading\" id=\"faq-as-1579-spiral-welded-pipe-1\"><strong>FAQ: Tubo soldado em espiral AS 1579<\/strong><\/h2>\n\n\n\n<figure class=\"wp-block-table\"><table class=\"has-fixed-layout\"><thead><tr><th><strong>Quest\u00e3o<\/strong><\/th><th><strong>Resposta<\/strong><\/th><\/tr><\/thead><tbody><tr><td><strong>Para que \u00e9 utilizado o tubo soldado em espiral AS 1579?<\/strong><\/td><td>Utilizado principalmente para <strong>transmiss\u00e3o de \u00e1gua, sistemas de irriga\u00e7\u00e3o e aplica\u00e7\u00f5es industriais<\/strong>.<\/td><\/tr><tr><td><strong>Que revestimentos est\u00e3o dispon\u00edveis?<\/strong><\/td><td><strong>FBE, 3LPE, revestimento de argamassa de cimento e revestimentos galvanizados<\/strong>.<\/td><\/tr><tr><td><strong>Como \u00e9 que se compara com os tubos API 5L?<\/strong><\/td><td><strong>O AS 1579 \u00e9 ideal para projectos de \u00e1gua australianos, enquanto o API 5L \u00e9 utilizado em oleodutos e gasodutos globais<\/strong>.<\/td><\/tr><tr><td><strong>Quem \u00e9 o melhor fornecedor?<\/strong><\/td><td><strong>Cangzhou Spiral Steel Pipes Group Co., Ltd<\/strong> \u00e9 um fornecedor l\u00edder com <strong>Certifica\u00e7\u00f5es ISO &amp; AS 1579<\/strong>.<\/td><\/tr><tr><td><strong>Qual \u00e9 o pre\u00e7o por tonelada em 2025?<\/strong><\/td><td>Os pre\u00e7os variam entre <strong>850a850a850a2.600 por tonelada<\/strong>dependendo do tamanho e do revestimento.<\/td><\/tr><tr><td><strong>Como \u00e9 que estes tubos s\u00e3o testados?<\/strong><\/td><td><strong>Inspec\u00e7\u00f5es ultra-s\u00f3nicas, hidrost\u00e1ticas e por raios X<\/strong> garantir a conformidade da qualidade.<\/td><\/tr><tr><td><strong>Quais s\u00e3o as vantagens dos tubos soldados em espiral em rela\u00e7\u00e3o aos tubos ERW?<\/strong><\/td><td><strong>Maior resist\u00eancia, melhor resist\u00eancia \u00e0 press\u00e3o e rentabilidade para grandes di\u00e2metros<\/strong>.<\/td><\/tr><\/tbody><\/table><\/figure>\n\n\n\n<h2 class=\"wp-block-heading\" id=\"final-thoughts\"><strong>Considera\u00e7\u00f5es finais<\/strong><\/h2>\n\n\n\n<p><strong>Tubos soldados em espiral AS 1579<\/strong> s\u00e3o amplamente utilizados em <strong>transmiss\u00e3o de \u00e1gua, irriga\u00e7\u00e3o e aplica\u00e7\u00f5es industriais<\/strong> devido \u00e0 sua <strong>elevada for\u00e7a, resist\u00eancia \u00e0 corros\u00e3o e rentabilidade<\/strong>.<\/p>\n\n\n\n<p>Se est\u00e1 \u00e0 procura de <strong>um fornecedor fi\u00e1vel<\/strong>, <strong>Cangzhou Spiral Steel Pipes Group Co., Ltd<\/strong> \u00e9 o seu <strong>melhor escolha<\/strong> em 2025! <\/p>\n\n\n\n<p>Necessita de um <strong>cita\u00e7\u00e3o<\/strong> ou mais <strong>pormenores t\u00e9cnicos<\/strong>? Contacto <strong>Grupo de tubos de a\u00e7o em espiral de Cangzhou<\/strong> hoje!<\/p>","protected":false},"featured_media":267,"template":"","meta":{"_acf_changed":false,"_gspb_post_css":"","_kad_blocks_custom_css":"","_kad_blocks_head_custom_js":"","_kad_blocks_body_custom_js":"","_kad_blocks_footer_custom_js":"","_kad_post_transparent":"","_kad_post_title":"","_kad_post_layout":"","_kad_post_sidebar_id":"","_kad_post_content_style":"","_kad_post_vertical_padding":"","_kad_post_feature":"","_kad_post_feature_position":"","_kad_post_header":false,"_kad_post_footer":false,"_kad_post_classname":""},"product-category":[3],"product-standard":[15],"class_list":["post-266","product","type-product","status-publish","has-post-thumbnail","hentry","product-category-spiral-welded-pipe","product-standard-as-1579"],"acf":[],"taxonomy_info":{"product-category":[{"value":3,"label":"Spiral Welded Pipe"}],"product-standard":[{"value":15,"label":"AS 1579"}]},"featured_image_src_large":["https:\/\/cangluopipe.com\/wp-content\/uploads\/2025\/02\/AS-1579-spiral-welded-pipe.jpg",920,518,false],"author_info":[],"comment_info":"","_links":{"self":[{"href":"https:\/\/cangluopipe.com\/pt\/wp-json\/wp\/v2\/product\/266","targetHints":{"allow":["GET"]}}],"collection":[{"href":"https:\/\/cangluopipe.com\/pt\/wp-json\/wp\/v2\/product"}],"about":[{"href":"https:\/\/cangluopipe.com\/pt\/wp-json\/wp\/v2\/types\/product"}],"wp:featuredmedia":[{"embeddable":true,"href":"https:\/\/cangluopipe.com\/pt\/wp-json\/wp\/v2\/media\/267"}],"wp:attachment":[{"href":"https:\/\/cangluopipe.com\/pt\/wp-json\/wp\/v2\/media?parent=266"}],"wp:term":[{"taxonomy":"product-category","embeddable":true,"href":"https:\/\/cangluopipe.com\/pt\/wp-json\/wp\/v2\/product-category?post=266"},{"taxonomy":"product-standard","embeddable":true,"href":"https:\/\/cangluopipe.com\/pt\/wp-json\/wp\/v2\/product-standard?post=266"}],"curies":[{"name":"wp","href":"https:\/\/api.w.org\/{rel}","templated":true}]}}