{"id":263,"date":"2025-02-12T02:52:45","date_gmt":"2025-02-12T02:52:45","guid":{"rendered":"https:\/\/cangluo.easiwin.com\/?post_type=product&#038;p=263"},"modified":"2025-02-24T03:41:12","modified_gmt":"2025-02-24T03:41:12","slug":"jis-3457-spiral-welded-pipe-manufacturer","status":"publish","type":"product","link":"https:\/\/cangluopipe.com\/pt\/product\/jis-3457-spiral-welded-pipe-manufacturer\/","title":{"rendered":"Tubo soldado em espiral JIS 3457 Fabricante"},"content":{"rendered":"<h2 class=\"wp-block-heading\" id=\"overview-of-jis-3457-spiral-welded-pipe\"><strong>Vis\u00e3o geral do Tubo soldado em espiral JIS 3457<\/strong><\/h2>\n\n\n\n<p><strong>Tubo soldado em espiral JIS 3457<\/strong> \u00e9 uma norma para tubos de a\u00e7o regida por <strong>Normas industriais japonesas (JIS), especificamente JIS G 3457<\/strong>, que \u00e9 amplamente utilizado para <strong>transporte de \u00e1gua, aplica\u00e7\u00f5es estruturais e condutas industriais<\/strong>. Estes tubos s\u00e3o conhecidos pela sua <strong>elevada for\u00e7a, resist\u00eancia \u00e0 corros\u00e3o e rentabilidade<\/strong>, tornando-os ideais para <strong>sistemas de abastecimento de \u00e1gua a longa dist\u00e2ncia, pontes e outros projectos de infra-estruturas<\/strong>.<\/p>\n\n\n\n<p>Diferente <strong>tubos sem costura ou ERW<\/strong>, <strong>tubos soldados em espiral<\/strong> oferta <strong>di\u00e2metros maiores, melhor resist\u00eancia \u00e0 press\u00e3o e custos de produ\u00e7\u00e3o mais baixos<\/strong>tornando-os a escolha preferida para <strong>aplica\u00e7\u00f5es industriais e estruturais em grande escala<\/strong>.<\/p>\n\n\n\n<p>Neste guia, vamos explorar tudo sobre <strong>Tubo soldado em espiral JIS 3457<\/strong>, incluindo <strong>fabricantes, especifica\u00e7\u00f5es, tend\u00eancias de pre\u00e7os, revestimentos, aplica\u00e7\u00f5es e processos de soldadura<\/strong>.<\/p>\n\n\n\n<h2 class=\"wp-block-heading\" id=\"top-jis-3457-spiral-welded-pipe-manufacturers\"><strong>Principais fabricantes de tubo soldado espiral JIS 3457<\/strong><\/h2>\n\n\n\n<p>Escolher um <strong>fabricante de confian\u00e7a<\/strong> garante <strong>qualidade, durabilidade e conformidade<\/strong> com <strong>Normas JIS 3457<\/strong>. Abaixo est\u00e3o <strong>alguns dos principais fabricantes<\/strong> em 2025:<\/p>\n\n\n\n<h3 class=\"wp-block-heading\" id=\"1-cangzhou-spiral-steel-pipes-group-co-ltd\"><strong>1. Cangzhou Spiral Steel Pipes Group Co., Ltd<\/strong><\/h3>\n\n\n\n<p>\u2714 <strong>27 anos de experi\u00eancia<\/strong> no fabrico de tubos de a\u00e7o<br>\u2714 <strong>13 linhas de produ\u00e7\u00e3o<\/strong> para <strong>\u03a6219-\u03a63500mm<\/strong> tubos soldados em espiral<br>\u2714 <strong>Certifica\u00e7\u00e3o JIS 3457, ISO 9001 e API 5L<\/strong><br>\u2714 <strong>Capacidade de produ\u00e7\u00e3o anual: 400 000 toneladas<\/strong><br>\u2714 <strong>Revestimentos personalizados dispon\u00edveis: FBE, 3LPE, revestimento de argamassa de cimento<\/strong><\/p>\n\n\n\n<h3 class=\"wp-block-heading\" id=\"2-nippon-steel-corporation-japan\"><strong>2. Nippon Steel Corporation (Jap\u00e3o)<\/strong><\/h3>\n\n\n\n<p>Um fabricante japon\u00eas l\u00edder especializado em <strong>Tubos de a\u00e7o com certifica\u00e7\u00e3o JIS<\/strong> para <strong>transmiss\u00e3o de \u00e1gua e aplica\u00e7\u00f5es estruturais<\/strong>.<\/p>\n\n\n\n<h3 class=\"wp-block-heading\" id=\"3-jfe-steel-corporation-japan\"><strong>3. JFE Steel Corporation (Jap\u00e3o)<\/strong><\/h3>\n\n\n\n<p>Um dos maiores produtores de a\u00e7o do Jap\u00e3o, fornecendo <strong>Tubos em conformidade com a norma JIS 3457<\/strong> para <strong>projectos de infra-estruturas<\/strong>.<\/p>\n\n\n\n<h3 class=\"wp-block-heading\" id=\"4-baosteel-group-china\"><strong>4. Grupo Baosteel (China)<\/strong><\/h3>\n\n\n\n<p>Um fabricante mundial de a\u00e7o que produz <strong>Tubos com certifica\u00e7\u00e3o JIS 3457<\/strong> para exporta\u00e7\u00e3o para <strong>Jap\u00e3o, Sudeste Asi\u00e1tico e mais al\u00e9m<\/strong>.<\/p>\n\n\n\n<h3 class=\"wp-block-heading\" id=\"5-jindal-saw-ltd-india\"><strong>5. Jindal SAW Ltd (\u00cdndia)<\/strong><\/h3>\n\n\n\n<p>Um importante fornecedor de <strong>tubos soldados em espiral<\/strong> para <strong>aplica\u00e7\u00f5es industriais e municipais<\/strong>.<\/p>\n\n\n\n<p>Cada um destes fabricantes garante <strong>cumprimento rigoroso das normas JIS 3457<\/strong>, garantindo <strong>elevada durabilidade e resist\u00eancia \u00e0 corros\u00e3o<\/strong>.<\/p>\n\n\n\n<h2 class=\"wp-block-heading\" id=\"jis-3457-spiral-welded-pipe-vs-other-pipe-types\"><strong>Tubo soldado em espiral JIS 3457 vs. outros tipos de tubo<\/strong><\/h2>\n\n\n\n<p>Compreender as diferen\u00e7as entre <strong>Tubos soldados em espiral JIS 3457<\/strong> e outros tipos de tubos \u00e9 crucial para selecionar o produto certo para o seu projeto.<\/p>\n\n\n\n<figure class=\"wp-block-table\"><table class=\"has-fixed-layout\"><thead><tr><th><strong>Carater\u00edstica<\/strong><\/th><th><strong>Tubo soldado em espiral JIS 3457<\/strong><\/th><th><strong>Tubo de a\u00e7o ERW<\/strong><\/th><th><strong>Tubo de a\u00e7o sem costura<\/strong><\/th><\/tr><\/thead><tbody><tr><td><strong>Processo de fabrico<\/strong><\/td><td>Soldadura por arco submerso helicoidal (HSAW)<\/td><td>Soldadura de alta frequ\u00eancia<\/td><td>Sem soldadura (extrudido a partir de a\u00e7o s\u00f3lido)<\/td><\/tr><tr><td><strong>Resist\u00eancia &amp; Durabilidade<\/strong><\/td><td>Elevado, adequado para aplica\u00e7\u00f5es industriais<\/td><td>Moderado<\/td><td>Muito elevado<\/td><\/tr><tr><td><strong>Resist\u00eancia \u00e0 press\u00e3o<\/strong><\/td><td>Excelente<\/td><td>Moderado<\/td><td>Superior<\/td><\/tr><tr><td><strong>Resist\u00eancia \u00e0 corros\u00e3o<\/strong><\/td><td>Pode ser melhorado com revestimentos<\/td><td>Necessita de revestimento adicional<\/td><td>Naturalmente mais resistente<\/td><\/tr><tr><td><strong>Custo<\/strong><\/td><td>Econ\u00f3mica<\/td><td>Ligeiramente superior<\/td><td>Caro<\/td><\/tr><tr><td><strong>Gama de di\u00e2metros<\/strong><\/td><td>Grande (at\u00e9 3500 mm)<\/td><td>Limitada<\/td><td>Limitada<\/td><\/tr><tr><td><strong>Aplica\u00e7\u00f5es<\/strong><\/td><td>Transporte de \u00e1gua, constru\u00e7\u00e3o, projectos industriais<\/td><td>Distribui\u00e7\u00e3o de \u00e1gua, constru\u00e7\u00e3o<\/td><td>Aplica\u00e7\u00f5es de alta press\u00e3o<\/td><\/tr><\/tbody><\/table><\/figure>\n\n\n\n<h3 class=\"wp-block-heading\" id=\"why-choose-jis-3457-spiral-welded-pipes\"><strong>Por que escolher os tubos soldados em espiral JIS 3457?<\/strong><\/h3>\n\n\n\n<p>\u2714 <strong>Econ\u00f3mica para condutas de grande di\u00e2metro<\/strong><br>\u2714 <strong>Elevada resist\u00eancia e durabilidade<\/strong><br>\u2714 <strong>Excelente para projectos municipais e industriais<\/strong><br>\u2714 <strong>Mais f\u00e1cil de fabricar em comprimentos longos<\/strong><\/p>\n\n\n<div class=\"wp-block-image\">\n<figure class=\"aligncenter size-large\"><img loading=\"lazy\" decoding=\"async\" width=\"1024\" height=\"536\" src=\"https:\/\/cangluopipe.com\/wp-content\/uploads\/2025\/02\/IMG_20250207_151831-1024x536.jpg\" alt=\"Tubo soldado em espiral JIS 3457\" class=\"wp-image-433\" srcset=\"https:\/\/cangluopipe.com\/wp-content\/uploads\/2025\/02\/IMG_20250207_151831-1024x536.jpg 1024w, https:\/\/cangluopipe.com\/wp-content\/uploads\/2025\/02\/IMG_20250207_151831-300x157.jpg 300w, https:\/\/cangluopipe.com\/wp-content\/uploads\/2025\/02\/IMG_20250207_151831-768x402.jpg 768w, https:\/\/cangluopipe.com\/wp-content\/uploads\/2025\/02\/IMG_20250207_151831-1536x804.jpg 1536w, https:\/\/cangluopipe.com\/wp-content\/uploads\/2025\/02\/IMG_20250207_151831.jpg 1800w\" sizes=\"auto, (max-width: 1024px) 100vw, 1024px\" \/><\/figure>\n<\/div>\n\n\n<h2 class=\"wp-block-heading\" id=\"jis-3457-spiral-welded-pipe-price-per-ton-in-2025\"><strong>Tubo soldado em espiral JIS 3457 Pre\u00e7o por tonelada em 2025<\/strong><\/h2>\n\n\n\n<p>O <strong>pre\u00e7o dos tubos soldados em espiral JIS 3457<\/strong> varia em fun\u00e7\u00e3o de factores como <strong>mat\u00e9rias-primas, di\u00e2metro, revestimentos e procura global<\/strong>. Segue-se uma tabela de pre\u00e7os estimados para 2025:<\/p>\n\n\n\n<figure class=\"wp-block-table\"><table class=\"has-fixed-layout\"><thead><tr><th><strong>Di\u00e2metro do tubo (mm)<\/strong><\/th><th><strong>Espessura da parede (mm)<\/strong><\/th><th><strong>Pre\u00e7o por tonelada (USD)<\/strong><\/th><\/tr><\/thead><tbody><tr><td>219 \u2013 600<\/td><td>6 \u2013 10<\/td><td>850-850 &#8211; 850-1,250<\/td><\/tr><tr><td>610 \u2013 1200<\/td><td>8 \u2013 14<\/td><td>1,150-1,150 &#8211; 1,150-1,600<\/td><\/tr><tr><td>12h20 \u2013 18h00<\/td><td>10 \u2013 16<\/td><td>1,350-1,350 &#8211; 1,350-1,900<\/td><\/tr><tr><td>2000 \u2013 3500<\/td><td>12 \u2013 25<\/td><td>1,700-1,700 &#8211; 1,700-2,600<\/td><\/tr><\/tbody><\/table><\/figure>\n\n\n\n<h3 class=\"wp-block-heading\" id=\"factors-affecting-price\"><strong>Factores que afectam o pre\u00e7o:<\/strong><\/h3>\n\n\n\n<p>\u2714 <strong>Pre\u00e7os do a\u00e7o<\/strong> - As flutua\u00e7\u00f5es das mat\u00e9rias-primas t\u00eam impacto nos custos.<br>\u2714 <strong>Despesas de fabrico<\/strong> - Custos de m\u00e3o de obra, energia e transporte.<br>\u2714 <strong>Revestimentos &amp; Tratamentos anti-corros\u00e3o<\/strong> - Os revestimentos personalizados aumentam o pre\u00e7o.<br>\u2714 <strong>Encomendas em massa<\/strong> - As grandes encomendas recebem geralmente <strong>tarifas reduzidas<\/strong>.<\/p>\n\n\n\n<p>Cangzhou Spiral Steel Pipes Group oferece <strong>pre\u00e7os competitivos e descontos por grosso<\/strong> para <strong>Tubos com certifica\u00e7\u00e3o JIS 3457<\/strong>.<\/p>\n\n\n\n<h2 class=\"wp-block-heading\" id=\"jis-3457-spiral-welded-pipe-welding-process-manufacturing\"><strong>Tubo soldado em espiral JIS 3457 Processo de soldagem &amp; Fabrica\u00e7\u00e3o<\/strong><\/h2>\n\n\n\n<h3 class=\"wp-block-heading\" id=\"how-are-jis-3457-spiral-welded-pipes-manufactured\"><strong>Como s\u00e3o fabricados os tubos soldados em espiral JIS 3457?<\/strong><\/h3>\n\n\n\n<p>O fabrico de <strong>Tubos soldados em espiral JIS 3457<\/strong> segue um <strong>processo rigoroso de controlo de qualidade<\/strong> para garantir <strong>elevada resist\u00eancia, durabilidade e conformidade<\/strong> com <strong>Normas Industriais Japonesas (JIS)<\/strong>. Segue-se uma descri\u00e7\u00e3o da forma como estes tubos s\u00e3o produzidos:<\/p>\n\n\n\n<ol class=\"wp-block-list\">\n<li><strong>Sele\u00e7\u00e3o de bobinas de a\u00e7o<\/strong>\n<ul class=\"wp-block-list\">\n<li>Alta qualidade <strong>carbono<a href=\"https:\/\/en.wikipedia.org\/wiki\/Steel\" target=\"_blank\" rel=\"noopener\"> a\u00e7o<\/a><\/strong> \u00e9 selecionado com base em <strong>Especifica\u00e7\u00f5es JIS 3457<\/strong>.<\/li>\n\n\n\n<li>Comum <strong>tipos de a\u00e7o<\/strong> incluir <strong>GR B, X42, X52, X60, X70 e X80<\/strong>.<\/li>\n<\/ul>\n<\/li>\n\n\n\n<li><strong>Processo de forma\u00e7\u00e3o de espirais<\/strong>\n<ul class=\"wp-block-list\">\n<li>A tira de a\u00e7o \u00e9 introduzida numa m\u00e1quina de moldagem, onde \u00e9 continuamente enrolada numa <strong>forma de espiral<\/strong>.<\/li>\n\n\n\n<li>O <strong>costura helicoidal<\/strong> \u00e9 formado, o que aumenta a resist\u00eancia \u00e0 press\u00e3o.<\/li>\n<\/ul>\n<\/li>\n\n\n\n<li><strong>Soldadura por arco submerso (SAW)<\/strong>\n<ul class=\"wp-block-list\">\n<li><strong>Soldadura por arco submerso de dupla face (DSAW)<\/strong> \u00e9 aplicado para garantir uma penetra\u00e7\u00e3o profunda e soldaduras fortes.<\/li>\n\n\n\n<li>Este processo melhora <strong>resist\u00eancia mec\u00e2nica e durabilidade<\/strong>.<\/li>\n<\/ul>\n<\/li>\n\n\n\n<li><strong>Inspe\u00e7\u00e3o por ultra-sons e por ampola; Inspe\u00e7\u00e3o por raios X<\/strong>\n<ul class=\"wp-block-list\">\n<li>Tubos submetidos <strong>ensaios n\u00e3o destrutivos (NDT)<\/strong> para detetar eventuais defeitos.<\/li>\n\n\n\n<li><strong>Ensaio de press\u00e3o hidrost\u00e1tica<\/strong> garante que os tubos podem suportar as press\u00f5es internas.<\/li>\n<\/ul>\n<\/li>\n\n\n\n<li><strong>Revestimento &amp; Tratamento anti-corros\u00e3o<\/strong>\n<ul class=\"wp-block-list\">\n<li>Dependendo da aplica\u00e7\u00e3o, os revestimentos como <strong>Fusion Bonded Epoxy (FBE), 3LPE, e revestimento de argamassa de cimento<\/strong> s\u00e3o aplicadas.<\/li>\n<\/ul>\n<\/li>\n\n\n\n<li><strong>Inspe\u00e7\u00e3o final e carimbo; Certifica\u00e7\u00e3o<\/strong>\n<ul class=\"wp-block-list\">\n<li>Cada tubo \u00e9 testado para <strong>precis\u00e3o dimensional, propriedades mec\u00e2nicas e qualidade do revestimento<\/strong>.<\/li>\n\n\n\n<li>Os tubos s\u00e3o estampados e certificados de acordo com <strong>Diretrizes JIS 3457<\/strong>.<\/li>\n<\/ul>\n<\/li>\n<\/ol>\n\n\n\n<h3 class=\"wp-block-heading\" id=\"welding-techniques-used-in-jis-3457-spiral-pipes\"><strong>T\u00e9cnicas de soldadura utilizadas nos tubos espirais JIS 3457<\/strong><\/h3>\n\n\n\n<figure class=\"wp-block-table\"><table class=\"has-fixed-layout\"><thead><tr><th><strong>M\u00e9todo de soldadura<\/strong><\/th><th><strong>Vantagens<\/strong><\/th><\/tr><\/thead><tbody><tr><td><strong>Soldadura por arco submerso (SAW)<\/strong><\/td><td>Penetra\u00e7\u00e3o profunda, soldaduras fortes, elevada efici\u00eancia<\/td><\/tr><tr><td><strong>Soldadura de dupla face (DSAW)<\/strong><\/td><td>Garante uma resist\u00eancia uniforme, evita pontos fracos<\/td><\/tr><tr><td><strong>Teste hidrost\u00e1tico<\/strong><\/td><td>Verifica a resist\u00eancia \u00e0 press\u00e3o, assegura a aus\u00eancia de fugas<\/td><\/tr><\/tbody><\/table><\/figure>\n\n\n\n<p>Cangzhou Spiral Steel Pipes Group Co., Ltd utiliza <strong>t\u00e9cnicas de soldadura e de ensaio de \u00faltima gera\u00e7\u00e3o<\/strong> para garantir <strong>tubos soldados em espiral JIS 3457 de alta qualidade<\/strong>.<\/p>\n\n\n<div class=\"wp-block-image\">\n<figure class=\"aligncenter size-large is-resized\"><img decoding=\"async\" src=\"https:\/\/cangluopipe.com\/wp-content\/uploads\/2025\/02\/IMG_20250207_151658-1024x536.jpg\" alt=\"\" class=\"wp-image-432\" style=\"width:950px;height:auto\"\/><\/figure>\n<\/div>\n\n\n<h2 class=\"wp-block-heading\" id=\"jis-3457-spiral-welded-pipe-suppliers-exporters\"><strong>JIS 3457 Tubo soldado em espiral Fornecedores &amp; amp; Exportadores<\/strong><\/h2>\n\n\n\n<p>Se est\u00e1 a planear <strong>importar Tubos soldados em espiral JIS 3457<\/strong>, escolhendo um <strong>exportador de confian\u00e7a<\/strong> \u00e9 crucial. A China continua a ser um <strong>principal exportador<\/strong> devido \u00e0 sua <strong>elevada capacidade de produ\u00e7\u00e3o, pre\u00e7os competitivos e t\u00e9cnicas de fabrico avan\u00e7adas<\/strong>.<\/p>\n\n\n\n<h3 class=\"wp-block-heading\" id=\"top-chinese-exporters-of-jis-3457-spiral-welded-pipes\"><strong>Principais exportadores chineses de tubos soldados em espiral JIS 3457<\/strong><\/h3>\n\n\n\n<figure class=\"wp-block-table\"><table class=\"has-fixed-layout\"><thead><tr><th><strong>Nome da empresa<\/strong><\/th><th><strong>Localiza\u00e7\u00e3o<\/strong><\/th><th><strong>Capacidade de produ\u00e7\u00e3o anual<\/strong><\/th><\/tr><\/thead><tbody><tr><td><strong>Cangzhou Spiral Steel Pipes Group Co., Ltd<\/strong><\/td><td>Hebei, China<\/td><td>400.000 toneladas<\/td><\/tr><tr><td><strong>Grupo Baosteel<\/strong><\/td><td>Xangai, China<\/td><td>mais de 500.000 toneladas<\/td><\/tr><tr><td><strong>Tianjin Steel Pipe Co.<\/strong><\/td><td>Tianjin, China<\/td><td>300.000 toneladas<\/td><\/tr><\/tbody><\/table><\/figure>\n\n\n\n<h3 class=\"wp-block-heading\" id=\"why-choose-cangzhou-spiral-steel-pipes-group-for-jis-3457-spiral-pipes\"><strong>Por que escolher Cangzhou Spiral Steel Pipes Group para Tubos espirais JIS 3457?<\/strong><\/h3>\n\n\n\n<p>\u2714 <strong>27 anos de experi\u00eancia no fabrico de tubos de a\u00e7o<\/strong><br>\u2714 <strong>Certifica\u00e7\u00e3o JIS 3457, API e ISO<\/strong><br>\u2714 <strong>13 linhas de produ\u00e7\u00e3o, cobrindo di\u00e2metros de tubo de 219 mm a 3500 mm<\/strong><br>\u2714 <strong>Revestimentos personalizados e tratamentos anti-corros\u00e3o dispon\u00edveis<\/strong><br>\u2714 <strong>Forte rede de exporta\u00e7\u00e3o para o Jap\u00e3o, o Sudeste Asi\u00e1tico e o M\u00e9dio Oriente<\/strong><\/p>\n\n\n\n<p>Se est\u00e1 \u00e0 procura de um <strong>fornecedor fi\u00e1vel de Tubos soldados em espiral JIS 3457<\/strong>, <strong>Grupo de tubos de a\u00e7o em espiral de Cangzhou<\/strong> \u00e9 o seu <strong>melhor escolha<\/strong>.<\/p>\n\n\n\n<h2 class=\"wp-block-heading\" id=\"faq-jis-3457-spiral-welded-pipe\"><strong>FAQ: Tubo soldado em espiral JIS 3457<\/strong><\/h2>\n\n\n\n<figure class=\"wp-block-table\"><table class=\"has-fixed-layout\"><thead><tr><th><strong>Quest\u00e3o<\/strong><\/th><th><strong>Resposta<\/strong><\/th><\/tr><\/thead><tbody><tr><td><strong>Para que \u00e9 utilizado o tubo soldado em espiral JIS 3457?<\/strong><\/td><td>Utilizado principalmente para <strong>transporte de \u00e1gua, condutas industriais e projectos estruturais<\/strong>.<\/td><\/tr><tr><td><strong>Que revestimentos est\u00e3o dispon\u00edveis?<\/strong><\/td><td><strong>FBE, 3LPE, revestimento de argamassa de cimento e revestimentos galvanizados<\/strong>.<\/td><\/tr><tr><td><strong>Como \u00e9 que se compara com os tubos API 5L?<\/strong><\/td><td><strong>O JIS 3457 \u00e9 ideal para os mercados japon\u00eas e asi\u00e1tico, enquanto o API 5L \u00e9 utilizado para oleodutos e gasodutos a n\u00edvel mundial<\/strong>.<\/td><\/tr><tr><td><strong>Quem \u00e9 o melhor fornecedor?<\/strong><\/td><td><strong>Cangzhou Spiral Steel Pipes Group Co., Ltd<\/strong> \u00e9 um fornecedor l\u00edder com <strong>Certifica\u00e7\u00f5es ISO &amp; JIS 3457<\/strong>.<\/td><\/tr><tr><td><strong>Qual \u00e9 o pre\u00e7o por tonelada em 2025?<\/strong><\/td><td>Os pre\u00e7os variam entre <strong>850a850a850a2.600 por tonelada<\/strong>dependendo do tamanho e do revestimento.<\/td><\/tr><tr><td><strong>Como \u00e9 que estes tubos s\u00e3o testados?<\/strong><\/td><td><strong>Inspec\u00e7\u00f5es ultra-s\u00f3nicas, hidrost\u00e1ticas e por raios X<\/strong> garantir a conformidade da qualidade.<\/td><\/tr><tr><td><strong>Quais s\u00e3o as vantagens dos tubos soldados em espiral em rela\u00e7\u00e3o aos tubos ERW?<\/strong><\/td><td><strong>Maior resist\u00eancia, melhor resist\u00eancia \u00e0 press\u00e3o e rentabilidade para grandes di\u00e2metros<\/strong>.<\/td><\/tr><tr><td><strong>Os tubos JIS 3457 requerem revestimentos?<\/strong><\/td><td><strong>Sim, os revestimentos como o FBE, o 3LPE ou o revestimento de argamassa de cimento aumentam a resist\u00eancia \u00e0 corros\u00e3o<\/strong>.<\/td><\/tr><tr><td><strong>Os tubos JIS 3457 est\u00e3o dispon\u00edveis em di\u00e2metros grandes?<\/strong><\/td><td><strong>Sim, est\u00e3o dispon\u00edveis em tamanhos at\u00e9 3500 mm de di\u00e2metro.<\/strong><\/td><\/tr><\/tbody><\/table><\/figure>\n\n\n\n<h2 class=\"wp-block-heading\" id=\"final-thoughts\"><strong>Considera\u00e7\u00f5es finais<\/strong><\/h2>\n\n\n\n<p><strong>Tubos soldados em espiral JIS 3457<\/strong> oferta <strong>elevada resist\u00eancia, rentabilidade e durabilidade<\/strong>, tornando-os ideais para <strong>transmiss\u00e3o de \u00e1gua, condutas industriais e aplica\u00e7\u00f5es estruturais<\/strong>.<\/p>\n\n\n\n<p>Se est\u00e1 \u00e0 procura de <strong>um fornecedor fi\u00e1vel<\/strong>, <strong>Cangzhou Spiral Steel Pipes Group Co., Ltd<\/strong> \u00e9 o seu <strong>melhor escolha<\/strong> em 2025! <\/p>\n\n\n\n<p>Necessita de um <strong>cita\u00e7\u00e3o<\/strong> ou mais <strong>pormenores t\u00e9cnicos<\/strong>? Contacto <strong>Grupo de tubos de a\u00e7o em espiral de Cangzhou<\/strong> hoje!<\/p>\n\n\n\n<p><\/p>","protected":false},"featured_media":264,"template":"","meta":{"_acf_changed":false,"_gspb_post_css":"","_kad_blocks_custom_css":"","_kad_blocks_head_custom_js":"","_kad_blocks_body_custom_js":"","_kad_blocks_footer_custom_js":"","_kad_post_transparent":"","_kad_post_title":"","_kad_post_layout":"","_kad_post_sidebar_id":"","_kad_post_content_style":"","_kad_post_vertical_padding":"","_kad_post_feature":"","_kad_post_feature_position":"","_kad_post_header":false,"_kad_post_footer":false,"_kad_post_classname":""},"product-category":[3],"product-standard":[14],"class_list":["post-263","product","type-product","status-publish","has-post-thumbnail","hentry","product-category-spiral-welded-pipe","product-standard-jis-3457"],"acf":[],"taxonomy_info":{"product-category":[{"value":3,"label":"Spiral Welded Pipe"}],"product-standard":[{"value":14,"label":"JIS 3457"}]},"featured_image_src_large":["https:\/\/cangluopipe.com\/wp-content\/uploads\/2025\/02\/JIS-3457-spiral-welded-pipe-1024x461.webp",1024,461,true],"author_info":[],"comment_info":"","_links":{"self":[{"href":"https:\/\/cangluopipe.com\/pt\/wp-json\/wp\/v2\/product\/263","targetHints":{"allow":["GET"]}}],"collection":[{"href":"https:\/\/cangluopipe.com\/pt\/wp-json\/wp\/v2\/product"}],"about":[{"href":"https:\/\/cangluopipe.com\/pt\/wp-json\/wp\/v2\/types\/product"}],"wp:featuredmedia":[{"embeddable":true,"href":"https:\/\/cangluopipe.com\/pt\/wp-json\/wp\/v2\/media\/264"}],"wp:attachment":[{"href":"https:\/\/cangluopipe.com\/pt\/wp-json\/wp\/v2\/media?parent=263"}],"wp:term":[{"taxonomy":"product-category","embeddable":true,"href":"https:\/\/cangluopipe.com\/pt\/wp-json\/wp\/v2\/product-category?post=263"},{"taxonomy":"product-standard","embeddable":true,"href":"https:\/\/cangluopipe.com\/pt\/wp-json\/wp\/v2\/product-standard?post=263"}],"curies":[{"name":"wp","href":"https:\/\/api.w.org\/{rel}","templated":true}]}}