{"id":258,"date":"2025-02-12T02:49:41","date_gmt":"2025-02-12T02:49:41","guid":{"rendered":"https:\/\/cangluo.easiwin.com\/?post_type=product&#038;p=258"},"modified":"2025-02-24T03:41:27","modified_gmt":"2025-02-24T03:41:27","slug":"en-10219-spiral-welded-pipe-manufacturer","status":"publish","type":"product","link":"https:\/\/cangluopipe.com\/pt\/product\/en-10219-spiral-welded-pipe-manufacturer\/","title":{"rendered":"EN 10219 Tubo soldado em espiral Fabricante"},"content":{"rendered":"<h2 class=\"wp-block-heading\" id=\"overview-of-en-10219-spiral-welded-pipe\"><strong>Vis\u00e3o geral do tubo soldado em espiral EN 10219<\/strong><\/h2>\n\n\n\n<p><strong>EN 10219 Tubo soldado em espiral<\/strong> \u00e9 uma norma europeia para <strong>tubos de a\u00e7o estruturais soldados formados a frio<\/strong>, amplamente utilizado em <strong>constru\u00e7\u00e3o, infra-estruturas, transporte de \u00e1gua e aplica\u00e7\u00f5es industriais<\/strong>. Regido pelo <strong>Comit\u00e9 Europeu de Normaliza\u00e7\u00e3o (CEN)<\/strong>a norma EN 10219 garante que os tubos de a\u00e7o cumprem <strong>elevada resist\u00eancia mec\u00e2nica, resist\u00eancia \u00e0 corros\u00e3o e fiabilidade estrutural<\/strong>.<\/p>\n\n\n\n<p>Estes tubos s\u00e3o normalmente fabricados com <strong>a\u00e7os estruturais n\u00e3o ligados e de gr\u00e3o fino<\/strong>, oferecendo <strong>elevada rela\u00e7\u00e3o resist\u00eancia\/peso, excelente soldabilidade e durabilidade superior<\/strong>. <strong>Tubos soldados em espiral<\/strong> de acordo com a norma EN 10219 s\u00e3o preferidos para <strong>aplica\u00e7\u00f5es de grande di\u00e2metro e alta press\u00e3o<\/strong>, tornando-os a escolha ideal para <strong>pontes, estruturas offshore e estacas de funda\u00e7\u00e3o<\/strong>.<\/p>\n\n\n\n<p>Neste guia, abordaremos tudo sobre <strong>EN 10219 Tubos soldados em espiral<\/strong>, incluindo <strong>fabricantes, especifica\u00e7\u00f5es, tend\u00eancias de pre\u00e7os, revestimentos, aplica\u00e7\u00f5es e processos de soldadura<\/strong>.<\/p>\n\n\n\n<h2 class=\"wp-block-heading\" id=\"top-en-10219-spiral-welded-pipe-manufacturers\"><strong>Principais fabricantes de tubos soldados em espiral EN 10219<\/strong><\/h2>\n\n\n\n<p>Sele\u00e7\u00e3o de um <strong>fabricante de confian\u00e7a<\/strong> garante <strong>elevada qualidade, durabilidade e conformidade<\/strong> com <strong>Normas EN 10219<\/strong>. Aqui est\u00e3o alguns dos <strong>principais fabricantes<\/strong> em 2025:<\/p>\n\n\n\n<h3 class=\"wp-block-heading\" id=\"1-cangzhou-spiral-steel-pipes-group-co-ltd\"><strong>1. Cangzhou Spiral Steel Pipes Group Co., Ltd<\/strong><\/h3>\n\n\n\n<p>\u2714 <strong>27 anos de experi\u00eancia<\/strong> no fabrico de tubos de a\u00e7o<br>\u2714 <strong>13 linhas de produ\u00e7\u00e3o<\/strong> para <strong>\u03a6219-\u03a63500mm<\/strong> tubos soldados em espiral<br>\u2714 <strong>Certifica\u00e7\u00e3o EN 10219, ISO 9001 e API 5L<\/strong><br>\u2714 <strong>Capacidade de produ\u00e7\u00e3o anual: 400 000 toneladas<\/strong><br>\u2714 <strong>Revestimentos personalizados dispon\u00edveis: FBE, 3LPE, revestimento de argamassa de cimento<\/strong><\/p>\n\n\n\n<h3 class=\"wp-block-heading\" id=\"2-arcelormittal-europe\"><strong>2. ArcelorMittal (Europa)<\/strong><\/h3>\n\n\n\n<p>Um dos maiores fabricantes de a\u00e7o a n\u00edvel mundial, produzindo <strong>Tubos com certifica\u00e7\u00e3o EN 10219<\/strong> para <strong>aplica\u00e7\u00f5es estruturais e industriais<\/strong>.<\/p>\n\n\n\n<h3 class=\"wp-block-heading\" id=\"3-tata-steel-europe\"><strong>3. Tata Steel Europa<\/strong><\/h3>\n\n\n\n<p>Um importante fornecedor europeu especializado em <strong>tubos de a\u00e7o estruturais soldados formados a frio<\/strong> para <strong>projectos de infra-estruturas e offshore<\/strong>.<\/p>\n\n\n\n<h3 class=\"wp-block-heading\" id=\"4-vallourec-france\"><strong>4. Vallourec (Fran\u00e7a)<\/strong><\/h3>\n\n\n\n<p>Um fabricante l\u00edder de <strong>tubos soldados de alta resist\u00eancia<\/strong> para <strong>aplica\u00e7\u00f5es de constru\u00e7\u00e3o e engenharia<\/strong>.<\/p>\n\n\n\n<h3 class=\"wp-block-heading\" id=\"5-jindal-steel-power-india\"><strong>5. Jindal Steel &amp; Power (\u00cdndia)<\/strong><\/h3>\n\n\n\n<p>Um produtor mundial de a\u00e7o que fornece <strong>Tubos em conformidade com a norma EN 10219<\/strong> para <strong>Mercados europeus e internacionais<\/strong>.<\/p>\n\n\n\n<p>Cada um destes fabricantes garante <strong>cumprimento rigoroso das normas EN 10219<\/strong>, garantindo <strong>elevada durabilidade e resist\u00eancia \u00e0 corros\u00e3o<\/strong>.<\/p>\n\n\n\n<h2 class=\"wp-block-heading\" id=\"en-10219-spiral-welded-pipe-vs-other-pipe-standards\"><strong>EN 10219 Tubo soldado em espiral vs. outras normas de tubos<\/strong><\/h2>\n\n\n\n<p>A sele\u00e7\u00e3o do tubo de a\u00e7o adequado depende de <strong>aplica\u00e7\u00e3o, durabilidade, custo e resist\u00eancia<\/strong>. Eis como <strong>EN 10219 Tubo soldado em espiral<\/strong> compara-se com outros padr\u00f5es comuns de tubos:<\/p>\n\n\n\n<figure class=\"wp-block-table\"><table><thead><tr><th><strong>Carater\u00edstica<\/strong><\/th><th><strong>EN 10219 Tubo soldado em espiral<\/strong><\/th><th><strong>Tubo soldado API 5L<\/strong><\/th><th><strong>Tubo soldado ISO 3183<\/strong><\/th><th><strong>Tubo sem costura EN 10210<\/strong><\/th><\/tr><\/thead><tbody><tr><td><strong>Processo de fabrico<\/strong><\/td><td>Soldadura por arco submerso helicoidal (HSAW)<\/td><td>SAW ou ERW<\/td><td>SAW ou ERW<\/td><td>Sem costuras<\/td><\/tr><tr><td><strong>Resist\u00eancia &amp; Durabilidade<\/strong><\/td><td>Elevado para aplica\u00e7\u00f5es estruturais<\/td><td>Elevada para petr\u00f3leo &amp; amp; g\u00e1s<\/td><td>Elevada para petr\u00f3leo &amp; amp; g\u00e1s<\/td><td>Muito elevado<\/td><\/tr><tr><td><strong>Resist\u00eancia \u00e0 press\u00e3o<\/strong><\/td><td>Excelente<\/td><td>Superior<\/td><td>Superior<\/td><td>Superior<\/td><\/tr><tr><td><strong>Resist\u00eancia \u00e0 corros\u00e3o<\/strong><\/td><td>Pode ser melhorado com revestimentos<\/td><td>Requer revestimentos<\/td><td>Requer revestimentos<\/td><td>Naturalmente resistente<\/td><\/tr><tr><td><strong>Custo<\/strong><\/td><td>Econ\u00f3mica<\/td><td>Moderado<\/td><td>Moderado<\/td><td>Caro<\/td><\/tr><tr><td><strong>Tamanho Disponibilidade<\/strong><\/td><td>Di\u00e2metro grande (at\u00e9 3500 mm)<\/td><td>Grande di\u00e2metro<\/td><td>Grande di\u00e2metro<\/td><td>Di\u00e2metro limitado<\/td><\/tr><tr><td><strong>Aplica\u00e7\u00e3o<\/strong><\/td><td>Constru\u00e7\u00e3o, transporte de \u00e1gua, pontes<\/td><td>Petr\u00f3leo e amp; g\u00e1s, industrial<\/td><td>Petr\u00f3leo e amp; g\u00e1s, industrial<\/td><td>Aplica\u00e7\u00f5es de alta press\u00e3o<\/td><\/tr><\/tbody><\/table><\/figure>\n\n\n\n<h3 class=\"wp-block-heading\" id=\"why-choose-en-10219-spiral-welded-pipes\"><strong>Por que escolher os tubos soldados em espiral EN 10219?<\/strong><\/h3>\n\n\n\n<p>\u2714 <strong>Elevada resist\u00eancia e durabilidade para aplica\u00e7\u00f5es estruturais<\/strong><br>\u2714 <strong>Econ\u00f3mica para condutas de grande di\u00e2metro<\/strong><br>\u2714 <strong>Excelente para pontes, estacas e projectos offshore<\/strong><br>\u2714 <strong>Mais f\u00e1cil de fabricar em comprimentos longos<\/strong><\/p>\n\n\n<div class=\"wp-block-image\">\n<figure class=\"aligncenter size-full is-resized\"><img loading=\"lazy\" decoding=\"async\" width=\"920\" height=\"518\" src=\"https:\/\/cangluopipe.com\/wp-content\/uploads\/2025\/02\/CSA-Z245.1-spiral-welded-pipe.jpg\" alt=\"EN 10219 Tubo soldado em espiral\" class=\"wp-image-271\" style=\"width:842px;height:auto\" srcset=\"https:\/\/cangluopipe.com\/wp-content\/uploads\/2025\/02\/CSA-Z245.1-spiral-welded-pipe.jpg 920w, https:\/\/cangluopipe.com\/wp-content\/uploads\/2025\/02\/CSA-Z245.1-spiral-welded-pipe-300x169.jpg 300w, https:\/\/cangluopipe.com\/wp-content\/uploads\/2025\/02\/CSA-Z245.1-spiral-welded-pipe-768x432.jpg 768w\" sizes=\"auto, (max-width: 920px) 100vw, 920px\" \/><\/figure>\n<\/div>\n\n\n<h2 class=\"wp-block-heading\" id=\"en-10219-spiral-welded-pipe-price-per-ton-in-2025\"><strong>EN 10219 Tubo soldado em espiral Pre\u00e7o por tonelada em 2025<\/strong><\/h2>\n\n\n\n<p>O pre\u00e7o de <strong>EN 10219 Tubos soldados em espiral<\/strong> varia em fun\u00e7\u00e3o de factores como <strong>grau de a\u00e7o, revestimentos, procura e local de fabrico<\/strong>. Segue-se uma tabela de pre\u00e7os estimados para 2025:<\/p>\n\n\n\n<figure class=\"wp-block-table\"><table><thead><tr><th><strong>Di\u00e2metro do tubo (mm)<\/strong><\/th><th><strong>Espessura da parede (mm)<\/strong><\/th><th><strong>Pre\u00e7o por tonelada (USD)<\/strong><\/th><\/tr><\/thead><tbody><tr><td>219 \u2013 600<\/td><td>6 \u2013 10<\/td><td>900-900 &#8211; 900-1,350<\/td><\/tr><tr><td>610 \u2013 1200<\/td><td>8 \u2013 14<\/td><td>1,200-1,200 &#8211; 1,200-1,700<\/td><\/tr><tr><td>12h20 \u2013 18h00<\/td><td>10 \u2013 16<\/td><td>1,400-1,400 &#8211; 1,400-2,000<\/td><\/tr><tr><td>2000 \u2013 3500<\/td><td>12 \u2013 25<\/td><td>1,800-1,800 &#8211; 1,800-2,800<\/td><\/tr><\/tbody><\/table><\/figure>\n\n\n\n<h3 class=\"wp-block-heading\" id=\"factors-affecting-price\"><strong>Factores que afectam o pre\u00e7o:<\/strong><\/h3>\n\n\n\n<p>\u2714 <strong><a href=\"https:\/\/en.wikipedia.org\/wiki\/Steel\" target=\"_blank\" rel=\"noopener\">A\u00e7o<\/a> Pre\u00e7os<\/strong> - As flutua\u00e7\u00f5es nos custos das mat\u00e9rias-primas t\u00eam impacto nos pre\u00e7os.<br>\u2714 <strong>Custos de fabrico<\/strong> - Despesas de m\u00e3o de obra, energia e transporte.<br>\u2714 <strong>Revestimentos &amp; Tratamentos<\/strong> - Os revestimentos anti-corros\u00e3o adicionais aumentam o pre\u00e7o.<br>\u2714 <strong>Quantidade da encomenda<\/strong> - As encomendas em massa beneficiam frequentemente de melhores pre\u00e7os.<\/p>\n\n\n\n<p>Cangzhou Spiral Steel Pipes Group oferece <strong>tubos soldados em espiral EN 10219 de alta qualidade a pre\u00e7os competitivos<\/strong>.<\/p>\n\n\n\n<h2 class=\"wp-block-heading\" id=\"faq-en-10219-spiral-welded-pipe\"><strong>EN 10219 Tubo soldado em espiral Processo de soldagem &amp; Fabrica\u00e7\u00e3o<\/strong><\/h2>\n\n\n\n<h3 class=\"wp-block-heading\" id=\"how-are-en-10219-spiral-welded-pipes-manufactured\"><strong>Como s\u00e3o fabricados os tubos soldados em espiral EN 10219?<\/strong><\/h3>\n\n\n\n<p>O <strong>EN 10219 Tubo soldado em espiral<\/strong> o processo de fabrico \u00e9 o seguinte <strong>medidas rigorosas de controlo da qualidade<\/strong> para garantir <strong>elevada resist\u00eancia, durabilidade e conformidade com as normas europeias<\/strong>. Segue-se uma descri\u00e7\u00e3o passo a passo do processo de produ\u00e7\u00e3o:<\/p>\n\n\n\n<ol class=\"wp-block-list\">\n<li><strong>Sele\u00e7\u00e3o de bobinas de a\u00e7o<\/strong>\n<ul class=\"wp-block-list\">\n<li>Alta qualidade <strong>a\u00e7o estrutural n\u00e3o ligado e de gr\u00e3o fino<\/strong> \u00e9 selecionado com base em <strong>Especifica\u00e7\u00f5es dos materiais EN 10219<\/strong>.<\/li>\n\n\n\n<li>Os tipos de a\u00e7o mais comuns incluem <strong>S235JRH, S275J0H, S355J2H e S420MH<\/strong>.<\/li>\n<\/ul>\n<\/li>\n\n\n\n<li><strong>Processo de forma\u00e7\u00e3o de espirais<\/strong>\n<ul class=\"wp-block-list\">\n<li>A tira de a\u00e7o \u00e9 continuamente alimentada numa m\u00e1quina de moldagem onde \u00e9 <strong>enrolado em forma de espiral<\/strong>.<\/li>\n\n\n\n<li>O <strong>costura helicoidal<\/strong> distribui o stress uniformemente, tornando-o ideal para <strong>aplica\u00e7\u00f5es estruturais de alta resist\u00eancia<\/strong>.<\/li>\n<\/ul>\n<\/li>\n\n\n\n<li><strong>Soldadura por arco submerso (SAW)<\/strong>\n<ul class=\"wp-block-list\">\n<li><strong>Soldadura por arco submerso de dupla face (DSAW)<\/strong> \u00e9 aplicado, garantindo <strong>penetra\u00e7\u00e3o profunda e soldaduras fortes<\/strong>.<\/li>\n\n\n\n<li>Este m\u00e9todo melhora <strong>resist\u00eancia mec\u00e2nica e preven\u00e7\u00e3o de defeitos<\/strong>.<\/li>\n<\/ul>\n<\/li>\n\n\n\n<li><strong>Ensaios n\u00e3o destrutivos (NDT) &amp; Controlo de qualidade<\/strong>\n<ul class=\"wp-block-list\">\n<li><strong>Ensaio por ultra-sons (UT)<\/strong> detecta defeitos internos e externos.<\/li>\n\n\n\n<li><strong>Inspe\u00e7\u00e3o por raios X<\/strong> garante <strong>integridade da soldadura<\/strong>.<\/li>\n\n\n\n<li><strong>Ensaio de press\u00e3o hidrost\u00e1tica<\/strong> verifica que os tubos podem <strong>suportar a press\u00e3o interna sem falhas<\/strong>.<\/li>\n<\/ul>\n<\/li>\n\n\n\n<li><strong>Revestimento &amp; Prote\u00e7\u00e3o contra a corros\u00e3o<\/strong>\n<ul class=\"wp-block-list\">\n<li>Os tubos s\u00e3o revestidos com <strong>Revestimentos de ep\u00f3xi ligado por fus\u00e3o (FBE), 3LPE (polietileno de tr\u00eas camadas) ou galvanizado<\/strong> para evitar a corros\u00e3o.<\/li>\n<\/ul>\n<\/li>\n\n\n\n<li><strong>Inspe\u00e7\u00e3o final e carimbo; Certifica\u00e7\u00e3o<\/strong>\n<ul class=\"wp-block-list\">\n<li>Cada tubo \u00e9 testado para <strong>precis\u00e3o dimensional, propriedades mec\u00e2nicas e qualidade do revestimento<\/strong>.<\/li>\n\n\n\n<li>Certificado de acordo com <strong>Normas EN 10219 e ISO 9001<\/strong>.<\/li>\n<\/ul>\n<\/li>\n<\/ol>\n\n\n\n<h3 class=\"wp-block-heading\" id=\"welding-techniques-used-in-en-10219-spiral-pipes\"><strong>T\u00e9cnicas de soldadura utilizadas nos tubos espirais EN 10219<\/strong><\/h3>\n\n\n\n<figure class=\"wp-block-table\"><table><thead><tr><th><strong>M\u00e9todo de soldadura<\/strong><\/th><th><strong>Vantagens<\/strong><\/th><\/tr><\/thead><tbody><tr><td><strong>Soldadura por arco submerso (SAW)<\/strong><\/td><td>Penetra\u00e7\u00e3o profunda, soldaduras fortes e uniformes<\/td><\/tr><tr><td><strong>Soldadura de dupla face (DSAW)<\/strong><\/td><td>Garante uma resist\u00eancia uniforme, evita pontos fracos<\/td><\/tr><tr><td><strong>Teste hidrost\u00e1tico<\/strong><\/td><td>Verifica a resist\u00eancia \u00e0 press\u00e3o, assegura a aus\u00eancia de fugas<\/td><\/tr><\/tbody><\/table><\/figure>\n\n\n\n<p>Cangzhou Spiral Steel Pipes Group Co., Ltd garante <strong>todos os tubos cumprem as normas EN 10219<\/strong> atrav\u00e9s de <strong>rigoroso controlo de qualidade e t\u00e9cnicas de fabrico avan\u00e7adas<\/strong>.<\/p>\n\n\n\n<h2 class=\"wp-block-heading\" id=\"en-10219-spiral-welded-pipe-suppliers-exporters\"><strong>EN 10219 Tubo soldado em espiral Fornecedores &amp; Exportadores<\/strong><\/h2>\n\n\n\n<p>Se pretende <strong>importar EN 10219 Tubos soldados em espiral<\/strong>, trabalhando com um <strong>exportador de confian\u00e7a<\/strong> \u00e9 essencial. A China continua a ser um <strong>principal exportador<\/strong> devido \u00e0 sua <strong>elevada capacidade de produ\u00e7\u00e3o, pre\u00e7os competitivos e um s\u00f3lido controlo de qualidade<\/strong>.<\/p>\n\n\n<div class=\"wp-block-image\">\n<figure class=\"aligncenter size-full is-resized\"><img loading=\"lazy\" decoding=\"async\" width=\"920\" height=\"414\" src=\"https:\/\/cangluopipe.com\/wp-content\/uploads\/2025\/02\/GOST-20295-spiral-welded-pipe.jpg\" alt=\"\" class=\"wp-image-269\" style=\"width:896px;height:auto\" srcset=\"https:\/\/cangluopipe.com\/wp-content\/uploads\/2025\/02\/GOST-20295-spiral-welded-pipe.jpg 920w, https:\/\/cangluopipe.com\/wp-content\/uploads\/2025\/02\/GOST-20295-spiral-welded-pipe-300x135.jpg 300w, https:\/\/cangluopipe.com\/wp-content\/uploads\/2025\/02\/GOST-20295-spiral-welded-pipe-768x346.jpg 768w\" sizes=\"auto, (max-width: 920px) 100vw, 920px\" \/><\/figure>\n<\/div>\n\n\n<h3 class=\"wp-block-heading\" id=\"top-chinese-exporters-of-en-10219-spiral-welded-pipes\"><strong>Principais exportadores chineses de tubos soldados em espiral EN 10219<\/strong><\/h3>\n\n\n\n<figure class=\"wp-block-table\"><table><thead><tr><th><strong>Nome da empresa<\/strong><\/th><th><strong>Localiza\u00e7\u00e3o<\/strong><\/th><th><strong>Capacidade de produ\u00e7\u00e3o anual<\/strong><\/th><\/tr><\/thead><tbody><tr><td><strong>Cangzhou Spiral Steel Pipes Group Co., Ltd<\/strong><\/td><td>Hebei, China<\/td><td>400.000 toneladas<\/td><\/tr><tr><td><strong>Grupo Baosteel<\/strong><\/td><td>Xangai, China<\/td><td>mais de 500.000 toneladas<\/td><\/tr><tr><td><strong>Tianjin Steel Pipe Co.<\/strong><\/td><td>Tianjin, China<\/td><td>300.000 toneladas<\/td><\/tr><\/tbody><\/table><\/figure>\n\n\n\n<h3 class=\"wp-block-heading\" id=\"why-choose-cangzhou-spiral-steel-pipes-group-for-en-10219-pipes\"><strong>Por que escolher Cangzhou Spiral Steel Pipes Group para tubos EN 10219?<\/strong><\/h3>\n\n\n\n<p>\u2714 <strong>27 anos de experi\u00eancia no fabrico de tubos de a\u00e7o<\/strong><br>\u2714 <strong>Certifica\u00e7\u00e3o EN 10219, ISO e CE<\/strong><br>\u2714 <strong>13 linhas de produ\u00e7\u00e3o, cobrindo di\u00e2metros de 219 mm a 3500 mm<\/strong><br>\u2714 <strong>Revestimentos personalizados e tratamentos anti-corros\u00e3o dispon\u00edveis<\/strong><br>\u2714 <strong>Forte rede de exporta\u00e7\u00e3o para a Europa, Am\u00e9rica do Norte e \u00c1sia<\/strong><\/p>\n\n\n\n<p>Para <strong>alta qualidade EN 10219 Tubos soldados em espiral<\/strong>, <strong>Cangzhou Spiral Steel Pipes Group Co., Ltd<\/strong> \u00e9 um <strong>fornecedor de confian\u00e7a<\/strong>.<\/p>\n\n\n\n<h2 class=\"wp-block-heading\" id=\"faq-en-10219-spiral-welded-pipe-1\"><strong>FAQ: EN 10219 Tubo soldado em espiral<\/strong><\/h2>\n\n\n\n<figure class=\"wp-block-table\"><table><thead><tr><th><strong>Quest\u00e3o<\/strong><\/th><th><strong>Resposta<\/strong><\/th><\/tr><\/thead><tbody><tr><td><strong>Para que \u00e9 utilizado o tubo soldado em espiral EN 10219?<\/strong><\/td><td>Utilizado principalmente para <strong>aplica\u00e7\u00f5es estruturais, transmiss\u00e3o de \u00e1gua e projectos offshore<\/strong>.<\/td><\/tr><tr><td><strong>Que revestimentos est\u00e3o dispon\u00edveis?<\/strong><\/td><td><strong>FBE, 3LPE, revestimento de argamassa de cimento e revestimentos galvanizados<\/strong>.<\/td><\/tr><tr><td><strong>Como \u00e9 que se compara com os tubos sem costura EN 10210?<\/strong><\/td><td><strong>A norma EN 10219 \u00e9 rent\u00e1vel para di\u00e2metros maiores, enquanto os tubos sem costura EN 10210 s\u00e3o utilizados para aplica\u00e7\u00f5es de alta press\u00e3o<\/strong>.<\/td><\/tr><tr><td><strong>Quem \u00e9 o melhor fornecedor?<\/strong><\/td><td><strong>Cangzhou Spiral Steel Pipes Group Co., Ltd<\/strong> \u00e9 um fornecedor l\u00edder com <strong>Certifica\u00e7\u00f5es ISO &amp; EN 10219<\/strong>.<\/td><\/tr><tr><td><strong>Qual \u00e9 o pre\u00e7o por tonelada em 2025?<\/strong><\/td><td>Os pre\u00e7os variam entre <strong>900a900 a 900a2.800 por tonelada<\/strong>dependendo do tamanho e do revestimento.<\/td><\/tr><tr><td><strong>Como \u00e9 que estes tubos s\u00e3o testados?<\/strong><\/td><td><strong>Inspec\u00e7\u00f5es ultra-s\u00f3nicas, hidrost\u00e1ticas e por raios X<\/strong> garantir a conformidade da qualidade.<\/td><\/tr><tr><td><strong>Quais s\u00e3o as vantagens dos tubos soldados em espiral em rela\u00e7\u00e3o aos tubos ERW?<\/strong><\/td><td><strong>Maior resist\u00eancia, melhor resist\u00eancia \u00e0 press\u00e3o e rentabilidade para grandes di\u00e2metros<\/strong>.<\/td><\/tr><tr><td><strong>Os tubos EN 10219 requerem revestimentos?<\/strong><\/td><td><strong>Sim, os revestimentos como o FBE, o 3LPE ou o revestimento de argamassa de cimento aumentam a resist\u00eancia \u00e0 corros\u00e3o<\/strong>.<\/td><\/tr><tr><td><strong>Os tubos EN 10219 est\u00e3o dispon\u00edveis em grandes di\u00e2metros?<\/strong><\/td><td><strong>Sim, est\u00e3o dispon\u00edveis em tamanhos at\u00e9 3500 mm de di\u00e2metro.<\/strong><\/td><\/tr><\/tbody><\/table><\/figure>\n\n\n\n<h2 class=\"wp-block-heading\" id=\"final-thoughts\"><strong>Considera\u00e7\u00f5es finais<\/strong><\/h2>\n\n\n\n<p><strong>EN 10219 Tubos soldados em espiral<\/strong> s\u00e3o amplamente utilizados em <strong>aplica\u00e7\u00f5es estruturais, industriais e de transmiss\u00e3o de \u00e1gua<\/strong> devido \u00e0 sua <strong>elevada for\u00e7a, resist\u00eancia \u00e0 corros\u00e3o e rentabilidade<\/strong>.<\/p>\n\n\n\n<p>Se est\u00e1 \u00e0 procura de <strong>um fornecedor fi\u00e1vel<\/strong>, <strong>Cangzhou Spiral Steel Pipes Group Co., Ltd<\/strong> \u00e9 o seu <strong>melhor escolha<\/strong> em 2025! <\/p>\n\n\n\n<p>Necessita de um <strong>cita\u00e7\u00e3o<\/strong> ou mais <strong>pormenores t\u00e9cnicos<\/strong>? Contacto <strong>Grupo de tubos de a\u00e7o em espiral de Cangzhou<\/strong> hoje!<\/p>","protected":false},"featured_media":259,"template":"","meta":{"_acf_changed":false,"_gspb_post_css":"","_kad_blocks_custom_css":"","_kad_blocks_head_custom_js":"","_kad_blocks_body_custom_js":"","_kad_blocks_footer_custom_js":"","_kad_post_transparent":"","_kad_post_title":"","_kad_post_layout":"","_kad_post_sidebar_id":"","_kad_post_content_style":"","_kad_post_vertical_padding":"","_kad_post_feature":"","_kad_post_feature_position":"","_kad_post_header":false,"_kad_post_footer":false,"_kad_post_classname":""},"product-category":[3],"product-standard":[11],"class_list":["post-258","product","type-product","status-publish","has-post-thumbnail","hentry","product-category-spiral-welded-pipe","product-standard-en-10219"],"acf":[],"taxonomy_info":{"product-category":[{"value":3,"label":"Spiral Welded Pipe"}],"product-standard":[{"value":11,"label":"EN 10219"}]},"featured_image_src_large":["https:\/\/cangluopipe.com\/wp-content\/uploads\/2025\/02\/en-10129-spiral-pipe.jpg",920,412,false],"author_info":[],"comment_info":"","_links":{"self":[{"href":"https:\/\/cangluopipe.com\/pt\/wp-json\/wp\/v2\/product\/258","targetHints":{"allow":["GET"]}}],"collection":[{"href":"https:\/\/cangluopipe.com\/pt\/wp-json\/wp\/v2\/product"}],"about":[{"href":"https:\/\/cangluopipe.com\/pt\/wp-json\/wp\/v2\/types\/product"}],"wp:featuredmedia":[{"embeddable":true,"href":"https:\/\/cangluopipe.com\/pt\/wp-json\/wp\/v2\/media\/259"}],"wp:attachment":[{"href":"https:\/\/cangluopipe.com\/pt\/wp-json\/wp\/v2\/media?parent=258"}],"wp:term":[{"taxonomy":"product-category","embeddable":true,"href":"https:\/\/cangluopipe.com\/pt\/wp-json\/wp\/v2\/product-category?post=258"},{"taxonomy":"product-standard","embeddable":true,"href":"https:\/\/cangluopipe.com\/pt\/wp-json\/wp\/v2\/product-standard?post=258"}],"curies":[{"name":"wp","href":"https:\/\/api.w.org\/{rel}","templated":true}]}}