{"id":256,"date":"2025-02-12T02:48:30","date_gmt":"2025-02-12T02:48:30","guid":{"rendered":"https:\/\/cangluo.easiwin.com\/?post_type=product&#038;p=256"},"modified":"2025-02-24T03:41:32","modified_gmt":"2025-02-24T03:41:32","slug":"en-10217-spiral-welded-pipe-manufacturer","status":"publish","type":"product","link":"https:\/\/cangluopipe.com\/pt\/product\/en-10217-spiral-welded-pipe-manufacturer\/","title":{"rendered":"EN 10217 Tubo soldado em espiral Fabricante"},"content":{"rendered":"<h2 class=\"wp-block-heading\" id=\"overview-of-en-10217-spiral-welded-pipe\"><strong>Vis\u00e3o geral do tubo soldado em espiral EN 10217<\/strong><\/h2>\n\n\n\n<p><strong>EN 10217 Tubo soldado em espiral<\/strong> \u00e9 uma norma europeia para <strong>tubos de a\u00e7o soldados<\/strong> utilizado em <strong>aplica\u00e7\u00f5es de press\u00e3o<\/strong> tais como <strong>caldeiras, condutas e sistemas de transporte de fluidos industriais<\/strong>. Esta norma \u00e9 emitida pela <strong>Comit\u00e9 Europeu de Normaliza\u00e7\u00e3o (CEN)<\/strong> e aplica-se a <strong>tubos de a\u00e7o soldados para fins de press\u00e3o<\/strong>, assegurando <strong>elevada resist\u00eancia mec\u00e2nica, soldabilidade e resist\u00eancia \u00e0 corros\u00e3o<\/strong>.<\/p>\n\n\n\n<p>Diferente <strong>EN 10219<\/strong>que \u00e9 utilizado para aplica\u00e7\u00f5es estruturais, <strong>EN 10217<\/strong> foi especificamente concebido para <strong>sistemas de suporte de press\u00e3o<\/strong>, tornando-o adequado para <strong>condutas de vapor, transporte de g\u00e1s e instala\u00e7\u00f5es de transforma\u00e7\u00e3o industrial<\/strong>. O <strong>vers\u00e3o soldada em espiral dos tubos EN 10217 (SSAW - Soldadura por arco submerso)<\/strong> permite <strong>grandes di\u00e2metros, resist\u00eancia a altas press\u00f5es e rentabilidade<\/strong> em <strong>infra-estruturas industriais e energ\u00e9ticas<\/strong>.<\/p>\n\n\n\n<p>Neste guia, vamos explorar tudo o que precisa de saber sobre <strong>EN 10217 Tubos soldados em espiral<\/strong>, incluindo <strong>principais fabricantes, especifica\u00e7\u00f5es, tend\u00eancias de pre\u00e7os, revestimentos, aplica\u00e7\u00f5es e processos de soldadura<\/strong>.<\/p>\n\n\n\n<h2 class=\"wp-block-heading\" id=\"top-en-10217-spiral-welded-pipe-manufacturers\"><strong>Principais fabricantes de tubos soldados em espiral EN 10217<\/strong><\/h2>\n\n\n\n<p>Escolher um <strong>fabricante de confian\u00e7a<\/strong> garante <strong>materiais de alta qualidade, conformidade com as normas EN 10217 e desempenho duradouro<\/strong>. Abaixo est\u00e3o alguns dos <strong>principais fabricantes de Tubo soldado em espiral EN 10217<\/strong> em 2025:<\/p>\n\n\n\n<h3 class=\"wp-block-heading\" id=\"1-cangzhou-spiral-steel-pipes-group-co-ltd\"><strong>1. Cangzhou Spiral Steel Pipes Group Co., Ltd<\/strong><\/h3>\n\n\n\n<p>\u2714 <strong>27 anos de experi\u00eancia<\/strong> no fabrico de tubos de a\u00e7o<br>\u2714 <strong>13 linhas de produ\u00e7\u00e3o<\/strong> para <strong>\u03a6219-\u03a63500mm<\/strong> tubos soldados em espiral<br>\u2714 <strong>Certifica\u00e7\u00e3o EN 10217, ISO 9001 e API 5L<\/strong><br>\u2714 <strong>Capacidade de produ\u00e7\u00e3o anual: 400 000 toneladas<\/strong><br>\u2714 <strong>Revestimentos personalizados dispon\u00edveis: FBE, 3LPE, revestimento de argamassa de cimento<\/strong><\/p>\n\n\n\n<h3 class=\"wp-block-heading\" id=\"2-arcelormittal-europe\"><strong>2. ArcelorMittal (Europa)<\/strong><\/h3>\n\n\n\n<p>Um l\u00edder mundial em <strong>fabrico de tubos sob press\u00e3o<\/strong>, fornecendo <strong>Tubos em conformidade com a norma EN 10217<\/strong> para <strong>aplica\u00e7\u00f5es industriais e energ\u00e9ticas<\/strong>.<\/p>\n\n\n\n<h3 class=\"wp-block-heading\" id=\"3-vallourec-france\"><strong>3. Vallourec (Fran\u00e7a)<\/strong><\/h3>\n\n\n\n<p>Um fornecedor-chave especializado em <strong>tubos soldados de alta press\u00e3o<\/strong> para <strong>caldeiras, gasodutos e instala\u00e7\u00f5es de processamento industrial<\/strong>.<\/p>\n\n\n\n<h3 class=\"wp-block-heading\" id=\"4-tata-steel-europe\"><strong>4. Tata Steel Europa<\/strong><\/h3>\n\n\n\n<p>Um grande fabricante europeu que produz <strong>Tubos com certifica\u00e7\u00e3o EN 10217<\/strong> para <strong>transporte de petr\u00f3leo e g\u00e1s<\/strong>.<\/p>\n\n\n\n<h3 class=\"wp-block-heading\" id=\"5-jindal-steel-power-india\"><strong>5. Jindal Steel &amp; Power (\u00cdndia)<\/strong><\/h3>\n\n\n\n<p>Um fornecedor de renome de <strong>EN 10217 tubos soldados em espiral<\/strong> para <strong>condutas de press\u00e3o e transporte de fluidos industriais<\/strong>.<\/p>\n\n\n\n<p>Cada um destes fabricantes garante <strong>cumprimento rigoroso das normas EN 10217<\/strong>, garantindo <strong>elevada durabilidade, soldabilidade e resist\u00eancia \u00e0 corros\u00e3o<\/strong>.<\/p>\n\n\n<div class=\"wp-block-image\">\n<figure class=\"aligncenter size-large is-resized\"><img loading=\"lazy\" decoding=\"async\" width=\"1024\" height=\"461\" src=\"https:\/\/cangluopipe.com\/wp-content\/uploads\/2025\/02\/JIS-3457-spiral-welded-pipe-1024x461.webp\" alt=\"EN 10217 Tubo soldado em espiral\" class=\"wp-image-264\" style=\"width:966px;height:auto\" srcset=\"\" sizes=\"auto, (max-width: 1024px) 100vw, 1024px\" data-srcset=\"\" \/><\/figure>\n<\/div>\n\n\n<h2 class=\"wp-block-heading\" id=\"en-10217-spiral-welded-pipe-vs-other-pipe-standards\"><strong>EN 10217 Tubo soldado em espiral vs. outras normas de tubos<\/strong><\/h2>\n\n\n\n<p>A sele\u00e7\u00e3o do tubo de a\u00e7o adequado depende de <strong>aplica\u00e7\u00e3o, durabilidade, custo e resist\u00eancia<\/strong>. Eis como <strong>EN 10217 Tubo soldado em espiral<\/strong> compara-se com outros padr\u00f5es comuns de tubos:<\/p>\n\n\n\n<figure class=\"wp-block-table\"><table class=\"has-fixed-layout\"><thead><tr><th><strong>Carater\u00edstica<\/strong><\/th><th><strong>EN 10217 Tubo soldado em espiral<\/strong><\/th><th><strong>EN 10219 Tubo estrutural<\/strong><\/th><th><strong>Tubo soldado API 5L<\/strong><\/th><th><strong>Tubo soldado ISO 3183<\/strong><\/th><\/tr><\/thead><tbody><tr><td><strong>Processo de fabrico<\/strong><\/td><td>Soldadura por arco submerso helicoidal (HSAW)<\/td><td>HSAW enformado a frio<\/td><td>SAW ou ERW<\/td><td>SAW ou ERW<\/td><\/tr><tr><td><strong>Resist\u00eancia &amp; Durabilidade<\/strong><\/td><td>Elevado para aplica\u00e7\u00f5es sob press\u00e3o<\/td><td>Elevado para utiliza\u00e7\u00e3o estrutural<\/td><td>Elevada para petr\u00f3leo &amp; amp; g\u00e1s<\/td><td>Elevada para petr\u00f3leo &amp; amp; g\u00e1s<\/td><\/tr><tr><td><strong>Resist\u00eancia \u00e0 press\u00e3o<\/strong><\/td><td>Excelente<\/td><td>Moderado<\/td><td>Superior<\/td><td>Superior<\/td><\/tr><tr><td><strong>Resist\u00eancia \u00e0 corros\u00e3o<\/strong><\/td><td>Pode ser melhorado com revestimentos<\/td><td>Requer revestimentos<\/td><td>Requer revestimentos<\/td><td>Requer revestimentos<\/td><\/tr><tr><td><strong>Custo<\/strong><\/td><td>Econ\u00f3mica<\/td><td>Econ\u00f3mica<\/td><td>Moderado<\/td><td>Moderado<\/td><\/tr><tr><td><strong>Tamanho Disponibilidade<\/strong><\/td><td>Di\u00e2metro grande (at\u00e9 3500 mm)<\/td><td>Grande di\u00e2metro<\/td><td>Grande di\u00e2metro<\/td><td>Grande di\u00e2metro<\/td><\/tr><tr><td><strong>Aplica\u00e7\u00e3o<\/strong><\/td><td>Condutas de press\u00e3o, caldeiras, condutas de g\u00e1s<\/td><td>Estruturas, pontes, estacas<\/td><td>Petr\u00f3leo e amp; g\u00e1s, industrial<\/td><td>Petr\u00f3leo e amp; g\u00e1s, industrial<\/td><\/tr><\/tbody><\/table><\/figure>\n\n\n\n<h3 class=\"wp-block-heading\" id=\"why-choose-en-10217-spiral-welded-pipes\"><strong>Por que escolher os tubos soldados em espiral EN 10217?<\/strong><\/h3>\n\n\n\n<p>\u2714 <strong>Elevada resist\u00eancia para aplica\u00e7\u00f5es de suporte de press\u00e3o<\/strong><br>\u2714 <strong>Econ\u00f3mica para condutas de grande di\u00e2metro<\/strong><br>\u2714 <strong>Ideal para transporte de vapor, g\u00e1s e fluidos<\/strong><br>\u2714 <strong>F\u00e1cil de soldar e instalar em aplica\u00e7\u00f5es industriais<\/strong><\/p>\n\n\n\n<h2 class=\"wp-block-heading\" id=\"en-10217-spiral-welded-pipe-price-per-ton-in-2025\"><strong>EN 10217 Tubo soldado em espiral Pre\u00e7o por tonelada em 2025<\/strong><\/h2>\n\n\n\n<p>O pre\u00e7o de <strong>EN 10217 Tubos soldados em espiral<\/strong> varia em fun\u00e7\u00e3o de factores como <strong>grau de a\u00e7o, revestimentos, procura e local de fabrico<\/strong>. Segue-se uma tabela de pre\u00e7os estimados para 2025:<\/p>\n\n\n\n<figure class=\"wp-block-table\"><table class=\"has-fixed-layout\"><thead><tr><th><strong>Di\u00e2metro do tubo (mm)<\/strong><\/th><th><strong>Espessura da parede (mm)<\/strong><\/th><th><strong>Pre\u00e7o por tonelada (USD)<\/strong><\/th><\/tr><\/thead><tbody><tr><td>219 \u2013 600<\/td><td>6 \u2013 10<\/td><td>950-950 &#8211; 950-1,400<\/td><\/tr><tr><td>610 \u2013 1200<\/td><td>8 \u2013 14<\/td><td>1,250-1,250 &#8211; 1,250-1,750<\/td><\/tr><tr><td>12h20 \u2013 18h00<\/td><td>10 \u2013 16<\/td><td>1,450-1,450 &#8211; 1,450-2,100<\/td><\/tr><tr><td>2000 \u2013 3500<\/td><td>12 \u2013 25<\/td><td>1,900-1,900 &#8211; 1,900-2,900<\/td><\/tr><\/tbody><\/table><\/figure>\n\n\n\n<h3 class=\"wp-block-heading\" id=\"factors-affecting-price\"><strong>Factores que afectam o pre\u00e7o:<\/strong><\/h3>\n\n\n\n<p>\u2714<a href=\"https:\/\/en.wikipedia.org\/wiki\/Steel\" target=\"_blank\" rel=\"noopener\"> <strong>A\u00e7o<\/strong><\/a><strong> Pre\u00e7os<\/strong> - As flutua\u00e7\u00f5es nos custos das mat\u00e9rias-primas t\u00eam impacto nos pre\u00e7os.<br>\u2714 <strong>Custos de fabrico<\/strong> - Despesas de m\u00e3o de obra, energia e transporte.<br>\u2714 <strong>Revestimentos &amp; Tratamentos<\/strong> - Os revestimentos anti-corros\u00e3o adicionais aumentam o pre\u00e7o.<br>\u2714 <strong>Quantidade da encomenda<\/strong> - As encomendas em massa beneficiam frequentemente de melhores pre\u00e7os.<\/p>\n\n\n\n<p>Cangzhou Spiral Steel Pipes Group oferece <strong>tubos soldados em espiral EN 10217 de alta qualidade a pre\u00e7os competitivos<\/strong>.<\/p>\n\n\n\n<h2 class=\"wp-block-heading\" id=\"faq-en-10217-spiral-welded-pipe\"><strong>EN 10217 Tubo soldado em espiral Processo de soldadura &amp; Fabrico<\/strong><\/h2>\n\n\n\n<h3 class=\"wp-block-heading\" id=\"how-are-en-10217-spiral-welded-pipes-manufactured\"><strong>Como s\u00e3o fabricados os tubos soldados em espiral EN 10217?<\/strong><\/h3>\n\n\n\n<p>O processo de fabrico de <strong>EN 10217 Tubos soldados em espiral<\/strong> segue <strong>regulamentos de qualidade rigorosos<\/strong> para garantir <strong>resist\u00eancia a altas press\u00f5es, durabilidade e conformidade com as normas europeias<\/strong>. Segue-se um resumo dos <strong>processo de produ\u00e7\u00e3o passo a passo<\/strong>:<\/p>\n\n\n\n<ol class=\"wp-block-list\">\n<li><strong>Sele\u00e7\u00e3o de bobinas de a\u00e7o<\/strong>\n<ul class=\"wp-block-list\">\n<li>Alta qualidade <strong>a\u00e7o estrutural n\u00e3o ligado e de gr\u00e3o fino<\/strong> \u00e9 selecionado ap\u00f3s <strong>Especifica\u00e7\u00f5es dos materiais EN 10217<\/strong>.<\/li>\n\n\n\n<li>Os tipos de a\u00e7o mais comuns incluem <strong>P235TR1, P235TR2, P265TR1 e P265TR2<\/strong>.<\/li>\n<\/ul>\n<\/li>\n\n\n\n<li><strong>Processo de forma\u00e7\u00e3o de espirais<\/strong>\n<ul class=\"wp-block-list\">\n<li>A tira de a\u00e7o \u00e9 <strong>alimenta\u00e7\u00e3o cont\u00ednua numa m\u00e1quina de moldagem<\/strong>, onde se encontra <strong>enrolado em forma de h\u00e9lice<\/strong>.<\/li>\n\n\n\n<li>O <strong>estrutura de costura em espiral<\/strong> permite <strong>melhor manuseamento da press\u00e3o e flexibilidade<\/strong>.<\/li>\n<\/ul>\n<\/li>\n\n\n\n<li><strong>Soldadura por arco submerso (SAW)<\/strong>\n<ul class=\"wp-block-list\">\n<li><strong>Soldadura por arco submerso de dupla face (DSAW)<\/strong> \u00e9 utilizado para criar <strong>soldaduras fortes e duradouras<\/strong>.<\/li>\n\n\n\n<li>Isto garante <strong>elevada resist\u00eancia mec\u00e2nica, uniformidade e resist\u00eancia ao esfor\u00e7o<\/strong>.<\/li>\n<\/ul>\n<\/li>\n\n\n\n<li><strong>Controlo de Qualidade &amp; Testes<\/strong>\n<ul class=\"wp-block-list\">\n<li><strong>Ultrassons &amp; Ensaios de raios X<\/strong> \u00e9 efectuada para detetar defeitos internos e externos.<\/li>\n\n\n\n<li><strong>Ensaio de press\u00e3o hidrost\u00e1tica<\/strong> assegura que os tubos podem <strong>resistir a press\u00f5es de funcionamento elevadas<\/strong>.<\/li>\n<\/ul>\n<\/li>\n\n\n\n<li><strong>Revestimento &amp; Tratamentos anti-corros\u00e3o<\/strong>\n<ul class=\"wp-block-list\">\n<li>Os tubos s\u00e3o revestidos com <strong>Revestimentos Fusion Bonded Epoxy (FBE), 3LPE ou zinco<\/strong> para aumentar a resist\u00eancia \u00e0 corros\u00e3o.<\/li>\n<\/ul>\n<\/li>\n\n\n\n<li><strong>Inspe\u00e7\u00e3o final e carimbo; Certifica\u00e7\u00e3o<\/strong>\n<ul class=\"wp-block-list\">\n<li>As condutas s\u00e3o verificadas quanto a <strong>precis\u00e3o dimensional, resist\u00eancia \u00e0 press\u00e3o e qualidade da superf\u00edcie<\/strong>.<\/li>\n\n\n\n<li>Certificado sob <strong>Normas de qualidade EN 10217 e ISO 9001<\/strong>.<\/li>\n<\/ul>\n<\/li>\n<\/ol>\n\n\n<div class=\"wp-block-image\">\n<figure class=\"aligncenter size-large is-resized\"><img loading=\"lazy\" decoding=\"async\" width=\"1024\" height=\"576\" src=\"https:\/\/cangluopipe.com\/wp-content\/uploads\/2025\/02\/iso-3183-spiral-welded-pipe-1024x576.webp\" alt=\"\" class=\"wp-image-261\" style=\"width:892px;height:auto\" srcset=\"https:\/\/cangluopipe.com\/wp-content\/uploads\/2025\/02\/iso-3183-spiral-welded-pipe-1024x576.webp 1024w, https:\/\/cangluopipe.com\/wp-content\/uploads\/2025\/02\/iso-3183-spiral-welded-pipe-300x169.webp 300w, https:\/\/cangluopipe.com\/wp-content\/uploads\/2025\/02\/iso-3183-spiral-welded-pipe-768x432.webp 768w, https:\/\/cangluopipe.com\/wp-content\/uploads\/2025\/02\/iso-3183-spiral-welded-pipe-1536x864.webp 1536w, https:\/\/cangluopipe.com\/wp-content\/uploads\/2025\/02\/iso-3183-spiral-welded-pipe.webp 1920w\" sizes=\"auto, (max-width: 1024px) 100vw, 1024px\" \/><\/figure>\n<\/div>\n\n\n<h3 class=\"wp-block-heading\" id=\"welding-techniques-used-in-en-10217-spiral-pipes\"><strong>T\u00e9cnicas de soldadura utilizadas nos tubos espirais EN 10217<\/strong><\/h3>\n\n\n\n<figure class=\"wp-block-table\"><table class=\"has-fixed-layout\"><thead><tr><th><strong>M\u00e9todo de soldadura<\/strong><\/th><th><strong>Vantagens<\/strong><\/th><\/tr><\/thead><tbody><tr><td><strong>Soldadura por arco submerso (SAW)<\/strong><\/td><td>Penetra\u00e7\u00e3o profunda, soldaduras fortes e uniformes<\/td><\/tr><tr><td><strong>Soldadura de dupla face (DSAW)<\/strong><\/td><td>Garante uma resist\u00eancia uniforme, evita pontos fracos<\/td><\/tr><tr><td><strong>Teste hidrost\u00e1tico<\/strong><\/td><td>Verifica a resist\u00eancia \u00e0 press\u00e3o, assegura a aus\u00eancia de fugas<\/td><\/tr><\/tbody><\/table><\/figure>\n\n\n\n<p>Cangzhou Spiral Steel Pipes Group Co., Ltd garante <strong>todos os tubos cumprem as normas EN 10217<\/strong> atrav\u00e9s de <strong>t\u00e9cnicas de soldadura de ponta e um controlo de qualidade rigoroso<\/strong>.<\/p>\n\n\n\n<h2 class=\"wp-block-heading\" id=\"en-10217-spiral-welded-pipe-suppliers-exporters\"><strong>EN 10217 Tubo soldado em espiral Fornecedores &amp; Exportadores<\/strong><\/h2>\n\n\n\n<p>Se pretende <strong>importar EN 10217 Tubos soldados em espiral<\/strong>, trabalhando com um <strong>exportador de confian\u00e7a<\/strong> \u00e9 crucial. A China continua a ser um <strong>principal exportador<\/strong> devido \u00e0 sua <strong>elevada capacidade de produ\u00e7\u00e3o, pre\u00e7os competitivos e forte controlo de qualidade<\/strong>.<\/p>\n\n\n\n<h3 class=\"wp-block-heading\" id=\"top-chinese-exporters-of-en-10217-spiral-welded-pipes\"><strong>Principais exportadores chineses de tubos soldados em espiral EN 10217<\/strong><\/h3>\n\n\n\n<figure class=\"wp-block-table\"><table class=\"has-fixed-layout\"><thead><tr><th><strong>Nome da empresa<\/strong><\/th><th><strong>Localiza\u00e7\u00e3o<\/strong><\/th><th><strong>Capacidade de produ\u00e7\u00e3o anual<\/strong><\/th><\/tr><\/thead><tbody><tr><td><strong>Cangzhou Spiral Steel Pipes Group Co., Ltd<\/strong><\/td><td>Hebei, China<\/td><td>400.000 toneladas<\/td><\/tr><tr><td><strong>Grupo Baosteel<\/strong><\/td><td>Xangai, China<\/td><td>mais de 500.000 toneladas<\/td><\/tr><tr><td><strong>Tianjin Steel Pipe Co.<\/strong><\/td><td>Tianjin, China<\/td><td>300.000 toneladas<\/td><\/tr><\/tbody><\/table><\/figure>\n\n\n\n<h3 class=\"wp-block-heading\" id=\"why-choose-cangzhou-spiral-steel-pipes-group-for-en-10217-pipes\"><strong>Por que escolher Cangzhou Spiral Steel Pipes Group para tubos EN 10217?<\/strong><\/h3>\n\n\n\n<p>\u2714 <strong>27 anos de experi\u00eancia no fabrico de tubos de a\u00e7o<\/strong><br>\u2714 <strong>Certifica\u00e7\u00e3o EN 10217, ISO e CE<\/strong><br>\u2714 <strong>13 linhas de produ\u00e7\u00e3o, cobrindo di\u00e2metros de 219 mm a 3500 mm<\/strong><br>\u2714 <strong>Revestimentos personalizados e tratamentos anti-corros\u00e3o dispon\u00edveis<\/strong><br>\u2714 <strong>Forte rede de exporta\u00e7\u00e3o para a Europa, Am\u00e9rica do Norte e \u00c1sia<\/strong><\/p>\n\n\n\n<p>Para <strong>alta qualidade EN 10217 Tubos soldados em espiral<\/strong>, <strong>Cangzhou Spiral Steel Pipes Group Co., Ltd<\/strong> \u00e9 um <strong>fornecedor de confian\u00e7a<\/strong>.<\/p>\n\n\n\n<h2 class=\"wp-block-heading\" id=\"faq-en-10217-spiral-welded-pipe-1\"><strong>FAQ: EN 10217 Tubo soldado em espiral<\/strong><\/h2>\n\n\n\n<figure class=\"wp-block-table\"><table class=\"has-fixed-layout\"><thead><tr><th><strong>Quest\u00e3o<\/strong><\/th><th><strong>Resposta<\/strong><\/th><\/tr><\/thead><tbody><tr><td><strong>Para que \u00e9 utilizado o tubo soldado em espiral EN 10217?<\/strong><\/td><td>Utilizado principalmente para <strong>aplica\u00e7\u00f5es de suporte de press\u00e3o, transporte de fluidos industriais e condutas de energia<\/strong>.<\/td><\/tr><tr><td><strong>Que revestimentos est\u00e3o dispon\u00edveis?<\/strong><\/td><td><strong>FBE, 3LPE, revestimento de argamassa de cimento e revestimentos galvanizados<\/strong>.<\/td><\/tr><tr><td><strong>Como \u00e9 que se compara com os tubos estruturais EN 10219?<\/strong><\/td><td><strong>A norma EN 10217 destina-se a aplica\u00e7\u00f5es sob press\u00e3o, enquanto a norma EN 10219 se destina a utiliza\u00e7\u00e3o estrutural<\/strong>.<\/td><\/tr><tr><td><strong>Quem \u00e9 o melhor fornecedor?<\/strong><\/td><td><strong>Cangzhou Spiral Steel Pipes Group Co., Ltd<\/strong> \u00e9 um fornecedor l\u00edder com <strong>Certifica\u00e7\u00f5es ISO &amp; EN 10217<\/strong>.<\/td><\/tr><tr><td><strong>Qual \u00e9 o pre\u00e7o por tonelada em 2025?<\/strong><\/td><td>Os pre\u00e7os variam entre <strong>950a950a950a2.900 por tonelada<\/strong>dependendo do tamanho e do revestimento.<\/td><\/tr><tr><td><strong>Como \u00e9 que estes tubos s\u00e3o testados?<\/strong><\/td><td><strong>Inspec\u00e7\u00f5es ultra-s\u00f3nicas, hidrost\u00e1ticas e por raios X<\/strong> garantir a conformidade da qualidade.<\/td><\/tr><tr><td><strong>Quais s\u00e3o as vantagens dos tubos soldados em espiral em rela\u00e7\u00e3o aos tubos ERW?<\/strong><\/td><td><strong>Maior resist\u00eancia, melhor resist\u00eancia \u00e0 press\u00e3o e rentabilidade para grandes di\u00e2metros<\/strong>.<\/td><\/tr><tr><td><strong>Os tubos EN 10217 requerem revestimentos?<\/strong><\/td><td><strong>Sim, os revestimentos como o FBE, o 3LPE ou o revestimento de argamassa de cimento aumentam a resist\u00eancia \u00e0 corros\u00e3o<\/strong>.<\/td><\/tr><tr><td><strong>Os tubos EN 10217 est\u00e3o dispon\u00edveis em grandes di\u00e2metros?<\/strong><\/td><td><strong>Sim, est\u00e3o dispon\u00edveis em tamanhos at\u00e9 3500 mm de di\u00e2metro.<\/strong><\/td><\/tr><\/tbody><\/table><\/figure>\n\n\n\n<h2 class=\"wp-block-heading\" id=\"final-thoughts\"><strong>Considera\u00e7\u00f5es finais<\/strong><\/h2>\n\n\n\n<p><strong>EN 10217 Tubos soldados em espiral<\/strong> s\u00e3o amplamente utilizados em <strong>condutas industriais, aplica\u00e7\u00f5es de suporte de press\u00e3o e infra-estruturas energ\u00e9ticas<\/strong> devido \u00e0 sua <strong>elevada for\u00e7a, resist\u00eancia \u00e0 corros\u00e3o e rentabilidade<\/strong>.<\/p>\n\n\n\n<p>Se est\u00e1 \u00e0 procura de <strong>um fornecedor fi\u00e1vel<\/strong>, <strong>Cangzhou Spiral Steel Pipes Group Co., Ltd<\/strong> \u00e9 o seu <strong>melhor escolha<\/strong> em 2025! <\/p>\n\n\n\n<p>Necessita de um <strong>cita\u00e7\u00e3o<\/strong> ou mais <strong>pormenores t\u00e9cnicos<\/strong>? Contacto <strong>Grupo de tubos de a\u00e7o em espiral de Cangzhou<\/strong> hoje!<\/p>","protected":false},"featured_media":257,"template":"","meta":{"_acf_changed":false,"_gspb_post_css":"","_kad_blocks_custom_css":"","_kad_blocks_head_custom_js":"","_kad_blocks_body_custom_js":"","_kad_blocks_footer_custom_js":"","_kad_post_transparent":"","_kad_post_title":"","_kad_post_layout":"","_kad_post_sidebar_id":"","_kad_post_content_style":"","_kad_post_vertical_padding":"","_kad_post_feature":"","_kad_post_feature_position":"","_kad_post_header":false,"_kad_post_footer":false,"_kad_post_classname":""},"product-category":[3],"product-standard":[10],"class_list":["post-256","product","type-product","status-publish","has-post-thumbnail","hentry","product-category-spiral-welded-pipe","product-standard-en-10217"],"acf":[],"taxonomy_info":{"product-category":[{"value":3,"label":"Spiral Welded Pipe"}],"product-standard":[{"value":10,"label":"EN 10217"}]},"featured_image_src_large":["https:\/\/cangluopipe.com\/wp-content\/uploads\/2025\/02\/EN-10217-spiral-pipe.jpg",920,412,false],"author_info":[],"comment_info":"","_links":{"self":[{"href":"https:\/\/cangluopipe.com\/pt\/wp-json\/wp\/v2\/product\/256","targetHints":{"allow":["GET"]}}],"collection":[{"href":"https:\/\/cangluopipe.com\/pt\/wp-json\/wp\/v2\/product"}],"about":[{"href":"https:\/\/cangluopipe.com\/pt\/wp-json\/wp\/v2\/types\/product"}],"wp:featuredmedia":[{"embeddable":true,"href":"https:\/\/cangluopipe.com\/pt\/wp-json\/wp\/v2\/media\/257"}],"wp:attachment":[{"href":"https:\/\/cangluopipe.com\/pt\/wp-json\/wp\/v2\/media?parent=256"}],"wp:term":[{"taxonomy":"product-category","embeddable":true,"href":"https:\/\/cangluopipe.com\/pt\/wp-json\/wp\/v2\/product-category?post=256"},{"taxonomy":"product-standard","embeddable":true,"href":"https:\/\/cangluopipe.com\/pt\/wp-json\/wp\/v2\/product-standard?post=256"}],"curies":[{"name":"wp","href":"https:\/\/api.w.org\/{rel}","templated":true}]}}