{"id":247,"date":"2025-02-12T02:45:36","date_gmt":"2025-02-12T02:45:36","guid":{"rendered":"https:\/\/cangluo.easiwin.com\/?post_type=product&#038;p=247"},"modified":"2025-02-24T03:41:55","modified_gmt":"2025-02-24T03:41:55","slug":"api-5l-psl2-spiral-welded-pipe-manufacturer","status":"publish","type":"product","link":"https:\/\/cangluopipe.com\/pt\/product\/api-5l-psl2-spiral-welded-pipe-manufacturer\/","title":{"rendered":"Tubo soldado em espiral API 5l Psl2 Fabricante"},"content":{"rendered":"<h2 class=\"wp-block-heading\" id=\"overview-of-api-5l-psl2-spiral-welded-pipe\"><strong>Vis\u00e3o geral do Tubo soldado em espiral API 5L PSL2<\/strong><\/h2>\n\n\n\n<p><strong>Tubo soldado em espiral API 5L PSL2<\/strong> \u00e9 um <strong>tubo de a\u00e7o de alta resist\u00eancia<\/strong> utilizado para <strong>petr\u00f3leo e petr\u00f3leos; transporte de g\u00e1s, condutas de \u00e1gua e aplica\u00e7\u00f5es industriais<\/strong>. \u00c9 fabricado de acordo com a <strong>Norma API 5L<\/strong>, emitido pelo <strong>Instituto Americano do Petr\u00f3leo (API)<\/strong>, o que garante <strong>controlo de qualidade rigoroso, durabilidade e elevado desempenho<\/strong>.<\/p>\n\n\n\n<p>Os tubos API 5L s\u00e3o classificados em <strong>dois n\u00edveis de especifica\u00e7\u00e3o do produto (PSL):<\/strong><\/p>\n\n\n\n<ul class=\"wp-block-list\">\n<li><strong>PSL1:<\/strong> Tubo de a\u00e7o b\u00e1sico para <strong>aplica\u00e7\u00f5es de baixa press\u00e3o<\/strong>.<\/li>\n\n\n\n<li><strong>PSL2:<\/strong> <strong>Tubo de qualidade superior<\/strong> com <strong>propriedades mec\u00e2nicas melhoradas, requisitos mais rigorosos em termos de cord\u00f5es de soldadura e ensaios mais rigorosos<\/strong> para <strong>aplica\u00e7\u00f5es cr\u00edticas e de alta press\u00e3o<\/strong>.<\/li>\n<\/ul>\n\n\n\n<h3 class=\"wp-block-heading\" id=\"key-features-of-api-5l-psl2-spiral-welded-pipe\"><strong>Principais carater\u00edsticas do tubo soldado em espiral API 5L PSL2<\/strong><\/h3>\n\n\n\n<p>\u2714 <strong>Fabricado com soldadura por arco submerso (SAW) ou soldadura por arco submerso helicoidal (HSAW)<\/strong><br>\u2714 <strong>Maior resist\u00eancia e tenacidade do que os tubos PSL1<\/strong><br>\u2714 <strong>Concebido para o transporte de petr\u00f3leo, g\u00e1s e fluidos a alta press\u00e3o<\/strong><br>\u2714 <strong>Dispon\u00edvel nos graus de a\u00e7o X42, X52, X60, X70 e X80 para diferentes classifica\u00e7\u00f5es de press\u00e3o<\/strong><br>\u2714 <strong>Requisitos de ensaio rigorosos: Teste de impacto Charpy, teste de dureza e inspe\u00e7\u00e3o n\u00e3o destrutiva<\/strong><\/p>\n\n\n\n<p>Neste guia, vamos explorar tudo sobre <strong>Tubos soldados em espiral API 5L PSL2<\/strong>, incluindo <strong>fabricantes, especifica\u00e7\u00f5es, tend\u00eancias de pre\u00e7os, revestimentos, aplica\u00e7\u00f5es e processos de soldadura<\/strong>.<\/p>\n\n\n\n<h2 class=\"wp-block-heading\" id=\"top-api-5l-psl2-spiral-welded-pipe-manufacturers\"><strong>Principais fabricantes de tubo soldado em espiral API 5L PSL2<\/strong><\/h2>\n\n\n\n<p>Escolher um <strong>fabricante de confian\u00e7a<\/strong> \u00e9 essencial para <strong>tubos de alta qualidade, duradouros e com certifica\u00e7\u00e3o API<\/strong>. Abaixo est\u00e3o alguns dos <strong>principais fabricantes de Tubo soldado em espiral API 5L PSL2 em 2025<\/strong>:<\/p>\n\n\n\n<h3 class=\"wp-block-heading\" id=\"1-cangzhou-spiral-steel-pipes-group-co-ltd\"><strong>1. Cangzhou Spiral Steel Pipes Group Co., Ltd<\/strong><\/h3>\n\n\n\n<p>\u2714 <strong>27 anos de experi\u00eancia<\/strong> no fabrico de tubos de a\u00e7o<br>\u2714 <strong>13 linhas de produ\u00e7\u00e3o<\/strong> para <strong>\u03a6219-\u03a63500mm<\/strong> tubos soldados em espiral<br>\u2714 <strong>Certifica\u00e7\u00e3o API 5L PSL2, ASTM A53, ASTM A252 e ISO 9001<\/strong><br>\u2714 <strong>Capacidade de produ\u00e7\u00e3o anual: 400 000 toneladas<\/strong><br>\u2714 <strong>Revestimentos personalizados dispon\u00edveis: FBE, 3LPE, revestimento de argamassa de cimento<\/strong><\/p>\n\n\n\n<h3 class=\"wp-block-heading\" id=\"2-tenaris-global\"><strong>2. Tenaris (Global)<\/strong><\/h3>\n\n\n\n<p>Um dos principais fabricantes mundiais de <strong>Tubos API 5L PSL2<\/strong> utilizado em <strong>petr\u00f3leo &amp; gasodutos e aplica\u00e7\u00f5es offshore<\/strong>.<\/p>\n\n\n\n<h3 class=\"wp-block-heading\" id=\"3-vallourec-france-germany\"><strong>3. Vallourec (Fran\u00e7a\/Alemanha)<\/strong><\/h3>\n\n\n\n<p>Especializado em <strong>tubos API 5L PSL2 de alta resist\u00eancia<\/strong> para <strong>aplica\u00e7\u00f5es em \u00e1guas profundas e de alta press\u00e3o<\/strong>.<\/p>\n\n\n\n<h3 class=\"wp-block-heading\" id=\"4-jindal-saw-ltd-india\"><strong>4. Jindal SAW Ltd (\u00cdndia)<\/strong><\/h3>\n\n\n\n<p>Um importante fornecedor de <strong>tubos API 5L de grande di\u00e2metro<\/strong> para <strong>oleodutos e petr\u00f3leos; transporte de g\u00e1s e tubagens industriais<\/strong>.<\/p>\n\n\n\n<h3 class=\"wp-block-heading\" id=\"5-welspun-corp-ltd-india\"><strong>5. Welspun Corp Ltd (\u00cdndia)<\/strong><\/h3>\n\n\n\n<p>Um produtor de topo de <strong>tubos soldados em espiral para projectos de condutas de alta press\u00e3o e offshore<\/strong>.<\/p>\n\n\n\n<p>Cada um destes fabricantes garante <strong>cumprimento rigoroso das normas API 5L PSL2<\/strong>, garantindo <strong>elevada durabilidade, resist\u00eancia \u00e0 corros\u00e3o e propriedades mec\u00e2nicas superiores<\/strong>.<\/p>\n\n\n<div class=\"wp-block-image\">\n<figure class=\"aligncenter size-full\"><img loading=\"lazy\" decoding=\"async\" width=\"920\" height=\"501\" src=\"https:\/\/cangluopipe.com\/wp-content\/uploads\/2025\/02\/Polyurethane-Coated-spiral-pipe.jpg\" alt=\"Tubo soldado em espiral API 5L PSL2\" class=\"wp-image-235\" srcset=\"https:\/\/cangluopipe.com\/wp-content\/uploads\/2025\/02\/Polyurethane-Coated-spiral-pipe.jpg 920w, https:\/\/cangluopipe.com\/wp-content\/uploads\/2025\/02\/Polyurethane-Coated-spiral-pipe-300x163.jpg 300w, https:\/\/cangluopipe.com\/wp-content\/uploads\/2025\/02\/Polyurethane-Coated-spiral-pipe-768x418.jpg 768w\" sizes=\"auto, (max-width: 920px) 100vw, 920px\" \/><\/figure>\n<\/div>\n\n\n<h2 class=\"wp-block-heading\" id=\"api-5l-psl2-spiral-welded-pipe-vs-other-pipe-standards\"><strong>Tubo soldado em espiral API 5L PSL2 versus outros padr\u00f5es de tubos<\/strong><\/h2>\n\n\n\n<p>Compreender as diferen\u00e7as entre <strong>Tubo soldado em espiral API 5L PSL2<\/strong> e outras normas de tubos de a\u00e7o ajudam a escolher o tubo certo para o seu projeto.<\/p>\n\n\n\n<figure class=\"wp-block-table\"><table class=\"has-fixed-layout\"><thead><tr><th><strong>Carater\u00edstica<\/strong><\/th><th><strong>Tubo soldado em espiral API 5L PSL2<\/strong><\/th><th><strong>Tubo API 5L PSL1<\/strong><\/th><th><strong>Tubo soldado ASTM A53<\/strong><\/th><th><strong>Tubo para empilhamento ASTM A252<\/strong><\/th><\/tr><\/thead><tbody><tr><td><strong>Processo de fabrico<\/strong><\/td><td>SAW ou HSAW<\/td><td>SAW ou HSAW<\/td><td>ERW ou SAW<\/td><td>SERRA<\/td><\/tr><tr><td><strong>Resist\u00eancia &amp; Durabilidade<\/strong><\/td><td>Muito elevado<\/td><td>Moderado<\/td><td>Moderado<\/td><td>Elevado<\/td><\/tr><tr><td><strong>Resist\u00eancia \u00e0 press\u00e3o<\/strong><\/td><td>Superior<\/td><td>Moderado<\/td><td>Baixo a m\u00e9dio<\/td><td>Baixa<\/td><\/tr><tr><td><strong>Requisitos de ensaio<\/strong><\/td><td>Impacto Charpy, dureza, n\u00e3o destrutivo<\/td><td>Ensaios mec\u00e2nicos de base<\/td><td>Visual, hidrost\u00e1tico<\/td><td>Visual, hidrost\u00e1tico<\/td><\/tr><tr><td><strong>Resist\u00eancia \u00e0 corros\u00e3o<\/strong><\/td><td>Pode ser melhorado com revestimentos<\/td><td>Pode ser revestido<\/td><td>Pode ser galvanizado<\/td><td>Requer revestimentos<\/td><\/tr><tr><td><strong>Custo<\/strong><\/td><td>Mais alto<\/td><td>Inferior<\/td><td>Econ\u00f3mica<\/td><td>Moderado<\/td><\/tr><tr><td><strong>Melhor caso de utiliza\u00e7\u00e3o<\/strong><\/td><td>Oleodutos &amp; gasodutos, aplica\u00e7\u00f5es de alta press\u00e3o<\/td><td>Petr\u00f3leo em geral &amp; transporte de g\u00e1s<\/td><td>Transmiss\u00e3o de \u00e1gua, estrutura<\/td><td>Estacas, suportes de funda\u00e7\u00f5es<\/td><\/tr><\/tbody><\/table><\/figure>\n\n\n\n<h3 class=\"wp-block-heading\" id=\"why-choose-api-5l-psl2-spiral-welded-pipes\"><strong>Por que escolher os tubos soldados em espiral API 5L PSL2?<\/strong><\/h3>\n\n\n\n<p>\u2714 <strong>Concebida para aplica\u00e7\u00f5es de alta press\u00e3o<\/strong><br>\u2714 <strong>For\u00e7a superior e resist\u00eancia ao impacto<\/strong><br>\u2714 <strong>Testes rigorosos garantem um desempenho superior ao dos tubos PSL1<\/strong><br>\u2714 <strong>Utilizado em projectos cr\u00edticos de petr\u00f3leo e g\u00e1s, offshore e infra-estruturas industriais<\/strong><\/p>\n\n\n\n<h2 class=\"wp-block-heading\" id=\"api-5l-psl2-spiral-welded-pipe-price-per-ton-in-2025\"><strong>Tubo soldado em espiral API 5L PSL2 Pre\u00e7o por tonelada em 202<\/strong>5<\/h2>\n\n\n\n<p>O pre\u00e7o de <strong>Tubos soldados em espiral API 5L PSL2<\/strong> depende de factores como <strong>grau de a\u00e7o, revestimentos, procura e local de fabrico<\/strong>. Segue-se uma tabela de pre\u00e7os estimados para 2025:<\/p>\n\n\n\n<figure class=\"wp-block-table\"><table class=\"has-fixed-layout\"><thead><tr><th><strong>Di\u00e2metro do tubo (mm)<\/strong><\/th><th><strong>Espessura da parede (mm)<\/strong><\/th><th><strong>Grau de a\u00e7o<\/strong><\/th><th><strong>Pre\u00e7o por tonelada (USD)<\/strong><\/th><\/tr><\/thead><tbody><tr><td>219 \u2013 600<\/td><td>6 \u2013 10<\/td><td>X42 &#8211; X52<\/td><td>1,200-1,200 &#8211; 1,200-1,800<\/td><\/tr><tr><td>610 \u2013 1200<\/td><td>8 \u2013 14<\/td><td>X52 &#8211; X60<\/td><td>1,500-1,500 &#8211; 1,500-2,200<\/td><\/tr><tr><td>12h20 \u2013 18h00<\/td><td>10 \u2013 18<\/td><td>X60 &#8211; X70<\/td><td>1,800-1,800 &#8211; 1,800-2,600<\/td><\/tr><tr><td>2000 \u2013 3500<\/td><td>12 \u2013 25<\/td><td>X70 &#8211; X80<\/td><td>2,300-2,300 &#8211; 2,300-3,200<\/td><\/tr><\/tbody><\/table><\/figure>\n\n\n\n<h3 class=\"wp-block-heading\" id=\"factors-affecting-price\"><strong>Factores que afectam o pre\u00e7o:<\/strong><\/h3>\n\n\n\n<p>\u2714 <strong><a href=\"https:\/\/en.wikipedia.org\/wiki\/Steel\" target=\"_blank\" rel=\"noopener\">A\u00e7o<\/a> Grau<\/strong> - Os graus mais elevados (X60-X80) custam mais devido \u00e0 sua maior resist\u00eancia.<br>\u2714 <strong>Custos de fabrico<\/strong> - Despesas de m\u00e3o de obra, energia e transporte.<br>\u2714 <strong>Revestimentos &amp; Tratamentos<\/strong> - Os revestimentos anti-corros\u00e3o adicionais aumentam o pre\u00e7o.<br>\u2714 <strong>Encomendas em massa<\/strong> - As encomendas de grandes quantidades beneficiam de melhores pre\u00e7os.<\/p>\n\n\n\n<p>Cangzhou Spiral Steel Pipes Group oferece <strong>tubos soldados em espiral API 5L PSL2 de alta qualidade a pre\u00e7os competitivos<\/strong>.<\/p>\n\n\n\n<h2 class=\"wp-block-heading\" id=\"api-5l-psl2-spiral-welded-pipe-welding-process-manufacturing\"><strong>Tubo soldado em espiral API 5L PSL2 Processo de soldagem &amp; Fabrica\u00e7\u00e3o<\/strong><\/h2>\n\n\n\n<h3 class=\"wp-block-heading\" id=\"how-are-api-5l-psl2-spiral-welded-pipes-manufactured\"><strong>Como s\u00e3o fabricados os tubos soldados em espiral API 5L PSL2?<\/strong><\/h3>\n\n\n\n<p>O <strong>Tubo soldado em espiral API 5L PSL2<\/strong> o processo de fabrico \u00e9 o seguinte <strong>medidas rigorosas de controlo da qualidade<\/strong> para garantir <strong>elevada resist\u00eancia, durabilidade e conformidade com as normas internacionais<\/strong>. Segue-se uma descri\u00e7\u00e3o passo a passo do processo de produ\u00e7\u00e3o:<\/p>\n\n\n\n<h3 class=\"wp-block-heading\" id=\"1-steel-coil-selection\"><strong>1. Sele\u00e7\u00e3o de bobinas de a\u00e7o<\/strong><\/h3>\n\n\n\n<ul class=\"wp-block-list\">\n<li>Alta qualidade <strong>bobinas de a\u00e7o-carbono<\/strong> s\u00e3o selecionados com base em <strong>Requisitos de material API 5L PSL2<\/strong>.<\/li>\n\n\n\n<li>Os tipos de a\u00e7o mais comuns incluem <strong>X42, X52, X60, X70 e X80<\/strong>, com <strong>graus mais elevados que proporcionam maior for\u00e7a e resist\u00eancia \u00e0 press\u00e3o<\/strong>.<\/li>\n<\/ul>\n\n\n\n<h3 class=\"wp-block-heading\" id=\"2-spiral-forming-process\"><strong>2. Processo de forma\u00e7\u00e3o de espirais<\/strong><\/h3>\n\n\n\n<ul class=\"wp-block-list\">\n<li>A tira de a\u00e7o \u00e9 continuamente alimentada num <strong>m\u00e1quina de moldagem<\/strong>, onde se encontra <strong>enrolado em forma de h\u00e9lice<\/strong>.<\/li>\n\n\n\n<li>O <strong>a costura em espiral proporciona maior resist\u00eancia e flexibilidade<\/strong>, tornando-o ideal para <strong>petr\u00f3leo &amp; gasodutos e aplica\u00e7\u00f5es industriais<\/strong>.<\/li>\n<\/ul>\n\n\n\n<h3 class=\"wp-block-heading\" id=\"3-submerged-arc-welding-saw-process\"><strong>3. Processo de soldadura por arco submerso (SAW)<\/strong><\/h3>\n\n\n\n<ul class=\"wp-block-list\">\n<li><strong>Soldadura por arco submerso de dupla face (DSAW)<\/strong> \u00e9 utilizado para criar <strong>soldaduras fortes e sem defeitos<\/strong>.<\/li>\n\n\n\n<li>Este m\u00e9todo de soldadura garante <strong>penetra\u00e7\u00e3o profunda, uniformidade e resist\u00eancia ao stress<\/strong>, tornando-o ideal para <strong>aplica\u00e7\u00f5es de alta press\u00e3o<\/strong>.<\/li>\n<\/ul>\n\n\n\n<h3 class=\"wp-block-heading\" id=\"4-quality-control-testing\"><strong>4. Controlo de Qualidade &amp; Testes<\/strong><\/h3>\n\n\n\n<ul class=\"wp-block-list\">\n<li><strong>Ensaio de impacto Charpy<\/strong> garante <strong>dureza e resist\u00eancia \u00e0s fracturas<\/strong>.<\/li>\n\n\n\n<li><strong>Ultrassons e amortecedores; Ensaios de raios X<\/strong> detecta eventuais defeitos internos ou superficiais.<\/li>\n\n\n\n<li><strong>Ensaio de press\u00e3o hidrost\u00e1tica<\/strong> verifica a capacidade do tubo para suportar <strong>press\u00f5es operacionais elevadas<\/strong>.<\/li>\n\n\n\n<li><strong>Inspe\u00e7\u00e3o dimensional<\/strong> garante <strong>retid\u00e3o, uniformidade da espessura e precis\u00e3o do di\u00e2metro<\/strong>.<\/li>\n<\/ul>\n\n\n\n<h3 class=\"wp-block-heading\" id=\"5-coating-corrosion-protection\"><strong>5. Revestimento &amp; Prote\u00e7\u00e3o contra a corros\u00e3o<\/strong><\/h3>\n\n\n\n<ul class=\"wp-block-list\">\n<li>Os tubos podem ser revestidos com <strong>Revestimento de ep\u00f3xi ligado por fus\u00e3o (FBE), 3LPE, betume ou argamassa de cimento<\/strong> para resistir <strong>corros\u00e3o, humidade e danos ambientais<\/strong>.<\/li>\n<\/ul>\n\n\n\n<h3 class=\"wp-block-heading\" id=\"6-final-inspection-certification\"><strong>6. Inspe\u00e7\u00e3o final &amp; carimbo; Certifica\u00e7\u00e3o<\/strong><\/h3>\n\n\n\n<ul class=\"wp-block-list\">\n<li>Cada tubo \u00e9 verificado quanto a <strong>conformidade com API 5L PSL2, ISO 9001 e outras certifica\u00e7\u00f5es de qualidade relevantes<\/strong>.<\/li>\n\n\n\n<li>As condutas est\u00e3o marcadas com <strong>grau, tamanho, n\u00famero de calor e nome do fabricante<\/strong> para uma rastreabilidade total.<\/li>\n<\/ul>\n\n\n\n<h3 class=\"wp-block-heading\" id=\"welding-techniques-used-in-api-5l-psl2-spiral-welded-pipes\"><strong>T\u00e9cnicas de soldadura utilizadas nos tubos soldados em espiral API 5L PSL2<\/strong><\/h3>\n\n\n\n<figure class=\"wp-block-table\"><table class=\"has-fixed-layout\"><thead><tr><th><strong>M\u00e9todo de soldadura<\/strong><\/th><th><strong>Vantagens<\/strong><\/th><\/tr><\/thead><tbody><tr><td><strong>Soldadura por arco submerso (SAW)<\/strong><\/td><td>Penetra\u00e7\u00e3o profunda, soldaduras fortes e uniformes<\/td><\/tr><tr><td><strong>Soldadura de dupla face (DSAW)<\/strong><\/td><td>Garante uma resist\u00eancia uniforme, evita pontos fracos<\/td><\/tr><tr><td><strong>Teste hidrost\u00e1tico<\/strong><\/td><td>Verifica a resist\u00eancia \u00e0 press\u00e3o, assegura a aus\u00eancia de fugas<\/td><\/tr><tr><td><strong>Ultrassons e amortecedores; Ensaios de raios X<\/strong><\/td><td>Detecta defeitos internos para uma maior seguran\u00e7a<\/td><\/tr><\/tbody><\/table><\/figure>\n\n\n\n<p>Cangzhou Spiral Steel Pipes Group Co., Ltd garante <strong>todos os tubos cumprem as normas API 5L PSL2<\/strong> atrav\u00e9s de <strong>t\u00e9cnicas de soldadura avan\u00e7adas e um controlo de qualidade rigoroso<\/strong>.<\/p>\n\n\n<div class=\"wp-block-image\">\n<figure class=\"aligncenter size-full\"><img decoding=\"async\" src=\"https:\/\/cangluopipe.com\/wp-content\/uploads\/2025\/02\/Epoxy-Coal-Tar-coated-spiral-pipe.jpg\" alt=\"Tubo soldado em espiral API 5L PSL2\" class=\"wp-image-233\"\/><\/figure>\n<\/div>\n\n\n<h2 class=\"wp-block-heading\" id=\"api-5l-psl2-spiral-welded-pipe-coating-and-anti-corrosion-treatment\"><strong>Revestimento e tratamento anticorrosivo do tubo soldado em espiral API 5L PSL2<\/strong><\/h2>\n\n\n\n<p>Tubos utilizados em <strong>petr\u00f3leo e petr\u00f3leos; transporte de g\u00e1s, offshore e aplica\u00e7\u00f5es industriais<\/strong> est\u00e3o frequentemente expostos a <strong>ambientes corrosivos, condi\u00e7\u00f5es de alta press\u00e3o e temperaturas extremas<\/strong>. Aplicando <strong>revestimentos de prote\u00e7\u00e3o<\/strong> ajuda a <strong>prolongar a vida \u00fatil e evitar a corros\u00e3o<\/strong>.<\/p>\n\n\n\n<h3 class=\"wp-block-heading\" id=\"common-coating-options-for-api-5l-psl2-pipes\"><strong>Op\u00e7\u00f5es comuns de revestimento para tubos API 5L PSL2<\/strong><\/h3>\n\n\n\n<figure class=\"wp-block-table\"><table class=\"has-fixed-layout\"><thead><tr><th><strong>Tipo de revestimento<\/strong><\/th><th><strong>Vantagens<\/strong><\/th><th><strong>Aplica\u00e7\u00f5es<\/strong><\/th><\/tr><\/thead><tbody><tr><td><strong>Ep\u00f3xi ligado por fus\u00e3o (FBE)<\/strong><\/td><td>Elevada resist\u00eancia \u00e0 corros\u00e3o, forte ader\u00eancia<\/td><td>Oleodutos e pin\u00e7as; gasodutos, tubagens industriais<\/td><\/tr><tr><td><strong>3LPE (Polietileno de tr\u00eas camadas)<\/strong><\/td><td>Excelente resist\u00eancia ao impacto, prote\u00e7\u00e3o contra a humidade<\/td><td>Condutas subterr\u00e2neas, aplica\u00e7\u00f5es offshore<\/td><\/tr><tr><td><strong>Revestimento de betume<\/strong><\/td><td>Econ\u00f3mica, boa para aplica\u00e7\u00f5es subterr\u00e2neas<\/td><td>Estacas estruturais, projectos de drenagem<\/td><\/tr><tr><td><strong>Revestimento de argamassa de cimento<\/strong><\/td><td>Evita a corros\u00e3o interna, ideal para o transporte por \u00e1gua<\/td><td>Condutas de transporte de \u00e1gua, abastecimento de \u00e1gua industrial<\/td><\/tr><\/tbody><\/table><\/figure>\n\n\n\n<h3 class=\"wp-block-heading\" id=\"why-coating-is-important-for-api-5l-psl2-pipes\"><strong>Por que o revestimento \u00e9 importante para tubos API 5L PSL2?<\/strong><\/h3>\n\n\n\n<p>\u2714 <strong>Evita a ferrugem e a corros\u00e3o<\/strong> em ambientes agressivos<br>\u2714 <strong>Melhora a integridade estrutural<\/strong> e prolonga a vida \u00fatil<br>\u2714 <strong>Aumenta a resist\u00eancia a produtos qu\u00edmicos, humidade e \u00e1gua salgada<\/strong><br>\u2714 <strong>Reduz os custos de manuten\u00e7\u00e3o<\/strong> para projectos a longo prazo<\/p>\n\n\n\n<p>Cangzhou Spiral Steel Pipes Group oferece <strong>solu\u00e7\u00f5es de revestimento personalizadas<\/strong> com base em <strong>requisitos do projeto<\/strong>.<\/p>\n\n\n\n<h2 class=\"wp-block-heading\" id=\"api-5l-psl2-spiral-welded-pipe-for-offshore-high-pressure-applications\"><strong>Tubo soldado em espiral API 5L PSL2 para aplica\u00e7\u00f5es offshore e de alta press\u00e3o<\/strong><\/h2>\n\n\n\n<p>Uma das aplica\u00e7\u00f5es mais cr\u00edticas da <strong>Tubos soldados em espiral API 5L PSL2<\/strong> est\u00e1 em <strong>ambientes offshore e de alta press\u00e3o<\/strong>, incluindo <strong>petr\u00f3leo em \u00e1guas profundas &amp; explora\u00e7\u00e3o de g\u00e1s, condutas submarinas e redes de refinarias<\/strong>.<\/p>\n\n\n\n<h3 class=\"wp-block-heading\" id=\"why-api-5l-psl2-pipes-are-ideal-for-offshore-high-pressure-applications\"><strong>Por que os tubos API 5L PSL2 s\u00e3o ideais para aplica\u00e7\u00f5es offshore e de alta press\u00e3o?<\/strong><\/h3>\n\n\n\n<p>\u2714 <strong>Propriedades mec\u00e2nicas superiores<\/strong> para lidar com press\u00f5es extremas<br>\u2714 <strong>Revestimentos resistentes \u00e0 corros\u00e3o<\/strong> para uma vida \u00fatil prolongada em condi\u00e7\u00f5es submarinas<br>\u2714 <strong>Dispon\u00edveis qualidades de a\u00e7o de alta resist\u00eancia (X60, X70, X80)<\/strong><br>\u2714 <strong>Testes rigorosos garantem a conformidade com as normas da ind\u00fastria offshore<\/strong><\/p>\n\n\n\n<h3 class=\"wp-block-heading\" id=\"comparing-api-5l-psl2-vs-other-offshore-pipeline-standards\"><strong>Compara\u00e7\u00e3o entre API 5L PSL2 e outras normas de tubagens offshore<\/strong><\/h3>\n\n\n\n<figure class=\"wp-block-table\"><table class=\"has-fixed-layout\"><thead><tr><th><strong>Carater\u00edstica<\/strong><\/th><th><strong>Tubo soldado em espiral API 5L PSL2<\/strong><\/th><th><strong>Tubo API 5L PSL1<\/strong><\/th><th><strong>Tubo sem costura ASTM A106<\/strong><\/th><\/tr><\/thead><tbody><tr><td><strong>Resist\u00eancia &amp; amp; Suporte de carga<\/strong><\/td><td>Muito elevado<\/td><td>Moderado<\/td><td>Muito elevado<\/td><\/tr><tr><td><strong>Resist\u00eancia \u00e0 corros\u00e3o<\/strong><\/td><td>Pode ser melhorado com revestimentos<\/td><td>Requer revestimentos<\/td><td>Requer revestimentos<\/td><\/tr><tr><td><strong>Custo<\/strong><\/td><td>Mais alto<\/td><td>Inferior<\/td><td>Caro<\/td><\/tr><tr><td><strong>Disponibilidade do di\u00e2metro<\/strong><\/td><td>Grande di\u00e2metro<\/td><td>Grande di\u00e2metro<\/td><td>Limitada<\/td><\/tr><tr><td><strong>Melhor caso de utiliza\u00e7\u00e3o<\/strong><\/td><td>Condutas offshore de alta press\u00e3o<\/td><td>Petr\u00f3leo em geral &amp; transporte de g\u00e1s<\/td><td>Refinaria, aplica\u00e7\u00f5es de alta temperatura<\/td><\/tr><\/tbody><\/table><\/figure>\n\n\n\n<p>Cangzhou Spiral Steel Pipes Group fornece <strong>tubos API 5L PSL2 de alta qualidade<\/strong> para <strong>projectos de perfura\u00e7\u00e3o offshore, oleodutos em \u00e1guas profundas e redes de refinarias<\/strong>.<\/p>\n\n\n\n<h2 class=\"wp-block-heading\" id=\"api-5l-psl2-spiral-welded-pipe-suppliers-exporters\"><strong>API 5L PSL2 Tubo soldado em espiral Fornecedores &amp; amp; Exportadores<\/strong><\/h2>\n\n\n\n<p>Se pretende <strong>importar Tubos soldados em espiral API 5L PSL2<\/strong>, trabalhando com um <strong>exportador de confian\u00e7a<\/strong> \u00e9 crucial. A China continua a ser um <strong>principal exportador<\/strong> devido \u00e0 sua <strong>elevada capacidade de produ\u00e7\u00e3o, pre\u00e7os competitivos e controlo de qualidade rigoroso<\/strong>.<\/p>\n\n\n\n<h3 class=\"wp-block-heading\" id=\"top-chinese-exporters-of-api-5l-psl2-spiral-welded-pipes\"><strong>Principais exportadores chineses de Tubos soldados em espiral API 5L PSL2<\/strong><\/h3>\n\n\n\n<figure class=\"wp-block-table\"><table class=\"has-fixed-layout\"><thead><tr><th><strong>Nome da empresa<\/strong><\/th><th><strong>Localiza\u00e7\u00e3o<\/strong><\/th><th><strong>Capacidade de produ\u00e7\u00e3o anual<\/strong><\/th><\/tr><\/thead><tbody><tr><td><strong>Cangzhou Spiral Steel Pipes Group Co., Ltd<\/strong><\/td><td>Hebei, China<\/td><td>400.000 toneladas<\/td><\/tr><tr><td><strong>Grupo Baosteel<\/strong><\/td><td>Xangai, China<\/td><td>mais de 500.000 toneladas<\/td><\/tr><tr><td><strong>Tianjin Steel Pipe Co.<\/strong><\/td><td>Tianjin, China<\/td><td>300.000 toneladas<\/td><\/tr><\/tbody><\/table><\/figure>\n\n\n\n<h3 class=\"wp-block-heading\" id=\"why-choose-cangzhou-spiral-steel-pipes-group-for-api-5l-psl2-pipes\"><strong>Por que escolher Cangzhou Spiral Steel Pipes Group para Tubos API 5L PSL2?<\/strong><\/h3>\n\n\n\n<p>\u2714 <strong>27 anos de experi\u00eancia no fabrico de tubos de a\u00e7o<\/strong><br>\u2714 <strong>Certifica\u00e7\u00e3o API 5L PSL2, ISO 9001 e API<\/strong><br>\u2714 <strong>13 linhas de produ\u00e7\u00e3o, cobrindo di\u00e2metros de 219 mm a 3500 mm<\/strong><br>\u2714 <strong>Revestimentos personalizados e tratamentos anti-corros\u00e3o dispon\u00edveis<\/strong><br>\u2714 <strong>Forte rede de exporta\u00e7\u00e3o para a Am\u00e9rica do Norte, Europa e \u00c1sia<\/strong><\/p>\n\n\n\n<p>Para <strong>tubos soldados em espiral API 5L PSL2 de alta qualidade<\/strong>, <strong>Cangzhou Spiral Steel Pipes Group Co., Ltd<\/strong> \u00e9 um <strong>fornecedor de confian\u00e7a<\/strong>.<\/p>\n\n\n\n<h2 class=\"wp-block-heading\" id=\"final-thoughts\"><strong>Considera\u00e7\u00f5es finais<\/strong><\/h2>\n\n\n\n<p><strong>Tubos soldados em espiral API 5L PSL2<\/strong> s\u00e3o amplamente utilizados em <strong>aplica\u00e7\u00f5es offshore, petr\u00f3leo &amp; amp; g\u00e1s e alta press\u00e3o<\/strong> devido \u00e0 sua <strong>for\u00e7a superior, resist\u00eancia \u00e0 corros\u00e3o e padr\u00f5es de qualidade rigorosos<\/strong>.<\/p>\n\n\n\n<p>Para <strong>tubos API 5L PSL2 de qualidade superior<\/strong>, <strong>Cangzhou Spiral Steel Pipes Group Co., Ltd<\/strong> \u00e9 o seu <strong>melhor escolha<\/strong> em 2025! <\/p>\n\n\n\n<p>Necessita de um <strong>cita\u00e7\u00e3o<\/strong> ou mais <strong>pormenores t\u00e9cnicos<\/strong>? Contacto <strong>Grupo de tubos de a\u00e7o em espiral de Cangzhou<\/strong> hoje!<\/p>","protected":false},"featured_media":249,"template":"","meta":{"_acf_changed":false,"_gspb_post_css":"","_kad_blocks_custom_css":"","_kad_blocks_head_custom_js":"","_kad_blocks_body_custom_js":"","_kad_blocks_footer_custom_js":"","_kad_post_transparent":"","_kad_post_title":"","_kad_post_layout":"","_kad_post_sidebar_id":"","_kad_post_content_style":"","_kad_post_vertical_padding":"","_kad_post_feature":"","_kad_post_feature_position":"","_kad_post_header":false,"_kad_post_footer":false,"_kad_post_classname":""},"product-category":[3],"product-standard":[6],"class_list":["post-247","product","type-product","status-publish","has-post-thumbnail","hentry","product-category-spiral-welded-pipe","product-standard-api-spec-5l"],"acf":[],"taxonomy_info":{"product-category":[{"value":3,"label":"Spiral Welded Pipe"}],"product-standard":[{"value":6,"label":"API SPEC 5L"}]},"featured_image_src_large":["https:\/\/cangluopipe.com\/wp-content\/uploads\/2025\/02\/api-5l-psl2-spiral-weld-pipe.jpg",920,518,false],"author_info":[],"comment_info":"","_links":{"self":[{"href":"https:\/\/cangluopipe.com\/pt\/wp-json\/wp\/v2\/product\/247","targetHints":{"allow":["GET"]}}],"collection":[{"href":"https:\/\/cangluopipe.com\/pt\/wp-json\/wp\/v2\/product"}],"about":[{"href":"https:\/\/cangluopipe.com\/pt\/wp-json\/wp\/v2\/types\/product"}],"wp:featuredmedia":[{"embeddable":true,"href":"https:\/\/cangluopipe.com\/pt\/wp-json\/wp\/v2\/media\/249"}],"wp:attachment":[{"href":"https:\/\/cangluopipe.com\/pt\/wp-json\/wp\/v2\/media?parent=247"}],"wp:term":[{"taxonomy":"product-category","embeddable":true,"href":"https:\/\/cangluopipe.com\/pt\/wp-json\/wp\/v2\/product-category?post=247"},{"taxonomy":"product-standard","embeddable":true,"href":"https:\/\/cangluopipe.com\/pt\/wp-json\/wp\/v2\/product-standard?post=247"}],"curies":[{"name":"wp","href":"https:\/\/api.w.org\/{rel}","templated":true}]}}