{"id":245,"date":"2025-02-12T02:44:46","date_gmt":"2025-02-12T02:44:46","guid":{"rendered":"https:\/\/cangluo.easiwin.com\/?post_type=product&#038;p=245"},"modified":"2025-03-28T00:47:21","modified_gmt":"2025-03-28T00:47:21","slug":"api-5l-psl1-spiral-welded-pipe-manufacturer","status":"publish","type":"product","link":"https:\/\/cangluopipe.com\/pt\/product\/api-5l-psl1-spiral-welded-pipe-manufacturer\/","title":{"rendered":"Tubo soldado em espiral API 5l Psl1 Fabricante"},"content":{"rendered":"<h2 class=\"wp-block-heading\" id=\"overview-of-api-5l-psl1-spiral-welded-pipe\"><strong>Vis\u00e3o geral do Tubo soldado em espiral API 5L PSL1<\/strong><\/h2>\n\n\n\n<p><strong><a href=\"https:\/\/cangluopipe.com\/pt\/api-5l-psl1-spiral-pipe\/\">Tubo soldado em espiral API 5L PSL1<\/a><\/strong> \u00e9 um produto muito utilizado <strong>tubo de a\u00e7o-carbono<\/strong> concebido para <strong>petr\u00f3leo e petr\u00f3leos; transporte de g\u00e1s, condutas de \u00e1gua e aplica\u00e7\u00f5es estruturais<\/strong>. Segue-se o <strong>Norma API 5L<\/strong>, especificado pelo <strong>Instituto Americano do Petr\u00f3leo (API)<\/strong>, assegurando <strong>desempenho fi\u00e1vel, durabilidade e conformidade com a ind\u00fastria<\/strong>.<\/p>\n\n\n\n<p>Os tubos API 5L s\u00e3o divididos em <strong>dois n\u00edveis de especifica\u00e7\u00e3o do produto (PSL):<\/strong><\/p>\n\n\n\n<ul class=\"wp-block-list\">\n<li><strong>PSL1:<\/strong> O <strong>b\u00e1sico<\/strong> e o tipo mais utilizado para <strong>condutas de transporte de petr\u00f3leo, g\u00e1s e \u00e1gua<\/strong>.<\/li>\n\n\n\n<li><strong>PSL2:<\/strong> Uma vers\u00e3o de qualidade superior com <strong>requisitos mais rigorosos em mat\u00e9ria de ensaios, propriedades mec\u00e2nicas e tenacidade<\/strong> para <strong>aplica\u00e7\u00f5es cr\u00edticas<\/strong>.<\/li>\n<\/ul>\n\n\n\n<h3 class=\"wp-block-heading\" id=\"key-features-of-api-5l-psl1-spiral-welded-pipe\"><strong>Principais carater\u00edsticas do tubo soldado em espiral API 5L PSL1<\/strong><\/h3>\n\n\n\n<p>\u2714 <strong>Fabricado com soldadura por arco submerso (SAW) ou soldadura por arco submerso helicoidal (HSAW)<\/strong><br>\u2714 <strong>Dispon\u00edvel nas classes de a\u00e7o X42, X46, X52, X56, X60, X65 e X70<\/strong><br>\u2714 <strong>Concebida para aplica\u00e7\u00f5es de petr\u00f3leo, g\u00e1s, \u00e1gua e estruturais<\/strong><br>\u2714 <strong>Testes menos rigorosos em compara\u00e7\u00e3o com o PSL2, mas ainda fi\u00e1veis para utiliza\u00e7\u00e3o geral<\/strong><br>\u2714 <strong>Alternativa econ\u00f3mica aos tubos sem costura para projectos de grande dimens\u00e3o<\/strong><\/p>\n\n\n\n<p>Neste guia, vamos explorar tudo sobre <strong>Tubos soldados em espiral API 5L PSL1<\/strong>, incluindo <strong>fabricantes, especifica\u00e7\u00f5es, tend\u00eancias de pre\u00e7os, revestimentos, aplica\u00e7\u00f5es e processos de soldadura<\/strong>.<\/p>\n\n\n\n<h2 class=\"wp-block-heading\" id=\"top-api-5l-psl1-spiral-welded-pipe-manufacturers\"><strong>Principais fabricantes de tubo soldado em espiral API 5L PSL1<\/strong><\/h2>\n\n\n\n<p>Escolher um <strong>fabricante de confian\u00e7a<\/strong> garante <strong>materiais de alta qualidade, conformidade com as normas API 5L e desempenho duradouro<\/strong>. Abaixo est\u00e3o alguns dos <strong>principais fabricantes de Tubo soldado em espiral API 5L PSL1<\/strong> em 2025:<\/p>\n\n\n\n<h3 class=\"wp-block-heading\" id=\"1-cangzhou-spiral-steel-pipes-group-co-ltd\"><strong>1. Cangzhou Spiral Steel Pipes Group Co., Ltd<\/strong><\/h3>\n\n\n\n<p>\u2714 <strong>27 anos de experi\u00eancia<\/strong> no fabrico de tubos de a\u00e7o<br>\u2714 <strong>13 linhas de produ\u00e7\u00e3o<\/strong> para <strong>\u03a6219-\u03a63500mm<\/strong> tubos soldados em espiral<br>\u2714 <strong>Certifica\u00e7\u00e3o API 5L PSL1, ASTM A53, ASTM A252 e ISO 9001<\/strong><br>\u2714 <strong>Capacidade de produ\u00e7\u00e3o anual: 400 000 toneladas<\/strong><br>\u2714 <strong>Revestimentos personalizados dispon\u00edveis: FBE, 3LPE, revestimento de argamassa de cimento<\/strong><\/p>\n\n\n\n<h3 class=\"wp-block-heading\" id=\"2-tenaris-global\"><strong>2. Tenaris (Global)<\/strong><\/h3>\n\n\n\n<p>Um fabricante l\u00edder mundial especializado em <strong>Tubos API 5L PSL1<\/strong> para <strong>petr\u00f3leo &amp; gasodutos e aplica\u00e7\u00f5es industriais<\/strong>.<\/p>\n\n\n\n<h3 class=\"wp-block-heading\" id=\"3-jindal-saw-ltd-india\"><strong>3. Jindal SAW Ltd (\u00cdndia)<\/strong><\/h3>\n\n\n\n<p>Um importante fornecedor de <strong>tubos API 5L PSL1 de grande di\u00e2metro<\/strong> utilizado em <strong>transporte de \u00e1gua, petr\u00f3leo e g\u00e1s e projectos de infra-estruturas<\/strong>.<\/p>\n\n\n\n<h3 class=\"wp-block-heading\" id=\"4-arcelormittal-europe\"><strong>4. ArcelorMittal (Europa)<\/strong><\/h3>\n\n\n\n<p>Um produtor mundial de a\u00e7o que fabrica <strong>Tubos com certifica\u00e7\u00e3o API 5L PSL1<\/strong> para <strong>projectos de constru\u00e7\u00e3o e de condutas<\/strong>.<\/p>\n\n\n\n<h3 class=\"wp-block-heading\" id=\"5-welspun-corp-ltd-india\"><strong>5. Welspun Corp Ltd (\u00cdndia)<\/strong><\/h3>\n\n\n\n<p>Um produtor de topo de <strong>tubos soldados em espiral para o transporte de \u00e1gua, petr\u00f3leo &amp; amp; g\u00e1s e aplica\u00e7\u00f5es industriais<\/strong>.<\/p>\n\n\n\n<p>Cada um destes fabricantes garante <strong>cumprimento rigoroso das normas API 5L PSL1<\/strong>, garantindo <strong>elevada durabilidade e resist\u00eancia \u00e0 corros\u00e3o<\/strong>.<\/p>\n\n\n<div class=\"wp-block-image\">\n<figure class=\"aligncenter size-large is-resized\"><img loading=\"lazy\" decoding=\"async\" width=\"683\" height=\"1024\" src=\"https:\/\/cangluopipe.com\/wp-content\/uploads\/2025\/02\/spiral-steel-pipe-manufacturer-683x1024.jpg\" alt=\"Tubo soldado em espiral API 5L PSL1\" class=\"wp-image-212\" style=\"width:513px;height:auto\" srcset=\"https:\/\/cangluopipe.com\/wp-content\/uploads\/2025\/02\/spiral-steel-pipe-manufacturer-683x1024.jpg 683w, https:\/\/cangluopipe.com\/wp-content\/uploads\/2025\/02\/spiral-steel-pipe-manufacturer-200x300.jpg 200w, https:\/\/cangluopipe.com\/wp-content\/uploads\/2025\/02\/spiral-steel-pipe-manufacturer.jpg 700w\" sizes=\"auto, (max-width: 683px) 100vw, 683px\" \/><\/figure>\n<\/div>\n\n\n<h2 class=\"wp-block-heading\" id=\"api-5l-psl1-spiral-welded-pipe-vs-other-pipe-standards\"><strong>Tubo soldado em espiral API 5L PSL1 versus outros padr\u00f5es de tubos<\/strong><\/h2>\n\n\n\n<p>A sele\u00e7\u00e3o do tubo de a\u00e7o adequado depende de <strong>aplica\u00e7\u00e3o, durabilidade, custo e resist\u00eancia<\/strong>. Eis como <strong>Tubo soldado em espiral API 5L PSL1<\/strong> compara-se com outros padr\u00f5es comuns de tubos:<\/p>\n\n\n\n<figure class=\"wp-block-table\"><table><thead><tr><th><strong>Carater\u00edstica<\/strong><\/th><th><strong>Tubo soldado em espiral API 5L PSL1<\/strong><\/th><th><strong>Tubo API 5L PSL2<\/strong><\/th><th><strong>Tubo soldado ASTM A53<\/strong><\/th><th><strong>Tubo para empilhamento ASTM A252<\/strong><\/th><\/tr><\/thead><tbody><tr><td><strong>Processo de fabrico<\/strong><\/td><td>SAW ou HSAW<\/td><td>SAW ou HSAW<\/td><td>ERW ou SAW<\/td><td>SERRA<\/td><\/tr><tr><td><strong>Resist\u00eancia &amp; Durabilidade<\/strong><\/td><td>Elevado<\/td><td>Muito elevado<\/td><td>Moderado<\/td><td>Elevado<\/td><\/tr><tr><td><strong>Resist\u00eancia \u00e0 press\u00e3o<\/strong><\/td><td>Moderado<\/td><td>Superior<\/td><td>Baixo a m\u00e9dio<\/td><td>Baixa<\/td><\/tr><tr><td><strong>Requisitos de ensaio<\/strong><\/td><td>Ensaios mec\u00e2nicos de base<\/td><td>Impacto, dureza e ensaios n\u00e3o destrutivos mais rigorosos<\/td><td>Visual, hidrost\u00e1tico<\/td><td>Visual, hidrost\u00e1tico<\/td><\/tr><tr><td><strong>Resist\u00eancia \u00e0 corros\u00e3o<\/strong><\/td><td>Pode ser melhorado com revestimentos<\/td><td>Pode ser melhorado com revestimentos<\/td><td>Pode ser galvanizado<\/td><td>Requer revestimentos<\/td><\/tr><tr><td><strong>Custo<\/strong><\/td><td>Econ\u00f3mica<\/td><td>Mais alto<\/td><td>Econ\u00f3mica<\/td><td>Moderado<\/td><\/tr><tr><td><strong>Melhor caso de utiliza\u00e7\u00e3o<\/strong><\/td><td>Petr\u00f3leo e pampas; gasodutos, transporte de \u00e1gua<\/td><td>Aplica\u00e7\u00f5es de alta press\u00e3o<\/td><td>Transporte de \u00e1gua, estrutural<\/td><td>Estacas, suportes de funda\u00e7\u00f5es<\/td><\/tr><\/tbody><\/table><\/figure>\n\n\n\n<h3 class=\"wp-block-heading\" id=\"why-choose-api-5l-psl1-spiral-welded-pipes\"><strong>Por que escolher os tubos soldados em espiral API 5L PSL1?<\/strong><\/h3>\n\n\n\n<p>\u2714 <strong>Fi\u00e1vel e rent\u00e1vel para o transporte geral de petr\u00f3leo e g\u00e1s<\/strong><br>\u2714 <strong>Dispon\u00edvel em grandes di\u00e2metros para aplica\u00e7\u00f5es industriais<\/strong><br>\u2714 <strong>Adequado para utiliza\u00e7\u00e3o subterr\u00e2nea e acima do solo<\/strong><br>\u2714 <strong>Pode ser revestido para uma maior resist\u00eancia \u00e0 corros\u00e3o<\/strong><\/p>\n\n\n\n<h2 class=\"wp-block-heading\" id=\"api-5l-psl1-spiral-welded-pipe-price-per-ton-in-2025\"><strong>Tubo soldado em espiral API 5L PSL1 Pre\u00e7o por tonelada em 2025<\/strong><\/h2>\n\n\n\n<p>O pre\u00e7o de <strong>Tubos soldados em espiral API 5L PSL1<\/strong> depende de factores como <strong>grau de a\u00e7o, revestimentos, procura e local de fabrico<\/strong>. Segue-se uma tabela de pre\u00e7os estimados para 2025:<\/p>\n\n\n\n<figure class=\"wp-block-table\"><table><thead><tr><th><strong>Di\u00e2metro do tubo (mm)<\/strong><\/th><th><strong>Espessura da parede (mm)<\/strong><\/th><th><strong>Grau de a\u00e7o<\/strong><\/th><th><strong>Pre\u00e7o por tonelada (USD)<\/strong><\/th><\/tr><\/thead><tbody><tr><td>219 \u2013 600<\/td><td>6 \u2013 10<\/td><td>X42 &#8211; X52<\/td><td>1,000-1,000 &#8211; 1,000-1,600<\/td><\/tr><tr><td>610 \u2013 1200<\/td><td>8 \u2013 14<\/td><td>X52 &#8211; X60<\/td><td>1,400-1,400 &#8211; 1,400-2,000<\/td><\/tr><tr><td>12h20 \u2013 18h00<\/td><td>10 \u2013 18<\/td><td>X60 &#8211; X70<\/td><td>1,700-1,700 &#8211; 1,700-2,400<\/td><\/tr><tr><td>2000 \u2013 3500<\/td><td>12 \u2013 25<\/td><td>X70<\/td><td>2,200-2,200 &#8211; 2,200-3,000<\/td><\/tr><\/tbody><\/table><\/figure>\n\n\n\n<h3 class=\"wp-block-heading\" id=\"factors-affecting-price\"><strong>Factores que afectam o pre\u00e7o:<\/strong><\/h3>\n\n\n\n<p>\u2714 <strong><a href=\"https:\/\/en.wikipedia.org\/wiki\/Steel\" target=\"_blank\" rel=\"noopener\">A\u00e7o<\/a> Grau<\/strong> - As qualidades mais elevadas (X60-X70) custam mais devido \u00e0 sua maior resist\u00eancia.<br>\u2714 <strong>Custos de fabrico<\/strong> - Despesas de m\u00e3o de obra, energia e transporte.<br>\u2714 <strong>Revestimentos &amp; Tratamentos<\/strong> - Os revestimentos anti-corros\u00e3o adicionais aumentam o pre\u00e7o.<br>\u2714 <strong>Encomendas em massa<\/strong> - As encomendas de grandes quantidades beneficiam de melhores pre\u00e7os.<\/p>\n\n\n\n<p>Cangzhou Spiral Steel Pipes Group oferece <strong>tubos soldados em espiral API 5L PSL1 de alta qualidade a pre\u00e7os competitivos<\/strong>.<\/p>\n\n\n\n<h2 class=\"wp-block-heading\" id=\"api-5l-psl1-spiral-welded-pipe-welding-process-manufacturing\"><strong>Tubo soldado em espiral API 5L PSL1 Processo de soldagem &amp; Fabrica\u00e7\u00e3o<\/strong><\/h2>\n\n\n\n<h3 class=\"wp-block-heading\" id=\"how-are-api-5l-psl1-spiral-welded-pipes-manufactured\"><strong>Como s\u00e3o fabricados os tubos soldados em espiral API 5L PSL1?<\/strong><\/h3>\n\n\n\n<p>O <strong>Tubo soldado em espiral API 5L PSL1<\/strong> o processo de fabrico \u00e9 o seguinte <strong>medidas rigorosas de controlo da qualidade<\/strong> para garantir <strong>elevada resist\u00eancia, durabilidade e conformidade com as normas internacionais<\/strong>. Segue-se uma descri\u00e7\u00e3o passo a passo do processo de produ\u00e7\u00e3o:<\/p>\n\n\n\n<h3 class=\"wp-block-heading\" id=\"1-steel-coil-selection\"><strong>1. Sele\u00e7\u00e3o de bobinas de a\u00e7o<\/strong><\/h3>\n\n\n\n<ul class=\"wp-block-list\">\n<li>O processo come\u00e7a com a sele\u00e7\u00e3o de <strong>bobinas de a\u00e7o-carbono de alta qualidade<\/strong> que cumprem as especifica\u00e7\u00f5es de material API 5L PSL1.<\/li>\n\n\n\n<li>Os tipos de a\u00e7o mais comuns incluem <strong>X42, X46, X52, X56, X60, X65 e X70<\/strong>, com <strong>graus mais elevados que oferecem melhor for\u00e7a e resist\u00eancia \u00e0 press\u00e3o<\/strong>.<\/li>\n<\/ul>\n\n\n\n<h3 class=\"wp-block-heading\" id=\"2-spiral-forming-process\"><strong>2. Processo de forma\u00e7\u00e3o de espirais<\/strong><\/h3>\n\n\n\n<ul class=\"wp-block-list\">\n<li>A tira de a\u00e7o \u00e9 continuamente alimentada num <strong>m\u00e1quina de moldagem<\/strong>, onde se encontra <strong>enrolado em forma de h\u00e9lice<\/strong>.<\/li>\n\n\n\n<li>O <strong>a costura em espiral proporciona maior resist\u00eancia e flexibilidade<\/strong>, tornando-o ideal para <strong>petr\u00f3leo &amp; gasodutos e aplica\u00e7\u00f5es industriais<\/strong>.<\/li>\n<\/ul>\n\n\n\n<h3 class=\"wp-block-heading\" id=\"3-submerged-arc-welding-saw-process\"><strong>3. Processo de soldadura por arco submerso (SAW)<\/strong><\/h3>\n\n\n\n<ul class=\"wp-block-list\">\n<li>O processo de soldadura utilizado para os tubos API 5L PSL1 \u00e9 <strong>Soldadura por arco submerso (SAW)<\/strong>, que inclui <strong>soldadura submersa de uma ou duas faces<\/strong>.<\/li>\n\n\n\n<li>Este m\u00e9todo garante <strong>penetra\u00e7\u00e3o profunda, uniformidade e resist\u00eancia ao stress<\/strong>, tornando-o ideal para <strong>aplica\u00e7\u00f5es de alta press\u00e3o<\/strong>.<\/li>\n<\/ul>\n\n\n\n<h3 class=\"wp-block-heading\" id=\"4-quality-control-testing\"><strong>4. Controlo de Qualidade &amp; Testes<\/strong><\/h3>\n\n\n\n<ul class=\"wp-block-list\">\n<li><strong>Ensaio de press\u00e3o hidrost\u00e1tica<\/strong> verifica se os tubos podem lidar com <strong>press\u00f5es de funcionamento moderadas<\/strong>.<\/li>\n\n\n\n<li><strong>Ultrassons e amortecedores; Ensaios de raios X<\/strong> garante que n\u00e3o h\u00e1 <strong>defeitos internos<\/strong>.<\/li>\n\n\n\n<li><strong>Inspe\u00e7\u00e3o dimensional<\/strong> garantias <strong>retid\u00e3o, uniformidade da espessura e precis\u00e3o do di\u00e2metro<\/strong>.<\/li>\n<\/ul>\n\n\n\n<h3 class=\"wp-block-heading\" id=\"5-coating-corrosion-protection\"><strong>5. Revestimento &amp; Prote\u00e7\u00e3o contra a corros\u00e3o<\/strong><\/h3>\n\n\n\n<ul class=\"wp-block-list\">\n<li>Os tubos podem ser revestidos com <strong>Revestimento de ep\u00f3xi ligado por fus\u00e3o (FBE), 3LPE, betume ou argamassa de cimento<\/strong> para resistir <strong>corros\u00e3o, humidade e danos ambientais<\/strong>.<\/li>\n<\/ul>\n\n\n\n<h3 class=\"wp-block-heading\" id=\"6-final-inspection-certification\"><strong>6. Inspe\u00e7\u00e3o final &amp; carimbo; Certifica\u00e7\u00e3o<\/strong><\/h3>\n\n\n\n<ul class=\"wp-block-list\">\n<li>Cada tubo \u00e9 verificado quanto a <strong>conformidade com API 5L PSL1, ISO 9001 e outras certifica\u00e7\u00f5es de qualidade relevantes<\/strong>.<\/li>\n\n\n\n<li>As condutas est\u00e3o marcadas com <strong>grau, tamanho, n\u00famero de calor e nome do fabricante<\/strong> para uma rastreabilidade total.<\/li>\n<\/ul>\n\n\n\n<h3 class=\"wp-block-heading\" id=\"welding-techniques-used-in-api-5l-psl1-spiral-welded-pipes\"><strong>T\u00e9cnicas de soldadura utilizadas nos tubos soldados em espiral API 5L PSL1<\/strong><\/h3>\n\n\n\n<figure class=\"wp-block-table\"><table><thead><tr><th><strong>M\u00e9todo de soldadura<\/strong><\/th><th><strong>Vantagens<\/strong><\/th><\/tr><\/thead><tbody><tr><td><strong>Soldadura por arco submerso (SAW)<\/strong><\/td><td>Penetra\u00e7\u00e3o profunda, soldaduras fortes e uniformes<\/td><\/tr><tr><td><strong>Soldadura de uma face<\/strong><\/td><td>Adequado para aplica\u00e7\u00f5es de m\u00e9dia press\u00e3o<\/td><\/tr><tr><td><strong>Soldadura de dupla face (DSAW)<\/strong><\/td><td>Garante uma resist\u00eancia uniforme, evita pontos fracos<\/td><\/tr><tr><td><strong>Teste hidrost\u00e1tico<\/strong><\/td><td>Verifica a resist\u00eancia \u00e0 press\u00e3o, assegura a aus\u00eancia de fugas<\/td><\/tr><tr><td><strong>Ultrassons e amortecedores; Ensaios de raios X<\/strong><\/td><td>Detecta defeitos internos para uma maior seguran\u00e7a<\/td><\/tr><\/tbody><\/table><\/figure>\n\n\n\n<p>Cangzhou Spiral Steel Pipes Group Co., Ltd garante <strong>todos os tubos cumprem as normas API 5L PSL1<\/strong> atrav\u00e9s de <strong>t\u00e9cnicas de soldadura avan\u00e7adas e um controlo de qualidade rigoroso<\/strong>.<\/p>\n\n\n\n<h2 class=\"wp-block-heading\" id=\"api-5l-psl1-spiral-welded-pipe-coating-and-anti-corrosion-treatment\"><strong>Revestimento e tratamento anti-corros\u00e3o do tubo soldado em espiral API 5L PSL1<\/strong><\/h2>\n\n\n\n<p>Tubos utilizados em <strong>petr\u00f3leo e petr\u00f3leos; transporte de g\u00e1s, abastecimento de \u00e1gua e aplica\u00e7\u00f5es industriais<\/strong> est\u00e3o frequentemente expostos a <strong>ambientes corrosivos, condi\u00e7\u00f5es de alta press\u00e3o e temperaturas extremas<\/strong>. Aplicando <strong>revestimentos de prote\u00e7\u00e3o<\/strong> ajuda a <strong>prolongar a vida \u00fatil e evitar a corros\u00e3o<\/strong>.<\/p>\n\n\n\n<h3 class=\"wp-block-heading\" id=\"common-coating-options-for-api-5l-psl1-pipes\"><strong>Op\u00e7\u00f5es comuns de revestimento para tubos API 5L PSL1<\/strong><\/h3>\n\n\n\n<figure class=\"wp-block-table\"><table><thead><tr><th><strong>Tipo de revestimento<\/strong><\/th><th><strong>Vantagens<\/strong><\/th><th><strong>Aplica\u00e7\u00f5es<\/strong><\/th><\/tr><\/thead><tbody><tr><td><strong>Ep\u00f3xi ligado por fus\u00e3o (FBE)<\/strong><\/td><td>Elevada resist\u00eancia \u00e0 corros\u00e3o, forte ader\u00eancia<\/td><td>Oleodutos e pin\u00e7as; gasodutos, tubagens industriais<\/td><\/tr><tr><td><strong>3LPE (Polietileno de tr\u00eas camadas)<\/strong><\/td><td>Excelente resist\u00eancia ao impacto, prote\u00e7\u00e3o contra a humidade<\/td><td>Condutas subterr\u00e2neas, aplica\u00e7\u00f5es offshore<\/td><\/tr><tr><td><strong>Revestimento de betume<\/strong><\/td><td>Econ\u00f3mica, boa para aplica\u00e7\u00f5es subterr\u00e2neas<\/td><td>Estacas estruturais, projectos de drenagem<\/td><\/tr><tr><td><strong>Revestimento de argamassa de cimento<\/strong><\/td><td>Evita a corros\u00e3o interna, ideal para o transporte por \u00e1gua<\/td><td>Condutas de transporte de \u00e1gua, abastecimento de \u00e1gua industrial<\/td><\/tr><\/tbody><\/table><\/figure>\n\n\n\n<h3 class=\"wp-block-heading\" id=\"why-coating-is-important-for-api-5l-psl1-pipes\"><strong>Por que o revestimento \u00e9 importante para tubos API 5L PSL1?<\/strong><\/h3>\n\n\n\n<p>\u2714 <strong>Evita a ferrugem e a corros\u00e3o<\/strong> em ambientes agressivos<br>\u2714 <strong>Melhora a integridade estrutural<\/strong> e prolonga a vida \u00fatil<br>\u2714 <strong>Aumenta a resist\u00eancia a produtos qu\u00edmicos, humidade e \u00e1gua salgada<\/strong><br>\u2714 <strong>Reduz os custos de manuten\u00e7\u00e3o<\/strong> para projectos a longo prazo<\/p>\n\n\n\n<p>Cangzhou Spiral Steel Pipes Group oferece <strong>solu\u00e7\u00f5es de revestimento personalizadas<\/strong> com base em <strong>requisitos do projeto<\/strong>.<\/p>\n\n\n<div class=\"wp-block-image\">\n<figure class=\"aligncenter size-full\"><img loading=\"lazy\" decoding=\"async\" width=\"706\" height=\"500\" src=\"https:\/\/cangluopipe.com\/wp-content\/uploads\/2025\/02\/spiral-weld-pipe-manufacturer.jpg\" alt=\"Tubo soldado em espiral API 5L PSL1\" class=\"wp-image-173\" srcset=\"https:\/\/cangluopipe.com\/wp-content\/uploads\/2025\/02\/spiral-weld-pipe-manufacturer.jpg 706w, https:\/\/cangluopipe.com\/wp-content\/uploads\/2025\/02\/spiral-weld-pipe-manufacturer-300x212.jpg 300w\" sizes=\"auto, (max-width: 706px) 100vw, 706px\" \/><\/figure>\n<\/div>\n\n\n<h2 class=\"wp-block-heading\" id=\"api-5l-psl1-spiral-welded-pipe-for-water-transmission-industrial-applications\"><strong>Tubo soldado em espiral API 5L PSL1 para transmiss\u00e3o de \u00e1gua &amp; amp; Aplica\u00e7\u00f5es industriais<\/strong><\/h2>\n\n\n\n<p>Uma das utiliza\u00e7\u00f5es mais comuns do <strong>Tubos soldados em espiral API 5L PSL1<\/strong> est\u00e1 em <strong>tubagem de transporte de \u00e1gua e tubagem industrial<\/strong>, incluindo <strong>abastecimento municipal de \u00e1gua, gest\u00e3o de \u00e1guas residuais e condutas do sector da energia<\/strong>.<\/p>\n\n\n\n<h3 class=\"wp-block-heading\" id=\"why-api-5l-psl1-pipes-are-ideal-for-water-transmission-industrial-use\"><strong>Por que os tubos API 5L PSL1 s\u00e3o ideais para transmiss\u00e3o de \u00e1gua e uso industrial?<\/strong><\/h3>\n\n\n\n<p>\u2714 <strong>Elevada resist\u00eancia e durabilidade<\/strong> para o manuseamento de grandes volumes de \u00e1gua<br>\u2714 <strong>Revestimentos resistentes \u00e0 corros\u00e3o<\/strong> para uma vida \u00fatil prolongada<br>\u2714 <strong>Alternativa econ\u00f3mica<\/strong> para tubos sem costura<br>\u2714 <strong>Dispon\u00edvel em grandes di\u00e2metros<\/strong> para o transporte de \u00e1gua a granel<\/p>\n\n\n\n<h3 class=\"wp-block-heading\" id=\"comparing-api-5l-psl1-vs-other-water-transmission-pipes\"><strong>Compara\u00e7\u00e3o entre API 5L PSL1 e outros tubos de transmiss\u00e3o de \u00e1gua<\/strong><\/h3>\n\n\n\n<figure class=\"wp-block-table\"><table><thead><tr><th><strong>Carater\u00edstica<\/strong><\/th><th><strong>Tubo soldado em espiral API 5L PSL1<\/strong><\/th><th><strong>Tubo de ferro d\u00factil<\/strong><\/th><th><strong>Tubo de PVC<\/strong><\/th><\/tr><\/thead><tbody><tr><td><strong>Resist\u00eancia &amp; amp; Suporte de carga<\/strong><\/td><td>Elevado<\/td><td>Muito elevado<\/td><td>Baixa<\/td><\/tr><tr><td><strong>Resist\u00eancia \u00e0 corros\u00e3o<\/strong><\/td><td>Pode ser melhorado com revestimentos<\/td><td>Naturalmente resistente<\/td><td>Elevado<\/td><\/tr><tr><td><strong>Custo<\/strong><\/td><td>Econ\u00f3mica<\/td><td>Caro<\/td><td>Barato<\/td><\/tr><tr><td><strong>Disponibilidade do di\u00e2metro<\/strong><\/td><td>Grande di\u00e2metro<\/td><td>Limitada<\/td><td>Limitada<\/td><\/tr><tr><td><strong>Melhor caso de utiliza\u00e7\u00e3o<\/strong><\/td><td>Condutas de \u00e1gua em grande escala<\/td><td>Distribui\u00e7\u00e3o municipal de \u00e1gua<\/td><td>Pequenos sistemas de canaliza\u00e7\u00e3o<\/td><\/tr><\/tbody><\/table><\/figure>\n\n\n\n<p>Cangzhou Spiral Steel Pipes Group fornece <strong>tubos API 5L PSL1 de alta qualidade<\/strong> para <strong>projectos municipais de \u00e1gua, abastecimento de \u00e1gua industrial e gest\u00e3o de \u00e1guas residuais<\/strong>.<\/p>\n\n\n\n<h2 class=\"wp-block-heading\" id=\"api-5l-psl1-spiral-welded-pipe-suppliers-exporters\"><strong>API 5L PSL1 Tubo soldado em espiral Fornecedores &amp; amp; Exportadores<\/strong><\/h2>\n\n\n\n<p>Se pretende <strong>importar Tubos soldados em espiral API 5L PSL1<\/strong>, trabalhando com um <strong>exportador de confian\u00e7a<\/strong> \u00e9 crucial. A China continua a ser um <strong>principal exportador<\/strong> devido \u00e0 sua <strong>elevada capacidade de produ\u00e7\u00e3o, pre\u00e7os competitivos e controlo de qualidade rigoroso<\/strong>.<\/p>\n\n\n\n<h3 class=\"wp-block-heading\" id=\"top-chinese-exporters-of-api-5l-psl1-spiral-welded-pipes\"><strong>Principais exportadores chineses de Tubos soldados em espiral API 5L PSL1<\/strong><\/h3>\n\n\n\n<figure class=\"wp-block-table\"><table><thead><tr><th><strong>Nome da empresa<\/strong><\/th><th><strong>Localiza\u00e7\u00e3o<\/strong><\/th><th><strong>Capacidade de produ\u00e7\u00e3o anual<\/strong><\/th><\/tr><\/thead><tbody><tr><td><strong>Cangzhou Spiral Steel Pipes Group Co., Ltd<\/strong><\/td><td>Hebei, China<\/td><td>400.000 toneladas<\/td><\/tr><tr><td><strong>Grupo Baosteel<\/strong><\/td><td>Xangai, China<\/td><td>mais de 500.000 toneladas<\/td><\/tr><tr><td><strong>Tianjin Steel Pipe Co.<\/strong><\/td><td>Tianjin, China<\/td><td>300.000 toneladas<\/td><\/tr><\/tbody><\/table><\/figure>\n\n\n\n<h3 class=\"wp-block-heading\" id=\"why-choose-cangzhou-spiral-steel-pipes-group-for-api-5l-psl1-pipes\"><strong>Por que escolher Cangzhou Spiral Steel Pipes Group para Tubos API 5L PSL1?<\/strong><\/h3>\n\n\n\n<p>\u2714 <strong>27 anos de experi\u00eancia no fabrico de tubos de a\u00e7o<\/strong><br>\u2714 <strong>Certifica\u00e7\u00e3o API 5L PSL1, ISO 9001 e API<\/strong><br>\u2714 <strong>13 linhas de produ\u00e7\u00e3o, cobrindo di\u00e2metros de 219 mm a 3500 mm<\/strong><br>\u2714 <strong>Revestimentos personalizados e tratamentos anti-corros\u00e3o dispon\u00edveis<\/strong><br>\u2714 <strong>Forte rede de exporta\u00e7\u00e3o para a Am\u00e9rica do Norte, Europa e \u00c1sia<\/strong><\/p>\n\n\n\n<p>Para <strong>tubos soldados em espiral API 5L PSL1 de alta qualidade<\/strong>, <strong>Cangzhou Spiral Steel Pipes Group Co., Ltd<\/strong> \u00e9 um <strong>fornecedor de confian\u00e7a<\/strong>.<\/p>\n\n\n\n<h2 class=\"wp-block-heading\" id=\"final-thoughts\"><strong>Considera\u00e7\u00f5es finais<\/strong><\/h2>\n\n\n\n<p>Os Tubos Soldados em Espiral API 5L PSL1 s\u00e3o amplamente utilizados em petr\u00f3leo &amp; transmiss\u00e3o de g\u00e1s, condutas de \u00e1gua e aplica\u00e7\u00f5es industriais devido \u00e0 sua elevada resist\u00eancia, resist\u00eancia \u00e0 corros\u00e3o e rentabilidade.<\/p>\n\n\n\n<p>Para obter tubos API 5L PSL1 de qualidade superior, a Cangzhou Spiral Steel Pipes Group Co., Ltd \u00e9 a sua melhor escolha em 2025!<\/p>\n\n\n\n<p>Precisa de um or\u00e7amento ou de mais detalhes t\u00e9cnicos? Contacte Cangzhou Spiral Steel Pipes Group hoje mesmo!<\/p>","protected":false},"featured_media":246,"template":"","meta":{"_acf_changed":false,"_gspb_post_css":"","_kad_blocks_custom_css":"","_kad_blocks_head_custom_js":"","_kad_blocks_body_custom_js":"","_kad_blocks_footer_custom_js":"","_kad_post_transparent":"","_kad_post_title":"","_kad_post_layout":"","_kad_post_sidebar_id":"","_kad_post_content_style":"","_kad_post_vertical_padding":"","_kad_post_feature":"","_kad_post_feature_position":"","_kad_post_header":false,"_kad_post_footer":false,"_kad_post_classname":""},"product-category":[3],"product-standard":[6],"class_list":["post-245","product","type-product","status-publish","has-post-thumbnail","hentry","product-category-spiral-welded-pipe","product-standard-api-spec-5l"],"acf":[],"taxonomy_info":{"product-category":[{"value":3,"label":"Spiral Welded Pipe"}],"product-standard":[{"value":6,"label":"API SPEC 5L"}]},"featured_image_src_large":["https:\/\/cangluopipe.com\/wp-content\/uploads\/2025\/02\/api-5l-psl1-grb-spiral-pipe.jpg",920,414,false],"author_info":[],"comment_info":"","_links":{"self":[{"href":"https:\/\/cangluopipe.com\/pt\/wp-json\/wp\/v2\/product\/245","targetHints":{"allow":["GET"]}}],"collection":[{"href":"https:\/\/cangluopipe.com\/pt\/wp-json\/wp\/v2\/product"}],"about":[{"href":"https:\/\/cangluopipe.com\/pt\/wp-json\/wp\/v2\/types\/product"}],"wp:featuredmedia":[{"embeddable":true,"href":"https:\/\/cangluopipe.com\/pt\/wp-json\/wp\/v2\/media\/246"}],"wp:attachment":[{"href":"https:\/\/cangluopipe.com\/pt\/wp-json\/wp\/v2\/media?parent=245"}],"wp:term":[{"taxonomy":"product-category","embeddable":true,"href":"https:\/\/cangluopipe.com\/pt\/wp-json\/wp\/v2\/product-category?post=245"},{"taxonomy":"product-standard","embeddable":true,"href":"https:\/\/cangluopipe.com\/pt\/wp-json\/wp\/v2\/product-standard?post=245"}],"curies":[{"name":"wp","href":"https:\/\/api.w.org\/{rel}","templated":true}]}}