{"id":270,"date":"2025-02-12T02:54:53","date_gmt":"2025-02-12T02:54:53","guid":{"rendered":"https:\/\/cangluo.easiwin.com\/?post_type=product&#038;p=270"},"modified":"2025-02-24T03:40:57","modified_gmt":"2025-02-24T03:40:57","slug":"csa-z245-1-spiral-welded-pipe-manufacturer","status":"publish","type":"product","link":"https:\/\/cangluopipe.com\/fr\/product\/csa-z245-1-spiral-welded-pipe-manufacturer\/","title":{"rendered":"CSA Z245.1 - Fabricant de tubes soud\u00e9s en spirale"},"content":{"rendered":"<h2 class=\"wp-block-heading\" id=\"overview-of-csa-z245-1-spiral-welded-pipe\"><strong>Aper\u00e7u du tube soud\u00e9 en spirale CSA Z245.1<\/strong><\/h2>\n\n\n\n<p>Lorsqu'il s'agit de pipelines \u00e0 haute r\u00e9sistance pour des applications critiques, <strong>CSA Z245.1 Tube soud\u00e9 en spirale<\/strong> est un choix de premier ordre. Cette norme de canalisation, \u00e9tablie par la <strong>Association canadienne de normalisation (CSA)<\/strong>, garantit que <strong>tubes en acier soud\u00e9s en spirale<\/strong> r\u00e9pondent \u00e0 des exigences strictes en mati\u00e8re de m\u00e9canique, de chimie et de performance pour <strong>p\u00e9trole &amp;amp ; gaz, transport d'eau et infrastructures industrielles<\/strong>.<\/p>\n\n\n\n<p>Contrairement \u00e0 <strong>tubes sans soudure ou ERW (Electric Resistance Welded)<\/strong>, <strong>tubes soud\u00e9s en spirale<\/strong> offrir <strong>une plus grande r\u00e9sistance, une meilleure tenue \u00e0 la pression et un meilleur rapport co\u00fbt-efficacit\u00e9<\/strong>ce qui en fait une option privil\u00e9gi\u00e9e pour les projets de grand diam\u00e8tre.<\/p>\n\n\n\n<p>Dans ce guide, nous allons approfondir les points suivants <strong>CSA Z245.1 Tube soud\u00e9 en spirale<\/strong>, couvrant <strong>fabricants, tendances des prix, sp\u00e9cifications, applications, rev\u00eatements et proc\u00e9d\u00e9s de soudage<\/strong>.<\/p>\n\n\n\n<h2 class=\"wp-block-heading\" id=\"top-csa-z245-1-spiral-welded-pipe-manufacturers\"><strong>Principaux fabricants de tubes soud\u00e9s en spirale CSA Z245.1<\/strong><\/h2>\n\n\n\n<p>Lors de la s\u00e9lection d'un <strong>Fabricant de tubes soud\u00e9s en spirale CSA Z245.1<\/strong>la qualit\u00e9, la fiabilit\u00e9 et la conformit\u00e9 aux normes internationales sont cruciales. Il s'agit de <strong>quelques uns des principaux fabricants<\/strong>:<\/p>\n\n\n\n<h3 class=\"wp-block-heading\" id=\"1-cangzhou-spiral-steel-pipes-group-co-ltd\"><strong>1. Groupe Cangzhou Spiral Steel Pipes Co., Ltd<\/strong><\/h3>\n\n\n\n<p>\u2714 <strong>27 ans d'exp\u00e9rience<\/strong> dans la fabrication de tubes en acier<br>\u2714 <strong>13 lignes de production<\/strong> pour <strong>\u03a6219-\u03a63500mm<\/strong> tubes soud\u00e9s en spirale<br>\u2714 <strong>Certifi\u00e9 ISO9001, API Spec 5L et CSA Z245.1<\/strong><br>\u2714 <strong>Capacit\u00e9 de production annuelle : 400 000 tonnes<\/strong><br>\u2714 <strong>Rev\u00eatements personnalis\u00e9s disponibles : FBE, 3LPE, rev\u00eatement en mortier de ciment<\/strong><\/p>\n\n\n\n<h3 class=\"wp-block-heading\" id=\"2-evraz-north-america\"><strong>2. Evraz Am\u00e9rique du Nord<\/strong><\/h3>\n\n\n\n<p>Un fabricant canadien de premier plan sp\u00e9cialis\u00e9 dans <strong>Tuyaux certifi\u00e9s CSA Z245.1<\/strong> pour les ol\u00e9oducs et gazoducs.<\/p>\n\n\n\n<h3 class=\"wp-block-heading\" id=\"3-tenaris\"><strong>3. Tenaris<\/strong><\/h3>\n\n\n\n<p>Un fabricant mondial de tubes en acier fournissant <strong>tubes soud\u00e9s en spirale de haute qualit\u00e9<\/strong> pour les projets d'\u00e9nergie et d'infrastructure.<\/p>\n\n\n\n<h3 class=\"wp-block-heading\" id=\"4-jindal-saw-ltd\"><strong>4. Jindal SAW Ltd<\/strong><\/h3>\n\n\n\n<p>L'un des plus grands exportateurs de <strong>tubes soud\u00e9s en spirale<\/strong> vers l'Am\u00e9rique du Nord, conform\u00e9ment \u00e0 la <strong>Normes CSA Z245.1<\/strong>.<\/p>\n\n\n\n<h3 class=\"wp-block-heading\" id=\"5-tianjin-steel-pipe-corporation\"><strong>5. Tianjin Steel Pipe Corporation<\/strong><\/h3>\n\n\n\n<p>Un fabricant chinois sp\u00e9cialis\u00e9 dans <strong>grand diam\u00e8tre, haute r\u00e9sistance <a href=\"https:\/\/en.wikipedia.org\/wiki\/Steel\" target=\"_blank\" rel=\"noopener\">acier <\/a>tuyaux<\/strong> pour les projets industriels.<\/p>\n\n\n\n<p>Chacun de ces fabricants garantit <strong>respect strict des normes CSA Z245.1<\/strong>garantissant <strong>la solidit\u00e9, la durabilit\u00e9 et la r\u00e9sistance \u00e0 la corrosion<\/strong>.<\/p>\n\n\n<div class=\"wp-block-image\">\n<figure class=\"aligncenter size-full is-resized\"><img decoding=\"async\" src=\"https:\/\/cangluopipe.com\/wp-content\/uploads\/2025\/02\/steel-coil6.jpg\" alt=\"CSA Z245.1 Tube soud\u00e9 en spirale\" class=\"wp-image-373\" style=\"width:542px;height:auto\"\/><\/figure>\n<\/div>\n\n\n<h2 class=\"wp-block-heading\" id=\"csa-z245-1-spiral-welded-pipe-vs-other-pipe-types\"><strong>CSA Z245.1 Tuyaux soud\u00e9s en spirale et autres types de tuyaux<\/strong><\/h2>\n\n\n\n<p>Comprendre les diff\u00e9rences entre <strong>CSA Z245.1 Tubes soud\u00e9s en spirale<\/strong> et d'autres types de tuyaux est cruciale pour s\u00e9lectionner le bon produit pour votre projet.<\/p>\n\n\n\n<figure class=\"wp-block-table\"><table class=\"has-fixed-layout\"><thead><tr><th><strong>Fonctionnalit\u00e9<\/strong><\/th><th><strong>CSA Z245.1 Tube soud\u00e9 en spirale<\/strong><\/th><th><strong>Tube d'acier ERW<\/strong><\/th><th><strong>Tube en acier sans soudure<\/strong><\/th><\/tr><\/thead><tbody><tr><td><strong>Processus de fabrication<\/strong><\/td><td>Soudage \u00e0 l'arc submerg\u00e9 en spirale (SSAW)<\/td><td>Soudage \u00e0 haute fr\u00e9quence<\/td><td>Pas de soudure (extrusion \u00e0 partir d'acier massif)<\/td><\/tr><tr><td><strong>La force<\/strong><\/td><td>\u00c9lev\u00e9e en raison de la couture en spirale<\/td><td>Mod\u00e9r\u00e9<\/td><td>Tr\u00e8s \u00e9lev\u00e9<\/td><\/tr><tr><td><strong>R\u00e9sistance \u00e0 la pression<\/strong><\/td><td>Excellent<\/td><td>Mod\u00e9r\u00e9<\/td><td>Sup\u00e9rieure<\/td><\/tr><tr><td><strong>R\u00e9sistance \u00e0 la corrosion<\/strong><\/td><td>Peut \u00eatre renforc\u00e9 par des rev\u00eatements<\/td><td>N\u00e9cessite un rev\u00eatement suppl\u00e9mentaire<\/td><td>Naturellement plus r\u00e9sistant<\/td><\/tr><tr><td><strong>Co\u00fbt<\/strong><\/td><td>Abordable<\/td><td>L\u00e9g\u00e8rement plus \u00e9lev\u00e9<\/td><td>Co\u00fbteux<\/td><\/tr><tr><td><strong>Gamme de diam\u00e8tres<\/strong><\/td><td>Grand (jusqu'\u00e0 3500 mm)<\/td><td>Limit\u00e9e<\/td><td>Limit\u00e9e<\/td><\/tr><tr><td><strong>Applications<\/strong><\/td><td>P\u00e9trole, gaz, ol\u00e9oducs, projets structurels<\/td><td>Transport de l'eau, construction<\/td><td>Applications \u00e0 haute pression<\/td><\/tr><\/tbody><\/table><\/figure>\n\n\n\n<h3 class=\"wp-block-heading\" id=\"why-choose-csa-z245-1-spiral-welded-pipes\"><strong>Pourquoi choisir les tubes soud\u00e9s en spirale CSA Z245.1 ?<\/strong><\/h3>\n\n\n\n<p>\u2714 <strong>Rentable pour les pipelines de grand diam\u00e8tre<\/strong><br>\u2714 <strong>Haute r\u00e9sistance et durabilit\u00e9<\/strong><br>\u2714 <strong>Plus facile \u00e0 fabriquer en grandes longueurs<\/strong><br>\u2714 <strong>Id\u00e9al pour le p\u00e9trole, le gaz, la transmission d'eau et les applications industrielles<\/strong><\/p>\n\n\n\n<h2 class=\"wp-block-heading\" id=\"csa-z245-1-spiral-welded-pipe-price-per-ton-in-2025\"><strong>Prix par tonne du tube soud\u00e9 en spirale CSA Z245.1 en 2025<\/strong><\/h2>\n\n\n\n<p>Le prix de <strong>CSA Z245.1 Tubes soud\u00e9s en spirale<\/strong> fluctue en fonction de facteurs tels que <strong>mati\u00e8res premi\u00e8res, diam\u00e8tre, rev\u00eatements et demande mondiale<\/strong>. Voici un tableau des prix estim\u00e9s pour 2025 :<\/p>\n\n\n\n<figure class=\"wp-block-table\"><table class=\"has-fixed-layout\"><thead><tr><th><strong>Diam\u00e8tre du tube (mm)<\/strong><\/th><th><strong>\u00c9paisseur de paroi (mm)<\/strong><\/th><th><strong>Prix par tonne (USD)<\/strong><\/th><\/tr><\/thead><tbody><tr><td>219 &#8211; 600<\/td><td>6 &#8211; 10<\/td><td>850-850 &amp;#8211 ; 850-1,250<\/td><\/tr><tr><td>610 &#8211; 1200<\/td><td>8 &#8211; 14<\/td><td>1,150-1,150 &amp;#8211 ; 1,150-1,600<\/td><\/tr><tr><td>1220 &#8211; 1800<\/td><td>10 &#8211; 16<\/td><td>1,350-1,350 &amp;#8211 ; 1,350-1,900<\/td><\/tr><tr><td>2000 &#8211; 3500<\/td><td>12 &#8211; 25<\/td><td>1,700-1,700 &amp;#8211 ; 1,700-2,600<\/td><\/tr><\/tbody><\/table><\/figure>\n\n\n\n<h3 class=\"wp-block-heading\" id=\"factors-affecting-price\"><strong>Facteurs affectant le prix :<\/strong><\/h3>\n\n\n\n<p>\u2714 <strong>Prix de l'acier<\/strong> - Les fluctuations des mati\u00e8res premi\u00e8res ont un impact sur les co\u00fbts.<br>\u2714 <strong>Frais de fabrication<\/strong> - Co\u00fbts de la main-d'\u0153uvre, de l'\u00e9nergie et du transport.<br>\u2714 <strong>Rev\u00eatements &amp;amp ; Traitements anticorrosion<\/strong> - Les rev\u00eatements personnalis\u00e9s augmentent le prix.<br>\u2714 <strong>Commandes en gros<\/strong> - Les commandes importantes re\u00e7oivent g\u00e9n\u00e9ralement <strong>tarifs r\u00e9duits<\/strong>.<\/p>\n\n\n\n<p>Le groupe Cangzhou Spiral Steel Pipes propose <strong>des prix comp\u00e9titifs et des remises en vrac<\/strong> pour <strong>CSA Z245.1 Tubes soud\u00e9s en spirale<\/strong>.<\/p>\n\n\n\n<h2 class=\"wp-block-heading\" id=\"csa-z245-1-spiral-welded-pipe-specifications-standards\"><strong>CSA Z245.1 Spiral Welded Pipe Specifications &amp;amp ; Standards<\/strong><\/h2>\n\n\n\n<p>Se r\u00e9unir <strong>Exigences de la norme CSA Z245.1<\/strong>les tubes soud\u00e9s en spirale doivent respecter des sp\u00e9cifications strictes.<\/p>\n\n\n\n<figure class=\"wp-block-table\"><table class=\"has-fixed-layout\"><thead><tr><th><strong>Sp\u00e9cifications<\/strong><\/th><th><strong>D\u00e9tails<\/strong><\/th><\/tr><\/thead><tbody><tr><td><strong>Standard<\/strong><\/td><td>CSA Z245.1:2025<\/td><\/tr><tr><td><strong>Gamme de diam\u00e8tres<\/strong><\/td><td>219mm &amp;#8211 ; 3500mm<\/td><\/tr><tr><td><strong>\u00c9paisseur de la paroi<\/strong><\/td><td>6mm &amp;#8211 ; 25mm<\/td><\/tr><tr><td><strong>Mat\u00e9riau<\/strong><\/td><td>Acier au carbone (GR B, X42-X80)<\/td><\/tr><tr><td><strong>Processus de fabrication<\/strong><\/td><td>Soudage \u00e0 l'arc submerg\u00e9 (SAW)<\/td><\/tr><tr><td><strong>M\u00e9thodes d'essai<\/strong><\/td><td>Inspection ultrasonique, hydrostatique et par rayons X<\/td><\/tr><tr><td><strong>Options de rev\u00eatement<\/strong><\/td><td>FBE, 3LPE, rev\u00eatement de mortier de ciment<\/td><\/tr><\/tbody><\/table><\/figure>\n\n\n\n<p>Ces sp\u00e9cifications garantissent <strong>CSA Z245.1 Tubes soud\u00e9s en spirale<\/strong> sont <strong>solide, durable et r\u00e9sistant \u00e0 la corrosion<\/strong>, ce qui les rend <strong>id\u00e9al pour le transport du p\u00e9trole, du gaz et de l'eau<\/strong>.<\/p>\n\n\n\n<h2 class=\"wp-block-heading\" id=\"csa-z245-1-spiral-welded-pipe-coating-anti-corrosion-treatments\"><strong>CSA Z245.1 Tuyaux soud\u00e9s en spirale Rev\u00eatement &amp;amp ; Traitements anticorrosion<\/strong><\/h2>\n\n\n\n<p>Pour am\u00e9liorer la durabilit\u00e9, <strong>CSA Z245.1 Tubes soud\u00e9s en spirale<\/strong> subir <strong>divers traitements de rev\u00eatement et de protection contre la corrosion<\/strong>.<\/p>\n\n\n\n<figure class=\"wp-block-table\"><table class=\"has-fixed-layout\"><thead><tr><th><strong>Type de rev\u00eatement<\/strong><\/th><th><strong>Avantages<\/strong><\/th><th><strong>Id\u00e9al pour<\/strong><\/th><\/tr><\/thead><tbody><tr><td><strong>\u00c9poxy li\u00e9 par fusion (FBE)<\/strong><\/td><td>R\u00e9sistance \u00e9lev\u00e9e \u00e0 la corrosion, surface lisse<\/td><td>Ol\u00e9oducs et gazoducs<\/td><\/tr><tr><td><strong>3LPE (poly\u00e9thyl\u00e8ne \u00e0 trois couches)<\/strong><\/td><td>R\u00e9sistance \u00e9lev\u00e9e aux chocs, protection contre l'humidit\u00e9<\/td><td>Conduites souterraines<\/td><\/tr><tr><td><strong>Rev\u00eatement en mortier de ciment<\/strong><\/td><td>Pr\u00e9vient la corrosion interne et am\u00e9liore la qualit\u00e9 de l'eau<\/td><td>Conduites de transport d'eau<\/td><\/tr><tr><td><strong>Rev\u00eatement bitumineux<\/strong><\/td><td>Abordable, prot\u00e8ge contre la corrosion du sol<\/td><td>Pipelines enterr\u00e9s<\/td><\/tr><tr><td><strong>Galvanisation<\/strong><\/td><td>R\u00e9sistance \u00e0 la rouille, longue dur\u00e9e de vie<\/td><td>Applications structurelles<\/td><\/tr><\/tbody><\/table><\/figure>\n\n\n\n<p>Le groupe Cangzhou Spiral Steel Pipes fournit <strong>solutions de rev\u00eatement sur mesure<\/strong> pour <strong>Tuyaux certifi\u00e9s CSA Z245.1<\/strong>, assurant <strong>long\u00e9vit\u00e9 maximale<\/strong>.<\/p>\n\n\n<div class=\"wp-block-image\">\n<figure class=\"aligncenter size-full is-resized\"><img loading=\"lazy\" decoding=\"async\" width=\"180\" height=\"180\" src=\"https:\/\/cangluopipe.com\/wp-content\/uploads\/2025\/02\/weld-spiral-pipe2.jpg\" alt=\"CSA Z245.1 Tube soud\u00e9 en spirale\" class=\"wp-image-374\" style=\"width:582px;height:auto\" srcset=\"https:\/\/cangluopipe.com\/wp-content\/uploads\/2025\/02\/weld-spiral-pipe2.jpg 180w, https:\/\/cangluopipe.com\/wp-content\/uploads\/2025\/02\/weld-spiral-pipe2-150x150.jpg 150w\" sizes=\"auto, (max-width: 180px) 100vw, 180px\" \/><\/figure>\n<\/div>\n\n\n<h2 class=\"wp-block-heading\" id=\"faq-csa-z245-1-spiral-welded-pipe\"><strong>CSA Z245.1 Spiral Welded Pipe Proc\u00e9d\u00e9 de soudage &amp;amp ; Fabrication<\/strong><\/h2>\n\n\n\n<h3 class=\"wp-block-heading\" id=\"how-are-csa-z245-1-spiral-welded-pipes-manufactured\"><strong>Comment sont fabriqu\u00e9s les tubes soud\u00e9s en spirale CSA Z245.1 ?<\/strong><\/h3>\n\n\n\n<p>La fabrication de <strong>CSA Z245.1 Tubes soud\u00e9s en spirale<\/strong> suit un processus m\u00e9ticuleux afin de garantir <strong>haute r\u00e9sistance, durabilit\u00e9 et conformit\u00e9 aux normes industrielles<\/strong>. Voici comment ces tuyaux sont produits :<\/p>\n\n\n\n<ol class=\"wp-block-list\">\n<li><strong>S\u00e9lection des bobines d'acier<\/strong>\n<ul class=\"wp-block-list\">\n<li>L'acier au carbone de haute qualit\u00e9 est choisi en fonction <strong>Sp\u00e9cifications CSA Z245.1<\/strong>.<\/li>\n\n\n\n<li>Les mat\u00e9riaux les plus courants sont les suivants <strong>GR B, X42, X52, X60, X70 et X80<\/strong>.<\/li>\n<\/ul>\n<\/li>\n\n\n\n<li><strong>Processus de formage en spirale<\/strong>\n<ul class=\"wp-block-list\">\n<li>La bande d'acier est introduite dans une machine de formage, o\u00f9 elle est lamin\u00e9e en continu en un <strong>forme en spirale<\/strong>.<\/li>\n\n\n\n<li>Les <strong>joint h\u00e9lico\u00efdal<\/strong> est form\u00e9, ce qui am\u00e9liore la r\u00e9sistance \u00e0 la pression.<\/li>\n<\/ul>\n<\/li>\n\n\n\n<li><strong>Soudage \u00e0 l'arc submerg\u00e9 (SAW)<\/strong>\n<ul class=\"wp-block-list\">\n<li><strong>Soudage \u00e0 l'arc submerg\u00e9 double face (DSAW)<\/strong> est appliqu\u00e9e pour assurer une p\u00e9n\u00e9tration profonde et des soudures solides.<\/li>\n\n\n\n<li>Ce processus permet d'am\u00e9liorer <strong>r\u00e9sistance m\u00e9canique et durabilit\u00e9<\/strong>.<\/li>\n<\/ul>\n<\/li>\n\n\n\n<li><strong>Ultrasons &amp;amp ; Inspection par rayons X<\/strong>\n<ul class=\"wp-block-list\">\n<li>Les tuyaux subissent <strong>les essais non destructifs (END)<\/strong> pour d\u00e9tecter d'\u00e9ventuels d\u00e9fauts.<\/li>\n\n\n\n<li><strong>Essai de pression hydrostatique<\/strong> garantit que les tuyaux peuvent r\u00e9sister aux pressions internes.<\/li>\n<\/ul>\n<\/li>\n\n\n\n<li><strong>Rev\u00eatement &amp;amp ; Traitement anti-corrosion<\/strong>\n<ul class=\"wp-block-list\">\n<li>En fonction de l'application, des rev\u00eatements tels que <strong>Fusion Bonded Epoxy (FBE), 3LPE, et rev\u00eatement en mortier de ciment<\/strong> sont appliqu\u00e9es.<\/li>\n<\/ul>\n<\/li>\n\n\n\n<li><strong>Inspection finale &amp;amp ; Certification<\/strong>\n<ul class=\"wp-block-list\">\n<li>Chaque tuyau est test\u00e9 pour <strong>la pr\u00e9cision dimensionnelle, les propri\u00e9t\u00e9s m\u00e9caniques et la qualit\u00e9 du rev\u00eatement<\/strong>.<\/li>\n\n\n\n<li>Les tuyaux sont estampill\u00e9s et certifi\u00e9s conform\u00e9ment \u00e0 <strong>Lignes directrices CSA Z245.1<\/strong>.<\/li>\n<\/ul>\n<\/li>\n<\/ol>\n\n\n\n<h3 class=\"wp-block-heading\" id=\"welding-techniques-used-in-csa-z245-1-spiral-pipes\"><strong>Techniques de soudage utilis\u00e9es dans les tuyaux en spirale CSA Z245.1<\/strong><\/h3>\n\n\n\n<figure class=\"wp-block-table\"><table class=\"has-fixed-layout\"><thead><tr><th><strong>M\u00e9thode de soudage<\/strong><\/th><th><strong>Avantages<\/strong><\/th><\/tr><\/thead><tbody><tr><td><strong>Soudage \u00e0 l'arc submerg\u00e9 (SAW)<\/strong><\/td><td>P\u00e9n\u00e9tration profonde, soudures solides, haute efficacit\u00e9<\/td><\/tr><tr><td><strong>Soudage double face (DSAW)<\/strong><\/td><td>Assure une r\u00e9sistance uniforme et \u00e9vite les points faibles<\/td><\/tr><tr><td><strong>Essais hydrostatiques<\/strong><\/td><td>V\u00e9rifie la r\u00e9sistance \u00e0 la pression, assure l'absence de fuites<\/td><\/tr><\/tbody><\/table><\/figure>\n\n\n\n<p>Utilisation de Cangzhou Spiral Steel Pipes Group Co <strong>les techniques de pointe en mati\u00e8re de soudage et d'essais<\/strong> pour garantir <strong>tubes soud\u00e9s en spirale de haute qualit\u00e9 CSA Z245.1<\/strong>.<\/p>\n\n\n\n<h2 class=\"wp-block-heading\" id=\"csa-z245-1-spiral-welded-pipe-suppliers-exporters\"><strong>CSA Z245.1 Tube soud\u00e9 en spirale Fournisseurs et exportateurs<\/strong><\/h2>\n\n\n\n<p>Si vous envisagez de <strong>import CSA Z245.1 Tubes soud\u00e9s en spirale<\/strong>en choisissant un <strong>exportateur de confiance<\/strong> est cruciale. La Chine reste un <strong>premier exportateur<\/strong> en raison de son <strong>une capacit\u00e9 de production \u00e9lev\u00e9e, des prix comp\u00e9titifs et des techniques de fabrication avanc\u00e9es<\/strong>.<\/p>\n\n\n\n<h3 class=\"wp-block-heading\" id=\"top-chinese-exporters-of-csa-z245-1-spiral-welded-pipes\"><strong>Principaux exportateurs chinois de tubes soud\u00e9s en spirale CSA Z245.1<\/strong><\/h3>\n\n\n\n<figure class=\"wp-block-table\"><table class=\"has-fixed-layout\"><thead><tr><th><strong>Nom de l'entreprise<\/strong><\/th><th><strong>Localisation<\/strong><\/th><th><strong>Capacit\u00e9 de production annuelle<\/strong><\/th><\/tr><\/thead><tbody><tr><td><strong>Groupe Cangzhou Spiral Steel Pipes Co., Ltd<\/strong><\/td><td>Hebei, Chine<\/td><td>400 000 tonnes<\/td><\/tr><tr><td><strong>Groupe Baosteel<\/strong><\/td><td>Shanghai, Chine<\/td><td>500 000+ tonnes<\/td><\/tr><tr><td><strong>Tianjin Steel Pipe Co.<\/strong><\/td><td>Tianjin, Chine<\/td><td>300 000 tonnes<\/td><\/tr><\/tbody><\/table><\/figure>\n\n\n\n<h3 class=\"wp-block-heading\" id=\"why-choose-cangzhou-spiral-steel-pipes-group-for-csa-z245-1-spiral-pipes\"><strong>Pourquoi choisir Cangzhou Spiral Steel Pipes Group pour les tubes en spirale CSA Z245.1 ?<\/strong><\/h3>\n\n\n\n<p>\u2714 <strong>27 ans d'exp\u00e9rience dans la fabrication de tubes en acier<\/strong><br>\u2714 <strong>Certifi\u00e9 CSA Z245.1, API et ISO<\/strong><br>\u2714 <strong>13 lignes de production, couvrant des diam\u00e8tres de tubes de 219 mm \u00e0 3500 mm<\/strong><br>\u2714 <strong>Rev\u00eatements personnalis\u00e9s et traitements anticorrosion disponibles<\/strong><br>\u2714 <strong>Un solide r\u00e9seau d'exportation vers l'Am\u00e9rique du Nord, l'Europe et le Moyen-Orient<\/strong><\/p>\n\n\n\n<p>Si vous \u00eates \u00e0 la recherche d'un <strong>fournisseur fiable de tubes soud\u00e9s en spirale CSA Z245.1<\/strong>, <strong>Groupe de tubes d'acier en spirale de Cangzhou<\/strong> est ton <strong>meilleur choix<\/strong>.<\/p>\n\n\n\n<h2 class=\"wp-block-heading\" id=\"faq-csa-z245-1-spiral-welded-pipe-1\"><strong>FAQ : CSA Z245.1 Tube soud\u00e9 en spirale<\/strong><\/h2>\n\n\n\n<figure class=\"wp-block-table\"><table class=\"has-fixed-layout\"><thead><tr><th><strong>Question<\/strong><\/th><th><strong>R\u00e9pondre<\/strong><\/th><\/tr><\/thead><tbody><tr><td><strong>\u00c0 quoi sert le tube soud\u00e9 en spirale CSA Z245.1 ?<\/strong><\/td><td>Principalement utilis\u00e9 pour <strong>p\u00e9trole &amp;amp ; transport de gaz, conduites d'eau et projets structurels<\/strong>.<\/td><\/tr><tr><td><strong>Quels sont les rev\u00eatements disponibles ?<\/strong><\/td><td><strong>FBE, 3LPE, rev\u00eatement en mortier de ciment et rev\u00eatements galvanis\u00e9s<\/strong>.<\/td><\/tr><tr><td><strong>Quelle est la comparaison avec les tuyaux API 5L ?<\/strong><\/td><td><strong>La norme CSA Z245.1 est id\u00e9ale pour les projets canadiens et nord-am\u00e9ricains, tandis que la norme API 5L est utilis\u00e9e dans le monde entier<\/strong>.<\/td><\/tr><tr><td><strong>Quel est le meilleur fournisseur ?<\/strong><\/td><td><strong>Groupe Cangzhou Spiral Steel Pipes Co., Ltd<\/strong> est un fournisseur de premier plan avec <strong>Certifications ISO &amp;amp ; CSA Z245.1<\/strong>.<\/td><\/tr><tr><td><strong>Quel est le prix par tonne en 2025 ?<\/strong><\/td><td>Les prix varient de <strong>850 \u00e0 850 \u00e0 850 \u00e0 2 600 par tonne<\/strong>selon la taille et le rev\u00eatement.<\/td><\/tr><tr><td><strong>Comment ces tuyaux sont-ils test\u00e9s ?<\/strong><\/td><td><strong>Inspections ultrasoniques, hydrostatiques et par rayons X<\/strong> assurer le respect de la qualit\u00e9.<\/td><\/tr><tr><td><strong>Quels sont les avantages des tubes soud\u00e9s en spirale par rapport aux tubes ERW ?<\/strong><\/td><td><strong>Une plus grande solidit\u00e9, une meilleure r\u00e9sistance \u00e0 la pression et un meilleur rapport co\u00fbt-efficacit\u00e9 pour les grands diam\u00e8tres<\/strong>.<\/td><\/tr><tr><td><strong>Les tuyaux CSA Z245.1 doivent-ils \u00eatre recouverts d'un rev\u00eatement ?<\/strong><\/td><td><strong>Oui, les rev\u00eatements tels que le FBE, le 3LPE ou le rev\u00eatement en mortier de ciment am\u00e9liorent la r\u00e9sistance \u00e0 la corrosion<\/strong>.<\/td><\/tr><\/tbody><\/table><\/figure>\n\n\n\n<h2 class=\"wp-block-heading\" id=\"final-thoughts\"><strong>R\u00e9flexions finales<\/strong><\/h2>\n\n\n\n<p><strong>CSA Z245.1 Tubes soud\u00e9s en spirale<\/strong> offrir <strong>r\u00e9sistance \u00e9lev\u00e9e, rentabilit\u00e9 et durabilit\u00e9<\/strong>ils sont donc id\u00e9aux pour <strong>p\u00e9trole &amp;amp ; transmission de gaz, conduites d'eau et applications structurelles<\/strong>.<\/p>\n\n\n\n<p>Si vous cherchez <strong>un fournisseur fiable<\/strong>, <strong>Groupe Cangzhou Spiral Steel Pipes Co., Ltd<\/strong> est ton <strong>meilleur choix<\/strong> en 2025 ! <\/p>\n\n\n\n<p>Besoin d'un <strong>citation<\/strong> ou plus <strong>d\u00e9tails techniques<\/strong>? Contact <strong>Groupe de tubes d'acier en spirale de Cangzhou<\/strong> aujourd'hui !<\/p>","protected":false},"featured_media":271,"template":"","meta":{"_acf_changed":true,"_gspb_post_css":"","_kad_blocks_custom_css":"","_kad_blocks_head_custom_js":"","_kad_blocks_body_custom_js":"","_kad_blocks_footer_custom_js":"","_kad_post_transparent":"","_kad_post_title":"","_kad_post_layout":"","_kad_post_sidebar_id":"","_kad_post_content_style":"","_kad_post_vertical_padding":"","_kad_post_feature":"","_kad_post_feature_position":"","_kad_post_header":false,"_kad_post_footer":false,"_kad_post_classname":""},"product-category":[3],"product-standard":[17],"class_list":["post-270","product","type-product","status-publish","has-post-thumbnail","hentry","product-category-spiral-welded-pipe","product-standard-csa-z245-1"],"acf":[],"taxonomy_info":{"product-category":[{"value":3,"label":"Spiral Welded Pipe"}],"product-standard":[{"value":17,"label":"CSA Z245.1"}]},"featured_image_src_large":["https:\/\/cangluopipe.com\/wp-content\/uploads\/2025\/02\/CSA-Z245.1-spiral-welded-pipe.jpg",920,518,false],"author_info":[],"comment_info":"","_links":{"self":[{"href":"https:\/\/cangluopipe.com\/fr\/wp-json\/wp\/v2\/product\/270","targetHints":{"allow":["GET"]}}],"collection":[{"href":"https:\/\/cangluopipe.com\/fr\/wp-json\/wp\/v2\/product"}],"about":[{"href":"https:\/\/cangluopipe.com\/fr\/wp-json\/wp\/v2\/types\/product"}],"wp:featuredmedia":[{"embeddable":true,"href":"https:\/\/cangluopipe.com\/fr\/wp-json\/wp\/v2\/media\/271"}],"wp:attachment":[{"href":"https:\/\/cangluopipe.com\/fr\/wp-json\/wp\/v2\/media?parent=270"}],"wp:term":[{"taxonomy":"product-category","embeddable":true,"href":"https:\/\/cangluopipe.com\/fr\/wp-json\/wp\/v2\/product-category?post=270"},{"taxonomy":"product-standard","embeddable":true,"href":"https:\/\/cangluopipe.com\/fr\/wp-json\/wp\/v2\/product-standard?post=270"}],"curies":[{"name":"wp","href":"https:\/\/api.w.org\/{rel}","templated":true}]}}