{"id":268,"date":"2025-02-12T02:53:57","date_gmt":"2025-02-12T02:53:57","guid":{"rendered":"https:\/\/cangluo.easiwin.com\/?post_type=product&#038;p=268"},"modified":"2025-02-24T03:41:02","modified_gmt":"2025-02-24T03:41:02","slug":"gost-20295-spiral-welded-pipe-manufacturer","status":"publish","type":"product","link":"https:\/\/cangluopipe.com\/fr\/product\/gost-20295-spiral-welded-pipe-manufacturer\/","title":{"rendered":"GOST 20295 Tube soud\u00e9 en spirale - Fabricant"},"content":{"rendered":"<h2 class=\"wp-block-heading\" id=\"overview-of-gost-20295-spiral-welded-pipe\"><strong>Aper\u00e7u du tube soud\u00e9 en spirale GOST 20295<\/strong><\/h2>\n\n\n\n<p>Lorsqu'il s'agit de <strong>pipelines en acier \u00e0 haute r\u00e9sistance<\/strong>, <strong>Tube soud\u00e9 en spirale GOST 20295<\/strong> joue un r\u00f4le essentiel dans des secteurs tels que <strong>p\u00e9trole &amp;amp ; gaz, transport d'eau, construction et d\u00e9veloppement d'infrastructures<\/strong>. Cette norme, \u00e9tablie par <strong>Le syst\u00e8me russe GOST (State Standard)<\/strong>, garantit que <strong>tubes en acier soud\u00e9s en spirale<\/strong> r\u00e9pondent \u00e0 des exigences strictes en mati\u00e8re de m\u00e9canique, de chimie et de performance.<\/p>\n\n\n\n<p>Contrairement \u00e0 <strong>sans couture<\/strong> ou <strong>Tubes ERW (soud\u00e9s par r\u00e9sistance \u00e9lectrique)<\/strong>, <strong>tubes soud\u00e9s en spirale<\/strong> sont connus pour leur <strong>la rentabilit\u00e9, la haute r\u00e9sistance et les capacit\u00e9s de grand diam\u00e8tre<\/strong>ce qui en fait un choix privil\u00e9gi\u00e9 pour les projets de pipelines sur de longues distances.<\/p>\n\n\n\n<p>Dans ce guide, nous allons explorer tout ce qui concerne les <strong>Tube soud\u00e9 en spirale GOST 20295<\/strong>, y compris <strong>fabricants, sp\u00e9cifications, tendances des prix, rev\u00eatements, applications et proc\u00e9d\u00e9s de soudage<\/strong>.<\/p>\n\n\n\n<h2 class=\"wp-block-heading\" id=\"top-gost-20295-spiral-welded-pipe-manufacturers\"><strong>Principaux fabricants de tubes soud\u00e9s en spirale GOST 20295<\/strong><\/h2>\n\n\n\n<p>S\u00e9lection d'un <strong>fabricant fiable<\/strong> est essentiel pour garantir <strong>qualit\u00e9, durabilit\u00e9 et conformit\u00e9<\/strong> avec le <strong>Norme GOST 20295<\/strong>. Voici quelques-unes des <strong>principaux fabricants<\/strong>:<\/p>\n\n\n\n<h3 class=\"wp-block-heading\" id=\"1-cangzhou-spiral-steel-pipes-group-co-ltd\"><strong>1. Groupe Cangzhou Spiral Steel Pipes Co., Ltd<\/strong><\/h3>\n\n\n\n<p>\u2714 <strong>27 ans d'exp\u00e9rience<\/strong> dans la fabrication de tubes en acier<br>\u2714 <strong>13 lignes de production<\/strong> pour <strong>\u03a6219-\u03a63500mm<\/strong> tubes soud\u00e9s en spirale<br>\u2714 <strong>Certifi\u00e9 GOST 20295, API Spec 5L et ISO 9001<\/strong><br>\u2714 <strong>Capacit\u00e9 de production annuelle : 400 000 tonnes<\/strong><br>\u2714 <strong>Rev\u00eatements personnalis\u00e9s disponibles : FBE, 3LPE, rev\u00eatement en mortier de ciment<\/strong><\/p>\n\n\n\n<h3 class=\"wp-block-heading\" id=\"2-tmk-\u0442\u0440\u0443\u0431\u043d\u0430\u044f-\u043c\u0435\u0442\u0430\u043b\u043b\u0443\u0440\u0433\u0438\u0447\u0435\u0441\u043a\u0430\u044f-\u043a\u043e\u043c\u043f\u0430\u043d\u0438\u044f-russia\"><strong>2. TMK (\u0422\u0440\u0443\u0431\u043d\u0430\u044f \u041c\u0435\u0442\u0430\u043b\u043b\u0443\u0440\u0433\u0438\u0447\u0435\u0441\u043a\u0430\u044f \u041a\u043e\u043c\u043f\u0430\u043d\u0438\u044f, Russie)<\/strong><\/h3>\n\n\n\n<p>L'un des plus grands fabricants de tubes en acier de Russie, sp\u00e9cialis\u00e9 dans les domaines suivants <strong>Tuyaux conformes \u00e0 la norme GOST<\/strong> pour <strong>industries du p\u00e9trole et du gaz<\/strong>.<\/p>\n\n\n\n<h3 class=\"wp-block-heading\" id=\"3-chelpipe-\u0447\u0435\u043b\u044f\u0431\u0438\u043d\u0441\u043a\u0438\u0438-\u0442\u0440\u0443\u0431\u043e\u043f\u0440\u043e\u043a\u0430\u0442\u043d\u044b\u0438-\u0437\u0430\u0432\u043e\u0434-russia\"><strong>3. ChelPipe (\u0427\u0435\u043b\u044f\u0431\u0438\u043d\u0441\u043a\u0438\u0439 \u0442\u0440\u0443\u0431\u043e\u043f\u0440\u043e\u043a\u0430\u0442\u043d\u044b\u0439 \u0437\u0430\u0432\u043e\u0434, Russie)<\/strong><\/h3>\n\n\n\n<p>Un des principaux producteurs russes de <strong>tubes soud\u00e9s en spirale de grand diam\u00e8tre<\/strong> pour <strong>canalisations de transport d'eau et de gaz<\/strong>.<\/p>\n\n\n\n<h3 class=\"wp-block-heading\" id=\"4-omk-\u043e\u0431\u044a\u0435\u0434\u0438\u043d\u0435\u043d\u043d\u0430\u044f-\u043c\u0435\u0442\u0430\u043b\u043b\u0443\u0440\u0433\u0438\u0447\u0435\u0441\u043a\u0430\u044f-\u043a\u043e\u043c\u043f\u0430\u043d\u0438\u044f-russia\"><strong>4. OMK (\u041e\u0431\u044a\u0435\u0434\u0438\u043d\u0435\u043d\u043d\u0430\u044f \u041c\u0435\u0442\u0430\u043b\u043b\u0443\u0440\u0433\u0438\u0447\u0435\u0441\u043a\u0430\u044f \u041a\u043e\u043c\u043f\u0430\u043d\u0438\u044f, Russie)<\/strong><\/h3>\n\n\n\n<p>Un fournisseur de premier plan <strong>tuyaux \u00e0 haute r\u00e9sistance, r\u00e9sistants \u00e0 la corrosion<\/strong> pour <strong>projets d'infrastructure<\/strong>.<\/p>\n\n\n\n<h3 class=\"wp-block-heading\" id=\"5-jindal-saw-ltd\"><strong>5. Jindal SAW Ltd<\/strong><\/h3>\n\n\n\n<p>Un fabricant mondial qui exporte <strong>tubes soud\u00e9s en spirale<\/strong> \u00e0 <strong>Russie, Europe et Am\u00e9rique du Nord<\/strong>.<\/p>\n\n\n\n<p>Chacun de ces fabricants garantit <strong>respect strict des normes GOST 20295<\/strong>garantissant <strong>grande durabilit\u00e9 et r\u00e9sistance \u00e0 la corrosion<\/strong>.<\/p>\n\n\n<div class=\"wp-block-image\">\n<figure class=\"aligncenter size-full is-resized\"><img decoding=\"async\" src=\"https:\/\/cangluopipe.com\/wp-content\/uploads\/2025\/02\/IMG_20250207_141943.jpg\" alt=\"Tube soud\u00e9 en spirale GOST 20295\" class=\"wp-image-299\" style=\"width:562px;height:auto\"\/><\/figure>\n<\/div>\n\n\n<h2 class=\"wp-block-heading\" id=\"gost-20295-spiral-welded-pipe-vs-other-pipe-types\"><strong>GOST 20295 Tube soud\u00e9 en spirale et autres types de tubes<\/strong><\/h2>\n\n\n\n<p>Le choix du bon tuyau d\u00e9pend <strong>l'application, la durabilit\u00e9, le co\u00fbt et la r\u00e9sistance<\/strong>. Voici comment <strong>Tube soud\u00e9 en spirale GOST 20295<\/strong> par rapport \u00e0 d'autres types de tuyaux courants :<\/p>\n\n\n\n<figure class=\"wp-block-table\"><table class=\"has-fixed-layout\"><thead><tr><th><strong>Fonctionnalit\u00e9<\/strong><\/th><th><strong>Tube soud\u00e9 en spirale GOST 20295<\/strong><\/th><th><strong>Tube ERW (soud\u00e9 par r\u00e9sistance \u00e9lectrique)<\/strong><\/th><th><strong>Tube en acier sans soudure<\/strong><\/th><\/tr><\/thead><tbody><tr><td><strong>Processus de fabrication<\/strong><\/td><td>Soudage h\u00e9lico\u00efdal \u00e0 l'arc submerg\u00e9 (HSAW)<\/td><td>Soudage par r\u00e9sistance \u00e0 haute fr\u00e9quence<\/td><td>Produit sans soudure<\/td><\/tr><tr><td><strong>Solidit\u00e9 et durabilit\u00e9<\/strong><\/td><td>\u00c9lev\u00e9e en raison de la couture en spirale<\/td><td>Mod\u00e9r\u00e9<\/td><td>Tr\u00e8s \u00e9lev\u00e9<\/td><\/tr><tr><td><strong>R\u00e9sistance \u00e0 la pression<\/strong><\/td><td>Excellent<\/td><td>Mod\u00e9r\u00e9<\/td><td>Sup\u00e9rieure<\/td><\/tr><tr><td><strong>R\u00e9sistance \u00e0 la corrosion<\/strong><\/td><td>Peut \u00eatre renforc\u00e9 par des rev\u00eatements<\/td><td>N\u00e9cessite un rev\u00eatement suppl\u00e9mentaire<\/td><td>Naturellement plus r\u00e9sistant<\/td><\/tr><tr><td><strong>Co\u00fbt<\/strong><\/td><td>Rentabilit\u00e9<\/td><td>L\u00e9g\u00e8rement plus \u00e9lev\u00e9<\/td><td>Co\u00fbteux<\/td><\/tr><tr><td><strong>Taille Disponibilit\u00e9<\/strong><\/td><td>Grand diam\u00e8tre (jusqu'\u00e0 3500 mm)<\/td><td>Diam\u00e8tre limit\u00e9<\/td><td>Diam\u00e8tre limit\u00e9<\/td><\/tr><tr><td><strong>Application<\/strong><\/td><td>P\u00e9trole, gaz, ol\u00e9oducs, projets structurels<\/td><td>Transport de l'eau, construction<\/td><td>Applications \u00e0 haute pression<\/td><\/tr><\/tbody><\/table><\/figure>\n\n\n\n<h3 class=\"wp-block-heading\" id=\"why-choose-gost-20295-spiral-welded-pipes\"><strong>Pourquoi choisir les tubes soud\u00e9s en spirale GOST 20295 ?<\/strong><\/h3>\n\n\n\n<p>\u2714 <strong>Haute r\u00e9sistance pour les pipelines de longue distance<\/strong><br>\u2714 <strong>Rentable pour les applications de grand diam\u00e8tre<\/strong><br>\u2714 <strong>Excellent pour la transmission de l'eau et les projets industriels<\/strong><br>\u2714 <strong>Plus facile \u00e0 fabriquer en grandes longueurs<\/strong><\/p>\n\n\n\n<h2 class=\"wp-block-heading\" id=\"gost-20295-spiral-welded-pipe-price-per-ton-in-2025\"><strong>Prix par tonne du tube soud\u00e9 en spirale GOST 20295 en 2025<\/strong><\/h2>\n\n\n\n<p>Le prix de <strong>GOST 20295 Tubes soud\u00e9s en spirale<\/strong> varie en fonction de facteurs tels que <strong>les co\u00fbts des mati\u00e8res premi\u00e8res, la demande, les rev\u00eatements et le lieu de fabrication<\/strong>. Vous trouverez ci-dessous une fourchette de prix estim\u00e9e pour 2025 :<\/p>\n\n\n\n<figure class=\"wp-block-table\"><table class=\"has-fixed-layout\"><thead><tr><th><strong>Diam\u00e8tre du tube (mm)<\/strong><\/th><th><strong>\u00c9paisseur de paroi (mm)<\/strong><\/th><th><strong>Prix par tonne (USD)<\/strong><\/th><\/tr><\/thead><tbody><tr><td>219 &#8211; 600<\/td><td>6 &#8211; 10<\/td><td>850-850 &amp;#8211 ; 850-1,250<\/td><\/tr><tr><td>610 &#8211; 1200<\/td><td>8 &#8211; 14<\/td><td>1,150-1,150 &amp;#8211 ; 1,150-1,600<\/td><\/tr><tr><td>1220 &#8211; 1800<\/td><td>10 &#8211; 16<\/td><td>1,350-1,350 &amp;#8211 ; 1,350-1,900<\/td><\/tr><tr><td>2000 &#8211; 3500<\/td><td>12 &#8211; 25<\/td><td>1,700-1,700 &amp;#8211 ; 1,700-2,600<\/td><\/tr><\/tbody><\/table><\/figure>\n\n\n\n<h3 class=\"wp-block-heading\" id=\"factors-affecting-price\"><strong>Facteurs affectant le prix :<\/strong><\/h3>\n\n\n\n<p>\u2714 <strong>Prix de l'acier :<\/strong> Les fluctuations des prix des mati\u00e8res premi\u00e8res ont un impact sur les co\u00fbts des tuyaux.<br>\u2714 <strong>Co\u00fbts de fabrication :<\/strong> Frais de main-d'\u0153uvre, d'\u00e9nergie et de transport.<br>\u2714 <strong>Rev\u00eatements &amp;amp ; Traitements :<\/strong> Les rev\u00eatements anticorrosion suppl\u00e9mentaires augmentent le prix.<br>\u2714 <strong>Quantit\u00e9 command\u00e9e :<\/strong> Les commandes en gros b\u00e9n\u00e9ficient souvent de prix plus avantageux.<\/p>\n\n\n\n<p>Le groupe Cangzhou Spiral Steel Pipes propose <strong>des prix comp\u00e9titifs et des remises en vrac<\/strong> pour <strong>Tuyaux certifi\u00e9s GOST 20295<\/strong>.<\/p>\n\n\n\n<h2 class=\"wp-block-heading\" id=\"gost-20295-spiral-welded-pipe-specifications-standards\"><strong>GOST 20295 Tube soud\u00e9 en spirale Sp\u00e9cifications &amp;amp ; Normes<\/strong><\/h2>\n\n\n\n<p>Se r\u00e9unir <strong>Exigences GOST 20295<\/strong>les tubes soud\u00e9s en spirale doivent respecter des sp\u00e9cifications strictes.<\/p>\n\n\n\n<figure class=\"wp-block-table\"><table class=\"has-fixed-layout\"><thead><tr><th><strong>Sp\u00e9cifications<\/strong><\/th><th><strong>D\u00e9tails<\/strong><\/th><\/tr><\/thead><tbody><tr><td><strong>Standard<\/strong><\/td><td>GOST 20295:2025<\/td><\/tr><tr><td><strong>Gamme de diam\u00e8tres<\/strong><\/td><td>219mm &amp;#8211 ; 3500mm<\/td><\/tr><tr><td><strong>\u00c9paisseur de la paroi<\/strong><\/td><td>6mm &amp;#8211 ; 25mm<\/td><\/tr><tr><td><strong>Mat\u00e9riau<\/strong><\/td><td>Acier au carbone (GR B, X42-X80)<\/td><\/tr><tr><td><strong>Processus de fabrication<\/strong><\/td><td>Soudage \u00e0 l'arc submerg\u00e9 (SAW)<\/td><\/tr><tr><td><strong>M\u00e9thodes d'essai<\/strong><\/td><td>Inspection ultrasonique, hydrostatique et par rayons X<\/td><\/tr><tr><td><strong>Options de rev\u00eatement<\/strong><\/td><td>FBE, 3LPE, rev\u00eatement de mortier de ciment<\/td><\/tr><\/tbody><\/table><\/figure>\n\n\n\n<p>Ces sp\u00e9cifications garantissent <strong>GOST 20295 Tubes soud\u00e9s en spirale<\/strong> sont <strong>solide, durable et r\u00e9sistant \u00e0 la corrosion<\/strong>, ce qui les rend <strong>id\u00e9al pour le transport du p\u00e9trole, du gaz et de l'eau<\/strong>.<\/p>\n\n\n\n<h2 class=\"wp-block-heading\" id=\"gost-20295-spiral-welded-pipe-welding-process-manufacturing\"><strong>GOST 20295 Spiral Welded Pipe Welding Process &amp;amp ; Manufacturing<\/strong><\/h2>\n\n\n\n<h3 class=\"wp-block-heading\" id=\"how-are-gost-20295-spiral-welded-pipes-manufactured\"><strong>Comment sont fabriqu\u00e9s les tubes soud\u00e9s en spirale GOST 20295 ?<\/strong><\/h3>\n\n\n\n<p>Les <strong>processus de fabrication<\/strong> de <strong>GOST 20295 Tubes soud\u00e9s en spirale<\/strong> suit un ensemble de proc\u00e9dures strictes afin de garantir <strong>r\u00e9sistance m\u00e9canique \u00e9lev\u00e9e, durabilit\u00e9 et conformit\u00e9<\/strong> avec <strong>Normes russes et internationales<\/strong>. Vous trouverez ci-dessous une description d\u00e9taill\u00e9e du processus de production :<\/p>\n\n\n\n<ol class=\"wp-block-list\">\n<li><strong>S\u00e9lection des bobines d'acier<\/strong>\n<ul class=\"wp-block-list\">\n<li>Haute qualit\u00e9 <strong>carbone<a href=\"https:\/\/en.wikipedia.org\/wiki\/Steel\" target=\"_blank\" rel=\"noopener\"> acier<\/a><\/strong> est s\u00e9lectionn\u00e9 en fonction de <strong>Exigences GOST 20295<\/strong>.<\/li>\n\n\n\n<li>Communs <strong>nuances d'acier<\/strong> inclure <strong>GR B, X42, X52, X60, X70 et X80<\/strong>.<\/li>\n<\/ul>\n<\/li>\n\n\n\n<li><strong>Processus de formage en spirale<\/strong>\n<ul class=\"wp-block-list\">\n<li>La bande d'acier est introduite en continu dans une machine de formage o\u00f9 elle est <strong>roul\u00e9s en forme de spirale<\/strong>.<\/li>\n\n\n\n<li>Les <strong>joint h\u00e9lico\u00efdal<\/strong> est form\u00e9, ce qui r\u00e9partit les contraintes de mani\u00e8re plus uniforme et le rend id\u00e9al pour les applications \u00e0 haute pression.<\/li>\n<\/ul>\n<\/li>\n\n\n\n<li><strong>Soudage \u00e0 l'arc submerg\u00e9 (SAW)<\/strong>\n<ul class=\"wp-block-list\">\n<li><strong>Soudage \u00e0 l'arc submerg\u00e9 double face (DSAW)<\/strong> est appliqu\u00e9e pour garantir <strong>p\u00e9n\u00e9tration profonde et soudures solides<\/strong>.<\/li>\n\n\n\n<li>Cette m\u00e9thode <strong>am\u00e9liore la r\u00e9sistance m\u00e9canique et pr\u00e9vient les d\u00e9fauts<\/strong>.<\/li>\n<\/ul>\n<\/li>\n\n\n\n<li><strong>Contr\u00f4le non destructif (CND) &amp;amp ; Contr\u00f4le de la qualit\u00e9<\/strong>\n<ul class=\"wp-block-list\">\n<li><strong>Contr\u00f4le par ultrasons (UT)<\/strong> d\u00e9tecte les d\u00e9fauts internes et externes.<\/li>\n\n\n\n<li><strong>Inspection par rayons X<\/strong> garantit <strong>int\u00e9grit\u00e9 des soudures<\/strong>.<\/li>\n\n\n\n<li><strong>Essai de pression hydrostatique<\/strong> v\u00e9rifie que les tuyaux peuvent <strong>r\u00e9sister \u00e0 la pression interne sans d\u00e9faillance<\/strong>.<\/li>\n<\/ul>\n<\/li>\n\n\n\n<li><strong>Rev\u00eatement &amp;amp ; Protection contre la corrosion<\/strong>\n<ul class=\"wp-block-list\">\n<li>Les tuyaux sont recouverts de <strong>Rev\u00eatement en \u00e9poxy fusionn\u00e9 (FBE), en 3LPE (poly\u00e9thyl\u00e8ne \u00e0 trois couches) ou en mortier de ciment<\/strong> pour \u00e9viter la corrosion.<\/li>\n<\/ul>\n<\/li>\n\n\n\n<li><strong>Inspection finale &amp;amp ; Certification<\/strong>\n<ul class=\"wp-block-list\">\n<li>Chaque tuyau est test\u00e9 pour <strong>la pr\u00e9cision dimensionnelle, les propri\u00e9t\u00e9s m\u00e9caniques et la qualit\u00e9 du rev\u00eatement<\/strong>.<\/li>\n\n\n\n<li>Certifi\u00e9 selon la norme <strong>Normes GOST 20295 et ISO 9001<\/strong>.<\/li>\n<\/ul>\n<\/li>\n<\/ol>\n\n\n\n<h3 class=\"wp-block-heading\" id=\"welding-methods-used-in-gost-20295-spiral-pipes\"><strong>M\u00e9thodes de soudage utilis\u00e9es dans les tubes en spirale GOST 20295<\/strong><\/h3>\n\n\n\n<figure class=\"wp-block-table\"><table class=\"has-fixed-layout\"><thead><tr><th><strong>M\u00e9thode de soudage<\/strong><\/th><th><strong>Avantages<\/strong><\/th><\/tr><\/thead><tbody><tr><td><strong>Soudage \u00e0 l'arc submerg\u00e9 (SAW)<\/strong><\/td><td>P\u00e9n\u00e9tration profonde, soudures solides et uniformes<\/td><\/tr><tr><td><strong>Soudage double face (DSAW)<\/strong><\/td><td>Assure une r\u00e9sistance uniforme et \u00e9vite les points faibles<\/td><\/tr><tr><td><strong>Essais hydrostatiques<\/strong><\/td><td>V\u00e9rifie la r\u00e9sistance \u00e0 la pression, assure l'absence de fuites<\/td><\/tr><\/tbody><\/table><\/figure>\n\n\n\n<p>Le groupe Cangzhou Spiral Steel Pipes Group Co. assure <strong>tous les tuyaux sont conformes aux normes GOST 20295<\/strong> \u00e0 travers <strong>un contr\u00f4le de qualit\u00e9 rigoureux et des techniques de fabrication avanc\u00e9es<\/strong>.<\/p>\n\n\n\n<h2 class=\"wp-block-heading\" id=\"gost-20295-spiral-welded-pipe-suppliers-exporters\"><strong>GOST 20295 Tube soud\u00e9 en spirale Fournisseurs et exportateurs<\/strong><\/h2>\n\n\n\n<p>Si vous cherchez \u00e0 <strong>import GOST 20295 Tubes soud\u00e9s en spirale<\/strong>, en collaboration avec un <strong>exportateur de confiance<\/strong> est essentielle. La Chine reste un <strong>premier exportateur<\/strong> en raison de son <strong>une capacit\u00e9 de production \u00e9lev\u00e9e, des prix comp\u00e9titifs et un contr\u00f4le de qualit\u00e9 rigoureux<\/strong>.<\/p>\n\n\n\n<h3 class=\"wp-block-heading\" id=\"top-chinese-exporters-of-gost-20295-spiral-welded-pipes\"><strong>Principaux exportateurs chinois de tubes soud\u00e9s en spirale GOST 20295<\/strong><\/h3>\n\n\n\n<figure class=\"wp-block-table\"><table class=\"has-fixed-layout\"><thead><tr><th><strong>Nom de l'entreprise<\/strong><\/th><th><strong>Localisation<\/strong><\/th><th><strong>Capacit\u00e9 de production annuelle<\/strong><\/th><\/tr><\/thead><tbody><tr><td><strong>Groupe Cangzhou Spiral Steel Pipes Co., Ltd<\/strong><\/td><td>Hebei, Chine<\/td><td>400 000 tonnes<\/td><\/tr><tr><td><strong>Groupe Baosteel<\/strong><\/td><td>Shanghai, Chine<\/td><td>500 000+ tonnes<\/td><\/tr><tr><td><strong>Tianjin Steel Pipe Co.<\/strong><\/td><td>Tianjin, Chine<\/td><td>300 000 tonnes<\/td><\/tr><\/tbody><\/table><\/figure>\n\n\n\n<h3 class=\"wp-block-heading\" id=\"why-choose-cangzhou-spiral-steel-pipes-group-for-gost-20295-pipes\"><strong>Pourquoi choisir Cangzhou Spiral Steel Pipes Group pour les tubes GOST 20295 ?<\/strong><\/h3>\n\n\n\n<p>\u2714 <strong>27 ans d'exp\u00e9rience dans la fabrication de tubes en acier<\/strong><br>\u2714 <strong>Certifi\u00e9 GOST 20295, API et ISO<\/strong><br>\u2714 <strong>13 lignes de production, couvrant des diam\u00e8tres de 219 mm \u00e0 3500 mm<\/strong><br>\u2714 <strong>Rev\u00eatements personnalis\u00e9s et traitements anticorrosion disponibles<\/strong><br>\u2714 <strong>Un solide r\u00e9seau d'exportation vers la Russie, les pays de la CEI, l'Europe et le Moyen-Orient<\/strong><\/p>\n\n\n\n<p>Pour <strong>tubes soud\u00e9s en spirale de haute qualit\u00e9 GOST 20295<\/strong>, <strong>Groupe Cangzhou Spiral Steel Pipes Co., Ltd<\/strong> est un <strong>fournisseur de confiance<\/strong>.<\/p>\n\n\n<div class=\"wp-block-image\">\n<figure class=\"aligncenter size-full is-resized\"><img loading=\"lazy\" decoding=\"async\" width=\"500\" height=\"600\" src=\"https:\/\/cangluopipe.com\/wp-content\/uploads\/2025\/02\/Loading.jpg\" alt=\"Tube soud\u00e9 en spirale GOST 20295\" class=\"wp-image-292\" style=\"width:452px;height:auto\" srcset=\"https:\/\/cangluopipe.com\/wp-content\/uploads\/2025\/02\/Loading.jpg 500w, https:\/\/cangluopipe.com\/wp-content\/uploads\/2025\/02\/Loading-250x300.jpg 250w\" sizes=\"auto, (max-width: 500px) 100vw, 500px\" \/><\/figure>\n<\/div>\n\n\n<h2 class=\"wp-block-heading\" id=\"faq-gost-20295-spiral-welded-pipe\"><strong>FAQ : GOST 20295 Tube soud\u00e9 en spirale<\/strong><\/h2>\n\n\n\n<figure class=\"wp-block-table\"><table class=\"has-fixed-layout\"><thead><tr><th><strong>Question<\/strong><\/th><th><strong>R\u00e9pondre<\/strong><\/th><\/tr><\/thead><tbody><tr><td><strong>A quoi sert le tube soud\u00e9 en spirale GOST 20295 ?<\/strong><\/td><td>Principalement utilis\u00e9 pour <strong>p\u00e9trole &amp;amp ; transport de gaz, conduites d'eau et projets structurels<\/strong>.<\/td><\/tr><tr><td><strong>Quels sont les rev\u00eatements disponibles ?<\/strong><\/td><td><strong>FBE, 3LPE, rev\u00eatement en mortier de ciment et rev\u00eatements galvanis\u00e9s<\/strong>.<\/td><\/tr><tr><td><strong>Quelle est la comparaison avec les tuyaux API 5L ?<\/strong><\/td><td><strong>La norme GOST 20295 est id\u00e9ale pour la Russie et les pays de la CEI, tandis que la norme API 5L est utilis\u00e9e dans le monde entier<\/strong>.<\/td><\/tr><tr><td><strong>Quel est le meilleur fournisseur ?<\/strong><\/td><td><strong>Groupe Cangzhou Spiral Steel Pipes Co., Ltd<\/strong> est un fournisseur de premier plan avec <strong>Certifications ISO et GOST 20295<\/strong>.<\/td><\/tr><tr><td><strong>Quel est le prix par tonne en 2025 ?<\/strong><\/td><td>Les prix varient de <strong>850 \u00e0 850 \u00e0 850 \u00e0 2 600 par tonne<\/strong>selon la taille et le rev\u00eatement.<\/td><\/tr><tr><td><strong>Comment ces tuyaux sont-ils test\u00e9s ?<\/strong><\/td><td><strong>Inspections ultrasoniques, hydrostatiques et par rayons X<\/strong> assurer le respect de la qualit\u00e9.<\/td><\/tr><tr><td><strong>Quels sont les avantages des tubes soud\u00e9s en spirale par rapport aux tubes ERW ?<\/strong><\/td><td><strong>Une plus grande solidit\u00e9, une meilleure r\u00e9sistance \u00e0 la pression et un meilleur rapport co\u00fbt-efficacit\u00e9 pour les grands diam\u00e8tres<\/strong>.<\/td><\/tr><tr><td><strong>Les tuyaux GOST 20295 n\u00e9cessitent-ils des rev\u00eatements ?<\/strong><\/td><td><strong>Oui, les rev\u00eatements tels que le FBE, le 3LPE ou le rev\u00eatement en mortier de ciment am\u00e9liorent la r\u00e9sistance \u00e0 la corrosion<\/strong>.<\/td><\/tr><tr><td><strong>Les tubes GOST 20295 sont-ils disponibles en grands diam\u00e8tres ?<\/strong><\/td><td><strong>Oui, ils sont disponibles dans des tailles allant jusqu'\u00e0 3500 mm de diam\u00e8tre.<\/strong><\/td><\/tr><\/tbody><\/table><\/figure>\n\n\n\n<h2 class=\"wp-block-heading\" id=\"final-thoughts\"><strong>R\u00e9flexions finales<\/strong><\/h2>\n\n\n\n<p><strong>GOST 20295 Tubes soud\u00e9s en spirale<\/strong> sont largement utilis\u00e9s dans <strong>p\u00e9trole &amp;amp ; gaz, transmission d'eau et applications industrielles<\/strong> en raison de leur <strong>haute r\u00e9sistance, r\u00e9sistance \u00e0 la corrosion et rentabilit\u00e9<\/strong>.<\/p>\n\n\n\n<p>Si vous cherchez <strong>un fournisseur fiable<\/strong>, <strong>Groupe Cangzhou Spiral Steel Pipes Co., Ltd<\/strong> est ton <strong>meilleur choix<\/strong> en 2025 ! <\/p>\n\n\n\n<p>Besoin d'un <strong>citation<\/strong> ou plus <strong>d\u00e9tails techniques<\/strong>? Contact <strong>Groupe de tubes d'acier en spirale de Cangzhou<\/strong> aujourd'hui !<\/p>","protected":false},"featured_media":269,"template":"","meta":{"_acf_changed":false,"_gspb_post_css":"","_kad_blocks_custom_css":"","_kad_blocks_head_custom_js":"","_kad_blocks_body_custom_js":"","_kad_blocks_footer_custom_js":"","_kad_post_transparent":"","_kad_post_title":"","_kad_post_layout":"","_kad_post_sidebar_id":"","_kad_post_content_style":"","_kad_post_vertical_padding":"","_kad_post_feature":"","_kad_post_feature_position":"","_kad_post_header":false,"_kad_post_footer":false,"_kad_post_classname":""},"product-category":[3],"product-standard":[16],"class_list":["post-268","product","type-product","status-publish","has-post-thumbnail","hentry","product-category-spiral-welded-pipe","product-standard-gost-20295"],"acf":[],"taxonomy_info":{"product-category":[{"value":3,"label":"Spiral Welded Pipe"}],"product-standard":[{"value":16,"label":"GOST 20295"}]},"featured_image_src_large":["https:\/\/cangluopipe.com\/wp-content\/uploads\/2025\/02\/GOST-20295-spiral-welded-pipe.jpg",920,414,false],"author_info":[],"comment_info":"","_links":{"self":[{"href":"https:\/\/cangluopipe.com\/fr\/wp-json\/wp\/v2\/product\/268","targetHints":{"allow":["GET"]}}],"collection":[{"href":"https:\/\/cangluopipe.com\/fr\/wp-json\/wp\/v2\/product"}],"about":[{"href":"https:\/\/cangluopipe.com\/fr\/wp-json\/wp\/v2\/types\/product"}],"wp:featuredmedia":[{"embeddable":true,"href":"https:\/\/cangluopipe.com\/fr\/wp-json\/wp\/v2\/media\/269"}],"wp:attachment":[{"href":"https:\/\/cangluopipe.com\/fr\/wp-json\/wp\/v2\/media?parent=268"}],"wp:term":[{"taxonomy":"product-category","embeddable":true,"href":"https:\/\/cangluopipe.com\/fr\/wp-json\/wp\/v2\/product-category?post=268"},{"taxonomy":"product-standard","embeddable":true,"href":"https:\/\/cangluopipe.com\/fr\/wp-json\/wp\/v2\/product-standard?post=268"}],"curies":[{"name":"wp","href":"https:\/\/api.w.org\/{rel}","templated":true}]}}