{"id":266,"date":"2025-02-12T02:53:14","date_gmt":"2025-02-12T02:53:14","guid":{"rendered":"https:\/\/cangluo.easiwin.com\/?post_type=product&#038;p=266"},"modified":"2025-02-24T03:41:06","modified_gmt":"2025-02-24T03:41:06","slug":"as-1579-spiral-welded-pipe-manufacturer","status":"publish","type":"product","link":"https:\/\/cangluopipe.com\/fr\/product\/as-1579-spiral-welded-pipe-manufacturer\/","title":{"rendered":"Fabricant de tubes soud\u00e9s en spirale AS 1579"},"content":{"rendered":"<h2 class=\"wp-block-heading\" id=\"overview-of-as-1579-spiral-welded-pipe\"><strong>Aper\u00e7u du tube soud\u00e9 en spirale AS 1579<\/strong><\/h2>\n\n\n\n<p><strong>AS 1579 Tube soud\u00e9 en spirale<\/strong> est une norme largement utilis\u00e9e pour les tubes d'acier <strong>Australie et Nouvelle-Z\u00e9lande<\/strong>, principalement con\u00e7u pour <strong>le transport de l'eau, le traitement des eaux us\u00e9es et les applications industrielles<\/strong>. R\u00e9gie par <strong>Norme australienne AS 1579<\/strong>cette sp\u00e9cification garantit <strong>grande solidit\u00e9, r\u00e9sistance \u00e0 la corrosion et durabilit\u00e9<\/strong>Il s'agit donc d'un choix id\u00e9al pour <strong>les projets municipaux d'approvisionnement en eau, les syst\u00e8mes d'irrigation et les infrastructures \u00e0 grande \u00e9chelle<\/strong>.<\/p>\n\n\n\n<p>Contrairement \u00e0 <strong>tubes sans soudure ou ERW<\/strong>, <strong>tubes soud\u00e9s en spirale<\/strong> offrir <strong>la rentabilit\u00e9, les capacit\u00e9s de grand diam\u00e8tre et la r\u00e9sistance sup\u00e9rieure \u00e0 la pression<\/strong>les produits de l'UE sont donc une option privil\u00e9gi\u00e9e pour les entreprises de l'Union europ\u00e9enne <strong>syst\u00e8mes d'approvisionnement en eau \u00e0 longue distance<\/strong>.<\/p>\n\n\n\n<p>Ce guide couvre tout ce que vous devez savoir sur les sujets suivants <strong>AS 1579 Tube soud\u00e9 en spirale<\/strong>, y compris <strong>principaux fabricants, sp\u00e9cifications, tendances des prix, rev\u00eatements, applications et proc\u00e9d\u00e9s de soudage<\/strong>.<\/p>\n\n\n\n<h2 class=\"wp-block-heading\" id=\"top-as-1579-spiral-welded-pipe-manufacturers\"><strong>Principaux fabricants de tubes soud\u00e9s en spirale AS 1579<\/strong><\/h2>\n\n\n\n<p>Choisir le bon <strong>Fabricant de tubes soud\u00e9s en spirale AS 1579<\/strong> est essentielle pour garantir <strong>haute qualit\u00e9, respect des normes et durabilit\u00e9 \u00e0 long terme<\/strong>. Ci-dessous <strong>quelques uns des principaux fabricants<\/strong> en 2025 :<\/p>\n\n\n\n<h3 class=\"wp-block-heading\" id=\"1-cangzhou-spiral-steel-pipes-group-co-ltd\"><strong>1. Groupe Cangzhou Spiral Steel Pipes Co., Ltd<\/strong><\/h3>\n\n\n\n<p>\u2714 <strong>27 ans d'exp\u00e9rience<\/strong> dans la fabrication de tubes en acier<br>\u2714 <strong>13 lignes de production<\/strong> pour <strong>\u03a6219-\u03a63500mm<\/strong> tubes soud\u00e9s en spirale<br>\u2714 <strong>Certifi\u00e9 ISO 9001, AS 1579 et API Spec 5L<\/strong><br>\u2714 <strong>Capacit\u00e9 de production annuelle : 400 000 tonnes<\/strong><br>\u2714 <strong>Rev\u00eatements personnalis\u00e9s disponibles : FBE, 3LPE, rev\u00eatement en mortier de ciment<\/strong><\/p>\n\n\n\n<h3 class=\"wp-block-heading\" id=\"2-steel-mains-australia\"><strong>2. Mains d'acier (Australie)<\/strong><\/h3>\n\n\n\n<p>Un fabricant australien de premier plan sp\u00e9cialis\u00e9 dans <strong>Tuyaux de transport d'eau certifi\u00e9s AS 1579<\/strong>.<\/p>\n\n\n\n<h3 class=\"wp-block-heading\" id=\"3-tyco-water\"><strong>3. Tyco Water<\/strong><\/h3>\n\n\n\n<p>Un important fournisseur de tubes d'acier pour <strong>Projets d'infrastructures hydrauliques en Australie<\/strong>.<\/p>\n\n\n\n<h3 class=\"wp-block-heading\" id=\"4-baosteel-group-china\"><strong>4. Groupe Baosteel (Chine)<\/strong><\/h3>\n\n\n\n<p>Un fabricant mondial d'acier produisant <strong>Tuyaux conformes \u00e0 la norme AS 1579<\/strong> pour l'exportation vers <strong>Australie et Nouvelle-Z\u00e9lande<\/strong>.<\/p>\n\n\n\n<h3 class=\"wp-block-heading\" id=\"5-jindal-saw-ltd\"><strong>5. Jindal SAW Ltd<\/strong><\/h3>\n\n\n\n<p>Un fournisseur cl\u00e9 de <strong>tubes soud\u00e9s en spirale<\/strong> pour <strong>l'eau et les applications industrielles en Australie<\/strong>.<\/p>\n\n\n\n<p>Chacun de ces fabricants garantit <strong>strict respect des normes AS 1579<\/strong>garantissant <strong>grande durabilit\u00e9 et r\u00e9sistance \u00e0 la corrosion<\/strong>.<\/p>\n\n\n<div class=\"wp-block-image\">\n<figure class=\"aligncenter size-large is-resized\"><img loading=\"lazy\" decoding=\"async\" width=\"1024\" height=\"536\" src=\"https:\/\/cangluopipe.com\/wp-content\/uploads\/2025\/02\/q355b-spiral-weld-pipes-1024x536.jpg\" alt=\"AS 1579 Tube soud\u00e9 en spirale\" class=\"wp-image-420\" style=\"width:898px;height:auto\" srcset=\"https:\/\/cangluopipe.com\/wp-content\/uploads\/2025\/02\/q355b-spiral-weld-pipes-1024x536.jpg 1024w, https:\/\/cangluopipe.com\/wp-content\/uploads\/2025\/02\/q355b-spiral-weld-pipes-300x157.jpg 300w, https:\/\/cangluopipe.com\/wp-content\/uploads\/2025\/02\/q355b-spiral-weld-pipes-768x402.jpg 768w, https:\/\/cangluopipe.com\/wp-content\/uploads\/2025\/02\/q355b-spiral-weld-pipes-1536x804.jpg 1536w, https:\/\/cangluopipe.com\/wp-content\/uploads\/2025\/02\/q355b-spiral-weld-pipes.jpg 1800w\" sizes=\"auto, (max-width: 1024px) 100vw, 1024px\" \/><\/figure>\n<\/div>\n\n\n<h2 class=\"wp-block-heading\" id=\"as-1579-spiral-welded-pipe-vs-other-pipe-types\"><strong>Tuyau soud\u00e9 en spirale AS 1579 et autres types de tuyaux<\/strong><\/h2>\n\n\n\n<p>Comprendre les diff\u00e9rences entre <strong>AS 1579 Tubes soud\u00e9s en spirale<\/strong> et d'autres types de tuyaux est cruciale pour s\u00e9lectionner le bon produit pour votre projet.<\/p>\n\n\n\n<figure class=\"wp-block-table\"><table class=\"has-fixed-layout\"><thead><tr><th><strong>Fonctionnalit\u00e9<\/strong><\/th><th><strong>AS 1579 Tube soud\u00e9 en spirale<\/strong><\/th><th><strong>Tube d'acier ERW<\/strong><\/th><th><strong>Tube en acier sans soudure<\/strong><\/th><\/tr><\/thead><tbody><tr><td><strong>Processus de fabrication<\/strong><\/td><td>Soudage h\u00e9lico\u00efdal \u00e0 l'arc submerg\u00e9 (HSAW)<\/td><td>Soudage \u00e0 haute fr\u00e9quence<\/td><td>Pas de soudure (extrusion \u00e0 partir d'acier massif)<\/td><\/tr><tr><td><strong>Solidit\u00e9 et durabilit\u00e9<\/strong><\/td><td>\u00c9lev\u00e9e, adapt\u00e9e \u00e0 la transmission de l'eau<\/td><td>Mod\u00e9r\u00e9<\/td><td>Tr\u00e8s \u00e9lev\u00e9<\/td><\/tr><tr><td><strong>R\u00e9sistance \u00e0 la pression<\/strong><\/td><td>Excellent<\/td><td>Mod\u00e9r\u00e9<\/td><td>Sup\u00e9rieure<\/td><\/tr><tr><td><strong>R\u00e9sistance \u00e0 la corrosion<\/strong><\/td><td>Peut \u00eatre renforc\u00e9 par des rev\u00eatements<\/td><td>N\u00e9cessite un rev\u00eatement suppl\u00e9mentaire<\/td><td>Naturellement plus r\u00e9sistant<\/td><\/tr><tr><td><strong>Co\u00fbt<\/strong><\/td><td>Rentabilit\u00e9<\/td><td>L\u00e9g\u00e8rement plus \u00e9lev\u00e9<\/td><td>Co\u00fbteux<\/td><\/tr><tr><td><strong>Gamme de diam\u00e8tres<\/strong><\/td><td>Grand (jusqu'\u00e0 3500 mm)<\/td><td>Limit\u00e9e<\/td><td>Limit\u00e9e<\/td><\/tr><tr><td><strong>Applications<\/strong><\/td><td>Transport d'eau, applications industrielles<\/td><td>Distribution d'eau, construction<\/td><td>Applications \u00e0 haute pression<\/td><\/tr><\/tbody><\/table><\/figure>\n\n\n\n<h3 class=\"wp-block-heading\" id=\"why-choose-as-1579-spiral-welded-pipes\"><strong>Pourquoi choisir les tubes soud\u00e9s en spirale AS 1579 ?<\/strong><\/h3>\n\n\n\n<p>\u2714 <strong>Rentable pour les canalisations d'eau de grand diam\u00e8tre<\/strong><br>\u2714 <strong>Haute r\u00e9sistance et durabilit\u00e9<\/strong><br>\u2714 <strong>Excellent pour les projets d'eau municipale et les syst\u00e8mes d'irrigation<\/strong><br>\u2714 <strong>Plus facile \u00e0 fabriquer en grandes longueurs<\/strong><\/p>\n\n\n\n<h2 class=\"wp-block-heading\" id=\"as-1579-spiral-welded-pipe-price-per-ton-in-2025\"><strong>Prix par tonne du tube soud\u00e9 en spirale AS 1579 en 2025<\/strong><\/h2>\n\n\n\n<p>Le prix de <strong>AS 1579 Tubes soud\u00e9s en spirale<\/strong> varie en fonction de facteurs tels que <strong>mati\u00e8res premi\u00e8res, diam\u00e8tre, rev\u00eatements et demande mondiale<\/strong>. Voici un tableau des prix estim\u00e9s pour 2025 :<\/p>\n\n\n\n<figure class=\"wp-block-table\"><table class=\"has-fixed-layout\"><thead><tr><th><strong>Diam\u00e8tre du tube (mm)<\/strong><\/th><th><strong>\u00c9paisseur de paroi (mm)<\/strong><\/th><th><strong>Prix par tonne (USD)<\/strong><\/th><\/tr><\/thead><tbody><tr><td>219 &#8211; 600<\/td><td>6 &#8211; 10<\/td><td>850-850 &amp;#8211 ; 850-1,250<\/td><\/tr><tr><td>610 &#8211; 1200<\/td><td>8 &#8211; 14<\/td><td>1,150-1,150 &amp;#8211 ; 1,150-1,600<\/td><\/tr><tr><td>1220 &#8211; 1800<\/td><td>10 &#8211; 16<\/td><td>1,350-1,350 &amp;#8211 ; 1,350-1,900<\/td><\/tr><tr><td>2000 &#8211; 3500<\/td><td>12 &#8211; 25<\/td><td>1,700-1,700 &amp;#8211 ; 1,700-2,600<\/td><\/tr><\/tbody><\/table><\/figure>\n\n\n\n<h3 class=\"wp-block-heading\" id=\"factors-affecting-price\"><strong>Facteurs affectant le prix :<\/strong><\/h3>\n\n\n\n<p>\u2714 <strong><a href=\"https:\/\/en.wikipedia.org\/wiki\/Steel\" target=\"_blank\" rel=\"noopener\">Acier<\/a> Prix<\/strong> - Les fluctuations des mati\u00e8res premi\u00e8res ont un impact sur les co\u00fbts.<br>\u2714 <strong>Frais de fabrication<\/strong> - Co\u00fbts de la main-d'\u0153uvre, de l'\u00e9nergie et du transport.<br>\u2714 <strong>Rev\u00eatements &amp;amp ; Traitements anticorrosion<\/strong> - Les rev\u00eatements personnalis\u00e9s augmentent le prix.<br>\u2714 <strong>Commandes en gros<\/strong> - Les commandes importantes re\u00e7oivent g\u00e9n\u00e9ralement <strong>tarifs r\u00e9duits<\/strong>.<\/p>\n\n\n\n<p>Le groupe Cangzhou Spiral Steel Pipes propose <strong>des prix comp\u00e9titifs et des remises en vrac<\/strong> pour <strong>Tubes certifi\u00e9s AS 1579<\/strong>.<\/p>\n\n\n\n<h2 class=\"wp-block-heading\" id=\"as-1579-spiral-welded-pipe-coating-anti-corrosion-treatments\"><strong>AS 1579 Spiral Welded Pipe Coating &amp;amp ; Anti-Corrosion Treatments<\/strong><\/h2>\n\n\n\n<p>Pour am\u00e9liorer la durabilit\u00e9, <strong>AS 1579 Tubes soud\u00e9s en spirale<\/strong> subir <strong>divers traitements de rev\u00eatement et de protection contre la corrosion<\/strong>.<\/p>\n\n\n\n<figure class=\"wp-block-table\"><table class=\"has-fixed-layout\"><thead><tr><th><strong>Type de rev\u00eatement<\/strong><\/th><th><strong>Avantages<\/strong><\/th><th><strong>Id\u00e9al pour<\/strong><\/th><\/tr><\/thead><tbody><tr><td><strong>\u00c9poxy li\u00e9 par fusion (FBE)<\/strong><\/td><td>R\u00e9sistance \u00e9lev\u00e9e \u00e0 la corrosion, surface lisse<\/td><td>Transport d'eau, canalisations municipales<\/td><\/tr><tr><td><strong>3LPE (poly\u00e9thyl\u00e8ne \u00e0 trois couches)<\/strong><\/td><td>R\u00e9sistance \u00e9lev\u00e9e aux chocs, protection contre l'humidit\u00e9<\/td><td>Conduites souterraines<\/td><\/tr><tr><td><strong>Rev\u00eatement en mortier de ciment<\/strong><\/td><td>Pr\u00e9vient la corrosion interne et am\u00e9liore la qualit\u00e9 de l'eau<\/td><td>Canalisations d'eau potable et d'eaux us\u00e9es<\/td><\/tr><tr><td><strong>Rev\u00eatement bitumineux<\/strong><\/td><td>Abordable, prot\u00e8ge contre la corrosion du sol<\/td><td>Pipelines enterr\u00e9s<\/td><\/tr><tr><td><strong>Galvanisation<\/strong><\/td><td>R\u00e9sistance \u00e0 la rouille, longue dur\u00e9e de vie<\/td><td>Applications structurelles<\/td><\/tr><\/tbody><\/table><\/figure>\n\n\n\n<p>Le groupe Cangzhou Spiral Steel Pipes fournit <strong>solutions de rev\u00eatement sur mesure<\/strong> pour <strong>Tubes certifi\u00e9s AS 1579<\/strong>, assurant <strong>long\u00e9vit\u00e9 maximale<\/strong>.<\/p>\n\n\n\n<h2 class=\"wp-block-heading\" id=\"faq-as-1579-spiral-welded-pipe\"><strong>AS 1579 Spiral Welded Pipe Processus de soudage et fabrication<\/strong><\/h2>\n\n\n\n<h3 class=\"wp-block-heading\" id=\"how-are-as-1579-spiral-welded-pipes-manufactured\"><strong>Comment sont fabriqu\u00e9s les tubes soud\u00e9s en spirale AS 1579 ?<\/strong><\/h3>\n\n\n\n<p>Les <strong>processus de fabrication<\/strong> de <strong>AS 1579 Tubes soud\u00e9s en spirale<\/strong> suit des mesures strictes de contr\u00f4le de la qualit\u00e9 afin de garantir <strong>la solidit\u00e9, la durabilit\u00e9 et la conformit\u00e9<\/strong> avec <strong>Normes australiennes<\/strong>. Vous trouverez ci-dessous une vue d'ensemble des <strong>processus de fabrication \u00e9tape par \u00e9tape<\/strong>:<\/p>\n\n\n\n<ol class=\"wp-block-list\">\n<li><strong>S\u00e9lection des bobines d'acier<\/strong>\n<ul class=\"wp-block-list\">\n<li>Haute qualit\u00e9 <strong>acier au carbone<\/strong> est choisi pour satisfaire aux exigences de la <strong>Sp\u00e9cifications des mat\u00e9riaux AS 1579<\/strong>.<\/li>\n\n\n\n<li>Les nuances d'acier les plus courantes sont les suivantes <strong>GR B, X42, X52, X60, X70 et X80<\/strong>.<\/li>\n<\/ul>\n<\/li>\n\n\n\n<li><strong>Processus de formage en spirale<\/strong>\n<ul class=\"wp-block-list\">\n<li>L'acier est introduit dans une machine \u00e0 former, o\u00f9 il est <strong>roul\u00e9s en forme d'h\u00e9lice<\/strong>.<\/li>\n\n\n\n<li>Les <strong>structure de couture en spirale<\/strong> permet <strong>une meilleure r\u00e9sistance \u00e0 la pression et une plus grande flexibilit\u00e9<\/strong>.<\/li>\n<\/ul>\n<\/li>\n\n\n\n<li><strong>Soudage \u00e0 l'arc submerg\u00e9 (SAW)<\/strong>\n<ul class=\"wp-block-list\">\n<li><strong>Soudage \u00e0 l'arc submerg\u00e9 double face (DSAW)<\/strong> est utilis\u00e9 pour cr\u00e9er un <strong>soudure solide et durable<\/strong>.<\/li>\n\n\n\n<li>Cela permet de garantir <strong>r\u00e9sistance m\u00e9canique et r\u00e9sistance aux contraintes \u00e9lev\u00e9es<\/strong>.<\/li>\n<\/ul>\n<\/li>\n\n\n\n<li><strong>Contr\u00f4le de la qualit\u00e9 et essais<\/strong>\n<ul class=\"wp-block-list\">\n<li><strong>Ultrasons &amp;amp ; Essais aux rayons X<\/strong> pour v\u00e9rifier les d\u00e9fauts internes et externes.<\/li>\n\n\n\n<li><strong>Essai de pression hydrostatique<\/strong> garantit l'absence de fuites sous haute pression.<\/li>\n<\/ul>\n<\/li>\n\n\n\n<li><strong>Rev\u00eatement &amp;amp ; Traitements anticorrosion<\/strong>\n<ul class=\"wp-block-list\">\n<li>Les tuyaux sont recouverts de <strong>Rev\u00eatement en \u00e9poxy fusionn\u00e9 (FBE), en 3LPE ou en mortier de ciment<\/strong> pour <strong>r\u00e9sistance accrue \u00e0 la corrosion<\/strong>.<\/li>\n<\/ul>\n<\/li>\n\n\n\n<li><strong>Inspection finale &amp;amp ; Certification<\/strong>\n<ul class=\"wp-block-list\">\n<li>Les conduites sont v\u00e9rifi\u00e9es pour <strong>la pr\u00e9cision dimensionnelle et la conformit\u00e9 \u00e0 la norme AS 1579<\/strong>.<\/li>\n\n\n\n<li>Certifi\u00e9 par <strong>ISO 9001 et normes de qualit\u00e9 australiennes<\/strong>.<\/li>\n<\/ul>\n<\/li>\n<\/ol>\n\n\n\n<h3 class=\"wp-block-heading\" id=\"welding-techniques-used-in-as-1579-spiral-pipes\"><strong>Techniques de soudage utilis\u00e9es dans les tubes en spirale AS 1579<\/strong><\/h3>\n\n\n\n<figure class=\"wp-block-table\"><table class=\"has-fixed-layout\"><thead><tr><th><strong>M\u00e9thode de soudage<\/strong><\/th><th><strong>Avantages<\/strong><\/th><\/tr><\/thead><tbody><tr><td><strong>Soudage \u00e0 l'arc submerg\u00e9 (SAW)<\/strong><\/td><td>P\u00e9n\u00e9tration profonde, soudures solides et uniformes<\/td><\/tr><tr><td><strong>Soudage double face (DSAW)<\/strong><\/td><td>Assure une r\u00e9sistance uniforme et \u00e9vite les points faibles<\/td><\/tr><tr><td><strong>Essais hydrostatiques<\/strong><\/td><td>V\u00e9rifie la r\u00e9sistance \u00e0 la pression, assure l'absence de fuites<\/td><\/tr><\/tbody><\/table><\/figure>\n\n\n\n<p>Le groupe Cangzhou Spiral Steel Pipes Group Co. assure <strong>tous les tuyaux sont conformes aux normes AS 1579<\/strong> \u00e0 travers <strong>un contr\u00f4le de qualit\u00e9 rigoureux et des techniques de fabrication avanc\u00e9es<\/strong>.<\/p>\n\n\n\n<h2 class=\"wp-block-heading\" id=\"as-1579-spiral-welded-pipe-suppliers-exporters\"><strong>AS 1579 Spiral Welded Pipe Fournisseurs et exportateurs<\/strong><\/h2>\n\n\n\n<p>Si vous cherchez \u00e0 <strong>importation de tubes soud\u00e9s en spirale AS 1579<\/strong>, en collaboration avec un <strong>exportateur de confiance<\/strong> est essentielle. La Chine reste un <strong>premier exportateur<\/strong> en raison de son <strong>une capacit\u00e9 de production \u00e9lev\u00e9e, des prix comp\u00e9titifs et un contr\u00f4le de qualit\u00e9 rigoureux<\/strong>.<\/p>\n\n\n\n<h3 class=\"wp-block-heading\" id=\"top-chinese-exporters-of-as-1579-spiral-welded-pipes\"><strong>Principaux exportateurs chinois de tubes soud\u00e9s en spirale AS 1579<\/strong><\/h3>\n\n\n\n<figure class=\"wp-block-table\"><table class=\"has-fixed-layout\"><thead><tr><th><strong>Nom de l'entreprise<\/strong><\/th><th><strong>Localisation<\/strong><\/th><th><strong>Capacit\u00e9 de production annuelle<\/strong><\/th><\/tr><\/thead><tbody><tr><td><strong>Groupe Cangzhou Spiral Steel Pipes Co., Ltd<\/strong><\/td><td>Hebei, Chine<\/td><td>400 000 tonnes<\/td><\/tr><tr><td><strong>Groupe Baosteel<\/strong><\/td><td>Shanghai, Chine<\/td><td>500 000+ tonnes<\/td><\/tr><tr><td><strong>Tianjin Steel Pipe Co.<\/strong><\/td><td>Tianjin, Chine<\/td><td>300 000 tonnes<\/td><\/tr><\/tbody><\/table><\/figure>\n\n\n\n<h3 class=\"wp-block-heading\" id=\"why-choose-cangzhou-spiral-steel-pipes-group-for-as-1579-pipes\"><strong>Pourquoi choisir Cangzhou Spiral Steel Pipes Group pour les tubes AS 1579 ?<\/strong><\/h3>\n\n\n\n<p>\u2714 <strong>27 ans d'exp\u00e9rience dans la fabrication de tubes en acier<\/strong><br>\u2714 <strong>Certification AS 1579, API et ISO<\/strong><br>\u2714 <strong>13 lignes de production, couvrant des diam\u00e8tres de 219 mm \u00e0 3500 mm<\/strong><br>\u2714 <strong>Rev\u00eatements personnalis\u00e9s et traitements anticorrosion disponibles<\/strong><br>\u2714 <strong>Un solide r\u00e9seau d'exportation vers l'Australie, la Nouvelle-Z\u00e9lande et l'Asie du Sud-Est<\/strong><\/p>\n\n\n\n<p>Pour <strong>tubes soud\u00e9s en spirale de haute qualit\u00e9 AS 1579<\/strong>, <strong>Groupe Cangzhou Spiral Steel Pipes Co., Ltd<\/strong> est un <strong>fournisseur de confiance<\/strong>.<\/p>\n\n\n<div class=\"wp-block-image\">\n<figure class=\"aligncenter size-large is-resized\"><img loading=\"lazy\" decoding=\"async\" width=\"1024\" height=\"536\" src=\"https:\/\/cangluopipe.com\/wp-content\/uploads\/2025\/02\/coated-spiral-pipe-1024x536.jpg\" alt=\"\" class=\"wp-image-418\" style=\"width:880px;height:auto\" srcset=\"https:\/\/cangluopipe.com\/wp-content\/uploads\/2025\/02\/coated-spiral-pipe-1024x536.jpg 1024w, https:\/\/cangluopipe.com\/wp-content\/uploads\/2025\/02\/coated-spiral-pipe-300x157.jpg 300w, https:\/\/cangluopipe.com\/wp-content\/uploads\/2025\/02\/coated-spiral-pipe-768x402.jpg 768w, https:\/\/cangluopipe.com\/wp-content\/uploads\/2025\/02\/coated-spiral-pipe-1536x804.jpg 1536w, https:\/\/cangluopipe.com\/wp-content\/uploads\/2025\/02\/coated-spiral-pipe.jpg 1800w\" sizes=\"auto, (max-width: 1024px) 100vw, 1024px\" \/><\/figure>\n<\/div>\n\n\n<h2 class=\"wp-block-heading\" id=\"faq-as-1579-spiral-welded-pipe-1\"><strong>FAQ : AS 1579 Tube soud\u00e9 en spirale<\/strong><\/h2>\n\n\n\n<figure class=\"wp-block-table\"><table class=\"has-fixed-layout\"><thead><tr><th><strong>Question<\/strong><\/th><th><strong>R\u00e9pondre<\/strong><\/th><\/tr><\/thead><tbody><tr><td><strong>A quoi sert le tube soud\u00e9 en spirale AS 1579 ?<\/strong><\/td><td>Principalement utilis\u00e9 pour <strong>le transport de l'eau, les syst\u00e8mes d'irrigation et les applications industrielles<\/strong>.<\/td><\/tr><tr><td><strong>Quels sont les rev\u00eatements disponibles ?<\/strong><\/td><td><strong>FBE, 3LPE, rev\u00eatement en mortier de ciment et rev\u00eatements galvanis\u00e9s<\/strong>.<\/td><\/tr><tr><td><strong>Quelle est la comparaison avec les tuyaux API 5L ?<\/strong><\/td><td><strong>La norme AS 1579 est id\u00e9ale pour les projets hydrauliques australiens, tandis que la norme API 5L est utilis\u00e9e dans les ol\u00e9oducs et gazoducs du monde entier<\/strong>.<\/td><\/tr><tr><td><strong>Quel est le meilleur fournisseur ?<\/strong><\/td><td><strong>Groupe Cangzhou Spiral Steel Pipes Co., Ltd<\/strong> est un fournisseur de premier plan avec <strong>Certifications ISO et AS 1579<\/strong>.<\/td><\/tr><tr><td><strong>Quel est le prix par tonne en 2025 ?<\/strong><\/td><td>Les prix varient de <strong>850 \u00e0 850 \u00e0 850 \u00e0 2 600 par tonne<\/strong>selon la taille et le rev\u00eatement.<\/td><\/tr><tr><td><strong>Comment ces tuyaux sont-ils test\u00e9s ?<\/strong><\/td><td><strong>Inspections ultrasoniques, hydrostatiques et par rayons X<\/strong> assurer le respect de la qualit\u00e9.<\/td><\/tr><tr><td><strong>Quels sont les avantages des tubes soud\u00e9s en spirale par rapport aux tubes ERW ?<\/strong><\/td><td><strong>Une plus grande solidit\u00e9, une meilleure r\u00e9sistance \u00e0 la pression et un meilleur rapport co\u00fbt-efficacit\u00e9 pour les grands diam\u00e8tres<\/strong>.<\/td><\/tr><\/tbody><\/table><\/figure>\n\n\n\n<h2 class=\"wp-block-heading\" id=\"final-thoughts\"><strong>R\u00e9flexions finales<\/strong><\/h2>\n\n\n\n<p><strong>AS 1579 Tubes soud\u00e9s en spirale<\/strong> sont largement utilis\u00e9s dans <strong>le transport de l'eau, l'irrigation et les applications industrielles<\/strong> en raison de leur <strong>haute r\u00e9sistance, r\u00e9sistance \u00e0 la corrosion et rentabilit\u00e9<\/strong>.<\/p>\n\n\n\n<p>Si vous cherchez <strong>un fournisseur fiable<\/strong>, <strong>Groupe Cangzhou Spiral Steel Pipes Co., Ltd<\/strong> est ton <strong>meilleur choix<\/strong> en 2025 ! <\/p>\n\n\n\n<p>Besoin d'un <strong>citation<\/strong> ou plus <strong>d\u00e9tails techniques<\/strong>? Contact <strong>Groupe de tubes d'acier en spirale de Cangzhou<\/strong> aujourd'hui !<\/p>","protected":false},"featured_media":267,"template":"","meta":{"_acf_changed":false,"_gspb_post_css":"","_kad_blocks_custom_css":"","_kad_blocks_head_custom_js":"","_kad_blocks_body_custom_js":"","_kad_blocks_footer_custom_js":"","_kad_post_transparent":"","_kad_post_title":"","_kad_post_layout":"","_kad_post_sidebar_id":"","_kad_post_content_style":"","_kad_post_vertical_padding":"","_kad_post_feature":"","_kad_post_feature_position":"","_kad_post_header":false,"_kad_post_footer":false,"_kad_post_classname":""},"product-category":[3],"product-standard":[15],"class_list":["post-266","product","type-product","status-publish","has-post-thumbnail","hentry","product-category-spiral-welded-pipe","product-standard-as-1579"],"acf":[],"taxonomy_info":{"product-category":[{"value":3,"label":"Spiral Welded Pipe"}],"product-standard":[{"value":15,"label":"AS 1579"}]},"featured_image_src_large":["https:\/\/cangluopipe.com\/wp-content\/uploads\/2025\/02\/AS-1579-spiral-welded-pipe.jpg",920,518,false],"author_info":[],"comment_info":"","_links":{"self":[{"href":"https:\/\/cangluopipe.com\/fr\/wp-json\/wp\/v2\/product\/266","targetHints":{"allow":["GET"]}}],"collection":[{"href":"https:\/\/cangluopipe.com\/fr\/wp-json\/wp\/v2\/product"}],"about":[{"href":"https:\/\/cangluopipe.com\/fr\/wp-json\/wp\/v2\/types\/product"}],"wp:featuredmedia":[{"embeddable":true,"href":"https:\/\/cangluopipe.com\/fr\/wp-json\/wp\/v2\/media\/267"}],"wp:attachment":[{"href":"https:\/\/cangluopipe.com\/fr\/wp-json\/wp\/v2\/media?parent=266"}],"wp:term":[{"taxonomy":"product-category","embeddable":true,"href":"https:\/\/cangluopipe.com\/fr\/wp-json\/wp\/v2\/product-category?post=266"},{"taxonomy":"product-standard","embeddable":true,"href":"https:\/\/cangluopipe.com\/fr\/wp-json\/wp\/v2\/product-standard?post=266"}],"curies":[{"name":"wp","href":"https:\/\/api.w.org\/{rel}","templated":true}]}}