{"id":263,"date":"2025-02-12T02:52:45","date_gmt":"2025-02-12T02:52:45","guid":{"rendered":"https:\/\/cangluo.easiwin.com\/?post_type=product&#038;p=263"},"modified":"2025-02-24T03:41:12","modified_gmt":"2025-02-24T03:41:12","slug":"jis-3457-spiral-welded-pipe-manufacturer","status":"publish","type":"product","link":"https:\/\/cangluopipe.com\/fr\/product\/jis-3457-spiral-welded-pipe-manufacturer\/","title":{"rendered":"Fabricant de tubes soud\u00e9s en spirale JIS 3457"},"content":{"rendered":"<h2 class=\"wp-block-heading\" id=\"overview-of-jis-3457-spiral-welded-pipe\"><strong>Aper\u00e7u du tube soud\u00e9 en spirale JIS 3457<\/strong><\/h2>\n\n\n\n<p><strong>JIS 3457 Tube soud\u00e9 en spirale<\/strong> est une norme pour les tubes d'acier r\u00e9gie par <strong>Normes industrielles japonaises (JIS), en particulier JIS G 3457<\/strong>qui est largement utilis\u00e9 pour <strong>transport d'eau, applications structurelles et pipelines industriels<\/strong>. Ces tuyaux sont connus pour leur <strong>haute r\u00e9sistance, r\u00e9sistance \u00e0 la corrosion et rentabilit\u00e9<\/strong>ils sont donc id\u00e9aux pour <strong>les syst\u00e8mes d'approvisionnement en eau sur de longues distances, les ponts et autres projets d'infrastructure<\/strong>.<\/p>\n\n\n\n<p>Contrairement \u00e0 <strong>tubes sans soudure ou ERW<\/strong>, <strong>tubes soud\u00e9s en spirale<\/strong> offrir <strong>des diam\u00e8tres plus importants, une meilleure r\u00e9sistance \u00e0 la pression et des co\u00fbts de production plus faibles<\/strong>les produits de cette cat\u00e9gorie sont donc le choix privil\u00e9gi\u00e9 pour les <strong>applications industrielles et structurelles \u00e0 grande \u00e9chelle<\/strong>.<\/p>\n\n\n\n<p>Dans ce guide, nous allons explorer tout ce qui concerne les <strong>JIS 3457 Tube soud\u00e9 en spirale<\/strong>, y compris <strong>fabricants, sp\u00e9cifications, tendances des prix, rev\u00eatements, applications et proc\u00e9d\u00e9s de soudage<\/strong>.<\/p>\n\n\n\n<h2 class=\"wp-block-heading\" id=\"top-jis-3457-spiral-welded-pipe-manufacturers\"><strong>Top JIS 3457 Spiral Welded Pipe Manufacturers (fabricants de tubes soud\u00e9s en spirale)<\/strong><\/h2>\n\n\n\n<p>Choisir un <strong>fabricant de confiance<\/strong> garantit <strong>qualit\u00e9, durabilit\u00e9 et conformit\u00e9<\/strong> avec <strong>Normes JIS 3457<\/strong>. Ci-dessous <strong>quelques uns des principaux fabricants<\/strong> en 2025 :<\/p>\n\n\n\n<h3 class=\"wp-block-heading\" id=\"1-cangzhou-spiral-steel-pipes-group-co-ltd\"><strong>1. Groupe Cangzhou Spiral Steel Pipes Co., Ltd<\/strong><\/h3>\n\n\n\n<p>\u2714 <strong>27 ans d'exp\u00e9rience<\/strong> dans la fabrication de tubes en acier<br>\u2714 <strong>13 lignes de production<\/strong> pour <strong>\u03a6219-\u03a63500mm<\/strong> tubes soud\u00e9s en spirale<br>\u2714 <strong>Certifi\u00e9 JIS 3457, ISO 9001 et API 5L<\/strong><br>\u2714 <strong>Capacit\u00e9 de production annuelle : 400 000 tonnes<\/strong><br>\u2714 <strong>Rev\u00eatements personnalis\u00e9s disponibles : FBE, 3LPE, rev\u00eatement en mortier de ciment<\/strong><\/p>\n\n\n\n<h3 class=\"wp-block-heading\" id=\"2-nippon-steel-corporation-japan\"><strong>2. Nippon Steel Corporation (Japon)<\/strong><\/h3>\n\n\n\n<p>Un fabricant japonais de premier plan sp\u00e9cialis\u00e9 dans <strong>Tubes d'acier certifi\u00e9s JIS<\/strong> pour <strong>transmission de l'eau et applications structurelles<\/strong>.<\/p>\n\n\n\n<h3 class=\"wp-block-heading\" id=\"3-jfe-steel-corporation-japan\"><strong>3. JFE Steel Corporation (Japon)<\/strong><\/h3>\n\n\n\n<p>L'un des plus grands producteurs d'acier du Japon, qui fournit de l'acier \u00e0 l'industrie <strong>Tubes conformes \u00e0 la norme JIS 3457<\/strong> pour <strong>projets d'infrastructure<\/strong>.<\/p>\n\n\n\n<h3 class=\"wp-block-heading\" id=\"4-baosteel-group-china\"><strong>4. Groupe Baosteel (Chine)<\/strong><\/h3>\n\n\n\n<p>Un fabricant mondial d'acier produisant <strong>Tubes certifi\u00e9s JIS 3457<\/strong> pour l'exportation vers <strong>Japon, Asie du Sud-Est et au-del\u00e0<\/strong>.<\/p>\n\n\n\n<h3 class=\"wp-block-heading\" id=\"5-jindal-saw-ltd-india\"><strong>5. Jindal SAW Ltd (Inde)<\/strong><\/h3>\n\n\n\n<p>Un important fournisseur de <strong>tubes soud\u00e9s en spirale<\/strong> pour <strong>applications industrielles et municipales<\/strong>.<\/p>\n\n\n\n<p>Chacun de ces fabricants garantit <strong>stricte conformit\u00e9 avec les normes JIS 3457<\/strong>garantissant <strong>grande durabilit\u00e9 et r\u00e9sistance \u00e0 la corrosion<\/strong>.<\/p>\n\n\n\n<h2 class=\"wp-block-heading\" id=\"jis-3457-spiral-welded-pipe-vs-other-pipe-types\"><strong>Tube soud\u00e9 en spirale JIS 3457 et autres types de tubes<\/strong><\/h2>\n\n\n\n<p>Comprendre les diff\u00e9rences entre <strong>JIS 3457 Tubes soud\u00e9s en spirale<\/strong> et d'autres types de tuyaux est cruciale pour s\u00e9lectionner le bon produit pour votre projet.<\/p>\n\n\n\n<figure class=\"wp-block-table\"><table class=\"has-fixed-layout\"><thead><tr><th><strong>Fonctionnalit\u00e9<\/strong><\/th><th><strong>JIS 3457 Tube soud\u00e9 en spirale<\/strong><\/th><th><strong>Tube d'acier ERW<\/strong><\/th><th><strong>Tube en acier sans soudure<\/strong><\/th><\/tr><\/thead><tbody><tr><td><strong>Processus de fabrication<\/strong><\/td><td>Soudage h\u00e9lico\u00efdal \u00e0 l'arc submerg\u00e9 (HSAW)<\/td><td>Soudage \u00e0 haute fr\u00e9quence<\/td><td>Pas de soudure (extrusion \u00e0 partir d'acier massif)<\/td><\/tr><tr><td><strong>Solidit\u00e9 et durabilit\u00e9<\/strong><\/td><td>\u00c9lev\u00e9e, adapt\u00e9e aux applications industrielles<\/td><td>Mod\u00e9r\u00e9<\/td><td>Tr\u00e8s \u00e9lev\u00e9<\/td><\/tr><tr><td><strong>R\u00e9sistance \u00e0 la pression<\/strong><\/td><td>Excellent<\/td><td>Mod\u00e9r\u00e9<\/td><td>Sup\u00e9rieure<\/td><\/tr><tr><td><strong>R\u00e9sistance \u00e0 la corrosion<\/strong><\/td><td>Peut \u00eatre renforc\u00e9 par des rev\u00eatements<\/td><td>N\u00e9cessite un rev\u00eatement suppl\u00e9mentaire<\/td><td>Naturellement plus r\u00e9sistant<\/td><\/tr><tr><td><strong>Co\u00fbt<\/strong><\/td><td>Rentabilit\u00e9<\/td><td>L\u00e9g\u00e8rement plus \u00e9lev\u00e9<\/td><td>Co\u00fbteux<\/td><\/tr><tr><td><strong>Gamme de diam\u00e8tres<\/strong><\/td><td>Grand (jusqu'\u00e0 3500 mm)<\/td><td>Limit\u00e9e<\/td><td>Limit\u00e9e<\/td><\/tr><tr><td><strong>Applications<\/strong><\/td><td>Transport d'eau, construction, projets industriels<\/td><td>Distribution d'eau, construction<\/td><td>Applications \u00e0 haute pression<\/td><\/tr><\/tbody><\/table><\/figure>\n\n\n\n<h3 class=\"wp-block-heading\" id=\"why-choose-jis-3457-spiral-welded-pipes\"><strong>Pourquoi choisir les tubes soud\u00e9s en spirale JIS 3457 ?<\/strong><\/h3>\n\n\n\n<p>\u2714 <strong>Rentable pour les pipelines de grand diam\u00e8tre<\/strong><br>\u2714 <strong>Haute r\u00e9sistance et durabilit\u00e9<\/strong><br>\u2714 <strong>Excellent pour les projets municipaux et industriels<\/strong><br>\u2714 <strong>Plus facile \u00e0 fabriquer en grandes longueurs<\/strong><\/p>\n\n\n<div class=\"wp-block-image\">\n<figure class=\"aligncenter size-large\"><img loading=\"lazy\" decoding=\"async\" width=\"1024\" height=\"536\" src=\"https:\/\/cangluopipe.com\/wp-content\/uploads\/2025\/02\/IMG_20250207_151831-1024x536.jpg\" alt=\"JIS 3457 Tube soud\u00e9 en spirale\" class=\"wp-image-433\" srcset=\"https:\/\/cangluopipe.com\/wp-content\/uploads\/2025\/02\/IMG_20250207_151831-1024x536.jpg 1024w, https:\/\/cangluopipe.com\/wp-content\/uploads\/2025\/02\/IMG_20250207_151831-300x157.jpg 300w, https:\/\/cangluopipe.com\/wp-content\/uploads\/2025\/02\/IMG_20250207_151831-768x402.jpg 768w, https:\/\/cangluopipe.com\/wp-content\/uploads\/2025\/02\/IMG_20250207_151831-1536x804.jpg 1536w, https:\/\/cangluopipe.com\/wp-content\/uploads\/2025\/02\/IMG_20250207_151831.jpg 1800w\" sizes=\"auto, (max-width: 1024px) 100vw, 1024px\" \/><\/figure>\n<\/div>\n\n\n<h2 class=\"wp-block-heading\" id=\"jis-3457-spiral-welded-pipe-price-per-ton-in-2025\"><strong>Prix par tonne du tube soud\u00e9 en spirale JIS 3457 en 2025<\/strong><\/h2>\n\n\n\n<p>Les <strong>prix des tubes soud\u00e9s en spirale JIS 3457<\/strong> varie en fonction de facteurs tels que <strong>mati\u00e8res premi\u00e8res, diam\u00e8tre, rev\u00eatements et demande mondiale<\/strong>. Vous trouverez ci-dessous un tableau des prix estim\u00e9s pour 2025 :<\/p>\n\n\n\n<figure class=\"wp-block-table\"><table class=\"has-fixed-layout\"><thead><tr><th><strong>Diam\u00e8tre du tube (mm)<\/strong><\/th><th><strong>\u00c9paisseur de paroi (mm)<\/strong><\/th><th><strong>Prix par tonne (USD)<\/strong><\/th><\/tr><\/thead><tbody><tr><td>219 &#8211; 600<\/td><td>6 &#8211; 10<\/td><td>850-850 &amp;#8211 ; 850-1,250<\/td><\/tr><tr><td>610 &#8211; 1200<\/td><td>8 &#8211; 14<\/td><td>1,150-1,150 &amp;#8211 ; 1,150-1,600<\/td><\/tr><tr><td>1220 &#8211; 1800<\/td><td>10 &#8211; 16<\/td><td>1,350-1,350 &amp;#8211 ; 1,350-1,900<\/td><\/tr><tr><td>2000 &#8211; 3500<\/td><td>12 &#8211; 25<\/td><td>1,700-1,700 &amp;#8211 ; 1,700-2,600<\/td><\/tr><\/tbody><\/table><\/figure>\n\n\n\n<h3 class=\"wp-block-heading\" id=\"factors-affecting-price\"><strong>Facteurs affectant le prix :<\/strong><\/h3>\n\n\n\n<p>\u2714 <strong>Prix de l'acier<\/strong> - Les fluctuations des mati\u00e8res premi\u00e8res ont un impact sur les co\u00fbts.<br>\u2714 <strong>Frais de fabrication<\/strong> - Co\u00fbts de la main-d'\u0153uvre, de l'\u00e9nergie et du transport.<br>\u2714 <strong>Rev\u00eatements &amp;amp ; Traitements anticorrosion<\/strong> - Les rev\u00eatements personnalis\u00e9s augmentent le prix.<br>\u2714 <strong>Commandes en gros<\/strong> - Les commandes importantes re\u00e7oivent g\u00e9n\u00e9ralement <strong>tarifs r\u00e9duits<\/strong>.<\/p>\n\n\n\n<p>Le groupe Cangzhou Spiral Steel Pipes propose <strong>des prix comp\u00e9titifs et des remises en vrac<\/strong> pour <strong>Tubes certifi\u00e9s JIS 3457<\/strong>.<\/p>\n\n\n\n<h2 class=\"wp-block-heading\" id=\"jis-3457-spiral-welded-pipe-welding-process-manufacturing\"><strong>JIS 3457 Spiral Welded Pipe Processus de soudage &amp;amp ; fabrication<\/strong><\/h2>\n\n\n\n<h3 class=\"wp-block-heading\" id=\"how-are-jis-3457-spiral-welded-pipes-manufactured\"><strong>Comment sont fabriqu\u00e9s les tubes soud\u00e9s en spirale JIS 3457 ?<\/strong><\/h3>\n\n\n\n<p>La fabrication de <strong>JIS 3457 Tubes soud\u00e9s en spirale<\/strong> suit un <strong>un processus strict de contr\u00f4le de la qualit\u00e9<\/strong> pour assurer <strong>r\u00e9sistance, durabilit\u00e9 et conformit\u00e9 \u00e9lev\u00e9es<\/strong> avec <strong>Normes industrielles japonaises (JIS)<\/strong>. Vous trouverez ci-dessous une description de la mani\u00e8re dont ces tuyaux sont produits :<\/p>\n\n\n\n<ol class=\"wp-block-list\">\n<li><strong>S\u00e9lection des bobines d'acier<\/strong>\n<ul class=\"wp-block-list\">\n<li>Haute qualit\u00e9 <strong>carbone<a href=\"https:\/\/en.wikipedia.org\/wiki\/Steel\" target=\"_blank\" rel=\"noopener\"> acier<\/a><\/strong> est s\u00e9lectionn\u00e9 en fonction de <strong>Sp\u00e9cifications JIS 3457<\/strong>.<\/li>\n\n\n\n<li>Communs <strong>nuances d'acier<\/strong> inclure <strong>GR B, X42, X52, X60, X70 et X80<\/strong>.<\/li>\n<\/ul>\n<\/li>\n\n\n\n<li><strong>Processus de formage en spirale<\/strong>\n<ul class=\"wp-block-list\">\n<li>La bande d'acier est introduite dans une machine de formage, o\u00f9 elle est lamin\u00e9e en continu en un <strong>forme en spirale<\/strong>.<\/li>\n\n\n\n<li>Les <strong>joint h\u00e9lico\u00efdal<\/strong> est form\u00e9, ce qui am\u00e9liore la r\u00e9sistance \u00e0 la pression.<\/li>\n<\/ul>\n<\/li>\n\n\n\n<li><strong>Soudage \u00e0 l'arc submerg\u00e9 (SAW)<\/strong>\n<ul class=\"wp-block-list\">\n<li><strong>Soudage \u00e0 l'arc submerg\u00e9 double face (DSAW)<\/strong> est appliqu\u00e9e pour assurer une p\u00e9n\u00e9tration profonde et des soudures solides.<\/li>\n\n\n\n<li>Ce processus permet d'am\u00e9liorer <strong>r\u00e9sistance m\u00e9canique et durabilit\u00e9<\/strong>.<\/li>\n<\/ul>\n<\/li>\n\n\n\n<li><strong>Ultrasons &amp;amp ; Inspection par rayons X<\/strong>\n<ul class=\"wp-block-list\">\n<li>Les tuyaux subissent <strong>les essais non destructifs (END)<\/strong> pour d\u00e9tecter d'\u00e9ventuels d\u00e9fauts.<\/li>\n\n\n\n<li><strong>Essai de pression hydrostatique<\/strong> garantit que les tuyaux peuvent r\u00e9sister aux pressions internes.<\/li>\n<\/ul>\n<\/li>\n\n\n\n<li><strong>Rev\u00eatement &amp;amp ; Traitement anti-corrosion<\/strong>\n<ul class=\"wp-block-list\">\n<li>En fonction de l'application, des rev\u00eatements tels que <strong>Fusion Bonded Epoxy (FBE), 3LPE, et rev\u00eatement en mortier de ciment<\/strong> sont appliqu\u00e9es.<\/li>\n<\/ul>\n<\/li>\n\n\n\n<li><strong>Inspection finale &amp;amp ; Certification<\/strong>\n<ul class=\"wp-block-list\">\n<li>Chaque tuyau est test\u00e9 pour <strong>la pr\u00e9cision dimensionnelle, les propri\u00e9t\u00e9s m\u00e9caniques et la qualit\u00e9 du rev\u00eatement<\/strong>.<\/li>\n\n\n\n<li>Les tuyaux sont estampill\u00e9s et certifi\u00e9s conform\u00e9ment \u00e0 <strong>Directives JIS 3457<\/strong>.<\/li>\n<\/ul>\n<\/li>\n<\/ol>\n\n\n\n<h3 class=\"wp-block-heading\" id=\"welding-techniques-used-in-jis-3457-spiral-pipes\"><strong>Techniques de soudage utilis\u00e9es pour les tubes en spirale JIS 3457<\/strong><\/h3>\n\n\n\n<figure class=\"wp-block-table\"><table class=\"has-fixed-layout\"><thead><tr><th><strong>M\u00e9thode de soudage<\/strong><\/th><th><strong>Avantages<\/strong><\/th><\/tr><\/thead><tbody><tr><td><strong>Soudage \u00e0 l'arc submerg\u00e9 (SAW)<\/strong><\/td><td>P\u00e9n\u00e9tration profonde, soudures solides, haute efficacit\u00e9<\/td><\/tr><tr><td><strong>Soudage double face (DSAW)<\/strong><\/td><td>Assure une r\u00e9sistance uniforme et \u00e9vite les points faibles<\/td><\/tr><tr><td><strong>Essais hydrostatiques<\/strong><\/td><td>V\u00e9rifie la r\u00e9sistance \u00e0 la pression, assure l'absence de fuites<\/td><\/tr><\/tbody><\/table><\/figure>\n\n\n\n<p>Utilisation de Cangzhou Spiral Steel Pipes Group Co <strong>les techniques de pointe en mati\u00e8re de soudage et d'essais<\/strong> pour garantir <strong>tubes soud\u00e9s en spirale de haute qualit\u00e9 JIS 3457<\/strong>.<\/p>\n\n\n<div class=\"wp-block-image\">\n<figure class=\"aligncenter size-large is-resized\"><img decoding=\"async\" src=\"https:\/\/cangluopipe.com\/wp-content\/uploads\/2025\/02\/IMG_20250207_151658-1024x536.jpg\" alt=\"\" class=\"wp-image-432\" style=\"width:950px;height:auto\"\/><\/figure>\n<\/div>\n\n\n<h2 class=\"wp-block-heading\" id=\"jis-3457-spiral-welded-pipe-suppliers-exporters\"><strong>JIS 3457 Tube soud\u00e9 en spirale Fournisseurs et exportateurs<\/strong><\/h2>\n\n\n\n<p>Si vous envisagez de <strong>importation de tubes soud\u00e9s en spirale JIS 3457<\/strong>en choisissant un <strong>exportateur de confiance<\/strong> est cruciale. La Chine reste un <strong>premier exportateur<\/strong> en raison de son <strong>une capacit\u00e9 de production \u00e9lev\u00e9e, des prix comp\u00e9titifs et des techniques de fabrication avanc\u00e9es<\/strong>.<\/p>\n\n\n\n<h3 class=\"wp-block-heading\" id=\"top-chinese-exporters-of-jis-3457-spiral-welded-pipes\"><strong>Principaux exportateurs chinois de tubes soud\u00e9s en spirale JIS 3457<\/strong><\/h3>\n\n\n\n<figure class=\"wp-block-table\"><table class=\"has-fixed-layout\"><thead><tr><th><strong>Nom de l'entreprise<\/strong><\/th><th><strong>Localisation<\/strong><\/th><th><strong>Capacit\u00e9 de production annuelle<\/strong><\/th><\/tr><\/thead><tbody><tr><td><strong>Groupe Cangzhou Spiral Steel Pipes Co., Ltd<\/strong><\/td><td>Hebei, Chine<\/td><td>400 000 tonnes<\/td><\/tr><tr><td><strong>Groupe Baosteel<\/strong><\/td><td>Shanghai, Chine<\/td><td>500 000+ tonnes<\/td><\/tr><tr><td><strong>Tianjin Steel Pipe Co.<\/strong><\/td><td>Tianjin, Chine<\/td><td>300 000 tonnes<\/td><\/tr><\/tbody><\/table><\/figure>\n\n\n\n<h3 class=\"wp-block-heading\" id=\"why-choose-cangzhou-spiral-steel-pipes-group-for-jis-3457-spiral-pipes\"><strong>Pourquoi choisir le groupe Cangzhou Spiral Steel Pipes pour les tubes en spirale JIS 3457 ?<\/strong><\/h3>\n\n\n\n<p>\u2714 <strong>27 ans d'exp\u00e9rience dans la fabrication de tubes en acier<\/strong><br>\u2714 <strong>Certifi\u00e9 JIS 3457, API et ISO<\/strong><br>\u2714 <strong>13 lignes de production, couvrant des diam\u00e8tres de tubes de 219 mm \u00e0 3500 mm<\/strong><br>\u2714 <strong>Rev\u00eatements personnalis\u00e9s et traitements anticorrosion disponibles<\/strong><br>\u2714 <strong>Un solide r\u00e9seau d'exportation vers le Japon, l'Asie du Sud-Est et le Moyen-Orient<\/strong><\/p>\n\n\n\n<p>Si vous \u00eates \u00e0 la recherche d'un <strong>fournisseur fiable de tubes soud\u00e9s en spirale JIS 3457<\/strong>, <strong>Groupe de tubes d'acier en spirale de Cangzhou<\/strong> est ton <strong>meilleur choix<\/strong>.<\/p>\n\n\n\n<h2 class=\"wp-block-heading\" id=\"faq-jis-3457-spiral-welded-pipe\"><strong>FAQ : JIS 3457 Tube soud\u00e9 en spirale<\/strong><\/h2>\n\n\n\n<figure class=\"wp-block-table\"><table class=\"has-fixed-layout\"><thead><tr><th><strong>Question<\/strong><\/th><th><strong>R\u00e9pondre<\/strong><\/th><\/tr><\/thead><tbody><tr><td><strong>\u00c0 quoi sert le tube soud\u00e9 en spirale JIS 3457 ?<\/strong><\/td><td>Principalement utilis\u00e9 pour <strong>transport d'eau, canalisations industrielles et projets structurels<\/strong>.<\/td><\/tr><tr><td><strong>Quels sont les rev\u00eatements disponibles ?<\/strong><\/td><td><strong>FBE, 3LPE, rev\u00eatement en mortier de ciment et rev\u00eatements galvanis\u00e9s<\/strong>.<\/td><\/tr><tr><td><strong>Quelle est la comparaison avec les tuyaux API 5L ?<\/strong><\/td><td><strong>La norme JIS 3457 est id\u00e9ale pour les march\u00e9s japonais et asiatiques, tandis que la norme API 5L est utilis\u00e9e pour les ol\u00e9oducs et gazoducs du monde entier<\/strong>.<\/td><\/tr><tr><td><strong>Quel est le meilleur fournisseur ?<\/strong><\/td><td><strong>Groupe Cangzhou Spiral Steel Pipes Co., Ltd<\/strong> est un fournisseur de premier plan avec <strong>Certifications ISO et JIS 3457<\/strong>.<\/td><\/tr><tr><td><strong>Quel est le prix par tonne en 2025 ?<\/strong><\/td><td>Les prix varient de <strong>850 \u00e0 850 \u00e0 850 \u00e0 2 600 par tonne<\/strong>selon la taille et le rev\u00eatement.<\/td><\/tr><tr><td><strong>Comment ces tuyaux sont-ils test\u00e9s ?<\/strong><\/td><td><strong>Inspections ultrasoniques, hydrostatiques et par rayons X<\/strong> assurer le respect de la qualit\u00e9.<\/td><\/tr><tr><td><strong>Quels sont les avantages des tubes soud\u00e9s en spirale par rapport aux tubes ERW ?<\/strong><\/td><td><strong>Une plus grande solidit\u00e9, une meilleure r\u00e9sistance \u00e0 la pression et un meilleur rapport co\u00fbt-efficacit\u00e9 pour les grands diam\u00e8tres<\/strong>.<\/td><\/tr><tr><td><strong>Les tubes JIS 3457 n\u00e9cessitent-ils un rev\u00eatement ?<\/strong><\/td><td><strong>Oui, les rev\u00eatements tels que le FBE, le 3LPE ou le rev\u00eatement en mortier de ciment am\u00e9liorent la r\u00e9sistance \u00e0 la corrosion<\/strong>.<\/td><\/tr><tr><td><strong>Les tubes JIS 3457 sont-ils disponibles dans de grands diam\u00e8tres ?<\/strong><\/td><td><strong>Oui, ils sont disponibles dans des tailles allant jusqu'\u00e0 3500 mm de diam\u00e8tre.<\/strong><\/td><\/tr><\/tbody><\/table><\/figure>\n\n\n\n<h2 class=\"wp-block-heading\" id=\"final-thoughts\"><strong>R\u00e9flexions finales<\/strong><\/h2>\n\n\n\n<p><strong>JIS 3457 Tubes soud\u00e9s en spirale<\/strong> offrir <strong>r\u00e9sistance \u00e9lev\u00e9e, rentabilit\u00e9 et durabilit\u00e9<\/strong>ils sont donc id\u00e9aux pour <strong>transport d'eau, canalisations industrielles et applications structurelles<\/strong>.<\/p>\n\n\n\n<p>Si vous cherchez <strong>un fournisseur fiable<\/strong>, <strong>Groupe Cangzhou Spiral Steel Pipes Co., Ltd<\/strong> est ton <strong>meilleur choix<\/strong> en 2025 ! <\/p>\n\n\n\n<p>Besoin d'un <strong>citation<\/strong> ou plus <strong>d\u00e9tails techniques<\/strong>? Contact <strong>Groupe de tubes d'acier en spirale de Cangzhou<\/strong> aujourd'hui !<\/p>\n\n\n\n<p><\/p>","protected":false},"featured_media":264,"template":"","meta":{"_acf_changed":false,"_gspb_post_css":"","_kad_blocks_custom_css":"","_kad_blocks_head_custom_js":"","_kad_blocks_body_custom_js":"","_kad_blocks_footer_custom_js":"","_kad_post_transparent":"","_kad_post_title":"","_kad_post_layout":"","_kad_post_sidebar_id":"","_kad_post_content_style":"","_kad_post_vertical_padding":"","_kad_post_feature":"","_kad_post_feature_position":"","_kad_post_header":false,"_kad_post_footer":false,"_kad_post_classname":""},"product-category":[3],"product-standard":[14],"class_list":["post-263","product","type-product","status-publish","has-post-thumbnail","hentry","product-category-spiral-welded-pipe","product-standard-jis-3457"],"acf":[],"taxonomy_info":{"product-category":[{"value":3,"label":"Spiral Welded Pipe"}],"product-standard":[{"value":14,"label":"JIS 3457"}]},"featured_image_src_large":["https:\/\/cangluopipe.com\/wp-content\/uploads\/2025\/02\/JIS-3457-spiral-welded-pipe-1024x461.webp",1024,461,true],"author_info":[],"comment_info":"","_links":{"self":[{"href":"https:\/\/cangluopipe.com\/fr\/wp-json\/wp\/v2\/product\/263","targetHints":{"allow":["GET"]}}],"collection":[{"href":"https:\/\/cangluopipe.com\/fr\/wp-json\/wp\/v2\/product"}],"about":[{"href":"https:\/\/cangluopipe.com\/fr\/wp-json\/wp\/v2\/types\/product"}],"wp:featuredmedia":[{"embeddable":true,"href":"https:\/\/cangluopipe.com\/fr\/wp-json\/wp\/v2\/media\/264"}],"wp:attachment":[{"href":"https:\/\/cangluopipe.com\/fr\/wp-json\/wp\/v2\/media?parent=263"}],"wp:term":[{"taxonomy":"product-category","embeddable":true,"href":"https:\/\/cangluopipe.com\/fr\/wp-json\/wp\/v2\/product-category?post=263"},{"taxonomy":"product-standard","embeddable":true,"href":"https:\/\/cangluopipe.com\/fr\/wp-json\/wp\/v2\/product-standard?post=263"}],"curies":[{"name":"wp","href":"https:\/\/api.w.org\/{rel}","templated":true}]}}