{"id":260,"date":"2025-02-12T02:50:58","date_gmt":"2025-02-12T02:50:58","guid":{"rendered":"https:\/\/cangluo.easiwin.com\/?post_type=product&#038;p=260"},"modified":"2025-02-24T03:41:22","modified_gmt":"2025-02-24T03:41:22","slug":"iso-3183-spiral-welded-pipe-manufacturer","status":"publish","type":"product","link":"https:\/\/cangluopipe.com\/fr\/product\/iso-3183-spiral-welded-pipe-manufacturer\/","title":{"rendered":"Fabricant de tubes soud\u00e9s en spirale ISO 3183"},"content":{"rendered":"<h2 class=\"wp-block-heading\" id=\"overview-of-iso-3183-spiral-welded-pipe\"><strong>Aper\u00e7u du tube soud\u00e9 en spirale ISO 3183<\/strong><\/h2>\n\n\n\n<p><strong>ISO 3183 Tube soud\u00e9 en spirale<\/strong> est une norme mondialement reconnue pour les <strong>tubes en acier soud\u00e9s<\/strong> utilis\u00e9 dans <strong>les industries du p\u00e9trole, du gaz et de l'\u00e9nergie<\/strong>. R\u00e9gie par la <strong>Organisation internationale de normalisation (ISO)<\/strong>la pr\u00e9sente sp\u00e9cification garantit que les pipelines en acier r\u00e9pondent aux exigences suivantes <strong>r\u00e9sistance m\u00e9canique \u00e9lev\u00e9e, r\u00e9sistance \u00e0 la corrosion et capacit\u00e9 \u00e0 supporter la pression<\/strong>.<\/p>\n\n\n\n<p>La norme ISO 3183 couvre \u00e0 la fois <strong>tubes sans soudure et soud\u00e9s<\/strong>mais <strong>tubes soud\u00e9s en spirale (SSAW ou HSAW)<\/strong> sont largement utilis\u00e9s en raison de leur <strong>la rentabilit\u00e9, les possibilit\u00e9s de grands diam\u00e8tres et la r\u00e9sistance \u00e0 la haute pression<\/strong>. Ces tuyaux sont couramment utilis\u00e9s pour <strong>le transport \u00e0 longue distance de p\u00e9trole, de gaz, d'eau et d'autres fluides<\/strong>.<\/p>\n\n\n\n<p>Dans ce guide, nous allons explorer tout ce qui concerne <strong>ISO 3183 Tubes soud\u00e9s en spirale<\/strong>, y compris <strong>fabricants, sp\u00e9cifications, tendances des prix, rev\u00eatements, applications et proc\u00e9d\u00e9s de soudage<\/strong>.<\/p>\n\n\n\n<h2 class=\"wp-block-heading\" id=\"top-iso-3183-spiral-welded-pipe-manufacturers\"><strong>Principaux fabricants de tubes soud\u00e9s en spirale ISO 3183<\/strong><\/h2>\n\n\n\n<p>Choisir un <strong>fabricant fiable<\/strong> est essentielle pour garantir <strong>haute qualit\u00e9, conformit\u00e9 et durabilit\u00e9<\/strong>. Voici quelques-unes des <strong>principaux fabricants<\/strong> en 2025 :<\/p>\n\n\n\n<h3 class=\"wp-block-heading\" id=\"1-cangzhou-spiral-steel-pipes-group-co-ltd\"><strong>1. Groupe Cangzhou Spiral Steel Pipes Co., Ltd<\/strong><\/h3>\n\n\n\n<p>\u2714 <strong>27 ans d'exp\u00e9rience<\/strong> dans la fabrication de tubes en acier<br>\u2714 <strong>13 lignes de production<\/strong> pour <strong>\u03a6219-\u03a63500mm<\/strong> tubes soud\u00e9s en spirale<br>\u2714 <strong>Certifi\u00e9 ISO 3183, API 5L et ISO 9001<\/strong><br>\u2714 <strong>Capacit\u00e9 de production annuelle : 400 000 tonnes<\/strong><br>\u2714 <strong>Rev\u00eatements personnalis\u00e9s disponibles : FBE, 3LPE, rev\u00eatement en mortier de ciment<\/strong><\/p>\n\n\n\n<h3 class=\"wp-block-heading\" id=\"2-baosteel-group-china\"><strong>2. Groupe Baosteel (Chine)<\/strong><\/h3>\n\n\n\n<p>Un leader mondial dans la production d'acier, fournissant <strong>Tubes conformes \u00e0 la norme ISO 3183<\/strong> pour <strong>applications p\u00e9troli\u00e8res, gazi\u00e8res et industrielles<\/strong>.<\/p>\n\n\n\n<h3 class=\"wp-block-heading\" id=\"3-nippon-steel-corporation-japan\"><strong>3. Nippon Steel Corporation (Japon)<\/strong><\/h3>\n\n\n\n<p>Un grand fabricant japonais sp\u00e9cialis\u00e9 dans <strong>Tubes d'acier certifi\u00e9s ISO 3183<\/strong> pour <strong>transport de p\u00e9trole et de gaz<\/strong>.<\/p>\n\n\n\n<h3 class=\"wp-block-heading\" id=\"4-jindal-saw-ltd-india\"><strong>4. Jindal SAW Ltd (Inde)<\/strong><\/h3>\n\n\n\n<p>Un fournisseur cl\u00e9 de <strong>Tubes soud\u00e9s en spirale ISO 3183<\/strong> pour <strong>industries du p\u00e9trole et du gaz naturel<\/strong>.<\/p>\n\n\n\n<h3 class=\"wp-block-heading\" id=\"5-welspun-corp-ltd-india\"><strong>5. Welspun Corp Ltd (Inde)<\/strong><\/h3>\n\n\n\n<p>Un important producteur de <strong>tubes d'acier soud\u00e9s de grand diam\u00e8tre<\/strong> pour <strong>projets d'infrastructures de pipelines<\/strong>.<\/p>\n\n\n\n<p>Chacun de ces fabricants garantit <strong>strict respect des normes ISO 3183<\/strong>garantissant <strong>grande durabilit\u00e9 et r\u00e9sistance \u00e0 la corrosion<\/strong>.<\/p>\n\n\n<div class=\"wp-block-image\">\n<figure class=\"aligncenter size-large is-resized\"><img loading=\"lazy\" decoding=\"async\" width=\"1024\" height=\"536\" src=\"https:\/\/cangluopipe.com\/wp-content\/uploads\/2025\/02\/q355b-spiral-weld-pipes-1024x536.jpg\" alt=\"ISO 3183 Tube soud\u00e9 en spirale\" class=\"wp-image-420\" style=\"width:958px;height:auto\" srcset=\"https:\/\/cangluopipe.com\/wp-content\/uploads\/2025\/02\/q355b-spiral-weld-pipes-1024x536.jpg 1024w, https:\/\/cangluopipe.com\/wp-content\/uploads\/2025\/02\/q355b-spiral-weld-pipes-300x157.jpg 300w, https:\/\/cangluopipe.com\/wp-content\/uploads\/2025\/02\/q355b-spiral-weld-pipes-768x402.jpg 768w, https:\/\/cangluopipe.com\/wp-content\/uploads\/2025\/02\/q355b-spiral-weld-pipes-1536x804.jpg 1536w, https:\/\/cangluopipe.com\/wp-content\/uploads\/2025\/02\/q355b-spiral-weld-pipes.jpg 1800w\" sizes=\"auto, (max-width: 1024px) 100vw, 1024px\" \/><\/figure>\n<\/div>\n\n\n<h2 class=\"wp-block-heading\" id=\"iso-3183-spiral-welded-pipe-vs-other-pipe-types\"><strong>Tube soud\u00e9 en spirale ISO 3183 et autres types de tubes<\/strong><\/h2>\n\n\n\n<p>Le choix du bon tuyau d\u00e9pend <strong>l'application, la durabilit\u00e9, le co\u00fbt et la r\u00e9sistance<\/strong>. Voici comment <strong>ISO 3183 Tube soud\u00e9 en spirale<\/strong> par rapport \u00e0 d'autres types de tuyaux courants :<\/p>\n\n\n\n<figure class=\"wp-block-table\"><table class=\"has-fixed-layout\"><thead><tr><th><strong>Fonctionnalit\u00e9<\/strong><\/th><th><strong>ISO 3183 Tube soud\u00e9 en spirale<\/strong><\/th><th><strong>Tube ERW (soud\u00e9 par r\u00e9sistance \u00e9lectrique)<\/strong><\/th><th><strong>Tube en acier sans soudure<\/strong><\/th><\/tr><\/thead><tbody><tr><td><strong>Processus de fabrication<\/strong><\/td><td>Soudage h\u00e9lico\u00efdal \u00e0 l'arc submerg\u00e9 (HSAW)<\/td><td>Soudage par r\u00e9sistance \u00e0 haute fr\u00e9quence<\/td><td>Produit sans soudure<\/td><\/tr><tr><td><strong>Solidit\u00e9 et durabilit\u00e9<\/strong><\/td><td>\u00c9lev\u00e9e en raison de la couture en spirale<\/td><td>Mod\u00e9r\u00e9<\/td><td>Tr\u00e8s \u00e9lev\u00e9<\/td><\/tr><tr><td><strong>R\u00e9sistance \u00e0 la pression<\/strong><\/td><td>Excellent<\/td><td>Mod\u00e9r\u00e9<\/td><td>Sup\u00e9rieure<\/td><\/tr><tr><td><strong>R\u00e9sistance \u00e0 la corrosion<\/strong><\/td><td>Peut \u00eatre renforc\u00e9 par des rev\u00eatements<\/td><td>N\u00e9cessite un rev\u00eatement suppl\u00e9mentaire<\/td><td>Naturellement plus r\u00e9sistant<\/td><\/tr><tr><td><strong>Co\u00fbt<\/strong><\/td><td>Rentabilit\u00e9<\/td><td>L\u00e9g\u00e8rement plus \u00e9lev\u00e9<\/td><td>Co\u00fbteux<\/td><\/tr><tr><td><strong>Taille Disponibilit\u00e9<\/strong><\/td><td>Grand diam\u00e8tre (jusqu'\u00e0 3500 mm)<\/td><td>Diam\u00e8tre limit\u00e9<\/td><td>Diam\u00e8tre limit\u00e9<\/td><\/tr><tr><td><strong>Application<\/strong><\/td><td>P\u00e9trole &amp;amp ; gazoducs, transport d'eau, projets industriels<\/td><td>Transport de l'eau, construction<\/td><td>Applications \u00e0 haute pression<\/td><\/tr><\/tbody><\/table><\/figure>\n\n\n\n<h3 class=\"wp-block-heading\" id=\"why-choose-iso-3183-spiral-welded-pipes\"><strong>Pourquoi choisir les tubes soud\u00e9s en spirale ISO 3183 ?<\/strong><\/h3>\n\n\n\n<p>\u2714 <strong>Haute r\u00e9sistance pour les pipelines de longue distance<\/strong><br>\u2714 <strong>Rentable pour les applications de grand diam\u00e8tre<\/strong><br>\u2714 <strong>Excellent pour la transmission du p\u00e9trole, du gaz et de l'eau<\/strong><br>\u2714 <strong>Plus facile \u00e0 fabriquer en grandes longueurs<\/strong><\/p>\n\n\n\n<h2 class=\"wp-block-heading\" id=\"iso-3183-spiral-welded-pipe-price-per-ton-in-2025\"><strong>Prix du tube soud\u00e9 en spirale ISO 3183 par tonne en 2025<\/strong><\/h2>\n\n\n\n<p>Le prix de <strong>ISO 3183 Tubes soud\u00e9s en spirale<\/strong> varie en fonction de facteurs tels que <strong>les co\u00fbts des mati\u00e8res premi\u00e8res, la demande, les rev\u00eatements et le lieu de fabrication<\/strong>. Vous trouverez ci-dessous un tableau des prix estim\u00e9s pour 2025 :<\/p>\n\n\n\n<figure class=\"wp-block-table\"><table class=\"has-fixed-layout\"><thead><tr><th><strong>Diam\u00e8tre du tube (mm)<\/strong><\/th><th><strong>\u00c9paisseur de paroi (mm)<\/strong><\/th><th><strong>Prix par tonne (USD)<\/strong><\/th><\/tr><\/thead><tbody><tr><td>219 &#8211; 600<\/td><td>6 &#8211; 10<\/td><td>900-900 &amp;#8211 ; 900-1,350<\/td><\/tr><tr><td>610 &#8211; 1200<\/td><td>8 &#8211; 14<\/td><td>1,200-1,200 &amp;#8211 ; 1,200-1,700<\/td><\/tr><tr><td>1220 &#8211; 1800<\/td><td>10 &#8211; 16<\/td><td>1,400-1,400 &amp;#8211 ; 1,400-2,000<\/td><\/tr><tr><td>2000 &#8211; 3500<\/td><td>12 &#8211; 25<\/td><td>1,800-1,800 &amp;#8211 ; 1,800-2,800<\/td><\/tr><\/tbody><\/table><\/figure>\n\n\n\n<h3 class=\"wp-block-heading\" id=\"factors-affecting-price\"><strong>Facteurs affectant le prix :<\/strong><\/h3>\n\n\n\n<p>\u2714 <strong>Prix de l'acier<\/strong> - Les fluctuations des prix des mati\u00e8res premi\u00e8res ont un impact sur les co\u00fbts des tuyaux.<br>\u2714 <strong>Co\u00fbts de fabrication<\/strong> - Frais de main-d'\u0153uvre, d'\u00e9nergie et de transport.<br>\u2714 <strong>Rev\u00eatements &amp;amp ; Traitements<\/strong> - Les rev\u00eatements anticorrosion suppl\u00e9mentaires augmentent le prix.<br>\u2714 <strong>Quantit\u00e9 command\u00e9e<\/strong> - Les commandes en gros b\u00e9n\u00e9ficient souvent de prix plus avantageux.<\/p>\n\n\n\n<p>Le groupe Cangzhou Spiral Steel Pipes propose <strong>des prix comp\u00e9titifs et des remises en vrac<\/strong> pour <strong>Tubes certifi\u00e9s ISO 3183<\/strong>.<\/p>\n\n\n\n<h2 class=\"wp-block-heading\" id=\"iso-3183-spiral-welded-pipe-welding-process-manufacturing\"><strong>ISO 3183 Tube soud\u00e9 en spirale Processus de soudage &amp;amp ; fabrication<\/strong><\/h2>\n\n\n\n<h3 class=\"wp-block-heading\" id=\"how-are-iso-3183-spiral-welded-pipes-manufactured\"><strong>Comment sont fabriqu\u00e9s les tubes soud\u00e9s en spirale ISO 3183 ?<\/strong><\/h3>\n\n\n\n<p>Les <strong>ISO 3183 Tube soud\u00e9 en spirale<\/strong> le processus de fabrication est le suivant <strong>des mesures strictes de contr\u00f4le de la qualit\u00e9<\/strong> pour assurer <strong>haute r\u00e9sistance, durabilit\u00e9 et conformit\u00e9 aux normes internationales en mati\u00e8re de p\u00e9trole et de gaz<\/strong>. Vous trouverez ci-dessous une vue d'ensemble des <strong>processus de fabrication \u00e9tape par \u00e9tape<\/strong>:<\/p>\n\n\n\n<ol class=\"wp-block-list\">\n<li><strong>S\u00e9lection des bobines d'acier<\/strong>\n<ul class=\"wp-block-list\">\n<li>Haute qualit\u00e9 <strong>carbone<a href=\"https:\/\/en.wikipedia.org\/wiki\/Steel\" target=\"_blank\" rel=\"noopener\"> acier<\/a><\/strong> est choisi pour satisfaire aux exigences de la <strong>Sp\u00e9cifications des mat\u00e9riaux ISO 3183<\/strong>.<\/li>\n\n\n\n<li>Les nuances d'acier les plus courantes sont les suivantes <strong>GR B, X42, X52, X60, X70 et X80<\/strong>.<\/li>\n<\/ul>\n<\/li>\n\n\n\n<li><strong>Processus de formage en spirale<\/strong>\n<ul class=\"wp-block-list\">\n<li>La bande d'acier est introduite dans une machine de formage, o\u00f9 elle est <strong>roul\u00e9s en forme d'h\u00e9lice<\/strong>.<\/li>\n\n\n\n<li>Les <strong>structure de couture en spirale<\/strong> permet <strong>une meilleure r\u00e9sistance \u00e0 la pression et une plus grande flexibilit\u00e9<\/strong>.<\/li>\n<\/ul>\n<\/li>\n\n\n\n<li><strong>Soudage \u00e0 l'arc submerg\u00e9 (SAW)<\/strong>\n<ul class=\"wp-block-list\">\n<li><strong>Soudage \u00e0 l'arc submerg\u00e9 double face (DSAW)<\/strong> est utilis\u00e9 pour cr\u00e9er un <strong>soudure solide et durable<\/strong>.<\/li>\n\n\n\n<li>Cela permet de garantir <strong>r\u00e9sistance m\u00e9canique et r\u00e9sistance aux contraintes \u00e9lev\u00e9es<\/strong>.<\/li>\n<\/ul>\n<\/li>\n\n\n\n<li><strong>Contr\u00f4le de la qualit\u00e9 et essais<\/strong>\n<ul class=\"wp-block-list\">\n<li><strong>Ultrasons &amp;amp ; Essais aux rayons X<\/strong> pour v\u00e9rifier les d\u00e9fauts internes et externes.<\/li>\n\n\n\n<li><strong>Essai de pression hydrostatique<\/strong> garantit l'absence de fuites sous haute pression.<\/li>\n<\/ul>\n<\/li>\n\n\n\n<li><strong>Rev\u00eatement &amp;amp ; Traitements anticorrosion<\/strong>\n<ul class=\"wp-block-list\">\n<li>Les tuyaux sont recouverts de <strong>Rev\u00eatement en \u00e9poxy fusionn\u00e9 (FBE), en 3LPE ou en mortier de ciment<\/strong> pour <strong>r\u00e9sistance accrue \u00e0 la corrosion<\/strong>.<\/li>\n<\/ul>\n<\/li>\n\n\n\n<li><strong>Inspection finale &amp;amp ; Certification<\/strong>\n<ul class=\"wp-block-list\">\n<li>Les conduites sont v\u00e9rifi\u00e9es pour <strong>pr\u00e9cision dimensionnelle et conformit\u00e9 \u00e0 la norme ISO 3183<\/strong>.<\/li>\n\n\n\n<li>Certifi\u00e9 par <strong>ISO 9001 et normes de qualit\u00e9 approuv\u00e9es par l'industrie<\/strong>.<\/li>\n<\/ul>\n<\/li>\n<\/ol>\n\n\n\n<h3 class=\"wp-block-heading\" id=\"welding-techniques-used-in-iso-3183-spiral-pipes\"><strong>Techniques de soudage utilis\u00e9es dans les tubes spiral\u00e9s ISO 3183<\/strong><\/h3>\n\n\n\n<figure class=\"wp-block-table\"><table class=\"has-fixed-layout\"><thead><tr><th><strong>M\u00e9thode de soudage<\/strong><\/th><th><strong>Avantages<\/strong><\/th><\/tr><\/thead><tbody><tr><td><strong>Soudage \u00e0 l'arc submerg\u00e9 (SAW)<\/strong><\/td><td>P\u00e9n\u00e9tration profonde, soudures solides et uniformes<\/td><\/tr><tr><td><strong>Soudage double face (DSAW)<\/strong><\/td><td>Assure une r\u00e9sistance uniforme et \u00e9vite les points faibles<\/td><\/tr><tr><td><strong>Essais hydrostatiques<\/strong><\/td><td>V\u00e9rifie la r\u00e9sistance \u00e0 la pression, assure l'absence de fuites<\/td><\/tr><\/tbody><\/table><\/figure>\n\n\n\n<p>Le groupe Cangzhou Spiral Steel Pipes Group Co. assure <strong>tous les tuyaux sont conformes aux normes ISO 3183<\/strong> \u00e0 travers <strong>un contr\u00f4le de qualit\u00e9 rigoureux et des techniques de fabrication avanc\u00e9es<\/strong>.<\/p>\n\n\n<div class=\"wp-block-image\">\n<figure class=\"aligncenter size-large is-resized\"><img loading=\"lazy\" decoding=\"async\" width=\"1024\" height=\"536\" src=\"https:\/\/cangluopipe.com\/wp-content\/uploads\/2025\/02\/coated-spiral-pipe-1024x536.jpg\" alt=\"ISO 3183 Tube soud\u00e9 en spirale\" class=\"wp-image-418\" style=\"width:936px;height:auto\" srcset=\"https:\/\/cangluopipe.com\/wp-content\/uploads\/2025\/02\/coated-spiral-pipe-1024x536.jpg 1024w, https:\/\/cangluopipe.com\/wp-content\/uploads\/2025\/02\/coated-spiral-pipe-300x157.jpg 300w, https:\/\/cangluopipe.com\/wp-content\/uploads\/2025\/02\/coated-spiral-pipe-768x402.jpg 768w, https:\/\/cangluopipe.com\/wp-content\/uploads\/2025\/02\/coated-spiral-pipe-1536x804.jpg 1536w, https:\/\/cangluopipe.com\/wp-content\/uploads\/2025\/02\/coated-spiral-pipe.jpg 1800w\" sizes=\"auto, (max-width: 1024px) 100vw, 1024px\" \/><\/figure>\n<\/div>\n\n\n<h2 class=\"wp-block-heading\" id=\"iso-3183-spiral-welded-pipe-suppliers-exporters\"><strong>ISO 3183 Tube soud\u00e9 en spirale Fournisseurs et exportateurs<\/strong><\/h2>\n\n\n\n<p>Si vous cherchez \u00e0 <strong>import ISO 3183 Tubes soud\u00e9s en spirale<\/strong>, en collaboration avec un <strong>exportateur de confiance<\/strong> est essentielle. La Chine reste un <strong>premier exportateur<\/strong> en raison de son <strong>une capacit\u00e9 de production \u00e9lev\u00e9e, des prix comp\u00e9titifs et un contr\u00f4le de qualit\u00e9 rigoureux<\/strong>.<\/p>\n\n\n\n<h3 class=\"wp-block-heading\" id=\"top-chinese-exporters-of-iso-3183-spiral-welded-pipes\"><strong>Principaux exportateurs chinois de tubes soud\u00e9s en spirale ISO 3183<\/strong><\/h3>\n\n\n\n<figure class=\"wp-block-table\"><table class=\"has-fixed-layout\"><thead><tr><th><strong>Nom de l'entreprise<\/strong><\/th><th><strong>Localisation<\/strong><\/th><th><strong>Capacit\u00e9 de production annuelle<\/strong><\/th><\/tr><\/thead><tbody><tr><td><strong>Groupe Cangzhou Spiral Steel Pipes Co., Ltd<\/strong><\/td><td>Hebei, Chine<\/td><td>400 000 tonnes<\/td><\/tr><tr><td><strong>Groupe Baosteel<\/strong><\/td><td>Shanghai, Chine<\/td><td>500 000+ tonnes<\/td><\/tr><tr><td><strong>Tianjin Steel Pipe Co.<\/strong><\/td><td>Tianjin, Chine<\/td><td>300 000 tonnes<\/td><\/tr><\/tbody><\/table><\/figure>\n\n\n\n<h3 class=\"wp-block-heading\" id=\"why-choose-cangzhou-spiral-steel-pipes-group-for-iso-3183-pipes\"><strong>Pourquoi choisir Cangzhou Spiral Steel Pipes Group pour les tubes ISO 3183 ?<\/strong><\/h3>\n\n\n\n<p>\u2714 <strong>27 ans d'exp\u00e9rience dans la fabrication de tubes en acier<\/strong><br>\u2714 <strong>Certifi\u00e9 ISO 3183, API et ISO<\/strong><br>\u2714 <strong>13 lignes de production, couvrant des diam\u00e8tres de 219 mm \u00e0 3500 mm<\/strong><br>\u2714 <strong>Rev\u00eatements personnalis\u00e9s et traitements anticorrosion disponibles<\/strong><br>\u2714 <strong>Un solide r\u00e9seau d'exportation vers l'Am\u00e9rique du Nord, l'Europe et l'Asie<\/strong><\/p>\n\n\n\n<p>Pour <strong>tubes soud\u00e9s en spirale ISO 3183 de haute qualit\u00e9<\/strong>, <strong>Groupe Cangzhou Spiral Steel Pipes Co., Ltd<\/strong> est un <strong>fournisseur de confiance<\/strong>.<\/p>\n\n\n\n<h2 class=\"wp-block-heading\" id=\"faq-iso-3183-spiral-welded-pipe\"><strong>FAQ : ISO 3183 Tube soud\u00e9 en spirale<\/strong><\/h2>\n\n\n\n<figure class=\"wp-block-table\"><table class=\"has-fixed-layout\"><thead><tr><th><strong>Question<\/strong><\/th><th><strong>R\u00e9pondre<\/strong><\/th><\/tr><\/thead><tbody><tr><td><strong>A quoi sert le tube soud\u00e9 en spirale ISO 3183 ?<\/strong><\/td><td>Principalement utilis\u00e9 pour <strong>projets de transport de p\u00e9trole, de gaz et d'eau<\/strong>.<\/td><\/tr><tr><td><strong>Quels sont les rev\u00eatements disponibles ?<\/strong><\/td><td><strong>FBE, 3LPE, rev\u00eatement en mortier de ciment et rev\u00eatements galvanis\u00e9s<\/strong>.<\/td><\/tr><tr><td><strong>Quelle est la comparaison avec les tuyaux API 5L ?<\/strong><\/td><td><strong>La norme ISO 3183 est une norme internationale, tandis que la norme API 5L est principalement utilis\u00e9e en Am\u00e9rique du Nord pour les ol\u00e9oducs et les gazoducs<\/strong>.<\/td><\/tr><tr><td><strong>Quel est le meilleur fournisseur ?<\/strong><\/td><td><strong>Groupe Cangzhou Spiral Steel Pipes Co., Ltd<\/strong> est un fournisseur de premier plan avec <strong>Certifications ISO et API<\/strong>.<\/td><\/tr><tr><td><strong>Quel est le prix par tonne en 2025 ?<\/strong><\/td><td>Les prix varient de <strong>900 \u00e0 900 \u00e0 900 \u00e0 2 800 par tonne<\/strong>selon la taille et le rev\u00eatement.<\/td><\/tr><tr><td><strong>Comment ces tuyaux sont-ils test\u00e9s ?<\/strong><\/td><td><strong>Inspections ultrasoniques, hydrostatiques et par rayons X<\/strong> assurer le respect de la qualit\u00e9.<\/td><\/tr><tr><td><strong>Quels sont les avantages des tubes soud\u00e9s en spirale par rapport aux tubes ERW ?<\/strong><\/td><td><strong>Une plus grande solidit\u00e9, une meilleure r\u00e9sistance \u00e0 la pression et un meilleur rapport co\u00fbt-efficacit\u00e9 pour les grands diam\u00e8tres<\/strong>.<\/td><\/tr><tr><td><strong>Les tuyaux ISO 3183 n\u00e9cessitent-ils des rev\u00eatements ?<\/strong><\/td><td><strong>Oui, les rev\u00eatements tels que le FBE, le 3LPE ou le rev\u00eatement en mortier de ciment am\u00e9liorent la r\u00e9sistance \u00e0 la corrosion<\/strong>.<\/td><\/tr><tr><td><strong>Les tubes ISO 3183 sont-ils disponibles en grands diam\u00e8tres ?<\/strong><\/td><td><strong>Oui, ils sont disponibles dans des tailles allant jusqu'\u00e0 3500 mm de diam\u00e8tre.<\/strong><\/td><\/tr><\/tbody><\/table><\/figure>\n\n\n\n<h2 class=\"wp-block-heading\" id=\"final-thoughts\"><strong>R\u00e9flexions finales<\/strong><\/h2>\n\n\n\n<p><strong>ISO 3183 Tubes soud\u00e9s en spirale<\/strong> sont largement utilis\u00e9s dans <strong>transport de p\u00e9trole, de gaz et d'eau<\/strong> en raison de leur <strong>haute r\u00e9sistance, r\u00e9sistance \u00e0 la corrosion et rentabilit\u00e9<\/strong>.<\/p>\n\n\n\n<p>Si vous cherchez <strong>un fournisseur fiable<\/strong>, <strong>Groupe Cangzhou Spiral Steel Pipes Co., Ltd<\/strong> est ton <strong>meilleur choix<\/strong> en 2025 ! <\/p>\n\n\n\n<p>Besoin d'un <strong>citation<\/strong> ou plus <strong>d\u00e9tails techniques<\/strong>? Contact <strong>Groupe de tubes d'acier en spirale de Cangzhou<\/strong> aujourd'hui !<\/p>","protected":false},"featured_media":261,"template":"","meta":{"_acf_changed":false,"_gspb_post_css":"","_kad_blocks_custom_css":"","_kad_blocks_head_custom_js":"","_kad_blocks_body_custom_js":"","_kad_blocks_footer_custom_js":"","_kad_post_transparent":"","_kad_post_title":"","_kad_post_layout":"","_kad_post_sidebar_id":"","_kad_post_content_style":"","_kad_post_vertical_padding":"","_kad_post_feature":"","_kad_post_feature_position":"","_kad_post_header":false,"_kad_post_footer":false,"_kad_post_classname":""},"product-category":[3],"product-standard":[12],"class_list":["post-260","product","type-product","status-publish","has-post-thumbnail","hentry","product-category-spiral-welded-pipe","product-standard-iso-3183"],"acf":[],"taxonomy_info":{"product-category":[{"value":3,"label":"Spiral Welded Pipe"}],"product-standard":[{"value":12,"label":"ISO 3183"}]},"featured_image_src_large":["https:\/\/cangluopipe.com\/wp-content\/uploads\/2025\/02\/iso-3183-spiral-welded-pipe-1024x576.webp",1024,576,true],"author_info":[],"comment_info":"","_links":{"self":[{"href":"https:\/\/cangluopipe.com\/fr\/wp-json\/wp\/v2\/product\/260","targetHints":{"allow":["GET"]}}],"collection":[{"href":"https:\/\/cangluopipe.com\/fr\/wp-json\/wp\/v2\/product"}],"about":[{"href":"https:\/\/cangluopipe.com\/fr\/wp-json\/wp\/v2\/types\/product"}],"wp:featuredmedia":[{"embeddable":true,"href":"https:\/\/cangluopipe.com\/fr\/wp-json\/wp\/v2\/media\/261"}],"wp:attachment":[{"href":"https:\/\/cangluopipe.com\/fr\/wp-json\/wp\/v2\/media?parent=260"}],"wp:term":[{"taxonomy":"product-category","embeddable":true,"href":"https:\/\/cangluopipe.com\/fr\/wp-json\/wp\/v2\/product-category?post=260"},{"taxonomy":"product-standard","embeddable":true,"href":"https:\/\/cangluopipe.com\/fr\/wp-json\/wp\/v2\/product-standard?post=260"}],"curies":[{"name":"wp","href":"https:\/\/api.w.org\/{rel}","templated":true}]}}