{"id":258,"date":"2025-02-12T02:49:41","date_gmt":"2025-02-12T02:49:41","guid":{"rendered":"https:\/\/cangluo.easiwin.com\/?post_type=product&#038;p=258"},"modified":"2025-02-24T03:41:27","modified_gmt":"2025-02-24T03:41:27","slug":"en-10219-spiral-welded-pipe-manufacturer","status":"publish","type":"product","link":"https:\/\/cangluopipe.com\/fr\/product\/en-10219-spiral-welded-pipe-manufacturer\/","title":{"rendered":"EN 10219 - Fabricant de tubes soud\u00e9s en spirale"},"content":{"rendered":"<h2 class=\"wp-block-heading\" id=\"overview-of-en-10219-spiral-welded-pipe\"><strong>Aper\u00e7u du tube soud\u00e9 en spirale EN 10219<\/strong><\/h2>\n\n\n\n<p><strong>EN 10219 Tube soud\u00e9 en spirale<\/strong> est une norme europ\u00e9enne pour les <strong>tubes en acier de construction soud\u00e9s et form\u00e9s \u00e0 froid<\/strong>largement utilis\u00e9s dans les <strong>la construction, l'infrastructure, la transmission de l'eau et les applications industrielles<\/strong>. R\u00e9gie par la <strong>Comit\u00e9 europ\u00e9en de normalisation (CEN)<\/strong>la norme EN 10219 garantit que les tubes en acier sont conformes <strong>r\u00e9sistance m\u00e9canique \u00e9lev\u00e9e, r\u00e9sistance \u00e0 la corrosion et fiabilit\u00e9 structurelle<\/strong>.<\/p>\n\n\n\n<p>Ces tuyaux sont g\u00e9n\u00e9ralement fabriqu\u00e9s \u00e0 partir de <strong>aciers de construction non alli\u00e9s et \u00e0 grains fins<\/strong>, offrant <strong>rapport r\u00e9sistance\/poids \u00e9lev\u00e9, excellente soudabilit\u00e9 et durabilit\u00e9 sup\u00e9rieure<\/strong>. <strong>Tubes soud\u00e9s en spirale<\/strong> selon la norme EN 10219 sont pr\u00e9f\u00e9r\u00e9s pour <strong>applications \u00e0 grand diam\u00e8tre et \u00e0 haute pression<\/strong>ils constituent donc un choix id\u00e9al pour <strong>les ponts, les structures offshore et les piliers de fondation<\/strong>.<\/p>\n\n\n\n<p>Dans ce guide, nous couvrirons tout ce qui concerne <strong>EN 10219 Tubes soud\u00e9s en spirale<\/strong>, y compris <strong>fabricants, sp\u00e9cifications, tendances des prix, rev\u00eatements, applications et proc\u00e9d\u00e9s de soudage<\/strong>.<\/p>\n\n\n\n<h2 class=\"wp-block-heading\" id=\"top-en-10219-spiral-welded-pipe-manufacturers\"><strong>Principaux fabricants de tubes soud\u00e9s en spirale EN 10219<\/strong><\/h2>\n\n\n\n<p>S\u00e9lection d'un <strong>fabricant de confiance<\/strong> garantit <strong>haute qualit\u00e9, durabilit\u00e9 et conformit\u00e9<\/strong> avec <strong>Normes EN 10219<\/strong>. Voici quelques-unes des <strong>principaux fabricants<\/strong> en 2025 :<\/p>\n\n\n\n<h3 class=\"wp-block-heading\" id=\"1-cangzhou-spiral-steel-pipes-group-co-ltd\"><strong>1. Groupe Cangzhou Spiral Steel Pipes Co., Ltd<\/strong><\/h3>\n\n\n\n<p>\u2714 <strong>27 ans d'exp\u00e9rience<\/strong> dans la fabrication de tubes en acier<br>\u2714 <strong>13 lignes de production<\/strong> pour <strong>\u03a6219-\u03a63500mm<\/strong> tubes soud\u00e9s en spirale<br>\u2714 <strong>Certifi\u00e9 EN 10219, ISO 9001 et API 5L<\/strong><br>\u2714 <strong>Capacit\u00e9 de production annuelle : 400 000 tonnes<\/strong><br>\u2714 <strong>Rev\u00eatements personnalis\u00e9s disponibles : FBE, 3LPE, rev\u00eatement en mortier de ciment<\/strong><\/p>\n\n\n\n<h3 class=\"wp-block-heading\" id=\"2-arcelormittal-europe\"><strong>2. ArcelorMittal (Europe)<\/strong><\/h3>\n\n\n\n<p>L'un des plus grands fabricants d'acier au monde, produisant <strong>Tubes certifi\u00e9s EN 10219<\/strong> pour <strong>applications structurelles et industrielles<\/strong>.<\/p>\n\n\n\n<h3 class=\"wp-block-heading\" id=\"3-tata-steel-europe\"><strong>3. Tata Steel Europe<\/strong><\/h3>\n\n\n\n<p>Un fournisseur europ\u00e9en de premier plan sp\u00e9cialis\u00e9 dans <strong>tubes en acier de construction soud\u00e9s et form\u00e9s \u00e0 froid<\/strong> pour <strong>projets d'infrastructure et projets offshore<\/strong>.<\/p>\n\n\n\n<h3 class=\"wp-block-heading\" id=\"4-vallourec-france\"><strong>4. Vallourec (France)<\/strong><\/h3>\n\n\n\n<p>Un des principaux fabricants de <strong>tubes soud\u00e9s \u00e0 haute r\u00e9sistance<\/strong> pour <strong>applications dans le domaine de la construction et de l'ing\u00e9nierie<\/strong>.<\/p>\n\n\n\n<h3 class=\"wp-block-heading\" id=\"5-jindal-steel-power-india\"><strong>5. Jindal Steel &amp;amp ; Power (Inde)<\/strong><\/h3>\n\n\n\n<p>Un producteur mondial d'acier qui fournit <strong>Tubes conformes \u00e0 la norme EN 10219<\/strong> pour <strong>March\u00e9s europ\u00e9ens et internationaux<\/strong>.<\/p>\n\n\n\n<p>Chacun de ces fabricants garantit <strong>strict respect des normes EN 10219<\/strong>garantissant <strong>grande durabilit\u00e9 et r\u00e9sistance \u00e0 la corrosion<\/strong>.<\/p>\n\n\n\n<h2 class=\"wp-block-heading\" id=\"en-10219-spiral-welded-pipe-vs-other-pipe-standards\"><strong>EN 10219 Tube soud\u00e9 en spirale vs autres normes de tubes<\/strong><\/h2>\n\n\n\n<p>Le choix du bon tube d'acier d\u00e9pend <strong>l'application, la durabilit\u00e9, le co\u00fbt et la r\u00e9sistance<\/strong>. Voici comment <strong>EN 10219 Tube soud\u00e9 en spirale<\/strong> se compare \u00e0 d'autres normes courantes en mati\u00e8re de canalisations :<\/p>\n\n\n\n<figure class=\"wp-block-table\"><table><thead><tr><th><strong>Fonctionnalit\u00e9<\/strong><\/th><th><strong>EN 10219 Tube soud\u00e9 en spirale<\/strong><\/th><th><strong>Tube soud\u00e9 API 5L<\/strong><\/th><th><strong>ISO 3183 Tube soud\u00e9<\/strong><\/th><th><strong>EN 10210 Tube sans soudure<\/strong><\/th><\/tr><\/thead><tbody><tr><td><strong>Processus de fabrication<\/strong><\/td><td>Soudage h\u00e9lico\u00efdal \u00e0 l'arc submerg\u00e9 (HSAW)<\/td><td>SAW ou ERW<\/td><td>SAW ou ERW<\/td><td>Sans couture<\/td><\/tr><tr><td><strong>Solidit\u00e9 et durabilit\u00e9<\/strong><\/td><td>\u00c9lev\u00e9e pour les applications structurelles<\/td><td>\u00c9lev\u00e9e pour le p\u00e9trole et le gaz<\/td><td>\u00c9lev\u00e9e pour le p\u00e9trole et le gaz<\/td><td>Tr\u00e8s \u00e9lev\u00e9<\/td><\/tr><tr><td><strong>R\u00e9sistance \u00e0 la pression<\/strong><\/td><td>Excellent<\/td><td>Sup\u00e9rieure<\/td><td>Sup\u00e9rieure<\/td><td>Sup\u00e9rieure<\/td><\/tr><tr><td><strong>R\u00e9sistance \u00e0 la corrosion<\/strong><\/td><td>Peut \u00eatre renforc\u00e9 par des rev\u00eatements<\/td><td>N\u00e9cessite des rev\u00eatements<\/td><td>N\u00e9cessite des rev\u00eatements<\/td><td>Naturellement r\u00e9sistant<\/td><\/tr><tr><td><strong>Co\u00fbt<\/strong><\/td><td>Rentabilit\u00e9<\/td><td>Mod\u00e9r\u00e9<\/td><td>Mod\u00e9r\u00e9<\/td><td>Co\u00fbteux<\/td><\/tr><tr><td><strong>Taille Disponibilit\u00e9<\/strong><\/td><td>Grand diam\u00e8tre (jusqu'\u00e0 3500 mm)<\/td><td>Grand diam\u00e8tre<\/td><td>Grand diam\u00e8tre<\/td><td>Diam\u00e8tre limit\u00e9<\/td><\/tr><tr><td><strong>Application<\/strong><\/td><td>Construction, transport d'eau, ponts<\/td><td>P\u00e9trole &amp;amp ; gaz, industriel<\/td><td>P\u00e9trole &amp;amp ; gaz, industriel<\/td><td>Applications \u00e0 haute pression<\/td><\/tr><\/tbody><\/table><\/figure>\n\n\n\n<h3 class=\"wp-block-heading\" id=\"why-choose-en-10219-spiral-welded-pipes\"><strong>Pourquoi choisir les tubes soud\u00e9s en spirale EN 10219 ?<\/strong><\/h3>\n\n\n\n<p>\u2714 <strong>Haute r\u00e9sistance et durabilit\u00e9 pour les applications structurelles<\/strong><br>\u2714 <strong>Rentable pour les pipelines de grand diam\u00e8tre<\/strong><br>\u2714 <strong>Excellent pour les ponts, les pieux et les projets offshore<\/strong><br>\u2714 <strong>Plus facile \u00e0 fabriquer en grandes longueurs<\/strong><\/p>\n\n\n<div class=\"wp-block-image\">\n<figure class=\"aligncenter size-full is-resized\"><img loading=\"lazy\" decoding=\"async\" width=\"920\" height=\"518\" src=\"https:\/\/cangluopipe.com\/wp-content\/uploads\/2025\/02\/CSA-Z245.1-spiral-welded-pipe.jpg\" alt=\"EN 10219 Tube soud\u00e9 en spirale\" class=\"wp-image-271\" style=\"width:842px;height:auto\" srcset=\"https:\/\/cangluopipe.com\/wp-content\/uploads\/2025\/02\/CSA-Z245.1-spiral-welded-pipe.jpg 920w, https:\/\/cangluopipe.com\/wp-content\/uploads\/2025\/02\/CSA-Z245.1-spiral-welded-pipe-300x169.jpg 300w, https:\/\/cangluopipe.com\/wp-content\/uploads\/2025\/02\/CSA-Z245.1-spiral-welded-pipe-768x432.jpg 768w\" sizes=\"auto, (max-width: 920px) 100vw, 920px\" \/><\/figure>\n<\/div>\n\n\n<h2 class=\"wp-block-heading\" id=\"en-10219-spiral-welded-pipe-price-per-ton-in-2025\"><strong>Prix par tonne du tube soud\u00e9 en spirale EN 10219 en 2025<\/strong><\/h2>\n\n\n\n<p>Le prix de <strong>EN 10219 Tubes soud\u00e9s en spirale<\/strong> varie en fonction de facteurs tels que <strong>la qualit\u00e9 de l'acier, les rev\u00eatements, la demande et le lieu de fabrication<\/strong>. Vous trouverez ci-dessous un tableau des prix estim\u00e9s pour 2025 :<\/p>\n\n\n\n<figure class=\"wp-block-table\"><table><thead><tr><th><strong>Diam\u00e8tre du tube (mm)<\/strong><\/th><th><strong>\u00c9paisseur de paroi (mm)<\/strong><\/th><th><strong>Prix par tonne (USD)<\/strong><\/th><\/tr><\/thead><tbody><tr><td>219 &#8211; 600<\/td><td>6 &#8211; 10<\/td><td>900-900 &amp;#8211 ; 900-1,350<\/td><\/tr><tr><td>610 &#8211; 1200<\/td><td>8 &#8211; 14<\/td><td>1,200-1,200 &amp;#8211 ; 1,200-1,700<\/td><\/tr><tr><td>1220 &#8211; 1800<\/td><td>10 &#8211; 16<\/td><td>1,400-1,400 &amp;#8211 ; 1,400-2,000<\/td><\/tr><tr><td>2000 &#8211; 3500<\/td><td>12 &#8211; 25<\/td><td>1,800-1,800 &amp;#8211 ; 1,800-2,800<\/td><\/tr><\/tbody><\/table><\/figure>\n\n\n\n<h3 class=\"wp-block-heading\" id=\"factors-affecting-price\"><strong>Facteurs affectant le prix :<\/strong><\/h3>\n\n\n\n<p>\u2714 <strong><a href=\"https:\/\/en.wikipedia.org\/wiki\/Steel\" target=\"_blank\" rel=\"noopener\">Acier<\/a> Prix<\/strong> - Les fluctuations des co\u00fbts des mati\u00e8res premi\u00e8res ont un impact sur les prix.<br>\u2714 <strong>Co\u00fbts de fabrication<\/strong> - Frais de main-d'\u0153uvre, d'\u00e9nergie et de transport.<br>\u2714 <strong>Rev\u00eatements &amp;amp ; Traitements<\/strong> - Les rev\u00eatements anticorrosion suppl\u00e9mentaires augmentent le prix.<br>\u2714 <strong>Quantit\u00e9 command\u00e9e<\/strong> - Les commandes en gros b\u00e9n\u00e9ficient souvent de prix plus avantageux.<\/p>\n\n\n\n<p>Le groupe Cangzhou Spiral Steel Pipes propose <strong>tubes soud\u00e9s en spirale EN 10219 de haute qualit\u00e9 \u00e0 des prix comp\u00e9titifs<\/strong>.<\/p>\n\n\n\n<h2 class=\"wp-block-heading\" id=\"faq-en-10219-spiral-welded-pipe\"><strong>EN 10219 Tube soud\u00e9 en spirale Processus de soudage et fabrication<\/strong><\/h2>\n\n\n\n<h3 class=\"wp-block-heading\" id=\"how-are-en-10219-spiral-welded-pipes-manufactured\"><strong>Comment sont fabriqu\u00e9s les tubes soud\u00e9s en spirale EN 10219 ?<\/strong><\/h3>\n\n\n\n<p>Les <strong>EN 10219 Tube soud\u00e9 en spirale<\/strong> le processus de fabrication est le suivant <strong>des mesures strictes de contr\u00f4le de la qualit\u00e9<\/strong> pour assurer <strong>haute r\u00e9sistance, durabilit\u00e9 et conformit\u00e9 aux normes europ\u00e9ennes<\/strong>. Vous trouverez ci-dessous une description d\u00e9taill\u00e9e du processus de production :<\/p>\n\n\n\n<ol class=\"wp-block-list\">\n<li><strong>S\u00e9lection des bobines d'acier<\/strong>\n<ul class=\"wp-block-list\">\n<li>Haute qualit\u00e9 <strong>acier de construction non alli\u00e9 et \u00e0 grain fin<\/strong> est s\u00e9lectionn\u00e9 en fonction de <strong>EN 10219 sp\u00e9cifications des mat\u00e9riaux<\/strong>.<\/li>\n\n\n\n<li>Les nuances d'acier les plus courantes sont les suivantes <strong>S235JRH, S275J0H, S355J2H et S420MH<\/strong>.<\/li>\n<\/ul>\n<\/li>\n\n\n\n<li><strong>Processus de formage en spirale<\/strong>\n<ul class=\"wp-block-list\">\n<li>La bande d'acier est introduite en continu dans une machine de formage o\u00f9 elle est <strong>roul\u00e9s en forme de spirale<\/strong>.<\/li>\n\n\n\n<li>Les <strong>joint h\u00e9lico\u00efdal<\/strong> r\u00e9partit le stress de mani\u00e8re uniforme, ce qui le rend id\u00e9al pour <strong>applications structurelles \u00e0 haute r\u00e9sistance<\/strong>.<\/li>\n<\/ul>\n<\/li>\n\n\n\n<li><strong>Soudage \u00e0 l'arc submerg\u00e9 (SAW)<\/strong>\n<ul class=\"wp-block-list\">\n<li><strong>Soudage \u00e0 l'arc submerg\u00e9 double face (DSAW)<\/strong> est appliqu\u00e9e, ce qui garantit <strong>p\u00e9n\u00e9tration profonde et soudures solides<\/strong>.<\/li>\n\n\n\n<li>Cette m\u00e9thode am\u00e9liore <strong>la r\u00e9sistance m\u00e9canique et la pr\u00e9vention des d\u00e9fauts<\/strong>.<\/li>\n<\/ul>\n<\/li>\n\n\n\n<li><strong>Contr\u00f4le non destructif (CND) &amp;amp ; Contr\u00f4le de la qualit\u00e9<\/strong>\n<ul class=\"wp-block-list\">\n<li><strong>Contr\u00f4le par ultrasons (UT)<\/strong> d\u00e9tecte les d\u00e9fauts internes et externes.<\/li>\n\n\n\n<li><strong>Inspection par rayons X<\/strong> garantit <strong>int\u00e9grit\u00e9 des soudures<\/strong>.<\/li>\n\n\n\n<li><strong>Essai de pression hydrostatique<\/strong> v\u00e9rifie que les tuyaux peuvent <strong>r\u00e9sister \u00e0 la pression interne sans d\u00e9faillance<\/strong>.<\/li>\n<\/ul>\n<\/li>\n\n\n\n<li><strong>Rev\u00eatement &amp;amp ; Protection contre la corrosion<\/strong>\n<ul class=\"wp-block-list\">\n<li>Les tuyaux sont recouverts de <strong>Rev\u00eatements \u00e9poxydiques par fusion (FBE), 3LPE (poly\u00e9thyl\u00e8ne \u00e0 trois couches) ou galvanis\u00e9s<\/strong> pour \u00e9viter la corrosion.<\/li>\n<\/ul>\n<\/li>\n\n\n\n<li><strong>Inspection finale &amp;amp ; Certification<\/strong>\n<ul class=\"wp-block-list\">\n<li>Chaque tuyau est test\u00e9 pour <strong>la pr\u00e9cision dimensionnelle, les propri\u00e9t\u00e9s m\u00e9caniques et la qualit\u00e9 du rev\u00eatement<\/strong>.<\/li>\n\n\n\n<li>Certifi\u00e9 selon la norme <strong>Normes EN 10219 et ISO 9001<\/strong>.<\/li>\n<\/ul>\n<\/li>\n<\/ol>\n\n\n\n<h3 class=\"wp-block-heading\" id=\"welding-techniques-used-in-en-10219-spiral-pipes\"><strong>Techniques de soudage utilis\u00e9es dans les tubes spiral\u00e9s EN 10219<\/strong><\/h3>\n\n\n\n<figure class=\"wp-block-table\"><table><thead><tr><th><strong>M\u00e9thode de soudage<\/strong><\/th><th><strong>Avantages<\/strong><\/th><\/tr><\/thead><tbody><tr><td><strong>Soudage \u00e0 l'arc submerg\u00e9 (SAW)<\/strong><\/td><td>P\u00e9n\u00e9tration profonde, soudures solides et uniformes<\/td><\/tr><tr><td><strong>Soudage double face (DSAW)<\/strong><\/td><td>Assure une r\u00e9sistance uniforme et \u00e9vite les points faibles<\/td><\/tr><tr><td><strong>Essais hydrostatiques<\/strong><\/td><td>V\u00e9rifie la r\u00e9sistance \u00e0 la pression, assure l'absence de fuites<\/td><\/tr><\/tbody><\/table><\/figure>\n\n\n\n<p>Le groupe Cangzhou Spiral Steel Pipes Group Co. assure <strong>tous les tuyaux sont conformes aux normes EN 10219<\/strong> \u00e0 travers <strong>un contr\u00f4le de qualit\u00e9 rigoureux et des techniques de fabrication avanc\u00e9es<\/strong>.<\/p>\n\n\n\n<h2 class=\"wp-block-heading\" id=\"en-10219-spiral-welded-pipe-suppliers-exporters\"><strong>EN 10219 Tube soud\u00e9 en spirale Fournisseurs et exportateurs<\/strong><\/h2>\n\n\n\n<p>Si vous cherchez \u00e0 <strong>import EN 10219 Tubes soud\u00e9s en spirale<\/strong>, en collaboration avec un <strong>exportateur de confiance<\/strong> est essentielle. La Chine reste un <strong>premier exportateur<\/strong> en raison de son <strong>une capacit\u00e9 de production \u00e9lev\u00e9e, des prix comp\u00e9titifs et un contr\u00f4le de qualit\u00e9 rigoureux<\/strong>.<\/p>\n\n\n<div class=\"wp-block-image\">\n<figure class=\"aligncenter size-full is-resized\"><img loading=\"lazy\" decoding=\"async\" width=\"920\" height=\"414\" src=\"https:\/\/cangluopipe.com\/wp-content\/uploads\/2025\/02\/GOST-20295-spiral-welded-pipe.jpg\" alt=\"\" class=\"wp-image-269\" style=\"width:896px;height:auto\" srcset=\"https:\/\/cangluopipe.com\/wp-content\/uploads\/2025\/02\/GOST-20295-spiral-welded-pipe.jpg 920w, https:\/\/cangluopipe.com\/wp-content\/uploads\/2025\/02\/GOST-20295-spiral-welded-pipe-300x135.jpg 300w, https:\/\/cangluopipe.com\/wp-content\/uploads\/2025\/02\/GOST-20295-spiral-welded-pipe-768x346.jpg 768w\" sizes=\"auto, (max-width: 920px) 100vw, 920px\" \/><\/figure>\n<\/div>\n\n\n<h3 class=\"wp-block-heading\" id=\"top-chinese-exporters-of-en-10219-spiral-welded-pipes\"><strong>Principaux exportateurs chinois de tubes soud\u00e9s en spirale EN 10219<\/strong><\/h3>\n\n\n\n<figure class=\"wp-block-table\"><table><thead><tr><th><strong>Nom de l'entreprise<\/strong><\/th><th><strong>Localisation<\/strong><\/th><th><strong>Capacit\u00e9 de production annuelle<\/strong><\/th><\/tr><\/thead><tbody><tr><td><strong>Groupe Cangzhou Spiral Steel Pipes Co., Ltd<\/strong><\/td><td>Hebei, Chine<\/td><td>400 000 tonnes<\/td><\/tr><tr><td><strong>Groupe Baosteel<\/strong><\/td><td>Shanghai, Chine<\/td><td>500 000+ tonnes<\/td><\/tr><tr><td><strong>Tianjin Steel Pipe Co.<\/strong><\/td><td>Tianjin, Chine<\/td><td>300 000 tonnes<\/td><\/tr><\/tbody><\/table><\/figure>\n\n\n\n<h3 class=\"wp-block-heading\" id=\"why-choose-cangzhou-spiral-steel-pipes-group-for-en-10219-pipes\"><strong>Pourquoi choisir Cangzhou Spiral Steel Pipes Group pour les tubes EN 10219 ?<\/strong><\/h3>\n\n\n\n<p>\u2714 <strong>27 ans d'exp\u00e9rience dans la fabrication de tubes en acier<\/strong><br>\u2714 <strong>Certifi\u00e9 EN 10219, ISO et CE<\/strong><br>\u2714 <strong>13 lignes de production, couvrant des diam\u00e8tres de 219 mm \u00e0 3500 mm<\/strong><br>\u2714 <strong>Rev\u00eatements personnalis\u00e9s et traitements anticorrosion disponibles<\/strong><br>\u2714 <strong>Un solide r\u00e9seau d'exportation vers l'Europe, l'Am\u00e9rique du Nord et l'Asie<\/strong><\/p>\n\n\n\n<p>Pour <strong>tubes soud\u00e9s en spirale de haute qualit\u00e9 EN 10219<\/strong>, <strong>Groupe Cangzhou Spiral Steel Pipes Co., Ltd<\/strong> est un <strong>fournisseur de confiance<\/strong>.<\/p>\n\n\n\n<h2 class=\"wp-block-heading\" id=\"faq-en-10219-spiral-welded-pipe-1\"><strong>FAQ : EN 10219 Tube soud\u00e9 en spirale<\/strong><\/h2>\n\n\n\n<figure class=\"wp-block-table\"><table><thead><tr><th><strong>Question<\/strong><\/th><th><strong>R\u00e9pondre<\/strong><\/th><\/tr><\/thead><tbody><tr><td><strong>A quoi sert le tube soud\u00e9 en spirale EN 10219 ?<\/strong><\/td><td>Principalement utilis\u00e9 pour <strong>applications structurelles, transport d'eau et projets offshore<\/strong>.<\/td><\/tr><tr><td><strong>Quels sont les rev\u00eatements disponibles ?<\/strong><\/td><td><strong>FBE, 3LPE, rev\u00eatement en mortier de ciment et rev\u00eatements galvanis\u00e9s<\/strong>.<\/td><\/tr><tr><td><strong>Quelle est la comparaison avec les tubes sans soudure EN 10210 ?<\/strong><\/td><td><strong>La norme EN 10219 est rentable pour les diam\u00e8tres plus importants, tandis que les tubes sans soudure EN 10210 sont utilis\u00e9s pour les applications \u00e0 haute pression<\/strong>.<\/td><\/tr><tr><td><strong>Quel est le meilleur fournisseur ?<\/strong><\/td><td><strong>Groupe Cangzhou Spiral Steel Pipes Co., Ltd<\/strong> est un fournisseur de premier plan avec <strong>Certifications ISO &amp;amp ; EN 10219<\/strong>.<\/td><\/tr><tr><td><strong>Quel est le prix par tonne en 2025 ?<\/strong><\/td><td>Les prix varient de <strong>900 \u00e0 900 \u00e0 900 \u00e0 2 800 par tonne<\/strong>selon la taille et le rev\u00eatement.<\/td><\/tr><tr><td><strong>Comment ces tuyaux sont-ils test\u00e9s ?<\/strong><\/td><td><strong>Inspections ultrasoniques, hydrostatiques et par rayons X<\/strong> assurer le respect de la qualit\u00e9.<\/td><\/tr><tr><td><strong>Quels sont les avantages des tubes soud\u00e9s en spirale par rapport aux tubes ERW ?<\/strong><\/td><td><strong>Une plus grande solidit\u00e9, une meilleure r\u00e9sistance \u00e0 la pression et un meilleur rapport co\u00fbt-efficacit\u00e9 pour les grands diam\u00e8tres<\/strong>.<\/td><\/tr><tr><td><strong>Les tubes EN 10219 n\u00e9cessitent-ils des rev\u00eatements ?<\/strong><\/td><td><strong>Oui, les rev\u00eatements tels que le FBE, le 3LPE ou le rev\u00eatement en mortier de ciment am\u00e9liorent la r\u00e9sistance \u00e0 la corrosion<\/strong>.<\/td><\/tr><tr><td><strong>Les tubes EN 10219 sont-ils disponibles en grands diam\u00e8tres ?<\/strong><\/td><td><strong>Oui, ils sont disponibles dans des tailles allant jusqu'\u00e0 3500 mm de diam\u00e8tre.<\/strong><\/td><\/tr><\/tbody><\/table><\/figure>\n\n\n\n<h2 class=\"wp-block-heading\" id=\"final-thoughts\"><strong>R\u00e9flexions finales<\/strong><\/h2>\n\n\n\n<p><strong>EN 10219 Tubes soud\u00e9s en spirale<\/strong> sont largement utilis\u00e9s dans <strong>applications structurelles, industrielles et de transport d'eau<\/strong> en raison de leur <strong>haute r\u00e9sistance, r\u00e9sistance \u00e0 la corrosion et rentabilit\u00e9<\/strong>.<\/p>\n\n\n\n<p>Si vous cherchez <strong>un fournisseur fiable<\/strong>, <strong>Groupe Cangzhou Spiral Steel Pipes Co., Ltd<\/strong> est ton <strong>meilleur choix<\/strong> en 2025 ! <\/p>\n\n\n\n<p>Besoin d'un <strong>citation<\/strong> ou plus <strong>d\u00e9tails techniques<\/strong>? Contact <strong>Groupe de tubes d'acier en spirale de Cangzhou<\/strong> aujourd'hui !<\/p>","protected":false},"featured_media":259,"template":"","meta":{"_acf_changed":false,"_gspb_post_css":"","_kad_blocks_custom_css":"","_kad_blocks_head_custom_js":"","_kad_blocks_body_custom_js":"","_kad_blocks_footer_custom_js":"","_kad_post_transparent":"","_kad_post_title":"","_kad_post_layout":"","_kad_post_sidebar_id":"","_kad_post_content_style":"","_kad_post_vertical_padding":"","_kad_post_feature":"","_kad_post_feature_position":"","_kad_post_header":false,"_kad_post_footer":false,"_kad_post_classname":""},"product-category":[3],"product-standard":[11],"class_list":["post-258","product","type-product","status-publish","has-post-thumbnail","hentry","product-category-spiral-welded-pipe","product-standard-en-10219"],"acf":[],"taxonomy_info":{"product-category":[{"value":3,"label":"Spiral Welded Pipe"}],"product-standard":[{"value":11,"label":"EN 10219"}]},"featured_image_src_large":["https:\/\/cangluopipe.com\/wp-content\/uploads\/2025\/02\/en-10129-spiral-pipe.jpg",920,412,false],"author_info":[],"comment_info":"","_links":{"self":[{"href":"https:\/\/cangluopipe.com\/fr\/wp-json\/wp\/v2\/product\/258","targetHints":{"allow":["GET"]}}],"collection":[{"href":"https:\/\/cangluopipe.com\/fr\/wp-json\/wp\/v2\/product"}],"about":[{"href":"https:\/\/cangluopipe.com\/fr\/wp-json\/wp\/v2\/types\/product"}],"wp:featuredmedia":[{"embeddable":true,"href":"https:\/\/cangluopipe.com\/fr\/wp-json\/wp\/v2\/media\/259"}],"wp:attachment":[{"href":"https:\/\/cangluopipe.com\/fr\/wp-json\/wp\/v2\/media?parent=258"}],"wp:term":[{"taxonomy":"product-category","embeddable":true,"href":"https:\/\/cangluopipe.com\/fr\/wp-json\/wp\/v2\/product-category?post=258"},{"taxonomy":"product-standard","embeddable":true,"href":"https:\/\/cangluopipe.com\/fr\/wp-json\/wp\/v2\/product-standard?post=258"}],"curies":[{"name":"wp","href":"https:\/\/api.w.org\/{rel}","templated":true}]}}