{"id":256,"date":"2025-02-12T02:48:30","date_gmt":"2025-02-12T02:48:30","guid":{"rendered":"https:\/\/cangluo.easiwin.com\/?post_type=product&#038;p=256"},"modified":"2025-02-24T03:41:32","modified_gmt":"2025-02-24T03:41:32","slug":"en-10217-spiral-welded-pipe-manufacturer","status":"publish","type":"product","link":"https:\/\/cangluopipe.com\/fr\/product\/en-10217-spiral-welded-pipe-manufacturer\/","title":{"rendered":"EN 10217 Tube soud\u00e9 en spirale - Fabricant"},"content":{"rendered":"<h2 class=\"wp-block-heading\" id=\"overview-of-en-10217-spiral-welded-pipe\"><strong>Aper\u00e7u du tube soud\u00e9 en spirale EN 10217<\/strong><\/h2>\n\n\n\n<p><strong>EN 10217 Tube soud\u00e9 en spirale<\/strong> est une norme europ\u00e9enne pour les <strong>tubes d'acier soud\u00e9s<\/strong> utilis\u00e9 dans <strong>applications sous pression<\/strong> tels que <strong>les chaudi\u00e8res, les pipelines et les syst\u00e8mes de transport des fluides industriels<\/strong>. Cette norme est publi\u00e9e par le <strong>Comit\u00e9 europ\u00e9en de normalisation (CEN)<\/strong> et s'applique aux <strong>tubes d'acier soud\u00e9s pour usage sous pression<\/strong>, assurant <strong>r\u00e9sistance m\u00e9canique, soudabilit\u00e9 et r\u00e9sistance \u00e0 la corrosion \u00e9lev\u00e9es<\/strong>.<\/p>\n\n\n\n<p>Contrairement \u00e0 <strong>EN 10219<\/strong>qui est utilis\u00e9 pour des applications structurelles, <strong>EN 10217<\/strong> est sp\u00e9cialement con\u00e7u pour <strong>syst\u00e8mes porteurs de pression<\/strong>il est donc adapt\u00e9 aux <strong>les pipelines de vapeur, le transport de gaz et les usines de traitement industriel<\/strong>. Les <strong>version soud\u00e9e en spirale des tubes EN 10217 (SSAW &amp;#8211 ; Submerged Arc Welding)<\/strong> permet <strong>grands diam\u00e8tres, r\u00e9sistance \u00e0 la haute pression et rentabilit\u00e9<\/strong> en <strong>infrastructures industrielles et \u00e9nerg\u00e9tiques<\/strong>.<\/p>\n\n\n\n<p>Dans ce guide, nous allons explorer tout ce que vous devez savoir sur <strong>EN 10217 Tubes soud\u00e9s en spirale<\/strong>, y compris <strong>principaux fabricants, sp\u00e9cifications, tendances des prix, rev\u00eatements, applications et proc\u00e9d\u00e9s de soudage<\/strong>.<\/p>\n\n\n\n<h2 class=\"wp-block-heading\" id=\"top-en-10217-spiral-welded-pipe-manufacturers\"><strong>Principaux fabricants de tubes soud\u00e9s en spirale EN 10217<\/strong><\/h2>\n\n\n\n<p>Choisir un <strong>fabricant de confiance<\/strong> garantit <strong>mat\u00e9riaux de haute qualit\u00e9, conformit\u00e9 aux normes EN 10217 et performances durables<\/strong>. Vous trouverez ci-dessous quelques-uns des <strong>principaux fabricants de tubes soud\u00e9s en spirale EN 10217<\/strong> en 2025 :<\/p>\n\n\n\n<h3 class=\"wp-block-heading\" id=\"1-cangzhou-spiral-steel-pipes-group-co-ltd\"><strong>1. Groupe Cangzhou Spiral Steel Pipes Co., Ltd<\/strong><\/h3>\n\n\n\n<p>\u2714 <strong>27 ans d'exp\u00e9rience<\/strong> dans la fabrication de tubes en acier<br>\u2714 <strong>13 lignes de production<\/strong> pour <strong>\u03a6219-\u03a63500mm<\/strong> tubes soud\u00e9s en spirale<br>\u2714 <strong>Certifi\u00e9 EN 10217, ISO 9001 et API 5L<\/strong><br>\u2714 <strong>Capacit\u00e9 de production annuelle : 400 000 tonnes<\/strong><br>\u2714 <strong>Rev\u00eatements personnalis\u00e9s disponibles : FBE, 3LPE, rev\u00eatement en mortier de ciment<\/strong><\/p>\n\n\n\n<h3 class=\"wp-block-heading\" id=\"2-arcelormittal-europe\"><strong>2. ArcelorMittal (Europe)<\/strong><\/h3>\n\n\n\n<p>Un leader mondial dans le domaine des <strong>fabrication de tuyaux sous pression<\/strong>, fournissant <strong>Tubes conformes \u00e0 la norme EN 10217<\/strong> pour <strong>applications industrielles et \u00e9nerg\u00e9tiques<\/strong>.<\/p>\n\n\n\n<h3 class=\"wp-block-heading\" id=\"3-vallourec-france\"><strong>3. Vallourec (France)<\/strong><\/h3>\n\n\n\n<p>Un fournisseur cl\u00e9 sp\u00e9cialis\u00e9 dans <strong>tubes soud\u00e9s \u00e0 haute pression<\/strong> pour <strong>les chaudi\u00e8res, les gazoducs et les usines de transformation industrielle<\/strong>.<\/p>\n\n\n\n<h3 class=\"wp-block-heading\" id=\"4-tata-steel-europe\"><strong>4. Tata Steel Europe<\/strong><\/h3>\n\n\n\n<p>Un grand fabricant europ\u00e9en produisant <strong>Tubes certifi\u00e9s EN 10217<\/strong> pour <strong>transport de p\u00e9trole et de gaz<\/strong>.<\/p>\n\n\n\n<h3 class=\"wp-block-heading\" id=\"5-jindal-steel-power-india\"><strong>5. Jindal Steel &amp;amp ; Power (Inde)<\/strong><\/h3>\n\n\n\n<p>Un fournisseur renomm\u00e9 de <strong>EN 10217 tuyaux soud\u00e9s en spirale<\/strong> pour <strong>canalisations sous pression et transport de fluides industriels<\/strong>.<\/p>\n\n\n\n<p>Chacun de ces fabricants garantit <strong>strict respect des normes EN 10217<\/strong>garantissant <strong>grande durabilit\u00e9, soudabilit\u00e9 et r\u00e9sistance \u00e0 la corrosion<\/strong>.<\/p>\n\n\n<div class=\"wp-block-image\">\n<figure class=\"aligncenter size-large is-resized\"><img loading=\"lazy\" decoding=\"async\" width=\"1024\" height=\"461\" src=\"https:\/\/cangluopipe.com\/wp-content\/uploads\/2025\/02\/JIS-3457-spiral-welded-pipe-1024x461.webp\" alt=\"EN 10217 Tube soud\u00e9 en spirale\" class=\"wp-image-264\" style=\"width:966px;height:auto\" srcset=\"\" sizes=\"auto, (max-width: 1024px) 100vw, 1024px\" data-srcset=\"\" \/><\/figure>\n<\/div>\n\n\n<h2 class=\"wp-block-heading\" id=\"en-10217-spiral-welded-pipe-vs-other-pipe-standards\"><strong>EN 10217 Tube soud\u00e9 en spirale par rapport \u00e0 d'autres normes de tubes<\/strong><\/h2>\n\n\n\n<p>Le choix du bon tube d'acier d\u00e9pend <strong>l'application, la durabilit\u00e9, le co\u00fbt et la r\u00e9sistance<\/strong>. Voici comment <strong>EN 10217 Tube soud\u00e9 en spirale<\/strong> se compare \u00e0 d'autres normes courantes en mati\u00e8re de canalisations :<\/p>\n\n\n\n<figure class=\"wp-block-table\"><table class=\"has-fixed-layout\"><thead><tr><th><strong>Fonctionnalit\u00e9<\/strong><\/th><th><strong>EN 10217 Tube soud\u00e9 en spirale<\/strong><\/th><th><strong>EN 10219 Tubes structuraux<\/strong><\/th><th><strong>Tube soud\u00e9 API 5L<\/strong><\/th><th><strong>ISO 3183 Tube soud\u00e9<\/strong><\/th><\/tr><\/thead><tbody><tr><td><strong>Processus de fabrication<\/strong><\/td><td>Soudage h\u00e9lico\u00efdal \u00e0 l'arc submerg\u00e9 (HSAW)<\/td><td>Form\u00e9 \u00e0 froid HSAW<\/td><td>SAW ou ERW<\/td><td>SAW ou ERW<\/td><\/tr><tr><td><strong>Solidit\u00e9 et durabilit\u00e9<\/strong><\/td><td>Haute pour les applications sous pression<\/td><td>\u00c9lev\u00e9 pour une utilisation structurelle<\/td><td>\u00c9lev\u00e9e pour le p\u00e9trole et le gaz<\/td><td>\u00c9lev\u00e9e pour le p\u00e9trole et le gaz<\/td><\/tr><tr><td><strong>R\u00e9sistance \u00e0 la pression<\/strong><\/td><td>Excellent<\/td><td>Mod\u00e9r\u00e9<\/td><td>Sup\u00e9rieure<\/td><td>Sup\u00e9rieure<\/td><\/tr><tr><td><strong>R\u00e9sistance \u00e0 la corrosion<\/strong><\/td><td>Peut \u00eatre renforc\u00e9 par des rev\u00eatements<\/td><td>N\u00e9cessite des rev\u00eatements<\/td><td>N\u00e9cessite des rev\u00eatements<\/td><td>N\u00e9cessite des rev\u00eatements<\/td><\/tr><tr><td><strong>Co\u00fbt<\/strong><\/td><td>Rentabilit\u00e9<\/td><td>Rentabilit\u00e9<\/td><td>Mod\u00e9r\u00e9<\/td><td>Mod\u00e9r\u00e9<\/td><\/tr><tr><td><strong>Taille Disponibilit\u00e9<\/strong><\/td><td>Grand diam\u00e8tre (jusqu'\u00e0 3500 mm)<\/td><td>Grand diam\u00e8tre<\/td><td>Grand diam\u00e8tre<\/td><td>Grand diam\u00e8tre<\/td><\/tr><tr><td><strong>Application<\/strong><\/td><td>Conduites sous pression, chaudi\u00e8res, gazoducs<\/td><td>Structures, ponts, pilotis<\/td><td>P\u00e9trole &amp;amp ; gaz, industriel<\/td><td>P\u00e9trole &amp;amp ; gaz, industriel<\/td><\/tr><\/tbody><\/table><\/figure>\n\n\n\n<h3 class=\"wp-block-heading\" id=\"why-choose-en-10217-spiral-welded-pipes\"><strong>Pourquoi choisir les tubes soud\u00e9s en spirale EN 10217 ?<\/strong><\/h3>\n\n\n\n<p>\u2714 <strong>Haute r\u00e9sistance pour les applications sous pression<\/strong><br>\u2714 <strong>Rentable pour les pipelines de grand diam\u00e8tre<\/strong><br>\u2714 <strong>Id\u00e9al pour le transport de vapeur, de gaz et de fluides<\/strong><br>\u2714 <strong>Facile \u00e0 souder et \u00e0 installer dans les applications industrielles<\/strong><\/p>\n\n\n\n<h2 class=\"wp-block-heading\" id=\"en-10217-spiral-welded-pipe-price-per-ton-in-2025\"><strong>EN 10217 Spiral Welded Pipe Prix par tonne en 2025<\/strong><\/h2>\n\n\n\n<p>Le prix de <strong>EN 10217 Tubes soud\u00e9s en spirale<\/strong> varie en fonction de facteurs tels que <strong>la qualit\u00e9 de l'acier, les rev\u00eatements, la demande et le lieu de fabrication<\/strong>. Vous trouverez ci-dessous un tableau des prix estim\u00e9s pour 2025 :<\/p>\n\n\n\n<figure class=\"wp-block-table\"><table class=\"has-fixed-layout\"><thead><tr><th><strong>Diam\u00e8tre du tube (mm)<\/strong><\/th><th><strong>\u00c9paisseur de paroi (mm)<\/strong><\/th><th><strong>Prix par tonne (USD)<\/strong><\/th><\/tr><\/thead><tbody><tr><td>219 &#8211; 600<\/td><td>6 &#8211; 10<\/td><td>950-950 &amp;#8211 ; 950-1,400<\/td><\/tr><tr><td>610 &#8211; 1200<\/td><td>8 &#8211; 14<\/td><td>1,250-1,250 &amp;#8211 ; 1,250-1,750<\/td><\/tr><tr><td>1220 &#8211; 1800<\/td><td>10 &#8211; 16<\/td><td>1,450-1,450 &amp;#8211 ; 1,450-2,100<\/td><\/tr><tr><td>2000 &#8211; 3500<\/td><td>12 &#8211; 25<\/td><td>1,900-1,900 &amp;#8211 ; 1,900-2,900<\/td><\/tr><\/tbody><\/table><\/figure>\n\n\n\n<h3 class=\"wp-block-heading\" id=\"factors-affecting-price\"><strong>Facteurs affectant le prix :<\/strong><\/h3>\n\n\n\n<p>\u2714<a href=\"https:\/\/en.wikipedia.org\/wiki\/Steel\" target=\"_blank\" rel=\"noopener\"> <strong>Acier<\/strong><\/a><strong> Prix<\/strong> - Les fluctuations des co\u00fbts des mati\u00e8res premi\u00e8res ont un impact sur les prix.<br>\u2714 <strong>Co\u00fbts de fabrication<\/strong> - Frais de main-d'\u0153uvre, d'\u00e9nergie et de transport.<br>\u2714 <strong>Rev\u00eatements &amp;amp ; Traitements<\/strong> - Les rev\u00eatements anticorrosion suppl\u00e9mentaires augmentent le prix.<br>\u2714 <strong>Quantit\u00e9 command\u00e9e<\/strong> - Les commandes en gros b\u00e9n\u00e9ficient souvent de prix plus avantageux.<\/p>\n\n\n\n<p>Le groupe Cangzhou Spiral Steel Pipes propose <strong>tubes soud\u00e9s en spirale EN 10217 de haute qualit\u00e9 \u00e0 des prix comp\u00e9titifs<\/strong>.<\/p>\n\n\n\n<h2 class=\"wp-block-heading\" id=\"faq-en-10217-spiral-welded-pipe\"><strong>EN 10217 Tube soud\u00e9 en spirale Processus de soudage &amp;amp ; fabrication<\/strong><\/h2>\n\n\n\n<h3 class=\"wp-block-heading\" id=\"how-are-en-10217-spiral-welded-pipes-manufactured\"><strong>Comment sont fabriqu\u00e9s les tubes soud\u00e9s en spirale EN 10217 ?<\/strong><\/h3>\n\n\n\n<p>Le processus de fabrication de <strong>EN 10217 Tubes soud\u00e9s en spirale<\/strong> suit <strong>des r\u00e8gles de qualit\u00e9 strictes<\/strong> pour assurer <strong>r\u00e9sistance \u00e0 la pression \u00e9lev\u00e9e, durabilit\u00e9 et conformit\u00e9 aux normes europ\u00e9ennes<\/strong>. Vous trouverez ci-dessous une vue d'ensemble des <strong>processus de production \u00e9tape par \u00e9tape<\/strong>:<\/p>\n\n\n\n<ol class=\"wp-block-list\">\n<li><strong>S\u00e9lection des bobines d'acier<\/strong>\n<ul class=\"wp-block-list\">\n<li>Haute qualit\u00e9 <strong>acier de construction non alli\u00e9 et \u00e0 grain fin<\/strong> est s\u00e9lectionn\u00e9 \u00e0 la suite de <strong>EN 10217 sp\u00e9cifications des mat\u00e9riaux<\/strong>.<\/li>\n\n\n\n<li>Les nuances d'acier les plus courantes sont les suivantes <strong>P235TR1, P235TR2, P265TR1 et P265TR2<\/strong>.<\/li>\n<\/ul>\n<\/li>\n\n\n\n<li><strong>Processus de formage en spirale<\/strong>\n<ul class=\"wp-block-list\">\n<li>La bande d'acier est <strong>alimentation en continu d'une machine de formage<\/strong>o\u00f9 il se trouve <strong>roul\u00e9s en forme d'h\u00e9lice<\/strong>.<\/li>\n\n\n\n<li>Les <strong>structure de couture en spirale<\/strong> permet <strong>une meilleure r\u00e9sistance \u00e0 la pression et une plus grande flexibilit\u00e9<\/strong>.<\/li>\n<\/ul>\n<\/li>\n\n\n\n<li><strong>Soudage \u00e0 l'arc submerg\u00e9 (SAW)<\/strong>\n<ul class=\"wp-block-list\">\n<li><strong>Soudage \u00e0 l'arc submerg\u00e9 double face (DSAW)<\/strong> est utilis\u00e9 pour cr\u00e9er <strong>des soudures solides et durables<\/strong>.<\/li>\n\n\n\n<li>Cela permet de garantir <strong>r\u00e9sistance m\u00e9canique \u00e9lev\u00e9e, uniformit\u00e9 et r\u00e9sistance aux contraintes<\/strong>.<\/li>\n<\/ul>\n<\/li>\n\n\n\n<li><strong>Contr\u00f4le de la qualit\u00e9 et essais<\/strong>\n<ul class=\"wp-block-list\">\n<li><strong>Ultrasons &amp;amp ; Essais aux rayons X<\/strong> est effectu\u00e9e pour d\u00e9tecter les d\u00e9fauts internes et externes.<\/li>\n\n\n\n<li><strong>Essai de pression hydrostatique<\/strong> garantit que les tuyaux peuvent <strong>r\u00e9sister \u00e0 des pressions de fonctionnement \u00e9lev\u00e9es<\/strong>.<\/li>\n<\/ul>\n<\/li>\n\n\n\n<li><strong>Rev\u00eatement &amp;amp ; Traitements anticorrosion<\/strong>\n<ul class=\"wp-block-list\">\n<li>Les tuyaux sont recouverts de <strong>Rev\u00eatements \u00e9poxydiques par fusion (FBE), 3LPE ou zinc<\/strong> pour am\u00e9liorer la r\u00e9sistance \u00e0 la corrosion.<\/li>\n<\/ul>\n<\/li>\n\n\n\n<li><strong>Inspection finale &amp;amp ; Certification<\/strong>\n<ul class=\"wp-block-list\">\n<li>Les conduites sont v\u00e9rifi\u00e9es pour <strong>pr\u00e9cision dimensionnelle, r\u00e9sistance \u00e0 la pression et qualit\u00e9 de surface<\/strong>.<\/li>\n\n\n\n<li>Certifi\u00e9 sous <strong>Normes de qualit\u00e9 EN 10217 et ISO 9001<\/strong>.<\/li>\n<\/ul>\n<\/li>\n<\/ol>\n\n\n<div class=\"wp-block-image\">\n<figure class=\"aligncenter size-large is-resized\"><img loading=\"lazy\" decoding=\"async\" width=\"1024\" height=\"576\" src=\"https:\/\/cangluopipe.com\/wp-content\/uploads\/2025\/02\/iso-3183-spiral-welded-pipe-1024x576.webp\" alt=\"\" class=\"wp-image-261\" style=\"width:892px;height:auto\" srcset=\"https:\/\/cangluopipe.com\/wp-content\/uploads\/2025\/02\/iso-3183-spiral-welded-pipe-1024x576.webp 1024w, https:\/\/cangluopipe.com\/wp-content\/uploads\/2025\/02\/iso-3183-spiral-welded-pipe-300x169.webp 300w, https:\/\/cangluopipe.com\/wp-content\/uploads\/2025\/02\/iso-3183-spiral-welded-pipe-768x432.webp 768w, https:\/\/cangluopipe.com\/wp-content\/uploads\/2025\/02\/iso-3183-spiral-welded-pipe-1536x864.webp 1536w, https:\/\/cangluopipe.com\/wp-content\/uploads\/2025\/02\/iso-3183-spiral-welded-pipe.webp 1920w\" sizes=\"auto, (max-width: 1024px) 100vw, 1024px\" \/><\/figure>\n<\/div>\n\n\n<h3 class=\"wp-block-heading\" id=\"welding-techniques-used-in-en-10217-spiral-pipes\"><strong>Techniques de soudage utilis\u00e9es dans les tubes spiral\u00e9s EN 10217<\/strong><\/h3>\n\n\n\n<figure class=\"wp-block-table\"><table class=\"has-fixed-layout\"><thead><tr><th><strong>M\u00e9thode de soudage<\/strong><\/th><th><strong>Avantages<\/strong><\/th><\/tr><\/thead><tbody><tr><td><strong>Soudage \u00e0 l'arc submerg\u00e9 (SAW)<\/strong><\/td><td>P\u00e9n\u00e9tration profonde, soudures solides et uniformes<\/td><\/tr><tr><td><strong>Soudage double face (DSAW)<\/strong><\/td><td>Assure une r\u00e9sistance uniforme et \u00e9vite les points faibles<\/td><\/tr><tr><td><strong>Essais hydrostatiques<\/strong><\/td><td>V\u00e9rifie la r\u00e9sistance \u00e0 la pression, assure l'absence de fuites<\/td><\/tr><\/tbody><\/table><\/figure>\n\n\n\n<p>Le groupe Cangzhou Spiral Steel Pipes Group Co. assure <strong>tous les tuyaux sont conformes aux normes EN 10217<\/strong> \u00e0 travers <strong>des techniques de soudage de pointe et un contr\u00f4le de qualit\u00e9 rigoureux<\/strong>.<\/p>\n\n\n\n<h2 class=\"wp-block-heading\" id=\"en-10217-spiral-welded-pipe-suppliers-exporters\"><strong>EN 10217 Tube soud\u00e9 en spirale Fournisseurs et exportateurs<\/strong><\/h2>\n\n\n\n<p>Si vous cherchez \u00e0 <strong>import EN 10217 Tubes soud\u00e9s en spirale<\/strong>, en collaboration avec un <strong>exportateur de confiance<\/strong> est cruciale. La Chine reste un <strong>premier exportateur<\/strong> en raison de son <strong>une capacit\u00e9 de production \u00e9lev\u00e9e, des prix comp\u00e9titifs et un contr\u00f4le de qualit\u00e9 rigoureux<\/strong>.<\/p>\n\n\n\n<h3 class=\"wp-block-heading\" id=\"top-chinese-exporters-of-en-10217-spiral-welded-pipes\"><strong>Principaux exportateurs chinois de tubes soud\u00e9s en spirale EN 10217<\/strong><\/h3>\n\n\n\n<figure class=\"wp-block-table\"><table class=\"has-fixed-layout\"><thead><tr><th><strong>Nom de l'entreprise<\/strong><\/th><th><strong>Localisation<\/strong><\/th><th><strong>Capacit\u00e9 de production annuelle<\/strong><\/th><\/tr><\/thead><tbody><tr><td><strong>Groupe Cangzhou Spiral Steel Pipes Co., Ltd<\/strong><\/td><td>Hebei, Chine<\/td><td>400 000 tonnes<\/td><\/tr><tr><td><strong>Groupe Baosteel<\/strong><\/td><td>Shanghai, Chine<\/td><td>500 000+ tonnes<\/td><\/tr><tr><td><strong>Tianjin Steel Pipe Co.<\/strong><\/td><td>Tianjin, Chine<\/td><td>300 000 tonnes<\/td><\/tr><\/tbody><\/table><\/figure>\n\n\n\n<h3 class=\"wp-block-heading\" id=\"why-choose-cangzhou-spiral-steel-pipes-group-for-en-10217-pipes\"><strong>Pourquoi choisir Cangzhou Spiral Steel Pipes Group pour les tubes EN 10217 ?<\/strong><\/h3>\n\n\n\n<p>\u2714 <strong>27 ans d'exp\u00e9rience dans la fabrication de tubes en acier<\/strong><br>\u2714 <strong>Certifi\u00e9 EN 10217, ISO et CE<\/strong><br>\u2714 <strong>13 lignes de production, couvrant des diam\u00e8tres de 219 mm \u00e0 3500 mm<\/strong><br>\u2714 <strong>Rev\u00eatements personnalis\u00e9s et traitements anticorrosion disponibles<\/strong><br>\u2714 <strong>Un solide r\u00e9seau d'exportation vers l'Europe, l'Am\u00e9rique du Nord et l'Asie<\/strong><\/p>\n\n\n\n<p>Pour <strong>tubes soud\u00e9s en spirale de haute qualit\u00e9 EN 10217<\/strong>, <strong>Groupe Cangzhou Spiral Steel Pipes Co., Ltd<\/strong> est un <strong>fournisseur de confiance<\/strong>.<\/p>\n\n\n\n<h2 class=\"wp-block-heading\" id=\"faq-en-10217-spiral-welded-pipe-1\"><strong>FAQ : EN 10217 Tube soud\u00e9 en spirale<\/strong><\/h2>\n\n\n\n<figure class=\"wp-block-table\"><table class=\"has-fixed-layout\"><thead><tr><th><strong>Question<\/strong><\/th><th><strong>R\u00e9pondre<\/strong><\/th><\/tr><\/thead><tbody><tr><td><strong>A quoi sert le tube soud\u00e9 en spirale EN 10217 ?<\/strong><\/td><td>Principalement utilis\u00e9 pour <strong>les applications sous pression, le transport des fluides industriels et les pipelines d'\u00e9nergie<\/strong>.<\/td><\/tr><tr><td><strong>Quels sont les rev\u00eatements disponibles ?<\/strong><\/td><td><strong>FBE, 3LPE, rev\u00eatement en mortier de ciment et rev\u00eatements galvanis\u00e9s<\/strong>.<\/td><\/tr><tr><td><strong>Quelle est la comparaison avec les tubes structuraux EN 10219 ?<\/strong><\/td><td><strong>La norme EN 10217 est destin\u00e9e aux applications sous pression, tandis que la norme EN 10219 est destin\u00e9e aux applications structurelles<\/strong>.<\/td><\/tr><tr><td><strong>Quel est le meilleur fournisseur ?<\/strong><\/td><td><strong>Groupe Cangzhou Spiral Steel Pipes Co., Ltd<\/strong> est un fournisseur de premier plan avec <strong>Certifications ISO &amp;amp ; EN 10217<\/strong>.<\/td><\/tr><tr><td><strong>Quel est le prix par tonne en 2025 ?<\/strong><\/td><td>Les prix varient de <strong>950 \u00e0 950 \u00e0 950 \u00e0 2 900 par tonne<\/strong>selon la taille et le rev\u00eatement.<\/td><\/tr><tr><td><strong>Comment ces tuyaux sont-ils test\u00e9s ?<\/strong><\/td><td><strong>Inspections ultrasoniques, hydrostatiques et par rayons X<\/strong> assurer le respect de la qualit\u00e9.<\/td><\/tr><tr><td><strong>Quels sont les avantages des tubes soud\u00e9s en spirale par rapport aux tubes ERW ?<\/strong><\/td><td><strong>Une plus grande solidit\u00e9, une meilleure r\u00e9sistance \u00e0 la pression et un meilleur rapport co\u00fbt-efficacit\u00e9 pour les grands diam\u00e8tres<\/strong>.<\/td><\/tr><tr><td><strong>Les tubes EN 10217 n\u00e9cessitent-ils des rev\u00eatements ?<\/strong><\/td><td><strong>Oui, les rev\u00eatements tels que le FBE, le 3LPE ou le rev\u00eatement en mortier de ciment am\u00e9liorent la r\u00e9sistance \u00e0 la corrosion<\/strong>.<\/td><\/tr><tr><td><strong>Les tubes EN 10217 sont-ils disponibles en grands diam\u00e8tres ?<\/strong><\/td><td><strong>Oui, ils sont disponibles dans des tailles allant jusqu'\u00e0 3500 mm de diam\u00e8tre.<\/strong><\/td><\/tr><\/tbody><\/table><\/figure>\n\n\n\n<h2 class=\"wp-block-heading\" id=\"final-thoughts\"><strong>R\u00e9flexions finales<\/strong><\/h2>\n\n\n\n<p><strong>EN 10217 Tubes soud\u00e9s en spirale<\/strong> sont largement utilis\u00e9s dans <strong>les pipelines industriels, les applications sous pression et les infrastructures \u00e9nerg\u00e9tiques<\/strong> en raison de leur <strong>haute r\u00e9sistance, r\u00e9sistance \u00e0 la corrosion et rentabilit\u00e9<\/strong>.<\/p>\n\n\n\n<p>Si vous cherchez <strong>un fournisseur fiable<\/strong>, <strong>Groupe Cangzhou Spiral Steel Pipes Co., Ltd<\/strong> est ton <strong>meilleur choix<\/strong> en 2025 ! <\/p>\n\n\n\n<p>Besoin d'un <strong>citation<\/strong> ou plus <strong>d\u00e9tails techniques<\/strong>? Contact <strong>Groupe de tubes d'acier en spirale de Cangzhou<\/strong> aujourd'hui !<\/p>","protected":false},"featured_media":257,"template":"","meta":{"_acf_changed":false,"_gspb_post_css":"","_kad_blocks_custom_css":"","_kad_blocks_head_custom_js":"","_kad_blocks_body_custom_js":"","_kad_blocks_footer_custom_js":"","_kad_post_transparent":"","_kad_post_title":"","_kad_post_layout":"","_kad_post_sidebar_id":"","_kad_post_content_style":"","_kad_post_vertical_padding":"","_kad_post_feature":"","_kad_post_feature_position":"","_kad_post_header":false,"_kad_post_footer":false,"_kad_post_classname":""},"product-category":[3],"product-standard":[10],"class_list":["post-256","product","type-product","status-publish","has-post-thumbnail","hentry","product-category-spiral-welded-pipe","product-standard-en-10217"],"acf":[],"taxonomy_info":{"product-category":[{"value":3,"label":"Spiral Welded Pipe"}],"product-standard":[{"value":10,"label":"EN 10217"}]},"featured_image_src_large":["https:\/\/cangluopipe.com\/wp-content\/uploads\/2025\/02\/EN-10217-spiral-pipe.jpg",920,412,false],"author_info":[],"comment_info":"","_links":{"self":[{"href":"https:\/\/cangluopipe.com\/fr\/wp-json\/wp\/v2\/product\/256","targetHints":{"allow":["GET"]}}],"collection":[{"href":"https:\/\/cangluopipe.com\/fr\/wp-json\/wp\/v2\/product"}],"about":[{"href":"https:\/\/cangluopipe.com\/fr\/wp-json\/wp\/v2\/types\/product"}],"wp:featuredmedia":[{"embeddable":true,"href":"https:\/\/cangluopipe.com\/fr\/wp-json\/wp\/v2\/media\/257"}],"wp:attachment":[{"href":"https:\/\/cangluopipe.com\/fr\/wp-json\/wp\/v2\/media?parent=256"}],"wp:term":[{"taxonomy":"product-category","embeddable":true,"href":"https:\/\/cangluopipe.com\/fr\/wp-json\/wp\/v2\/product-category?post=256"},{"taxonomy":"product-standard","embeddable":true,"href":"https:\/\/cangluopipe.com\/fr\/wp-json\/wp\/v2\/product-standard?post=256"}],"curies":[{"name":"wp","href":"https:\/\/api.w.org\/{rel}","templated":true}]}}