{"id":268,"date":"2025-02-12T02:53:57","date_gmt":"2025-02-12T02:53:57","guid":{"rendered":"https:\/\/cangluo.easiwin.com\/?post_type=product&#038;p=268"},"modified":"2025-02-24T03:41:02","modified_gmt":"2025-02-24T03:41:02","slug":"gost-20295-spiral-welded-pipe-manufacturer","status":"publish","type":"product","link":"https:\/\/cangluopipe.com\/es\/product\/gost-20295-spiral-welded-pipe-manufacturer\/","title":{"rendered":"Fabricante de tubos soldados en espiral GOST 20295"},"content":{"rendered":"<h2 class=\"wp-block-heading\" id=\"overview-of-gost-20295-spiral-welded-pipe\"><strong>Descripci\u00f3n general de los tubos soldados en espiral GOST 20295<\/strong><\/h2>\n\n\n\n<p>Cuando se trata de <strong>tuber\u00edas de acero de alta resistencia<\/strong>, <strong>GOST 20295 Tubos soldados en espiral<\/strong> desempe\u00f1a un papel vital en industrias como <strong>petr\u00f3leo &amp; gas, transporte de agua, construcci\u00f3n y desarrollo de infraestructuras<\/strong>. Esta norma, establecida por <strong>Sistema GOST (normas estatales) de Rusia<\/strong>garantiza que <strong>tubos de acero soldados en espiral<\/strong> cumplir estrictos requisitos mec\u00e1nicos, qu\u00edmicos y de rendimiento.<\/p>\n\n\n\n<p>A diferencia de <strong>sin costuras<\/strong> o <strong>Tubos ERW (soldados por resistencia el\u00e9ctrica)<\/strong>, <strong>tubos soldados en espiral<\/strong> son conocidos por su <strong>rentabilidad, alta resistencia y gran di\u00e1metro<\/strong>por lo que son la opci\u00f3n preferida para los proyectos de tuber\u00edas de larga distancia.<\/p>\n\n\n\n<p>En esta gu\u00eda, exploraremos todo lo relacionado con <strong>GOST 20295 Tubos soldados en espiral<\/strong>incluyendo <strong>fabricantes, especificaciones, tendencias de precios, revestimientos, aplicaciones y procesos de soldadura<\/strong>.<\/p>\n\n\n\n<h2 class=\"wp-block-heading\" id=\"top-gost-20295-spiral-welded-pipe-manufacturers\"><strong>Top GOST 20295 Tubos soldados en espiral Fabricantes<\/strong><\/h2>\n\n\n\n<p>Selecci\u00f3n de un <strong>fabricante de confianza<\/strong> es crucial para garantizar <strong>calidad, durabilidad y conformidad<\/strong> con el <strong>Norma GOST 20295<\/strong>. Estos son algunos de los <strong>principales fabricantes<\/strong>:<\/p>\n\n\n\n<h3 class=\"wp-block-heading\" id=\"1-cangzhou-spiral-steel-pipes-group-co-ltd\"><strong>1. Grupo de tubos de acero en espiral de Cangzhou, S.A<\/strong><\/h3>\n\n\n\n<p>\u2714 <strong>27 a\u00f1os de experiencia<\/strong> en la fabricaci\u00f3n de tubos de acero<br>\u2714 <strong>13 l\u00edneas de producci\u00f3n<\/strong> para <strong>\u03a6219-\u03a63500mm<\/strong> tubos soldados en espiral<br>\u2714 <strong>Certificaci\u00f3n GOST 20295, API Spec 5L e ISO 9001<\/strong><br>\u2714 <strong>Capacidad de producci\u00f3n anual: 400.000 toneladas<\/strong><br>\u2714 <strong>Revestimientos personalizados disponibles: FBE, 3LPE, revestimiento de mortero de cemento<\/strong><\/p>\n\n\n\n<h3 class=\"wp-block-heading\" id=\"2-tmk-\u0442\u0440\u0443\u0431\u043d\u0430\u044f-\u043c\u0435\u0442\u0430\u043b\u043b\u0443\u0440\u0433\u0438\u0447\u0435\u0441\u043a\u0430\u044f-\u043a\u043e\u043c\u043f\u0430\u043d\u0438\u044f-russia\"><strong>2. TMK (\u0422\u0440\u0443\u0431\u043d\u0430\u044f \u041c\u0435\u0442\u0430\u043b\u043b\u0443\u0440\u0433\u0438\u0447\u0435\u0441\u043a\u0430\u044f \u041a\u043e\u043c\u043f\u0430\u043d\u0438\u044f, Rusia)<\/strong><\/h3>\n\n\n\n<p>Uno de los mayores fabricantes de tubos de acero de Rusia, especializado en <strong>Tuber\u00edas conformes con GOST<\/strong> para <strong>petr\u00f3leo y gas<\/strong>.<\/p>\n\n\n\n<h3 class=\"wp-block-heading\" id=\"3-chelpipe-\u0447\u0435\u043b\u044f\u0431\u0438\u043d\u0441\u043a\u0438\u0438-\u0442\u0440\u0443\u0431\u043e\u043f\u0440\u043e\u043a\u0430\u0442\u043d\u044b\u0438-\u0437\u0430\u0432\u043e\u0434-russia\"><strong>3. ChelPipe (\u0427\u0435\u043b\u044f\u0431\u0438\u043d\u0441\u043a\u0438\u0439 \u0442\u0440\u0443\u0431\u043e\u043f\u0440\u043e\u043a\u0430\u0442\u043d\u044b\u0439 \u0437\u0430\u0432\u043e\u0434, Rusia)<\/strong><\/h3>\n\n\n\n<p>Un importante productor ruso de <strong>tubos soldados en espiral de gran di\u00e1metro<\/strong> para <strong>conducciones de agua y gas<\/strong>.<\/p>\n\n\n\n<h3 class=\"wp-block-heading\" id=\"4-omk-\u043e\u0431\u044a\u0435\u0434\u0438\u043d\u0435\u043d\u043d\u0430\u044f-\u043c\u0435\u0442\u0430\u043b\u043b\u0443\u0440\u0433\u0438\u0447\u0435\u0441\u043a\u0430\u044f-\u043a\u043e\u043c\u043f\u0430\u043d\u0438\u044f-russia\"><strong>4. OMK (\u041e\u0431\u044a\u0435\u0434\u0438\u043d\u0435\u043d\u043d\u0430\u044f \u041c\u0435\u0442\u0430\u043b\u043b\u0443\u0440\u0433\u0438\u0447\u0435\u0441\u043a\u0430\u044f \u041a\u043e\u043c\u043f\u0430\u043d\u0438\u044f, Rusia)<\/strong><\/h3>\n\n\n\n<p>Un proveedor l\u00edder de <strong>tubos de alta resistencia a la corrosi\u00f3n<\/strong> para <strong>proyectos de infraestructuras<\/strong>.<\/p>\n\n\n\n<h3 class=\"wp-block-heading\" id=\"5-jindal-saw-ltd\"><strong>5. Jindal SAW Ltd<\/strong><\/h3>\n\n\n\n<p>Un fabricante mundial que exporta <strong>tubos soldados en espiral<\/strong> a <strong>Rusia, Europa y Norteam\u00e9rica<\/strong>.<\/p>\n\n\n\n<p>Cada uno de estos fabricantes garantiza <strong>estricto cumplimiento de las normas GOST 20295<\/strong>garantizando <strong>gran durabilidad y resistencia a la corrosi\u00f3n<\/strong>.<\/p>\n\n\n<div class=\"wp-block-image\">\n<figure class=\"aligncenter size-full is-resized\"><img decoding=\"async\" src=\"https:\/\/cangluopipe.com\/wp-content\/uploads\/2025\/02\/IMG_20250207_141943.jpg\" alt=\"GOST 20295 Tubos soldados en espiral\" class=\"wp-image-299\" style=\"width:562px;height:auto\"\/><\/figure>\n<\/div>\n\n\n<h2 class=\"wp-block-heading\" id=\"gost-20295-spiral-welded-pipe-vs-other-pipe-types\"><strong>GOST 20295 Tubos soldados en espiral frente a otros tipos de tubos<\/strong><\/h2>\n\n\n\n<p>La elecci\u00f3n del tubo adecuado depende de <strong>aplicaci\u00f3n, durabilidad, coste y resistencia<\/strong>. He aqu\u00ed c\u00f3mo <strong>GOST 20295 Tubos soldados en espiral<\/strong> en comparaci\u00f3n con otros tipos de tuber\u00edas comunes:<\/p>\n\n\n\n<figure class=\"wp-block-table\"><table class=\"has-fixed-layout\"><thead><tr><th><strong>Caracter\u00edstica<\/strong><\/th><th><strong>GOST 20295 Tubos soldados en espiral<\/strong><\/th><th><strong>Tubo ERW (soldado por resistencia el\u00e9ctrica)<\/strong><\/th><th><strong>Tubos de acero sin soldadura<\/strong><\/th><\/tr><\/thead><tbody><tr><td><strong>Proceso de fabricaci\u00f3n<\/strong><\/td><td>Soldadura por arco sumergido helicoidal (HSAW)<\/td><td>Soldadura por resistencia de alta frecuencia<\/td><td>Fabricado sin soldadura<\/td><\/tr><tr><td><strong>Resistencia &amp; Durabilidad<\/strong><\/td><td>Alta debido a la costura en espiral<\/td><td>Moderado<\/td><td>Muy alta<\/td><\/tr><tr><td><strong>Resistencia a la presi\u00f3n<\/strong><\/td><td>Excelente<\/td><td>Moderado<\/td><td>Superior<\/td><\/tr><tr><td><strong>Resistencia a la corrosi\u00f3n<\/strong><\/td><td>Puede mejorarse con revestimientos<\/td><td>Requiere recubrimiento adicional<\/td><td>Naturalmente m\u00e1s resistente<\/td><\/tr><tr><td><strong>Coste<\/strong><\/td><td>Rentable<\/td><td>Ligeramente superior<\/td><td>Caro<\/td><\/tr><tr><td><strong>Tama\u00f1o Disponibilidad<\/strong><\/td><td>Gran di\u00e1metro (hasta 3500 mm)<\/td><td>Di\u00e1metro limitado<\/td><td>Di\u00e1metro limitado<\/td><\/tr><tr><td><strong>Aplicaci\u00f3n<\/strong><\/td><td>Petr\u00f3leo, gas, tuber\u00edas de agua, proyectos estructurales<\/td><td>Transporte de agua, construcci\u00f3n<\/td><td>Aplicaciones de alta presi\u00f3n<\/td><\/tr><\/tbody><\/table><\/figure>\n\n\n\n<h3 class=\"wp-block-heading\" id=\"why-choose-gost-20295-spiral-welded-pipes\"><strong>\u00bfPor qu\u00e9 elegir los tubos soldados en espiral GOST 20295?<\/strong><\/h3>\n\n\n\n<p>\u2714 <strong>Alta resistencia para tuber\u00edas de larga distancia<\/strong><br>\u2714 <strong>Rentable para aplicaciones de gran di\u00e1metro<\/strong><br>\u2714 <strong>Excelente para transmisi\u00f3n de agua y proyectos industriales<\/strong><br>\u2714 <strong>M\u00e1s f\u00e1cil de fabricar en grandes longitudes<\/strong><\/p>\n\n\n\n<h2 class=\"wp-block-heading\" id=\"gost-20295-spiral-welded-pipe-price-per-ton-in-2025\"><strong>Precio por tonelada de tubos soldados en espiral GOST 20295 en 2025<\/strong><\/h2>\n\n\n\n<p>El precio de <strong>GOST 20295 Tubos soldados en espiral<\/strong> var\u00eda en funci\u00f3n de factores como <strong>costes de las materias primas, demanda, revestimientos y lugar de fabricaci\u00f3n<\/strong>. A continuaci\u00f3n se indica una horquilla de precios estimada para 2025:<\/p>\n\n\n\n<figure class=\"wp-block-table\"><table class=\"has-fixed-layout\"><thead><tr><th><strong>Di\u00e1metro del tubo (mm)<\/strong><\/th><th><strong>Espesor de pared (mm)<\/strong><\/th><th><strong>Precio por tonelada (USD)<\/strong><\/th><\/tr><\/thead><tbody><tr><td>219 \u2013 600<\/td><td>6 \u2013 10<\/td><td>850-850 &#8211; 850-1,250<\/td><\/tr><tr><td>610 \u2013 1200<\/td><td>8 \u2013 14<\/td><td>1,150-1,150 &#8211; 1,150-1,600<\/td><\/tr><tr><td>1220 \u2013 1800<\/td><td>10 \u2013 16<\/td><td>1,350-1,350 &#8211; 1,350-1,900<\/td><\/tr><tr><td>2000 \u2013 3500<\/td><td>12 \u2013 25<\/td><td>1,700-1,700 &#8211; 1,700-2,600<\/td><\/tr><\/tbody><\/table><\/figure>\n\n\n\n<h3 class=\"wp-block-heading\" id=\"factors-affecting-price\"><strong>Factores que afectan al precio:<\/strong><\/h3>\n\n\n\n<p>\u2714 <strong>Precios del acero:<\/strong> Las fluctuaciones de los precios de las materias primas repercuten en el coste de los tubos.<br>\u2714 <strong>Costes de fabricaci\u00f3n:<\/strong> Gastos de mano de obra, energ\u00eda y transporte.<br>\u2714 <strong>Recubrimientos y tratamientos:<\/strong> Los recubrimientos anticorrosi\u00f3n adicionales aumentan el precio.<br>\u2714 <strong>Cantidad del pedido:<\/strong> Los pedidos al por mayor suelen tener mejores precios.<\/p>\n\n\n\n<p>Cangzhou Spiral Steel Pipes Group ofrece <strong>precios competitivos y descuentos por volumen<\/strong> para <strong>Tubos con certificaci\u00f3n GOST 20295<\/strong>.<\/p>\n\n\n\n<h2 class=\"wp-block-heading\" id=\"gost-20295-spiral-welded-pipe-specifications-standards\"><strong>GOST 20295 Especificaciones de los tubos soldados en espiral &amp; Normas<\/strong><\/h2>\n\n\n\n<p>Para cumplir <strong>Requisitos GOST 20295<\/strong>los tubos soldados en espiral deben cumplir unas especificaciones estrictas.<\/p>\n\n\n\n<figure class=\"wp-block-table\"><table class=\"has-fixed-layout\"><thead><tr><th><strong>Especificaci\u00f3n<\/strong><\/th><th><strong>Detalles<\/strong><\/th><\/tr><\/thead><tbody><tr><td><strong>Est\u00e1ndar<\/strong><\/td><td>GOST 20295:2025<\/td><\/tr><tr><td><strong>Di\u00e1metro<\/strong><\/td><td>219mm &#8211; 3500mm<\/td><\/tr><tr><td><strong>Espesor de pared<\/strong><\/td><td>6mm &#8211; 25mm<\/td><\/tr><tr><td><strong>Material<\/strong><\/td><td>Acero al carbono (GR B, X42-X80)<\/td><\/tr><tr><td><strong>Proceso de fabricaci\u00f3n<\/strong><\/td><td>Soldadura por arco sumergido (SAW)<\/td><\/tr><tr><td><strong>M\u00e9todos de ensayo<\/strong><\/td><td>Inspecci\u00f3n ultras\u00f3nica, hidrost\u00e1tica y por rayos X<\/td><\/tr><tr><td><strong>Opciones de revestimiento<\/strong><\/td><td>FBE, 3LPE, Revestimiento de mortero de cemento<\/td><\/tr><\/tbody><\/table><\/figure>\n\n\n\n<p>Estas especificaciones garantizan <strong>GOST 20295 Tubos soldados en espiral<\/strong> son <strong>fuerte, duradero y resistente a la corrosi\u00f3n<\/strong>haci\u00e9ndolos <strong>ideal para el transporte de petr\u00f3leo, gas y agua<\/strong>.<\/p>\n\n\n\n<h2 class=\"wp-block-heading\" id=\"gost-20295-spiral-welded-pipe-welding-process-manufacturing\"><strong>GOST 20295 Proceso de soldadura de tubos soldados en espiral &amp; Fabricaci\u00f3n<\/strong><\/h2>\n\n\n\n<h3 class=\"wp-block-heading\" id=\"how-are-gost-20295-spiral-welded-pipes-manufactured\"><strong>\u00bfC\u00f3mo se fabrican los tubos soldados en espiral GOST 20295?<\/strong><\/h3>\n\n\n\n<p>En <strong>proceso de fabricaci\u00f3n<\/strong> de <strong>GOST 20295 Tubos soldados en espiral<\/strong> sigue un estricto conjunto de procedimientos para garantizar <strong>gran resistencia mec\u00e1nica, durabilidad y conformidad<\/strong> con <strong>Normas rusas e internacionales<\/strong>. A continuaci\u00f3n se detalla paso a paso el proceso de producci\u00f3n:<\/p>\n\n\n\n<ol class=\"wp-block-list\">\n<li><strong>Selecci\u00f3n de bobinas de acero<\/strong>\n<ul class=\"wp-block-list\">\n<li>Alta calidad <strong>carbono<a href=\"https:\/\/en.wikipedia.org\/wiki\/Steel\" target=\"_blank\" rel=\"noopener\"> acero<\/a><\/strong> se selecciona en funci\u00f3n de <strong>Requisitos GOST 20295<\/strong>.<\/li>\n\n\n\n<li>Com\u00fan <strong>calidades de acero<\/strong> incluir <strong>GR B, X42, X52, X60, X70 y X80<\/strong>.<\/li>\n<\/ul>\n<\/li>\n\n\n\n<li><strong>Proceso de formaci\u00f3n de espirales<\/strong>\n<ul class=\"wp-block-list\">\n<li>La banda de acero se introduce continuamente en una m\u00e1quina de conformado donde se <strong>enrollado en forma de espiral<\/strong>.<\/li>\n\n\n\n<li>En <strong>costura helicoidal<\/strong> que distribuye la tensi\u00f3n de forma m\u00e1s uniforme, por lo que es ideal para aplicaciones de alta presi\u00f3n.<\/li>\n<\/ul>\n<\/li>\n\n\n\n<li><strong>Soldadura por arco sumergido (SAW)<\/strong>\n<ul class=\"wp-block-list\">\n<li><strong>Soldadura por arco sumergido de doble cara (DSAW)<\/strong> se aplica para garantizar <strong>penetraci\u00f3n profunda y soldaduras fuertes<\/strong>.<\/li>\n\n\n\n<li>Este m\u00e9todo <strong>mejora la resistencia mec\u00e1nica y evita los defectos<\/strong>.<\/li>\n<\/ul>\n<\/li>\n\n\n\n<li><strong>Ensayos no destructivos (END) &amp; Control de calidad<\/strong>\n<ul class=\"wp-block-list\">\n<li><strong>Pruebas ultras\u00f3nicas (UT)<\/strong> detecta defectos internos y externos.<\/li>\n\n\n\n<li><strong>Inspecci\u00f3n por rayos X<\/strong> garantiza <strong>integridad de la soldadura<\/strong>.<\/li>\n\n\n\n<li><strong>Pruebas de presi\u00f3n hidrost\u00e1tica<\/strong> verifica que las tuber\u00edas pueden <strong>soportar la presi\u00f3n interna sin fallos<\/strong>.<\/li>\n<\/ul>\n<\/li>\n\n\n\n<li><strong>Recubrimiento &amp; amp; Protecci\u00f3n contra la corrosi\u00f3n<\/strong>\n<ul class=\"wp-block-list\">\n<li>Las tuber\u00edas est\u00e1n recubiertas con <strong>Fusion Bonded Epoxy (FBE), 3LPE (polietileno de tres capas) o revestimiento de mortero de cemento<\/strong> para evitar la corrosi\u00f3n.<\/li>\n<\/ul>\n<\/li>\n\n\n\n<li><strong>Inspecci\u00f3n final y sello; certificaci\u00f3n<\/strong>\n<ul class=\"wp-block-list\">\n<li>Cada tubo se somete a pruebas de <strong>precisi\u00f3n dimensional, propiedades mec\u00e1nicas y calidad del revestimiento<\/strong>.<\/li>\n\n\n\n<li>Certificado seg\u00fan <strong>Normas GOST 20295 e ISO 9001<\/strong>.<\/li>\n<\/ul>\n<\/li>\n<\/ol>\n\n\n\n<h3 class=\"wp-block-heading\" id=\"welding-methods-used-in-gost-20295-spiral-pipes\"><strong>M\u00e9todos de soldadura utilizados en los tubos en espiral GOST 20295<\/strong><\/h3>\n\n\n\n<figure class=\"wp-block-table\"><table class=\"has-fixed-layout\"><thead><tr><th><strong>M\u00e9todo de soldadura<\/strong><\/th><th><strong>Ventajas<\/strong><\/th><\/tr><\/thead><tbody><tr><td><strong>Soldadura por arco sumergido (SAW)<\/strong><\/td><td>Soldaduras de penetraci\u00f3n profunda, fuertes y uniformes<\/td><\/tr><tr><td><strong>Soldadura de doble cara (DSAW)<\/strong><\/td><td>Garantiza una resistencia uniforme y evita los puntos d\u00e9biles<\/td><\/tr><tr><td><strong>Pruebas hidrost\u00e1ticas<\/strong><\/td><td>Verifica la resistencia a la presi\u00f3n, garantiza la ausencia de fugas<\/td><\/tr><\/tbody><\/table><\/figure>\n\n\n\n<p>Cangzhou Spiral Steel Pipes Group Co., Ltd garantiza <strong>todos los tubos cumplen la norma GOST 20295<\/strong> a trav\u00e9s de <strong>rigurosos controles de calidad y avanzadas t\u00e9cnicas de fabricaci\u00f3n<\/strong>.<\/p>\n\n\n\n<h2 class=\"wp-block-heading\" id=\"gost-20295-spiral-welded-pipe-suppliers-exporters\"><strong>GOST 20295 Tubo soldado en espiral Proveedores &amp; Exportadores<\/strong><\/h2>\n\n\n\n<p>Si desea <strong>importaci\u00f3n GOST 20295 Tubos soldados en espiral<\/strong>trabajando con un <strong>exportador de confianza<\/strong> es esencial. China sigue siendo un <strong>principal exportador<\/strong> debido a su <strong>alta capacidad de fabricaci\u00f3n, precios competitivos y un s\u00f3lido control de calidad<\/strong>.<\/p>\n\n\n\n<h3 class=\"wp-block-heading\" id=\"top-chinese-exporters-of-gost-20295-spiral-welded-pipes\"><strong>Principales exportadores chinos de Tubos soldados en espiral GOST 20295<\/strong><\/h3>\n\n\n\n<figure class=\"wp-block-table\"><table class=\"has-fixed-layout\"><thead><tr><th><strong>Nombre de la empresa<\/strong><\/th><th><strong>Ubicaci\u00f3n<\/strong><\/th><th><strong>Capacidad de producci\u00f3n anual<\/strong><\/th><\/tr><\/thead><tbody><tr><td><strong>Grupo de tubos de acero en espiral de Cangzhou, S.A<\/strong><\/td><td>Hebei, China<\/td><td>400.000 toneladas<\/td><\/tr><tr><td><strong>Grupo Baosteel<\/strong><\/td><td>Shanghai, China<\/td><td>m\u00e1s de 500.000 toneladas<\/td><\/tr><tr><td><strong>Tianjin Steel Pipe Co.<\/strong><\/td><td>Tianjin, China<\/td><td>300.000 toneladas<\/td><\/tr><\/tbody><\/table><\/figure>\n\n\n\n<h3 class=\"wp-block-heading\" id=\"why-choose-cangzhou-spiral-steel-pipes-group-for-gost-20295-pipes\"><strong>\u00bfPor qu\u00e9 elegir Cangzhou Spiral Steel Pipes Group para los tubos GOST 20295?<\/strong><\/h3>\n\n\n\n<p>\u2714 <strong>27 a\u00f1os de experiencia en la fabricaci\u00f3n de tubos de acero<\/strong><br>\u2714 <strong>Certificaci\u00f3n GOST 20295, API e ISO<\/strong><br>\u2714 <strong>13 l\u00edneas de producci\u00f3n, que abarcan di\u00e1metros de 219 mm a 3500 mm<\/strong><br>\u2714 <strong>Recubrimientos y tratamientos anticorrosi\u00f3n personalizados disponibles<\/strong><br>\u2714 <strong>S\u00f3lida red de exportaci\u00f3n a Rusia, los pa\u00edses de la CEI, Europa y Oriente Medio<\/strong><\/p>\n\n\n\n<p>Para <strong>tubos soldados en espiral de alta calidad GOST 20295<\/strong>, <strong>Grupo de tubos de acero en espiral de Cangzhou, S.A<\/strong> es un <strong>proveedor de confianza<\/strong>.<\/p>\n\n\n<div class=\"wp-block-image\">\n<figure class=\"aligncenter size-full is-resized\"><img loading=\"lazy\" decoding=\"async\" width=\"500\" height=\"600\" src=\"https:\/\/cangluopipe.com\/wp-content\/uploads\/2025\/02\/Loading.jpg\" alt=\"GOST 20295 Tubos soldados en espiral\" class=\"wp-image-292\" style=\"width:452px;height:auto\" srcset=\"https:\/\/cangluopipe.com\/wp-content\/uploads\/2025\/02\/Loading.jpg 500w, https:\/\/cangluopipe.com\/wp-content\/uploads\/2025\/02\/Loading-250x300.jpg 250w\" sizes=\"auto, (max-width: 500px) 100vw, 500px\" \/><\/figure>\n<\/div>\n\n\n<h2 class=\"wp-block-heading\" id=\"faq-gost-20295-spiral-welded-pipe\"><strong>FAQ: GOST 20295 Tubos soldados en espiral<\/strong><\/h2>\n\n\n\n<figure class=\"wp-block-table\"><table class=\"has-fixed-layout\"><thead><tr><th><strong>Pregunta<\/strong><\/th><th><strong>Respuesta<\/strong><\/th><\/tr><\/thead><tbody><tr><td><strong>\u00bfPara qu\u00e9 se utilizan los tubos soldados en espiral GOST 20295?<\/strong><\/td><td>Se utiliza principalmente para <strong>petr\u00f3leo &amp; transporte de gas, conducciones de agua y proyectos estructurales<\/strong>.<\/td><\/tr><tr><td><strong>\u00bfQu\u00e9 revestimientos hay disponibles?<\/strong><\/td><td><strong>FBE, 3LPE, revestimiento de mortero de cemento y revestimientos galvanizados<\/strong>.<\/td><\/tr><tr><td><strong>\u00bfEn qu\u00e9 se diferencia de los tubos API 5L?<\/strong><\/td><td><strong>GOST 20295 es ideal para Rusia y los pa\u00edses de la CEI, mientras que API 5L se utiliza en todo el mundo<\/strong>.<\/td><\/tr><tr><td><strong>\u00bfQui\u00e9n es el mejor proveedor?<\/strong><\/td><td><strong>Grupo de tubos de acero en espiral de Cangzhou, S.A<\/strong> es un proveedor l\u00edder con <strong>Certificaciones ISO &amp; GOST 20295<\/strong>.<\/td><\/tr><tr><td><strong>\u00bfCu\u00e1l ser\u00e1 el precio por tonelada en 2025?<\/strong><\/td><td>Los precios oscilan entre <strong>850 a 850 a 850 a 2.600 por tonelada<\/strong>seg\u00fan el tama\u00f1o y el revestimiento.<\/td><\/tr><tr><td><strong>\u00bfC\u00f3mo se prueban estas tuber\u00edas?<\/strong><\/td><td><strong>Inspecciones ultras\u00f3nicas, hidrost\u00e1ticas y por rayos X<\/strong> garantizar el cumplimiento de las normas de calidad.<\/td><\/tr><tr><td><strong>\u00bfCu\u00e1les son las ventajas de los tubos soldados en espiral frente a los tubos ERW?<\/strong><\/td><td><strong>Mayor fuerza, mejor resistencia a la presi\u00f3n y rentabilidad para di\u00e1metros grandes<\/strong>.<\/td><\/tr><tr><td><strong>\u00bfNecesitan revestimiento los tubos GOST 20295?<\/strong><\/td><td><strong>S\u00ed, los revestimientos como el FBE, el 3LPE o el revestimiento de mortero de cemento mejoran la resistencia a la corrosi\u00f3n<\/strong>.<\/td><\/tr><tr><td><strong>\u00bfHay tubos GOST 20295 de gran di\u00e1metro?<\/strong><\/td><td><strong>S\u00ed, est\u00e1n disponibles en tama\u00f1os de hasta 3500 mm de di\u00e1metro.<\/strong><\/td><\/tr><\/tbody><\/table><\/figure>\n\n\n\n<h2 class=\"wp-block-heading\" id=\"final-thoughts\"><strong>Reflexiones finales<\/strong><\/h2>\n\n\n\n<p><strong>GOST 20295 Tubos soldados en espiral<\/strong> se utilizan ampliamente en <strong>petr\u00f3leo &amp; gas, transmisi\u00f3n de agua y aplicaciones industriales<\/strong> debido a su <strong>alta resistencia, resistencia a la corrosi\u00f3n y rentabilidad<\/strong>.<\/p>\n\n\n\n<p>Si busca <strong>un proveedor fiable<\/strong>, <strong>Grupo de tubos de acero en espiral de Cangzhou, S.A<\/strong> es tu <strong>la mejor opci\u00f3n<\/strong> \u00a1en 2025! <\/p>\n\n\n\n<p>Necesita un <strong>cita<\/strong> o m\u00e1s <strong>detalles t\u00e9cnicos<\/strong>? P\u00f3ngase en contacto con <strong>Grupo de tubos de acero en espiral de Cangzhou<\/strong> \u00a1hoy!<\/p>","protected":false},"featured_media":269,"template":"","meta":{"_acf_changed":false,"_gspb_post_css":"","_kad_blocks_custom_css":"","_kad_blocks_head_custom_js":"","_kad_blocks_body_custom_js":"","_kad_blocks_footer_custom_js":"","_kad_post_transparent":"","_kad_post_title":"","_kad_post_layout":"","_kad_post_sidebar_id":"","_kad_post_content_style":"","_kad_post_vertical_padding":"","_kad_post_feature":"","_kad_post_feature_position":"","_kad_post_header":false,"_kad_post_footer":false,"_kad_post_classname":""},"product-category":[3],"product-standard":[16],"class_list":["post-268","product","type-product","status-publish","has-post-thumbnail","hentry","product-category-spiral-welded-pipe","product-standard-gost-20295"],"acf":[],"taxonomy_info":{"product-category":[{"value":3,"label":"Spiral Welded Pipe"}],"product-standard":[{"value":16,"label":"GOST 20295"}]},"featured_image_src_large":["https:\/\/cangluopipe.com\/wp-content\/uploads\/2025\/02\/GOST-20295-spiral-welded-pipe.jpg",920,414,false],"author_info":[],"comment_info":"","_links":{"self":[{"href":"https:\/\/cangluopipe.com\/es\/wp-json\/wp\/v2\/product\/268","targetHints":{"allow":["GET"]}}],"collection":[{"href":"https:\/\/cangluopipe.com\/es\/wp-json\/wp\/v2\/product"}],"about":[{"href":"https:\/\/cangluopipe.com\/es\/wp-json\/wp\/v2\/types\/product"}],"wp:featuredmedia":[{"embeddable":true,"href":"https:\/\/cangluopipe.com\/es\/wp-json\/wp\/v2\/media\/269"}],"wp:attachment":[{"href":"https:\/\/cangluopipe.com\/es\/wp-json\/wp\/v2\/media?parent=268"}],"wp:term":[{"taxonomy":"product-category","embeddable":true,"href":"https:\/\/cangluopipe.com\/es\/wp-json\/wp\/v2\/product-category?post=268"},{"taxonomy":"product-standard","embeddable":true,"href":"https:\/\/cangluopipe.com\/es\/wp-json\/wp\/v2\/product-standard?post=268"}],"curies":[{"name":"wp","href":"https:\/\/api.w.org\/{rel}","templated":true}]}}