{"id":263,"date":"2025-02-12T02:52:45","date_gmt":"2025-02-12T02:52:45","guid":{"rendered":"https:\/\/cangluo.easiwin.com\/?post_type=product&#038;p=263"},"modified":"2025-02-24T03:41:12","modified_gmt":"2025-02-24T03:41:12","slug":"jis-3457-spiral-welded-pipe-manufacturer","status":"publish","type":"product","link":"https:\/\/cangluopipe.com\/es\/product\/jis-3457-spiral-welded-pipe-manufacturer\/","title":{"rendered":"Fabricante de tubos soldados en espiral JIS 3457"},"content":{"rendered":"<h2 class=\"wp-block-heading\" id=\"overview-of-jis-3457-spiral-welded-pipe\"><strong>Visi\u00f3n general de los tubos soldados en espiral JIS 3457<\/strong><\/h2>\n\n\n\n<p><strong>Tubo soldado en espiral JIS 3457<\/strong> es una norma sobre tubos de acero regulada por <strong>Normas industriales japonesas (JIS), concretamente JIS G 3457<\/strong>que se utiliza ampliamente para <strong>conducci\u00f3n de agua, aplicaciones estructurales y tuber\u00edas industriales<\/strong>. Estos tubos son conocidos por su <strong>alta resistencia, resistencia a la corrosi\u00f3n y rentabilidad<\/strong>por lo que son ideales para <strong>sistemas de suministro de agua a larga distancia, puentes y otros proyectos de infraestructura<\/strong>.<\/p>\n\n\n\n<p>A diferencia de <strong>tubos sin soldadura o ERW<\/strong>, <strong>tubos soldados en espiral<\/strong> oferta <strong>mayores di\u00e1metros, mayor resistencia a la presi\u00f3n y menores costes de producci\u00f3n<\/strong>por lo que son la opci\u00f3n preferida para <strong>aplicaciones industriales y estructurales a gran escala<\/strong>.<\/p>\n\n\n\n<p>En esta gu\u00eda, exploraremos todo lo relacionado con <strong>Tubo soldado en espiral JIS 3457<\/strong>incluyendo <strong>fabricantes, especificaciones, tendencias de precios, revestimientos, aplicaciones y procesos de soldadura<\/strong>.<\/p>\n\n\n\n<h2 class=\"wp-block-heading\" id=\"top-jis-3457-spiral-welded-pipe-manufacturers\"><strong>Mejores fabricantes de tubos soldados en espiral JIS 3457<\/strong><\/h2>\n\n\n\n<p>Elegir un <strong>fabricante de confianza<\/strong> garantiza <strong>calidad, durabilidad y conformidad<\/strong> con <strong>Normas JIS 3457<\/strong>. A continuaci\u00f3n <strong>algunos de los principales fabricantes<\/strong> en 2025:<\/p>\n\n\n\n<h3 class=\"wp-block-heading\" id=\"1-cangzhou-spiral-steel-pipes-group-co-ltd\"><strong>1. Grupo de tubos de acero en espiral de Cangzhou, S.A<\/strong><\/h3>\n\n\n\n<p>\u2714 <strong>27 a\u00f1os de experiencia<\/strong> en la fabricaci\u00f3n de tubos de acero<br>\u2714 <strong>13 l\u00edneas de producci\u00f3n<\/strong> para <strong>\u03a6219-\u03a63500mm<\/strong> tubos soldados en espiral<br>\u2714 <strong>Certificaci\u00f3n JIS 3457, ISO 9001 y API 5L<\/strong><br>\u2714 <strong>Capacidad de producci\u00f3n anual: 400.000 toneladas<\/strong><br>\u2714 <strong>Revestimientos personalizados disponibles: FBE, 3LPE, revestimiento de mortero de cemento<\/strong><\/p>\n\n\n\n<h3 class=\"wp-block-heading\" id=\"2-nippon-steel-corporation-japan\"><strong>2. Nippon Steel Corporation (Jap\u00f3n)<\/strong><\/h3>\n\n\n\n<p>Un fabricante japon\u00e9s l\u00edder especializado en <strong>Tubos de acero con certificaci\u00f3n JIS<\/strong> para <strong>transmisi\u00f3n de agua y aplicaciones estructurales<\/strong>.<\/p>\n\n\n\n<h3 class=\"wp-block-heading\" id=\"3-jfe-steel-corporation-japan\"><strong>3. JFE Steel Corporation (Jap\u00f3n)<\/strong><\/h3>\n\n\n\n<p>Uno de los mayores productores de acero de Jap\u00f3n, que suministra <strong>Tubos conformes con JIS 3457<\/strong> para <strong>proyectos de infraestructuras<\/strong>.<\/p>\n\n\n\n<h3 class=\"wp-block-heading\" id=\"4-baosteel-group-china\"><strong>4. Grupo Baosteel (China)<\/strong><\/h3>\n\n\n\n<p>Un fabricante mundial de acero que produce <strong>Tubos con certificaci\u00f3n JIS 3457<\/strong> para exportar a <strong>Jap\u00f3n, Sudeste Asi\u00e1tico y m\u00e1s all\u00e1<\/strong>.<\/p>\n\n\n\n<h3 class=\"wp-block-heading\" id=\"5-jindal-saw-ltd-india\"><strong>5. Jindal SAW Ltd (India)<\/strong><\/h3>\n\n\n\n<p>Uno de los principales proveedores de <strong>tubos soldados en espiral<\/strong> para <strong>aplicaciones industriales y municipales<\/strong>.<\/p>\n\n\n\n<p>Cada uno de estos fabricantes garantiza <strong>estricto cumplimiento de las normas JIS 3457<\/strong>garantizando <strong>gran durabilidad y resistencia a la corrosi\u00f3n<\/strong>.<\/p>\n\n\n\n<h2 class=\"wp-block-heading\" id=\"jis-3457-spiral-welded-pipe-vs-other-pipe-types\"><strong>Tubos soldados en espiral JIS 3457 frente a otros tipos de tubos<\/strong><\/h2>\n\n\n\n<p>Comprender las diferencias entre <strong>Tubos soldados en espiral JIS 3457<\/strong> y otros tipos de tuber\u00edas es crucial para seleccionar el producto adecuado para su proyecto.<\/p>\n\n\n\n<figure class=\"wp-block-table\"><table class=\"has-fixed-layout\"><thead><tr><th><strong>Caracter\u00edstica<\/strong><\/th><th><strong>Tubo soldado en espiral JIS 3457<\/strong><\/th><th><strong>Tubos de acero ERW<\/strong><\/th><th><strong>Tubos de acero sin soldadura<\/strong><\/th><\/tr><\/thead><tbody><tr><td><strong>Proceso de fabricaci\u00f3n<\/strong><\/td><td>Soldadura por arco sumergido helicoidal (HSAW)<\/td><td>Soldadura de alta frecuencia<\/td><td>Sin soldadura (extruido a partir de acero macizo)<\/td><\/tr><tr><td><strong>Resistencia &amp; Durabilidad<\/strong><\/td><td>Alta, adecuada para aplicaciones industriales<\/td><td>Moderado<\/td><td>Muy alta<\/td><\/tr><tr><td><strong>Resistencia a la presi\u00f3n<\/strong><\/td><td>Excelente<\/td><td>Moderado<\/td><td>Superior<\/td><\/tr><tr><td><strong>Resistencia a la corrosi\u00f3n<\/strong><\/td><td>Puede mejorarse con revestimientos<\/td><td>Requiere recubrimiento adicional<\/td><td>Naturalmente m\u00e1s resistente<\/td><\/tr><tr><td><strong>Coste<\/strong><\/td><td>Rentable<\/td><td>Ligeramente superior<\/td><td>Caro<\/td><\/tr><tr><td><strong>Di\u00e1metro<\/strong><\/td><td>Grande (hasta 3500 mm)<\/td><td>Limitado<\/td><td>Limitado<\/td><\/tr><tr><td><strong>Aplicaciones<\/strong><\/td><td>Transporte de agua, construcci\u00f3n, proyectos industriales<\/td><td>Distribuci\u00f3n de agua, construcci\u00f3n<\/td><td>Aplicaciones de alta presi\u00f3n<\/td><\/tr><\/tbody><\/table><\/figure>\n\n\n\n<h3 class=\"wp-block-heading\" id=\"why-choose-jis-3457-spiral-welded-pipes\"><strong>\u00bfPor qu\u00e9 elegir los tubos soldados en espiral JIS 3457?<\/strong><\/h3>\n\n\n\n<p>\u2714 <strong>Rentable para tuber\u00edas de gran di\u00e1metro<\/strong><br>\u2714 <strong>Alta resistencia y durabilidad<\/strong><br>\u2714 <strong>Excelente para proyectos municipales e industriales<\/strong><br>\u2714 <strong>M\u00e1s f\u00e1cil de fabricar en grandes longitudes<\/strong><\/p>\n\n\n<div class=\"wp-block-image\">\n<figure class=\"aligncenter size-large\"><img loading=\"lazy\" decoding=\"async\" width=\"1024\" height=\"536\" src=\"https:\/\/cangluopipe.com\/wp-content\/uploads\/2025\/02\/IMG_20250207_151831-1024x536.jpg\" alt=\"Tubo soldado en espiral JIS 3457\" class=\"wp-image-433\" srcset=\"https:\/\/cangluopipe.com\/wp-content\/uploads\/2025\/02\/IMG_20250207_151831-1024x536.jpg 1024w, https:\/\/cangluopipe.com\/wp-content\/uploads\/2025\/02\/IMG_20250207_151831-300x157.jpg 300w, https:\/\/cangluopipe.com\/wp-content\/uploads\/2025\/02\/IMG_20250207_151831-768x402.jpg 768w, https:\/\/cangluopipe.com\/wp-content\/uploads\/2025\/02\/IMG_20250207_151831-1536x804.jpg 1536w, https:\/\/cangluopipe.com\/wp-content\/uploads\/2025\/02\/IMG_20250207_151831.jpg 1800w\" sizes=\"auto, (max-width: 1024px) 100vw, 1024px\" \/><\/figure>\n<\/div>\n\n\n<h2 class=\"wp-block-heading\" id=\"jis-3457-spiral-welded-pipe-price-per-ton-in-2025\"><strong>Precio por tonelada de tubos soldados en espiral JIS 3457 en 2025<\/strong><\/h2>\n\n\n\n<p>En <strong>precio de los tubos soldados en espiral JIS 3457<\/strong> var\u00eda en funci\u00f3n de factores como <strong>materias primas, di\u00e1metro, revestimientos y demanda mundial<\/strong>. A continuaci\u00f3n figura una tabla de precios estimados para 2025:<\/p>\n\n\n\n<figure class=\"wp-block-table\"><table class=\"has-fixed-layout\"><thead><tr><th><strong>Di\u00e1metro del tubo (mm)<\/strong><\/th><th><strong>Espesor de pared (mm)<\/strong><\/th><th><strong>Precio por tonelada (USD)<\/strong><\/th><\/tr><\/thead><tbody><tr><td>219 \u2013 600<\/td><td>6 \u2013 10<\/td><td>850-850 &#8211; 850-1,250<\/td><\/tr><tr><td>610 \u2013 1200<\/td><td>8 \u2013 14<\/td><td>1,150-1,150 &#8211; 1,150-1,600<\/td><\/tr><tr><td>1220 \u2013 1800<\/td><td>10 \u2013 16<\/td><td>1,350-1,350 &#8211; 1,350-1,900<\/td><\/tr><tr><td>2000 \u2013 3500<\/td><td>12 \u2013 25<\/td><td>1,700-1,700 &#8211; 1,700-2,600<\/td><\/tr><\/tbody><\/table><\/figure>\n\n\n\n<h3 class=\"wp-block-heading\" id=\"factors-affecting-price\"><strong>Factores que afectan al precio:<\/strong><\/h3>\n\n\n\n<p>\u2714 <strong>Precios del acero<\/strong> - Las fluctuaciones de las materias primas repercuten en los costes.<br>\u2714 <strong>Gastos de fabricaci\u00f3n<\/strong> - Costes de mano de obra, energ\u00eda y transporte.<br>\u2714 <strong>Recubrimientos &amp; amp; Tratamientos anticorrosi\u00f3n<\/strong> - Los revestimientos personalizados aumentan el precio.<br>\u2714 <strong>Pedidos al por mayor<\/strong> - Los pedidos grandes suelen recibir <strong>tarifas reducidas<\/strong>.<\/p>\n\n\n\n<p>Cangzhou Spiral Steel Pipes Group ofrece <strong>precios competitivos y descuentos por volumen<\/strong> para <strong>Tubos con certificaci\u00f3n JIS 3457<\/strong>.<\/p>\n\n\n\n<h2 class=\"wp-block-heading\" id=\"jis-3457-spiral-welded-pipe-welding-process-manufacturing\"><strong>JIS 3457 Tubo soldado en espiral Proceso de soldadura &amp; Fabricaci\u00f3n<\/strong><\/h2>\n\n\n\n<h3 class=\"wp-block-heading\" id=\"how-are-jis-3457-spiral-welded-pipes-manufactured\"><strong>\u00bfC\u00f3mo se fabrican los tubos soldados en espiral JIS 3457?<\/strong><\/h3>\n\n\n\n<p>La fabricaci\u00f3n de <strong>Tubos soldados en espiral JIS 3457<\/strong> sigue a <strong>estricto proceso de control de calidad<\/strong> para garantizar <strong>alta resistencia, durabilidad y conformidad<\/strong> con <strong>Normas industriales japonesas (JIS)<\/strong>. A continuaci\u00f3n se detalla c\u00f3mo se fabrican estos tubos:<\/p>\n\n\n\n<ol class=\"wp-block-list\">\n<li><strong>Selecci\u00f3n de bobinas de acero<\/strong>\n<ul class=\"wp-block-list\">\n<li>Alta calidad <strong>carbono<a href=\"https:\/\/en.wikipedia.org\/wiki\/Steel\" target=\"_blank\" rel=\"noopener\"> acero<\/a><\/strong> se selecciona en funci\u00f3n de <strong>Especificaciones JIS 3457<\/strong>.<\/li>\n\n\n\n<li>Com\u00fan <strong>calidades de acero<\/strong> incluir <strong>GR B, X42, X52, X60, X70 y X80<\/strong>.<\/li>\n<\/ul>\n<\/li>\n\n\n\n<li><strong>Proceso de formaci\u00f3n de espirales<\/strong>\n<ul class=\"wp-block-list\">\n<li>El fleje de acero se introduce en una m\u00e1quina de conformado, donde se enrolla de forma continua en una <strong>forma de espiral<\/strong>.<\/li>\n\n\n\n<li>En <strong>costura helicoidal<\/strong> que mejora la resistencia a la presi\u00f3n.<\/li>\n<\/ul>\n<\/li>\n\n\n\n<li><strong>Soldadura por arco sumergido (SAW)<\/strong>\n<ul class=\"wp-block-list\">\n<li><strong>Soldadura por arco sumergido de doble cara (DSAW)<\/strong> para garantizar una penetraci\u00f3n profunda y soldaduras fuertes.<\/li>\n\n\n\n<li>Este proceso mejora <strong>resistencia mec\u00e1nica y durabilidad<\/strong>.<\/li>\n<\/ul>\n<\/li>\n\n\n\n<li><strong>Ultrasonidos &amp; Inspecci\u00f3n por rayos X<\/strong>\n<ul class=\"wp-block-list\">\n<li>Tuber\u00edas sometidas <strong>ensayos no destructivos (END)<\/strong> para detectar cualquier defecto.<\/li>\n\n\n\n<li><strong>Pruebas de presi\u00f3n hidrost\u00e1tica<\/strong> garantiza que las tuber\u00edas puedan soportar presiones internas.<\/li>\n<\/ul>\n<\/li>\n\n\n\n<li><strong>Recubrimiento &amp; Tratamiento anticorrosi\u00f3n<\/strong>\n<ul class=\"wp-block-list\">\n<li>Dependiendo de la aplicaci\u00f3n, los revestimientos como <strong>Fusion Bonded Epoxy (FBE), 3LPE y revestimiento de mortero de cemento<\/strong> se aplican.<\/li>\n<\/ul>\n<\/li>\n\n\n\n<li><strong>Inspecci\u00f3n final y sello; certificaci\u00f3n<\/strong>\n<ul class=\"wp-block-list\">\n<li>Cada tubo se somete a pruebas de <strong>precisi\u00f3n dimensional, propiedades mec\u00e1nicas y calidad del revestimiento<\/strong>.<\/li>\n\n\n\n<li>Las tuber\u00edas est\u00e1n selladas y certificadas seg\u00fan <strong>Directrices JIS 3457<\/strong>.<\/li>\n<\/ul>\n<\/li>\n<\/ol>\n\n\n\n<h3 class=\"wp-block-heading\" id=\"welding-techniques-used-in-jis-3457-spiral-pipes\"><strong>T\u00e9cnicas de soldadura utilizadas en los tubos en espiral JIS 3457<\/strong><\/h3>\n\n\n\n<figure class=\"wp-block-table\"><table class=\"has-fixed-layout\"><thead><tr><th><strong>M\u00e9todo de soldadura<\/strong><\/th><th><strong>Ventajas<\/strong><\/th><\/tr><\/thead><tbody><tr><td><strong>Soldadura por arco sumergido (SAW)<\/strong><\/td><td>Penetraci\u00f3n profunda, soldaduras fuertes, alta eficacia<\/td><\/tr><tr><td><strong>Soldadura de doble cara (DSAW)<\/strong><\/td><td>Garantiza una resistencia uniforme y evita los puntos d\u00e9biles<\/td><\/tr><tr><td><strong>Pruebas hidrost\u00e1ticas<\/strong><\/td><td>Verifica la resistencia a la presi\u00f3n, garantiza la ausencia de fugas<\/td><\/tr><\/tbody><\/table><\/figure>\n\n\n\n<p>Cangzhou Spiral Steel Pipes Group Co., Ltd utiliza <strong>t\u00e9cnicas punteras de soldadura y ensayo<\/strong> para garantizar <strong>tubos soldados en espiral de alta calidad JIS 3457<\/strong>.<\/p>\n\n\n<div class=\"wp-block-image\">\n<figure class=\"aligncenter size-large is-resized\"><img decoding=\"async\" src=\"https:\/\/cangluopipe.com\/wp-content\/uploads\/2025\/02\/IMG_20250207_151658-1024x536.jpg\" alt=\"\" class=\"wp-image-432\" style=\"width:950px;height:auto\"\/><\/figure>\n<\/div>\n\n\n<h2 class=\"wp-block-heading\" id=\"jis-3457-spiral-welded-pipe-suppliers-exporters\"><strong>JIS 3457 Tubo soldado en espiral Proveedores &amp; Exportadores<\/strong><\/h2>\n\n\n\n<p>Si tiene previsto <strong>importaci\u00f3n Tubos soldados en espiral JIS 3457<\/strong>elegir un <strong>exportador de confianza<\/strong> es crucial. China sigue siendo un <strong>principal exportador<\/strong> debido a su <strong>gran capacidad de producci\u00f3n, precios competitivos y t\u00e9cnicas de fabricaci\u00f3n avanzadas<\/strong>.<\/p>\n\n\n\n<h3 class=\"wp-block-heading\" id=\"top-chinese-exporters-of-jis-3457-spiral-welded-pipes\"><strong>Principales exportadores chinos de tubos soldados en espiral JIS 3457<\/strong><\/h3>\n\n\n\n<figure class=\"wp-block-table\"><table class=\"has-fixed-layout\"><thead><tr><th><strong>Nombre de la empresa<\/strong><\/th><th><strong>Ubicaci\u00f3n<\/strong><\/th><th><strong>Capacidad de producci\u00f3n anual<\/strong><\/th><\/tr><\/thead><tbody><tr><td><strong>Grupo de tubos de acero en espiral de Cangzhou, S.A<\/strong><\/td><td>Hebei, China<\/td><td>400.000 toneladas<\/td><\/tr><tr><td><strong>Grupo Baosteel<\/strong><\/td><td>Shanghai, China<\/td><td>m\u00e1s de 500.000 toneladas<\/td><\/tr><tr><td><strong>Tianjin Steel Pipe Co.<\/strong><\/td><td>Tianjin, China<\/td><td>300.000 toneladas<\/td><\/tr><\/tbody><\/table><\/figure>\n\n\n\n<h3 class=\"wp-block-heading\" id=\"why-choose-cangzhou-spiral-steel-pipes-group-for-jis-3457-spiral-pipes\"><strong>\u00bfPor qu\u00e9 elegir Cangzhou Spiral Steel Pipes Group para JIS 3457 tubos en espiral?<\/strong><\/h3>\n\n\n\n<p>\u2714 <strong>27 a\u00f1os de experiencia en la fabricaci\u00f3n de tubos de acero<\/strong><br>\u2714 <strong>Certificaci\u00f3n JIS 3457, API e ISO<\/strong><br>\u2714 <strong>13 l\u00edneas de producci\u00f3n, que abarcan di\u00e1metros de tubo de 219 mm a 3500 mm<\/strong><br>\u2714 <strong>Recubrimientos y tratamientos anticorrosi\u00f3n personalizados disponibles<\/strong><br>\u2714 <strong>S\u00f3lida red de exportaci\u00f3n a Jap\u00f3n, Sudeste Asi\u00e1tico y Oriente Medio<\/strong><\/p>\n\n\n\n<p>Si usted&#8217;est\u00e1 buscando un <strong>proveedor fiable de tubos soldados en espiral JIS 3457<\/strong>, <strong>Grupo de tubos de acero en espiral de Cangzhou<\/strong> es tu <strong>la mejor opci\u00f3n<\/strong>.<\/p>\n\n\n\n<h2 class=\"wp-block-heading\" id=\"faq-jis-3457-spiral-welded-pipe\"><strong>FAQ: Tubo soldado en espiral JIS 3457<\/strong><\/h2>\n\n\n\n<figure class=\"wp-block-table\"><table class=\"has-fixed-layout\"><thead><tr><th><strong>Pregunta<\/strong><\/th><th><strong>Respuesta<\/strong><\/th><\/tr><\/thead><tbody><tr><td><strong>\u00bfPara qu\u00e9 se utilizan los tubos soldados en espiral JIS 3457?<\/strong><\/td><td>Se utiliza principalmente para <strong>transmisi\u00f3n de agua, tuber\u00edas industriales y proyectos estructurales<\/strong>.<\/td><\/tr><tr><td><strong>\u00bfQu\u00e9 revestimientos hay disponibles?<\/strong><\/td><td><strong>FBE, 3LPE, revestimiento de mortero de cemento y revestimientos galvanizados<\/strong>.<\/td><\/tr><tr><td><strong>\u00bfEn qu\u00e9 se diferencia de los tubos API 5L?<\/strong><\/td><td><strong>JIS 3457 es ideal para los mercados japon\u00e9s y asi\u00e1tico, mientras que API 5L se utiliza en oleoductos y gasoductos de todo el mundo<\/strong>.<\/td><\/tr><tr><td><strong>\u00bfQui\u00e9n es el mejor proveedor?<\/strong><\/td><td><strong>Grupo de tubos de acero en espiral de Cangzhou, S.A<\/strong> es un proveedor l\u00edder con <strong>Certificaciones ISO &amp; JIS 3457<\/strong>.<\/td><\/tr><tr><td><strong>\u00bfCu\u00e1l ser\u00e1 el precio por tonelada en 2025?<\/strong><\/td><td>Los precios oscilan entre <strong>850 a 850 a 850 a 2.600 por tonelada<\/strong>seg\u00fan el tama\u00f1o y el revestimiento.<\/td><\/tr><tr><td><strong>\u00bfC\u00f3mo se prueban estas tuber\u00edas?<\/strong><\/td><td><strong>Inspecciones ultras\u00f3nicas, hidrost\u00e1ticas y por rayos X<\/strong> garantizar el cumplimiento de las normas de calidad.<\/td><\/tr><tr><td><strong>\u00bfCu\u00e1les son las ventajas de los tubos soldados en espiral frente a los tubos ERW?<\/strong><\/td><td><strong>Mayor fuerza, mejor resistencia a la presi\u00f3n y rentabilidad para di\u00e1metros grandes<\/strong>.<\/td><\/tr><tr><td><strong>\u00bfNecesitan revestimiento los tubos JIS 3457?<\/strong><\/td><td><strong>S\u00ed, los revestimientos como el FBE, el 3LPE o el revestimiento de mortero de cemento mejoran la resistencia a la corrosi\u00f3n<\/strong>.<\/td><\/tr><tr><td><strong>\u00bfHay tubos JIS 3457 de gran di\u00e1metro?<\/strong><\/td><td><strong>S\u00ed, est\u00e1n disponibles en tama\u00f1os de hasta 3500 mm de di\u00e1metro.<\/strong><\/td><\/tr><\/tbody><\/table><\/figure>\n\n\n\n<h2 class=\"wp-block-heading\" id=\"final-thoughts\"><strong>Reflexiones finales<\/strong><\/h2>\n\n\n\n<p><strong>Tubos soldados en espiral JIS 3457<\/strong> oferta <strong>alta resistencia, rentabilidad y durabilidad<\/strong>por lo que son ideales para <strong>conducci\u00f3n de agua, tuber\u00edas industriales y aplicaciones estructurales<\/strong>.<\/p>\n\n\n\n<p>Si busca <strong>un proveedor fiable<\/strong>, <strong>Grupo de tubos de acero en espiral de Cangzhou, S.A<\/strong> es tu <strong>la mejor opci\u00f3n<\/strong> \u00a1en 2025! <\/p>\n\n\n\n<p>Necesita un <strong>cita<\/strong> o m\u00e1s <strong>detalles t\u00e9cnicos<\/strong>? P\u00f3ngase en contacto con <strong>Grupo de tubos de acero en espiral de Cangzhou<\/strong> \u00a1hoy!<\/p>\n\n\n\n<p><\/p>","protected":false},"featured_media":264,"template":"","meta":{"_acf_changed":false,"_gspb_post_css":"","_kad_blocks_custom_css":"","_kad_blocks_head_custom_js":"","_kad_blocks_body_custom_js":"","_kad_blocks_footer_custom_js":"","_kad_post_transparent":"","_kad_post_title":"","_kad_post_layout":"","_kad_post_sidebar_id":"","_kad_post_content_style":"","_kad_post_vertical_padding":"","_kad_post_feature":"","_kad_post_feature_position":"","_kad_post_header":false,"_kad_post_footer":false,"_kad_post_classname":""},"product-category":[3],"product-standard":[14],"class_list":["post-263","product","type-product","status-publish","has-post-thumbnail","hentry","product-category-spiral-welded-pipe","product-standard-jis-3457"],"acf":[],"taxonomy_info":{"product-category":[{"value":3,"label":"Spiral Welded Pipe"}],"product-standard":[{"value":14,"label":"JIS 3457"}]},"featured_image_src_large":["https:\/\/cangluopipe.com\/wp-content\/uploads\/2025\/02\/JIS-3457-spiral-welded-pipe-1024x461.webp",1024,461,true],"author_info":[],"comment_info":"","_links":{"self":[{"href":"https:\/\/cangluopipe.com\/es\/wp-json\/wp\/v2\/product\/263","targetHints":{"allow":["GET"]}}],"collection":[{"href":"https:\/\/cangluopipe.com\/es\/wp-json\/wp\/v2\/product"}],"about":[{"href":"https:\/\/cangluopipe.com\/es\/wp-json\/wp\/v2\/types\/product"}],"wp:featuredmedia":[{"embeddable":true,"href":"https:\/\/cangluopipe.com\/es\/wp-json\/wp\/v2\/media\/264"}],"wp:attachment":[{"href":"https:\/\/cangluopipe.com\/es\/wp-json\/wp\/v2\/media?parent=263"}],"wp:term":[{"taxonomy":"product-category","embeddable":true,"href":"https:\/\/cangluopipe.com\/es\/wp-json\/wp\/v2\/product-category?post=263"},{"taxonomy":"product-standard","embeddable":true,"href":"https:\/\/cangluopipe.com\/es\/wp-json\/wp\/v2\/product-standard?post=263"}],"curies":[{"name":"wp","href":"https:\/\/api.w.org\/{rel}","templated":true}]}}