{"id":262,"date":"2025-02-12T02:51:56","date_gmt":"2025-02-12T02:51:56","guid":{"rendered":"https:\/\/cangluo.easiwin.com\/?post_type=product&#038;p=262"},"modified":"2025-02-26T01:23:56","modified_gmt":"2025-02-26T01:23:56","slug":"is-3589-spiral-welded-pipe-manufacturer","status":"publish","type":"product","link":"https:\/\/cangluopipe.com\/es\/product\/is-3589-spiral-welded-pipe-manufacturer\/","title":{"rendered":"Fabricante de tubos soldados en espiral IS 3589"},"content":{"rendered":"<h2 class=\"wp-block-heading\" id=\"overview-of-is-3589-spiral-welded-pipe\"><strong>Descripci\u00f3n general de los tubos soldados en espiral IS 3589<\/strong><\/h2>\n\n\n\n<p><strong>Tubo soldado en espiral IS 3589<\/strong> es una norma de tubos de acero muy utilizada en <strong>India<\/strong>dise\u00f1ado principalmente para <strong>conducci\u00f3n de agua, tuber\u00edas industriales y aplicaciones estructurales<\/strong>. Gobernado por el <strong>Oficina de Normas Indias (BIS)<\/strong>iS 3589 garantiza que <strong>tubos de acero soldados en espiral<\/strong> cumplir estrictos requisitos mec\u00e1nicos, qu\u00edmicos y de rendimiento.<\/p>\n\n\n\n<p>Estos tubos se utilizan habitualmente en <strong>proyectos municipales de abastecimiento de agua, sistemas de riego, transporte de fluidos industriales y aplicaciones de construcci\u00f3n<\/strong> debido a su <strong>alta resistencia, resistencia a la corrosi\u00f3n y rentabilidad<\/strong>. A diferencia de <strong>tubos sin soldadura o ERW<\/strong>, <strong>tubos soldados en espiral<\/strong> permitir <strong>mayores di\u00e1metros y mayor resistencia a la presi\u00f3n<\/strong>por lo que son la opci\u00f3n preferida para <strong>grandes proyectos de infraestructuras<\/strong>.<\/p>\n\n\n\n<p>En esta gu\u00eda, trataremos todo lo que necesita saber sobre <strong>Tubo soldado en espiral IS 3589<\/strong>incluyendo <strong>principales fabricantes, especificaciones, tendencias de precios, revestimientos, aplicaciones y procesos de soldadura<\/strong>.<\/p>\n\n\n\n<h2 class=\"wp-block-heading\" id=\"top-is-3589-spiral-welded-pipe-manufacturers\"><strong>Top IS 3589 Tubos soldados en espiral Fabricantes<\/strong><\/h2>\n\n\n\n<p>Elegir un <strong>fabricante de confianza<\/strong> garantiza <strong>alta calidad, durabilidad y conformidad<\/strong> con <strong>Normas IS 3589<\/strong>. Estos son algunos de los <strong>principales fabricantes<\/strong> en 2025:<\/p>\n\n\n\n<h3 class=\"wp-block-heading\" id=\"1-cangzhou-spiral-steel-pipes-group-co-ltd\"><strong>1. Grupo de tubos de acero en espiral de Cangzhou, S.A<\/strong><\/h3>\n\n\n\n<p>\u2714 <strong>27 a\u00f1os de experiencia<\/strong> en la fabricaci\u00f3n de tubos de acero<br>\u2714 <strong>13 l\u00edneas de producci\u00f3n<\/strong> para <strong>\u03a6219-\u03a63500mm<\/strong> tubos soldados en espiral<br>\u2714 <strong>Certificaci\u00f3n ISO 9001, IS 3589 y API 5L<\/strong><br>\u2714 <strong>Capacidad de producci\u00f3n anual: 400.000 toneladas<\/strong><br>\u2714 <strong>Revestimientos personalizados disponibles: FBE, 3LPE, revestimiento de mortero de cemento<\/strong><\/p>\n\n\n\n<h3 class=\"wp-block-heading\" id=\"2-jindal-saw-ltd-india\"><strong>2. Jindal SAW Ltd (India)<\/strong><\/h3>\n\n\n\n<p>Un l\u00edder <strong>Fabricante indio<\/strong> especializada en <strong>Tuber\u00edas de transmisi\u00f3n de agua e industriales con certificaci\u00f3n IS 3589<\/strong>.<\/p>\n\n\n\n<h3 class=\"wp-block-heading\" id=\"3-welspun-corp-ltd-india\"><strong>3. Welspun Corp Ltd (India)<\/strong><\/h3>\n\n\n\n<p>Uno de los principales proveedores de <strong>tubos soldados en espiral de gran di\u00e1metro<\/strong> para <strong>suministro de agua y aplicaciones estructurales<\/strong>.<\/p>\n\n\n\n<h3 class=\"wp-block-heading\" id=\"4-tata-steel-tubes-division-india\"><strong>4. Divisi\u00f3n de Tubos de Tata Steel (India)<\/strong><\/h3>\n\n\n\n<p>Producci\u00f3n de alta calidad <strong>Tubos IS 3589<\/strong> para <strong>proyectos municipales e industriales<\/strong>.<\/p>\n\n\n\n<h3 class=\"wp-block-heading\" id=\"5-bhushan-steel-india\"><strong>5. Bhushan Steel (India)<\/strong><\/h3>\n\n\n\n<p>Un fabricante clave de <strong>Tubos conformes a la norma IS 3589<\/strong> para <strong>aplicaciones de transporte de agua y construcci\u00f3n<\/strong>.<\/p>\n\n\n\n<p>Cada uno de estos fabricantes garantiza <strong>estricto cumplimiento de las normas IS 3589<\/strong>garantizando <strong>gran durabilidad y resistencia a la corrosi\u00f3n<\/strong>.<\/p>\n\n\n<div class=\"wp-block-image\">\n<figure class=\"aligncenter size-large is-resized\"><img loading=\"lazy\" decoding=\"async\" width=\"1024\" height=\"536\" src=\"https:\/\/cangluopipe.com\/wp-content\/uploads\/2025\/02\/IMG_20250207_141700-1024x536.jpg\" alt=\"Tubo soldado en espiral IS 3589\" class=\"wp-image-431\" style=\"width:958px;height:auto\" srcset=\"https:\/\/cangluopipe.com\/wp-content\/uploads\/2025\/02\/IMG_20250207_141700-1024x536.jpg 1024w, https:\/\/cangluopipe.com\/wp-content\/uploads\/2025\/02\/IMG_20250207_141700-300x157.jpg 300w, https:\/\/cangluopipe.com\/wp-content\/uploads\/2025\/02\/IMG_20250207_141700-768x402.jpg 768w, https:\/\/cangluopipe.com\/wp-content\/uploads\/2025\/02\/IMG_20250207_141700-1536x804.jpg 1536w, https:\/\/cangluopipe.com\/wp-content\/uploads\/2025\/02\/IMG_20250207_141700.jpg 1800w\" sizes=\"auto, (max-width: 1024px) 100vw, 1024px\" \/><\/figure>\n<\/div>\n\n\n<h2 class=\"wp-block-heading\" id=\"is-3589-spiral-welded-pipe-vs-other-pipe-types\"><strong>Tubos soldados en espiral IS 3589 frente a otros tipos de tubos<\/strong><\/h2>\n\n\n\n<p>La elecci\u00f3n del tubo adecuado depende de <strong>aplicaci\u00f3n, durabilidad, coste y resistencia<\/strong>. He aqu\u00ed c\u00f3mo <strong>Tubo soldado en espiral IS 3589<\/strong> en comparaci\u00f3n con otros tipos de tuber\u00edas comunes:<\/p>\n\n\n\n<figure class=\"wp-block-table\"><table class=\"has-fixed-layout\"><thead><tr><th><strong>Caracter\u00edstica<\/strong><\/th><th><strong>Tubo soldado en espiral IS 3589<\/strong><\/th><th><strong>Tubo ERW (soldado por resistencia el\u00e9ctrica)<\/strong><\/th><th><strong>Tubos de acero sin soldadura<\/strong><\/th><\/tr><\/thead><tbody><tr><td><strong>Proceso de fabricaci\u00f3n<\/strong><\/td><td>Soldadura por arco sumergido helicoidal (HSAW)<\/td><td>Soldadura por resistencia de alta frecuencia<\/td><td>Fabricado sin soldadura<\/td><\/tr><tr><td><strong>Resistencia &amp; Durabilidad<\/strong><\/td><td>Alta debido a la costura en espiral<\/td><td>Moderado<\/td><td>Muy alta<\/td><\/tr><tr><td><strong>Resistencia a la presi\u00f3n<\/strong><\/td><td>Excelente<\/td><td>Moderado<\/td><td>Superior<\/td><\/tr><tr><td><strong>Resistencia a la corrosi\u00f3n<\/strong><\/td><td>Puede mejorarse con revestimientos<\/td><td>Requiere recubrimiento adicional<\/td><td>Naturalmente m\u00e1s resistente<\/td><\/tr><tr><td><strong>Coste<\/strong><\/td><td>Rentable<\/td><td>Ligeramente superior<\/td><td>Caro<\/td><\/tr><tr><td><strong>Tama\u00f1o Disponibilidad<\/strong><\/td><td>Gran di\u00e1metro (hasta 3500 mm)<\/td><td>Di\u00e1metro limitado<\/td><td>Di\u00e1metro limitado<\/td><\/tr><tr><td><strong>Aplicaci\u00f3n<\/strong><\/td><td>Conducciones de agua, transporte de fluidos industriales, construcci\u00f3n<\/td><td>Transporte de agua, construcci\u00f3n<\/td><td>Aplicaciones de alta presi\u00f3n<\/td><\/tr><\/tbody><\/table><\/figure>\n\n\n\n<h3 class=\"wp-block-heading\" id=\"why-choose-is-3589-spiral-welded-pipes\"><strong>\u00bfPor qu\u00e9 elegir los tubos soldados en espiral IS 3589?<\/strong><\/h3>\n\n\n\n<p>\u2714 <strong>Alta resistencia para tuber\u00edas de larga distancia<\/strong><br>\u2714 <strong>Rentable para aplicaciones de gran di\u00e1metro<\/strong><br>\u2714 <strong>Excelente para transmisi\u00f3n de agua y proyectos industriales<\/strong><br>\u2714 <strong>M\u00e1s f\u00e1cil de fabricar en grandes longitudes<\/strong><\/p>\n\n\n\n<h2 class=\"wp-block-heading\" id=\"is-3589-spiral-welded-pipe-price-per-ton-in-2025\"><strong>Precio por tonelada de tubos soldados en espiral IS 3589 en 2025<\/strong><\/h2>\n\n\n\n<p>El precio de <strong>Tubos soldados en espiral IS 3589<\/strong> var\u00eda en funci\u00f3n de factores como <strong>costes de las materias primas, demanda, revestimientos y lugar de fabricaci\u00f3n<\/strong>. A continuaci\u00f3n figura una tabla de precios estimados para 2025:<\/p>\n\n\n\n<figure class=\"wp-block-table\"><table class=\"has-fixed-layout\"><thead><tr><th><strong>Di\u00e1metro del tubo (mm)<\/strong><\/th><th><strong>Espesor de pared (mm)<\/strong><\/th><th><strong>Precio por tonelada (USD)<\/strong><\/th><\/tr><\/thead><tbody><tr><td>219 \u2013 600<\/td><td>6 \u2013 10<\/td><td>850-850 &#8211; 850-1,250<\/td><\/tr><tr><td>610 \u2013 1200<\/td><td>8 \u2013 14<\/td><td>1,150-1,150 &#8211; 1,150-1,600<\/td><\/tr><tr><td>1220 \u2013 1800<\/td><td>10 \u2013 16<\/td><td>1,350-1,350 &#8211; 1,350-1,900<\/td><\/tr><tr><td>2000 \u2013 3500<\/td><td>12 \u2013 25<\/td><td>1,700-1,700 &#8211; 1,700-2,600<\/td><\/tr><\/tbody><\/table><\/figure>\n\n\n\n<h3 class=\"wp-block-heading\" id=\"factors-affecting-price\"><strong>Factores que afectan al precio:<\/strong><\/h3>\n\n\n\n<p>\u2714 <strong><a href=\"https:\/\/en.wikipedia.org\/wiki\/Steel\" target=\"_blank\" rel=\"noopener\">Acero<\/a> Precios<\/strong> - Las fluctuaciones de los precios de las materias primas repercuten en el coste de los tubos.<br>\u2714 <strong>Costes de fabricaci\u00f3n<\/strong> - Gastos de mano de obra, energ\u00eda y transporte.<br>\u2714 <strong>Recubrimientos &amp; Tratamientos<\/strong> - Los recubrimientos anticorrosi\u00f3n adicionales aumentan el precio.<br>\u2714 <strong>Cantidad del pedido<\/strong> - Los pedidos al por mayor suelen tener mejores precios.<\/p>\n\n\n\n<p>Cangzhou Spiral Steel Pipes Group ofrece <strong>precios competitivos y descuentos por volumen<\/strong> para <strong>Tubos con certificaci\u00f3n IS 3589<\/strong>.<\/p>\n\n\n\n<h2 class=\"wp-block-heading\" id=\"is-3589-spiral-welded-pipe-welding-process-manufacturing\"><strong>IS 3589 Proceso de soldadura de tubos soldados en espiral &amp; Fabricaci\u00f3n<\/strong><\/h2>\n\n\n\n<h3 class=\"wp-block-heading\" id=\"how-are-is-3589-spiral-welded-pipes-manufactured\"><strong>\u00bfC\u00f3mo se fabrican los tubos soldados en espiral IS 3589?<\/strong><\/h3>\n\n\n\n<p>En <strong>Tubo soldado en espiral IS 3589<\/strong> el proceso de fabricaci\u00f3n sigue <strong>estrictas medidas de control de calidad<\/strong> para garantizar <strong>resistencia, durabilidad y cumplimiento de las normas indias<\/strong>. A continuaci\u00f3n se detalla paso a paso el proceso de producci\u00f3n:<\/p>\n\n\n\n<ol class=\"wp-block-list\">\n<li><strong>Selecci\u00f3n de bobinas de acero<\/strong>\n<ul class=\"wp-block-list\">\n<li>Alta calidad <strong>acero al carbono<\/strong> se selecciona en funci\u00f3n de <strong>Especificaciones de los materiales IS 3589<\/strong>.<\/li>\n\n\n\n<li>Las calidades de acero m\u00e1s comunes son <strong>GR B, X42, X52, X60, X70 y X80<\/strong>.<\/li>\n<\/ul>\n<\/li>\n\n\n\n<li><strong>Proceso de formaci\u00f3n de espirales<\/strong>\n<ul class=\"wp-block-list\">\n<li>La banda de acero se introduce continuamente en una m\u00e1quina de conformado donde se <strong>enrollado en forma de espiral<\/strong>.<\/li>\n\n\n\n<li>En <strong>costura helicoidal<\/strong> distribuye la tensi\u00f3n uniformemente, por lo que es ideal para aplicaciones de alta presi\u00f3n.<\/li>\n<\/ul>\n<\/li>\n\n\n\n<li><strong>Soldadura por arco sumergido (SAW)<\/strong>\n<ul class=\"wp-block-list\">\n<li><strong>Soldadura por arco sumergido de doble cara (DSAW)<\/strong> se aplica, garantizando <strong>penetraci\u00f3n profunda y soldaduras fuertes<\/strong>.<\/li>\n\n\n\n<li>Este m\u00e9todo mejora <strong>resistencia mec\u00e1nica y evita defectos<\/strong>.<\/li>\n<\/ul>\n<\/li>\n\n\n\n<li><strong>Ensayos no destructivos (END) &amp; Control de calidad<\/strong>\n<ul class=\"wp-block-list\">\n<li><strong>Pruebas ultras\u00f3nicas (UT)<\/strong> detecta defectos internos y externos.<\/li>\n\n\n\n<li><strong>Inspecci\u00f3n por rayos X<\/strong> garantiza <strong>integridad de la soldadura<\/strong>.<\/li>\n\n\n\n<li><strong>Pruebas de presi\u00f3n hidrost\u00e1tica<\/strong> verifica que las tuber\u00edas pueden <strong>soportar la presi\u00f3n interna sin fallos<\/strong>.<\/li>\n<\/ul>\n<\/li>\n\n\n\n<li><strong>Recubrimiento &amp; amp; Protecci\u00f3n contra la corrosi\u00f3n<\/strong>\n<ul class=\"wp-block-list\">\n<li>Las tuber\u00edas est\u00e1n recubiertas con <strong>Fusion Bonded Epoxy (FBE), 3LPE (polietileno de tres capas) o revestimiento de mortero de cemento<\/strong> para evitar la corrosi\u00f3n.<\/li>\n<\/ul>\n<\/li>\n\n\n\n<li><strong>Inspecci\u00f3n final y sello; certificaci\u00f3n<\/strong>\n<ul class=\"wp-block-list\">\n<li>Cada tubo se somete a pruebas de <strong>precisi\u00f3n dimensional, propiedades mec\u00e1nicas y calidad del revestimiento<\/strong>.<\/li>\n\n\n\n<li>Certificado seg\u00fan <strong>Normas IS 3589 e ISO 9001<\/strong>.<\/li>\n<\/ul>\n<\/li>\n<\/ol>\n\n\n\n<h3 class=\"wp-block-heading\" id=\"welding-techniques-used-in-is-3589-spiral-pipes\"><strong>T\u00e9cnicas de soldadura utilizadas en los tubos en espiral IS 3589<\/strong><\/h3>\n\n\n\n<figure class=\"wp-block-table\"><table class=\"has-fixed-layout\"><thead><tr><th><strong>M\u00e9todo de soldadura<\/strong><\/th><th><strong>Ventajas<\/strong><\/th><\/tr><\/thead><tbody><tr><td><strong>Soldadura por arco sumergido (SAW)<\/strong><\/td><td>Soldaduras de penetraci\u00f3n profunda, fuertes y uniformes<\/td><\/tr><tr><td><strong>Soldadura de doble cara (DSAW)<\/strong><\/td><td>Garantiza una resistencia uniforme y evita los puntos d\u00e9biles<\/td><\/tr><tr><td><strong>Pruebas hidrost\u00e1ticas<\/strong><\/td><td>Verifica la resistencia a la presi\u00f3n, garantiza la ausencia de fugas<\/td><\/tr><\/tbody><\/table><\/figure>\n\n\n\n<p>Cangzhou Spiral Steel Pipes Group Co., Ltd garantiza <strong>todos los tubos cumplen la norma IS 3589<\/strong> a trav\u00e9s de <strong>rigurosos controles de calidad y avanzadas t\u00e9cnicas de fabricaci\u00f3n<\/strong>.<\/p>\n\n\n<div class=\"wp-block-image\">\n<figure class=\"aligncenter size-large is-resized\"><img loading=\"lazy\" decoding=\"async\" width=\"1024\" height=\"536\" src=\"https:\/\/cangluopipe.com\/wp-content\/uploads\/2025\/02\/IMG_20250207_140634-1024x536.jpg\" alt=\"Tubo soldado en espiral IS 3589\" class=\"wp-image-428\" style=\"width:946px;height:auto\" srcset=\"https:\/\/cangluopipe.com\/wp-content\/uploads\/2025\/02\/IMG_20250207_140634-1024x536.jpg 1024w, https:\/\/cangluopipe.com\/wp-content\/uploads\/2025\/02\/IMG_20250207_140634-300x157.jpg 300w, https:\/\/cangluopipe.com\/wp-content\/uploads\/2025\/02\/IMG_20250207_140634-768x402.jpg 768w, https:\/\/cangluopipe.com\/wp-content\/uploads\/2025\/02\/IMG_20250207_140634-1536x804.jpg 1536w, https:\/\/cangluopipe.com\/wp-content\/uploads\/2025\/02\/IMG_20250207_140634.jpg 1800w\" sizes=\"auto, (max-width: 1024px) 100vw, 1024px\" \/><\/figure>\n<\/div>\n\n\n<h2 class=\"wp-block-heading\" id=\"is-3589-spiral-welded-pipe-suppliers-exporters\"><strong>IS 3589 Tubo soldado en espiral Proveedores &amp; Exportadores<\/strong><\/h2>\n\n\n\n<p>Si desea <strong>importaci\u00f3n IS 3589 Tubos soldados en espiral<\/strong>trabajando con un <strong>exportador de confianza<\/strong> es esencial. China sigue siendo un <strong>principal exportador<\/strong> debido a su <strong>alta capacidad de fabricaci\u00f3n, precios competitivos y un s\u00f3lido control de calidad<\/strong>.<\/p>\n\n\n\n<h3 class=\"wp-block-heading\" id=\"top-chinese-exporters-of-is-3589-spiral-welded-pipes\"><strong>Principales exportadores chinos de tubos soldados en espiral IS 3589<\/strong><\/h3>\n\n\n\n<figure class=\"wp-block-table\"><table class=\"has-fixed-layout\"><thead><tr><th><strong>Nombre de la empresa<\/strong><\/th><th><strong>Ubicaci\u00f3n<\/strong><\/th><th><strong>Capacidad de producci\u00f3n anual<\/strong><\/th><\/tr><\/thead><tbody><tr><td><strong>Grupo de tubos de acero en espiral de Cangzhou, S.A<\/strong><\/td><td>Hebei, China<\/td><td>400.000 toneladas<\/td><\/tr><tr><td><strong>Grupo Baosteel<\/strong><\/td><td>Shanghai, China<\/td><td>m\u00e1s de 500.000 toneladas<\/td><\/tr><tr><td><strong>Tianjin Steel Pipe Co.<\/strong><\/td><td>Tianjin, China<\/td><td>300.000 toneladas<\/td><\/tr><\/tbody><\/table><\/figure>\n\n\n\n<h3 class=\"wp-block-heading\" id=\"why-choose-cangzhou-spiral-steel-pipes-group-for-is-3589-pipes\"><strong>\u00bfPor qu\u00e9 elegir Cangzhou Spiral Steel Pipes Group para tuber\u00edas IS 3589?<\/strong><\/h3>\n\n\n\n<p>\u2714 <strong>27 a\u00f1os de experiencia en la fabricaci\u00f3n de tubos de acero<\/strong><br>\u2714 <strong>Certificaci\u00f3n IS 3589, API e ISO<\/strong><br>\u2714 <strong>13 l\u00edneas de producci\u00f3n, que abarcan di\u00e1metros de 219 mm a 3500 mm<\/strong><br>\u2714 <strong>Recubrimientos y tratamientos anticorrosi\u00f3n personalizados disponibles<\/strong><br>\u2714 <strong>S\u00f3lida red de exportaci\u00f3n a India, Sudeste Asi\u00e1tico y Oriente Medio<\/strong><\/p>\n\n\n\n<p>Para <strong>tubos soldados en espiral IS 3589 de alta calidad<\/strong>, <strong>Grupo de tubos de acero en espiral de Cangzhou, S.A<\/strong> es un <strong>proveedor de confianza<\/strong>.<\/p>\n\n\n\n<h2 class=\"wp-block-heading\" id=\"faq-is-3589-spiral-welded-pipe\"><strong>FAQ: Tubos soldados en espiral IS 3589<\/strong><\/h2>\n\n\n\n<figure class=\"wp-block-table\"><table class=\"has-fixed-layout\"><thead><tr><th><strong>Pregunta<\/strong><\/th><th><strong>Respuesta<\/strong><\/th><\/tr><\/thead><tbody><tr><td><strong>\u00bfPara qu\u00e9 se utilizan los tubos soldados en espiral IS 3589?<\/strong><\/td><td>Se utiliza principalmente para <strong>transmisi\u00f3n de agua, tuber\u00edas industriales y proyectos estructurales<\/strong>.<\/td><\/tr><tr><td><strong>\u00bfQu\u00e9 revestimientos hay disponibles?<\/strong><\/td><td><strong>FBE, 3LPE, revestimiento de mortero de cemento y revestimientos galvanizados<\/strong>.<\/td><\/tr><tr><td><strong>\u00bfEn qu\u00e9 se diferencia de los tubos API 5L?<\/strong><\/td><td><strong>IS 3589 es ideal para proyectos de infraestructuras en la India, mientras que API 5L se utiliza en oleoductos y gasoductos de todo el mundo<\/strong>.<\/td><\/tr><tr><td><strong>\u00bfQui\u00e9n es el mejor proveedor?<\/strong><\/td><td><strong>Grupo de tubos de acero en espiral de Cangzhou, S.A<\/strong> es un proveedor l\u00edder con <strong>Certificaciones ISO &amp; IS 3589<\/strong>.<\/td><\/tr><tr><td><strong>\u00bfCu\u00e1l ser\u00e1 el precio por tonelada en 2025?<\/strong><\/td><td>Los precios oscilan entre <strong>850 a 850 a 850 a 2.600 por tonelada<\/strong>seg\u00fan el tama\u00f1o y el revestimiento.<\/td><\/tr><tr><td><strong>\u00bfC\u00f3mo se prueban estas tuber\u00edas?<\/strong><\/td><td><strong>Inspecciones ultras\u00f3nicas, hidrost\u00e1ticas y por rayos X<\/strong> garantizar el cumplimiento de las normas de calidad.<\/td><\/tr><tr><td><strong>\u00bfCu\u00e1les son las ventajas de los tubos soldados en espiral frente a los tubos ERW?<\/strong><\/td><td><strong>Mayor fuerza, mejor resistencia a la presi\u00f3n y rentabilidad para di\u00e1metros grandes<\/strong>.<\/td><\/tr><tr><td><strong>\u00bfNecesitan revestimiento los tubos IS 3589?<\/strong><\/td><td><strong>S\u00ed, los revestimientos como el FBE, el 3LPE o el revestimiento de mortero de cemento mejoran la resistencia a la corrosi\u00f3n<\/strong>.<\/td><\/tr><tr><td><strong>\u00bfHay tubos IS 3589 de gran di\u00e1metro?<\/strong><\/td><td><strong>S\u00ed, est\u00e1n disponibles en tama\u00f1os de hasta 3500 mm de di\u00e1metro.<\/strong><\/td><\/tr><\/tbody><\/table><\/figure>\n\n\n\n<h2 class=\"wp-block-heading\" id=\"final-thoughts\"><strong>Reflexiones finales<\/strong><\/h2>\n\n\n\n<p><strong>Tubos soldados en espiral IS 3589<\/strong> se utilizan ampliamente en <strong>transmisi\u00f3n de agua, aplicaciones industriales y estructurales<\/strong> debido a su <strong>alta resistencia, resistencia a la corrosi\u00f3n y rentabilidad<\/strong>.<\/p>\n\n\n\n<p>Si busca <strong>un proveedor fiable<\/strong>, <strong>Grupo de tubos de acero en espiral de Cangzhou, S.A<\/strong> es tu <strong>la mejor opci\u00f3n<\/strong> \u00a1en 2025! <\/p>\n\n\n\n<p>Necesita un <strong>cita<\/strong> o m\u00e1s <strong>detalles t\u00e9cnicos<\/strong>? P\u00f3ngase en contacto con <strong>Grupo de tubos de acero en espiral de Cangzhou<\/strong> \u00a1hoy!<\/p>","protected":false},"featured_media":426,"template":"","meta":{"_acf_changed":false,"_gspb_post_css":"","_kad_blocks_custom_css":"","_kad_blocks_head_custom_js":"","_kad_blocks_body_custom_js":"","_kad_blocks_footer_custom_js":"","_kad_post_transparent":"","_kad_post_title":"","_kad_post_layout":"","_kad_post_sidebar_id":"","_kad_post_content_style":"","_kad_post_vertical_padding":"","_kad_post_feature":"","_kad_post_feature_position":"","_kad_post_header":false,"_kad_post_footer":false,"_kad_post_classname":""},"product-category":[3],"product-standard":[13],"class_list":["post-262","product","type-product","status-publish","has-post-thumbnail","hentry","product-category-spiral-welded-pipe","product-standard-is-3589"],"acf":[],"taxonomy_info":{"product-category":[{"value":3,"label":"Spiral Welded Pipe"}],"product-standard":[{"value":13,"label":"IS 3589"}]},"featured_image_src_large":["https:\/\/cangluopipe.com\/wp-content\/uploads\/2025\/02\/IMG_20250207_153434-1024x536.jpg",1024,536,true],"author_info":[],"comment_info":"","_links":{"self":[{"href":"https:\/\/cangluopipe.com\/es\/wp-json\/wp\/v2\/product\/262","targetHints":{"allow":["GET"]}}],"collection":[{"href":"https:\/\/cangluopipe.com\/es\/wp-json\/wp\/v2\/product"}],"about":[{"href":"https:\/\/cangluopipe.com\/es\/wp-json\/wp\/v2\/types\/product"}],"wp:featuredmedia":[{"embeddable":true,"href":"https:\/\/cangluopipe.com\/es\/wp-json\/wp\/v2\/media\/426"}],"wp:attachment":[{"href":"https:\/\/cangluopipe.com\/es\/wp-json\/wp\/v2\/media?parent=262"}],"wp:term":[{"taxonomy":"product-category","embeddable":true,"href":"https:\/\/cangluopipe.com\/es\/wp-json\/wp\/v2\/product-category?post=262"},{"taxonomy":"product-standard","embeddable":true,"href":"https:\/\/cangluopipe.com\/es\/wp-json\/wp\/v2\/product-standard?post=262"}],"curies":[{"name":"wp","href":"https:\/\/api.w.org\/{rel}","templated":true}]}}