{"id":260,"date":"2025-02-12T02:50:58","date_gmt":"2025-02-12T02:50:58","guid":{"rendered":"https:\/\/cangluo.easiwin.com\/?post_type=product&#038;p=260"},"modified":"2025-02-24T03:41:22","modified_gmt":"2025-02-24T03:41:22","slug":"iso-3183-spiral-welded-pipe-manufacturer","status":"publish","type":"product","link":"https:\/\/cangluopipe.com\/es\/product\/iso-3183-spiral-welded-pipe-manufacturer\/","title":{"rendered":"Fabricante de tubos soldados en espiral ISO 3183"},"content":{"rendered":"<h2 class=\"wp-block-heading\" id=\"overview-of-iso-3183-spiral-welded-pipe\"><strong>Descripci\u00f3n general de los tubos soldados en espiral ISO 3183<\/strong><\/h2>\n\n\n\n<p><strong>Tubo soldado en espiral ISO 3183<\/strong> es una norma mundialmente reconocida para <strong>tubos de acero soldados<\/strong> utilizado en <strong>industrias del petr\u00f3leo, el gas y el petr\u00f3leo<\/strong>. Gobernado por el <strong>Organizaci\u00f3n Internacional de Normalizaci\u00f3n (ISO)<\/strong>esta especificaci\u00f3n garantiza que las tuber\u00edas de acero cumplan <strong>alta resistencia mec\u00e1nica, a la corrosi\u00f3n y a la presi\u00f3n<\/strong>.<\/p>\n\n\n\n<p>La norma ISO 3183 cubre tanto <strong>tubos sin soldadura y soldados<\/strong>pero <strong>tubos soldados en espiral (SSAW o HSAW)<\/strong> se utilizan ampliamente debido a su <strong>rentabilidad, capacidad para grandes di\u00e1metros y resistencia a altas presiones<\/strong>. Estos tubos se utilizan habitualmente para <strong>transporte a larga distancia de petr\u00f3leo, gas, agua y otros fluidos<\/strong>.<\/p>\n\n\n\n<p>En esta gu\u00eda, exploraremos todo lo relacionado con <strong>Tubos soldados en espiral ISO 3183<\/strong>incluyendo <strong>fabricantes, especificaciones, tendencias de precios, revestimientos, aplicaciones y procesos de soldadura<\/strong>.<\/p>\n\n\n\n<h2 class=\"wp-block-heading\" id=\"top-iso-3183-spiral-welded-pipe-manufacturers\"><strong>Top ISO 3183 Tubos soldados en espiral Fabricantes<\/strong><\/h2>\n\n\n\n<p>Elegir un <strong>fabricante de confianza<\/strong> es crucial para garantizar <strong>alta calidad, conformidad y durabilidad<\/strong>. Estos son algunos de los <strong>principales fabricantes<\/strong> en 2025:<\/p>\n\n\n\n<h3 class=\"wp-block-heading\" id=\"1-cangzhou-spiral-steel-pipes-group-co-ltd\"><strong>1. Grupo de tubos de acero en espiral de Cangzhou, S.A<\/strong><\/h3>\n\n\n\n<p>\u2714 <strong>27 a\u00f1os de experiencia<\/strong> en la fabricaci\u00f3n de tubos de acero<br>\u2714 <strong>13 l\u00edneas de producci\u00f3n<\/strong> para <strong>\u03a6219-\u03a63500mm<\/strong> tubos soldados en espiral<br>\u2714 <strong>Certificaci\u00f3n ISO 3183, API 5L e ISO 9001<\/strong><br>\u2714 <strong>Capacidad de producci\u00f3n anual: 400.000 toneladas<\/strong><br>\u2714 <strong>Revestimientos personalizados disponibles: FBE, 3LPE, revestimiento de mortero de cemento<\/strong><\/p>\n\n\n\n<h3 class=\"wp-block-heading\" id=\"2-baosteel-group-china\"><strong>2. Grupo Baosteel (China)<\/strong><\/h3>\n\n\n\n<p>L\u00edder mundial en la producci\u00f3n de acero, suministra <strong>Tubos conformes a la norma ISO 3183<\/strong> para <strong>petr\u00f3leo, gas y aplicaciones industriales<\/strong>.<\/p>\n\n\n\n<h3 class=\"wp-block-heading\" id=\"3-nippon-steel-corporation-japan\"><strong>3. Nippon Steel Corporation (Jap\u00f3n)<\/strong><\/h3>\n\n\n\n<p>Un importante fabricante japon\u00e9s especializado en <strong>Tubos de acero con certificaci\u00f3n ISO 3183<\/strong> para <strong>transporte de petr\u00f3leo y gas<\/strong>.<\/p>\n\n\n\n<h3 class=\"wp-block-heading\" id=\"4-jindal-saw-ltd-india\"><strong>4. Jindal SAW Ltd (India)<\/strong><\/h3>\n\n\n\n<p>Un proveedor clave de <strong>Tubos soldados en espiral ISO 3183<\/strong> para <strong>industrias del petr\u00f3leo y del gas natural<\/strong>.<\/p>\n\n\n\n<h3 class=\"wp-block-heading\" id=\"5-welspun-corp-ltd-india\"><strong>5. Welspun Corp Ltd (India)<\/strong><\/h3>\n\n\n\n<p>Uno de los principales productores de <strong>tubos de acero soldado de gran di\u00e1metro<\/strong> para <strong>proyectos de infraestructuras de gasoductos y oleoductos<\/strong>.<\/p>\n\n\n\n<p>Cada uno de estos fabricantes garantiza <strong>estricto cumplimiento de las normas ISO 3183<\/strong>garantizando <strong>gran durabilidad y resistencia a la corrosi\u00f3n<\/strong>.<\/p>\n\n\n<div class=\"wp-block-image\">\n<figure class=\"aligncenter size-large is-resized\"><img loading=\"lazy\" decoding=\"async\" width=\"1024\" height=\"536\" src=\"https:\/\/cangluopipe.com\/wp-content\/uploads\/2025\/02\/q355b-spiral-weld-pipes-1024x536.jpg\" alt=\"Tubo soldado en espiral ISO 3183\" class=\"wp-image-420\" style=\"width:958px;height:auto\" srcset=\"https:\/\/cangluopipe.com\/wp-content\/uploads\/2025\/02\/q355b-spiral-weld-pipes-1024x536.jpg 1024w, https:\/\/cangluopipe.com\/wp-content\/uploads\/2025\/02\/q355b-spiral-weld-pipes-300x157.jpg 300w, https:\/\/cangluopipe.com\/wp-content\/uploads\/2025\/02\/q355b-spiral-weld-pipes-768x402.jpg 768w, https:\/\/cangluopipe.com\/wp-content\/uploads\/2025\/02\/q355b-spiral-weld-pipes-1536x804.jpg 1536w, https:\/\/cangluopipe.com\/wp-content\/uploads\/2025\/02\/q355b-spiral-weld-pipes.jpg 1800w\" sizes=\"auto, (max-width: 1024px) 100vw, 1024px\" \/><\/figure>\n<\/div>\n\n\n<h2 class=\"wp-block-heading\" id=\"iso-3183-spiral-welded-pipe-vs-other-pipe-types\"><strong>Tubos soldados en espiral ISO 3183 frente a otros tipos de tubos<\/strong><\/h2>\n\n\n\n<p>La elecci\u00f3n del tubo adecuado depende de <strong>aplicaci\u00f3n, durabilidad, coste y resistencia<\/strong>. He aqu\u00ed c\u00f3mo <strong>Tubo soldado en espiral ISO 3183<\/strong> en comparaci\u00f3n con otros tipos de tuber\u00edas comunes:<\/p>\n\n\n\n<figure class=\"wp-block-table\"><table class=\"has-fixed-layout\"><thead><tr><th><strong>Caracter\u00edstica<\/strong><\/th><th><strong>Tubo soldado en espiral ISO 3183<\/strong><\/th><th><strong>Tubo ERW (soldado por resistencia el\u00e9ctrica)<\/strong><\/th><th><strong>Tubos de acero sin soldadura<\/strong><\/th><\/tr><\/thead><tbody><tr><td><strong>Proceso de fabricaci\u00f3n<\/strong><\/td><td>Soldadura por arco sumergido helicoidal (HSAW)<\/td><td>Soldadura por resistencia de alta frecuencia<\/td><td>Fabricado sin soldadura<\/td><\/tr><tr><td><strong>Resistencia &amp; Durabilidad<\/strong><\/td><td>Alta debido a la costura en espiral<\/td><td>Moderado<\/td><td>Muy alta<\/td><\/tr><tr><td><strong>Resistencia a la presi\u00f3n<\/strong><\/td><td>Excelente<\/td><td>Moderado<\/td><td>Superior<\/td><\/tr><tr><td><strong>Resistencia a la corrosi\u00f3n<\/strong><\/td><td>Puede mejorarse con revestimientos<\/td><td>Requiere recubrimiento adicional<\/td><td>Naturalmente m\u00e1s resistente<\/td><\/tr><tr><td><strong>Coste<\/strong><\/td><td>Rentable<\/td><td>Ligeramente superior<\/td><td>Caro<\/td><\/tr><tr><td><strong>Tama\u00f1o Disponibilidad<\/strong><\/td><td>Gran di\u00e1metro (hasta 3500 mm)<\/td><td>Di\u00e1metro limitado<\/td><td>Di\u00e1metro limitado<\/td><\/tr><tr><td><strong>Aplicaci\u00f3n<\/strong><\/td><td>Petr\u00f3leo &amp; gasoductos, transporte de agua, proyectos industriales<\/td><td>Transporte de agua, construcci\u00f3n<\/td><td>Aplicaciones de alta presi\u00f3n<\/td><\/tr><\/tbody><\/table><\/figure>\n\n\n\n<h3 class=\"wp-block-heading\" id=\"why-choose-iso-3183-spiral-welded-pipes\"><strong>\u00bfPor qu\u00e9 elegir los tubos soldados en espiral ISO 3183?<\/strong><\/h3>\n\n\n\n<p>\u2714 <strong>Alta resistencia para tuber\u00edas de larga distancia<\/strong><br>\u2714 <strong>Rentable para aplicaciones de gran di\u00e1metro<\/strong><br>\u2714 <strong>Excelente para la transmisi\u00f3n de petr\u00f3leo, gas y agua<\/strong><br>\u2714 <strong>M\u00e1s f\u00e1cil de fabricar en grandes longitudes<\/strong><\/p>\n\n\n\n<h2 class=\"wp-block-heading\" id=\"iso-3183-spiral-welded-pipe-price-per-ton-in-2025\"><strong>Precio por tonelada de tubo soldado en espiral ISO 3183 en 2025<\/strong><\/h2>\n\n\n\n<p>El precio de <strong>Tubos soldados en espiral ISO 3183<\/strong> var\u00eda en funci\u00f3n de factores como <strong>costes de las materias primas, demanda, revestimientos y lugar de fabricaci\u00f3n<\/strong>. A continuaci\u00f3n figura una tabla de precios estimados para 2025:<\/p>\n\n\n\n<figure class=\"wp-block-table\"><table class=\"has-fixed-layout\"><thead><tr><th><strong>Di\u00e1metro del tubo (mm)<\/strong><\/th><th><strong>Espesor de pared (mm)<\/strong><\/th><th><strong>Precio por tonelada (USD)<\/strong><\/th><\/tr><\/thead><tbody><tr><td>219 \u2013 600<\/td><td>6 \u2013 10<\/td><td>900-900 &#8211; 900-1,350<\/td><\/tr><tr><td>610 \u2013 1200<\/td><td>8 \u2013 14<\/td><td>1,200-1,200 &#8211; 1,200-1,700<\/td><\/tr><tr><td>1220 \u2013 1800<\/td><td>10 \u2013 16<\/td><td>1,400-1,400 &#8211; 1,400-2,000<\/td><\/tr><tr><td>2000 \u2013 3500<\/td><td>12 \u2013 25<\/td><td>1,800-1,800 &#8211; 1,800-2,800<\/td><\/tr><\/tbody><\/table><\/figure>\n\n\n\n<h3 class=\"wp-block-heading\" id=\"factors-affecting-price\"><strong>Factores que afectan al precio:<\/strong><\/h3>\n\n\n\n<p>\u2714 <strong>Precios del acero<\/strong> - Las fluctuaciones de los precios de las materias primas repercuten en el coste de los tubos.<br>\u2714 <strong>Costes de fabricaci\u00f3n<\/strong> - Gastos de mano de obra, energ\u00eda y transporte.<br>\u2714 <strong>Recubrimientos &amp; Tratamientos<\/strong> - Los recubrimientos anticorrosi\u00f3n adicionales aumentan el precio.<br>\u2714 <strong>Cantidad del pedido<\/strong> - Los pedidos al por mayor suelen tener mejores precios.<\/p>\n\n\n\n<p>Cangzhou Spiral Steel Pipes Group ofrece <strong>precios competitivos y descuentos por volumen<\/strong> para <strong>Tubos con certificaci\u00f3n ISO 3183<\/strong>.<\/p>\n\n\n\n<h2 class=\"wp-block-heading\" id=\"iso-3183-spiral-welded-pipe-welding-process-manufacturing\"><strong>ISO 3183 Proceso de soldadura de tubos soldados en espiral &amp; Fabricaci\u00f3n<\/strong><\/h2>\n\n\n\n<h3 class=\"wp-block-heading\" id=\"how-are-iso-3183-spiral-welded-pipes-manufactured\"><strong>\u00bfC\u00f3mo se fabrican los tubos soldados en espiral ISO 3183?<\/strong><\/h3>\n\n\n\n<p>En <strong>Tubo soldado en espiral ISO 3183<\/strong> el proceso de fabricaci\u00f3n sigue <strong>estrictas medidas de control de calidad<\/strong> para garantizar <strong>alta resistencia, durabilidad y cumplimiento de las normas internacionales sobre petr\u00f3leo y gas<\/strong>. A continuaci\u00f3n se ofrece un resumen de los <strong>proceso de fabricaci\u00f3n paso a paso<\/strong>:<\/p>\n\n\n\n<ol class=\"wp-block-list\">\n<li><strong>Selecci\u00f3n de bobinas de acero<\/strong>\n<ul class=\"wp-block-list\">\n<li>Alta calidad <strong>carbono<a href=\"https:\/\/en.wikipedia.org\/wiki\/Steel\" target=\"_blank\" rel=\"noopener\"> acero<\/a><\/strong> se elige para cumplir <strong>Especificaciones de materiales ISO 3183<\/strong>.<\/li>\n\n\n\n<li>Las calidades de acero m\u00e1s comunes son <strong>GR B, X42, X52, X60, X70 y X80<\/strong>.<\/li>\n<\/ul>\n<\/li>\n\n\n\n<li><strong>Proceso de formaci\u00f3n de espirales<\/strong>\n<ul class=\"wp-block-list\">\n<li>La banda de acero se introduce en una m\u00e1quina de conformado, donde se <strong>enrollado en forma helicoidal<\/strong>.<\/li>\n\n\n\n<li>En <strong>estructura de costura en espiral<\/strong> permite <strong>mejor manejo de la presi\u00f3n y flexibilidad<\/strong>.<\/li>\n<\/ul>\n<\/li>\n\n\n\n<li><strong>Soldadura por arco sumergido (SAW)<\/strong>\n<ul class=\"wp-block-list\">\n<li><strong>Soldadura por arco sumergido de doble cara (DSAW)<\/strong> se utiliza para crear un <strong>soldadura fuerte y duradera<\/strong>.<\/li>\n\n\n\n<li>Esto garantiza <strong>gran resistencia mec\u00e1nica y a la tensi\u00f3n<\/strong>.<\/li>\n<\/ul>\n<\/li>\n\n\n\n<li><strong>Control de calidad y pruebas<\/strong>\n<ul class=\"wp-block-list\">\n<li><strong>Ultrasonidos &amp; Pruebas de rayos X<\/strong> para comprobar los defectos internos y externos.<\/li>\n\n\n\n<li><strong>Pruebas de presi\u00f3n hidrost\u00e1tica<\/strong> garantiza la ausencia de fugas a alta presi\u00f3n.<\/li>\n<\/ul>\n<\/li>\n\n\n\n<li><strong>Recubrimiento &amp; amp; Tratamientos anticorrosi\u00f3n<\/strong>\n<ul class=\"wp-block-list\">\n<li>Las tuber\u00edas est\u00e1n recubiertas con <strong>Fusion Bonded Epoxy (FBE), 3LPE o revestimiento de mortero de cemento<\/strong> para <strong>mayor resistencia a la corrosi\u00f3n<\/strong>.<\/li>\n<\/ul>\n<\/li>\n\n\n\n<li><strong>Inspecci\u00f3n final y sello; certificaci\u00f3n<\/strong>\n<ul class=\"wp-block-list\">\n<li>Se comprueba si las tuber\u00edas <strong>precisi\u00f3n dimensional y conformidad con la norma ISO 3183<\/strong>.<\/li>\n\n\n\n<li>Certificado con <strong>ISO 9001 y normas de calidad aprobadas por el sector<\/strong>.<\/li>\n<\/ul>\n<\/li>\n<\/ol>\n\n\n\n<h3 class=\"wp-block-heading\" id=\"welding-techniques-used-in-iso-3183-spiral-pipes\"><strong>T\u00e9cnicas de soldadura utilizadas en los tubos en espiral ISO 3183<\/strong><\/h3>\n\n\n\n<figure class=\"wp-block-table\"><table class=\"has-fixed-layout\"><thead><tr><th><strong>M\u00e9todo de soldadura<\/strong><\/th><th><strong>Ventajas<\/strong><\/th><\/tr><\/thead><tbody><tr><td><strong>Soldadura por arco sumergido (SAW)<\/strong><\/td><td>Soldaduras de penetraci\u00f3n profunda, fuertes y uniformes<\/td><\/tr><tr><td><strong>Soldadura de doble cara (DSAW)<\/strong><\/td><td>Garantiza una resistencia uniforme y evita los puntos d\u00e9biles<\/td><\/tr><tr><td><strong>Pruebas hidrost\u00e1ticas<\/strong><\/td><td>Verifica la resistencia a la presi\u00f3n, garantiza la ausencia de fugas<\/td><\/tr><\/tbody><\/table><\/figure>\n\n\n\n<p>Cangzhou Spiral Steel Pipes Group Co., Ltd garantiza <strong>todos los tubos cumplen la norma ISO 3183<\/strong> a trav\u00e9s de <strong>rigurosos controles de calidad y avanzadas t\u00e9cnicas de fabricaci\u00f3n<\/strong>.<\/p>\n\n\n<div class=\"wp-block-image\">\n<figure class=\"aligncenter size-large is-resized\"><img loading=\"lazy\" decoding=\"async\" width=\"1024\" height=\"536\" src=\"https:\/\/cangluopipe.com\/wp-content\/uploads\/2025\/02\/coated-spiral-pipe-1024x536.jpg\" alt=\"Tubo soldado en espiral ISO 3183\" class=\"wp-image-418\" style=\"width:936px;height:auto\" srcset=\"https:\/\/cangluopipe.com\/wp-content\/uploads\/2025\/02\/coated-spiral-pipe-1024x536.jpg 1024w, https:\/\/cangluopipe.com\/wp-content\/uploads\/2025\/02\/coated-spiral-pipe-300x157.jpg 300w, https:\/\/cangluopipe.com\/wp-content\/uploads\/2025\/02\/coated-spiral-pipe-768x402.jpg 768w, https:\/\/cangluopipe.com\/wp-content\/uploads\/2025\/02\/coated-spiral-pipe-1536x804.jpg 1536w, https:\/\/cangluopipe.com\/wp-content\/uploads\/2025\/02\/coated-spiral-pipe.jpg 1800w\" sizes=\"auto, (max-width: 1024px) 100vw, 1024px\" \/><\/figure>\n<\/div>\n\n\n<h2 class=\"wp-block-heading\" id=\"iso-3183-spiral-welded-pipe-suppliers-exporters\"><strong>ISO 3183 Tubo soldado en espiral Proveedores &amp; Exportadores<\/strong><\/h2>\n\n\n\n<p>Si desea <strong>importaci\u00f3n ISO 3183 Tubos soldados en espiral<\/strong>trabajando con un <strong>exportador de confianza<\/strong> es esencial. China sigue siendo un <strong>principal exportador<\/strong> debido a su <strong>gran capacidad de fabricaci\u00f3n, precios competitivos y estricto control de calidad<\/strong>.<\/p>\n\n\n\n<h3 class=\"wp-block-heading\" id=\"top-chinese-exporters-of-iso-3183-spiral-welded-pipes\"><strong>Principales exportadores chinos de tubos soldados en espiral ISO 3183<\/strong><\/h3>\n\n\n\n<figure class=\"wp-block-table\"><table class=\"has-fixed-layout\"><thead><tr><th><strong>Nombre de la empresa<\/strong><\/th><th><strong>Ubicaci\u00f3n<\/strong><\/th><th><strong>Capacidad de producci\u00f3n anual<\/strong><\/th><\/tr><\/thead><tbody><tr><td><strong>Grupo de tubos de acero en espiral de Cangzhou, S.A<\/strong><\/td><td>Hebei, China<\/td><td>400.000 toneladas<\/td><\/tr><tr><td><strong>Grupo Baosteel<\/strong><\/td><td>Shanghai, China<\/td><td>m\u00e1s de 500.000 toneladas<\/td><\/tr><tr><td><strong>Tianjin Steel Pipe Co.<\/strong><\/td><td>Tianjin, China<\/td><td>300.000 toneladas<\/td><\/tr><\/tbody><\/table><\/figure>\n\n\n\n<h3 class=\"wp-block-heading\" id=\"why-choose-cangzhou-spiral-steel-pipes-group-for-iso-3183-pipes\"><strong>\u00bfPor qu\u00e9 elegir Cangzhou Spiral Steel Pipes Group para ISO 3183 Tubos?<\/strong><\/h3>\n\n\n\n<p>\u2714 <strong>27 a\u00f1os de experiencia en la fabricaci\u00f3n de tubos de acero<\/strong><br>\u2714 <strong>Certificaci\u00f3n ISO 3183, API e ISO<\/strong><br>\u2714 <strong>13 l\u00edneas de producci\u00f3n, que abarcan di\u00e1metros de 219 mm a 3500 mm<\/strong><br>\u2714 <strong>Recubrimientos y tratamientos anticorrosi\u00f3n personalizados disponibles<\/strong><br>\u2714 <strong>S\u00f3lida red de exportaci\u00f3n a Norteam\u00e9rica, Europa y Asia<\/strong><\/p>\n\n\n\n<p>Para <strong>tubos soldados en espiral ISO 3183 de alta calidad<\/strong>, <strong>Grupo de tubos de acero en espiral de Cangzhou, S.A<\/strong> es un <strong>proveedor de confianza<\/strong>.<\/p>\n\n\n\n<h2 class=\"wp-block-heading\" id=\"faq-iso-3183-spiral-welded-pipe\"><strong>FAQ: Tubos soldados en espiral ISO 3183<\/strong><\/h2>\n\n\n\n<figure class=\"wp-block-table\"><table class=\"has-fixed-layout\"><thead><tr><th><strong>Pregunta<\/strong><\/th><th><strong>Respuesta<\/strong><\/th><\/tr><\/thead><tbody><tr><td><strong>\u00bfPara qu\u00e9 se utilizan los tubos soldados en espiral ISO 3183?<\/strong><\/td><td>Se utiliza principalmente para <strong>proyectos de transporte de petr\u00f3leo, gas y agua<\/strong>.<\/td><\/tr><tr><td><strong>\u00bfQu\u00e9 revestimientos hay disponibles?<\/strong><\/td><td><strong>FBE, 3LPE, revestimiento de mortero de cemento y revestimientos galvanizados<\/strong>.<\/td><\/tr><tr><td><strong>\u00bfEn qu\u00e9 se diferencia de los tubos API 5L?<\/strong><\/td><td><strong>ISO 3183 es una norma internacional, mientras que API 5L se utiliza principalmente en Norteam\u00e9rica para oleoductos y gasoductos<\/strong>.<\/td><\/tr><tr><td><strong>\u00bfQui\u00e9n es el mejor proveedor?<\/strong><\/td><td><strong>Grupo de tubos de acero en espiral de Cangzhou, S.A<\/strong> es un proveedor l\u00edder con <strong>Certificaciones ISO y API<\/strong>.<\/td><\/tr><tr><td><strong>\u00bfCu\u00e1l ser\u00e1 el precio por tonelada en 2025?<\/strong><\/td><td>Los precios oscilan entre <strong>900 a 900 a 2.800 por tonelada<\/strong>seg\u00fan el tama\u00f1o y el revestimiento.<\/td><\/tr><tr><td><strong>\u00bfC\u00f3mo se prueban estas tuber\u00edas?<\/strong><\/td><td><strong>Inspecciones ultras\u00f3nicas, hidrost\u00e1ticas y por rayos X<\/strong> garantizar el cumplimiento de las normas de calidad.<\/td><\/tr><tr><td><strong>\u00bfCu\u00e1les son las ventajas de los tubos soldados en espiral frente a los tubos ERW?<\/strong><\/td><td><strong>Mayor fuerza, mejor resistencia a la presi\u00f3n y rentabilidad para di\u00e1metros grandes<\/strong>.<\/td><\/tr><tr><td><strong>\u00bfNecesitan revestimiento los tubos ISO 3183?<\/strong><\/td><td><strong>S\u00ed, los revestimientos como el FBE, el 3LPE o el revestimiento de mortero de cemento mejoran la resistencia a la corrosi\u00f3n<\/strong>.<\/td><\/tr><tr><td><strong>\u00bfHay tubos ISO 3183 de gran di\u00e1metro?<\/strong><\/td><td><strong>S\u00ed, est\u00e1n disponibles en tama\u00f1os de hasta 3500 mm de di\u00e1metro.<\/strong><\/td><\/tr><\/tbody><\/table><\/figure>\n\n\n\n<h2 class=\"wp-block-heading\" id=\"final-thoughts\"><strong>Reflexiones finales<\/strong><\/h2>\n\n\n\n<p><strong>Tubos soldados en espiral ISO 3183<\/strong> se utilizan ampliamente en <strong>transporte de petr\u00f3leo, gas y agua<\/strong> debido a su <strong>alta resistencia, resistencia a la corrosi\u00f3n y rentabilidad<\/strong>.<\/p>\n\n\n\n<p>Si busca <strong>un proveedor fiable<\/strong>, <strong>Grupo de tubos de acero en espiral de Cangzhou, S.A<\/strong> es tu <strong>la mejor opci\u00f3n<\/strong> \u00a1en 2025! <\/p>\n\n\n\n<p>Necesita un <strong>cita<\/strong> o m\u00e1s <strong>detalles t\u00e9cnicos<\/strong>? P\u00f3ngase en contacto con <strong>Grupo de tubos de acero en espiral de Cangzhou<\/strong> \u00a1hoy!<\/p>","protected":false},"featured_media":261,"template":"","meta":{"_acf_changed":false,"_gspb_post_css":"","_kad_blocks_custom_css":"","_kad_blocks_head_custom_js":"","_kad_blocks_body_custom_js":"","_kad_blocks_footer_custom_js":"","_kad_post_transparent":"","_kad_post_title":"","_kad_post_layout":"","_kad_post_sidebar_id":"","_kad_post_content_style":"","_kad_post_vertical_padding":"","_kad_post_feature":"","_kad_post_feature_position":"","_kad_post_header":false,"_kad_post_footer":false,"_kad_post_classname":""},"product-category":[3],"product-standard":[12],"class_list":["post-260","product","type-product","status-publish","has-post-thumbnail","hentry","product-category-spiral-welded-pipe","product-standard-iso-3183"],"acf":[],"taxonomy_info":{"product-category":[{"value":3,"label":"Spiral Welded Pipe"}],"product-standard":[{"value":12,"label":"ISO 3183"}]},"featured_image_src_large":["https:\/\/cangluopipe.com\/wp-content\/uploads\/2025\/02\/iso-3183-spiral-welded-pipe-1024x576.webp",1024,576,true],"author_info":[],"comment_info":"","_links":{"self":[{"href":"https:\/\/cangluopipe.com\/es\/wp-json\/wp\/v2\/product\/260","targetHints":{"allow":["GET"]}}],"collection":[{"href":"https:\/\/cangluopipe.com\/es\/wp-json\/wp\/v2\/product"}],"about":[{"href":"https:\/\/cangluopipe.com\/es\/wp-json\/wp\/v2\/types\/product"}],"wp:featuredmedia":[{"embeddable":true,"href":"https:\/\/cangluopipe.com\/es\/wp-json\/wp\/v2\/media\/261"}],"wp:attachment":[{"href":"https:\/\/cangluopipe.com\/es\/wp-json\/wp\/v2\/media?parent=260"}],"wp:term":[{"taxonomy":"product-category","embeddable":true,"href":"https:\/\/cangluopipe.com\/es\/wp-json\/wp\/v2\/product-category?post=260"},{"taxonomy":"product-standard","embeddable":true,"href":"https:\/\/cangluopipe.com\/es\/wp-json\/wp\/v2\/product-standard?post=260"}],"curies":[{"name":"wp","href":"https:\/\/api.w.org\/{rel}","templated":true}]}}