{"id":258,"date":"2025-02-12T02:49:41","date_gmt":"2025-02-12T02:49:41","guid":{"rendered":"https:\/\/cangluo.easiwin.com\/?post_type=product&#038;p=258"},"modified":"2025-02-24T03:41:27","modified_gmt":"2025-02-24T03:41:27","slug":"en-10219-spiral-welded-pipe-manufacturer","status":"publish","type":"product","link":"https:\/\/cangluopipe.com\/es\/product\/en-10219-spiral-welded-pipe-manufacturer\/","title":{"rendered":"Fabricante de tubos soldados en espiral EN 10219"},"content":{"rendered":"<h2 class=\"wp-block-heading\" id=\"overview-of-en-10219-spiral-welded-pipe\"><strong>Descripci\u00f3n general de los tubos soldados en espiral EN 10219<\/strong><\/h2>\n\n\n\n<p><strong>Tubo soldado en espiral EN 10219<\/strong> es una norma europea para <strong>tubos de acero estructural soldados conformados en fr\u00edo<\/strong>ampliamente utilizado en <strong>construcci\u00f3n, infraestructuras, transporte de agua y aplicaciones industriales<\/strong>. Gobernado por el <strong>Comit\u00e9 Europeo de Normalizaci\u00f3n (CEN)<\/strong>la norma EN 10219 garantiza que los tubos de acero <strong>alta resistencia mec\u00e1nica, resistencia a la corrosi\u00f3n y fiabilidad estructural<\/strong>.<\/p>\n\n\n\n<p>Estos tubos suelen fabricarse con <strong>aceros estructurales no aleados y de grano fino<\/strong>, ofreciendo <strong>alta relaci\u00f3n resistencia-peso, excelente soldabilidad y durabilidad superior<\/strong>. <strong>Tubos soldados en espiral<\/strong> seg\u00fan EN 10219 son preferibles para <strong>aplicaciones de gran di\u00e1metro y alta presi\u00f3n<\/strong>por lo que son ideales para <strong>puentes, estructuras mar\u00edtimas y pilotes de cimentaci\u00f3n<\/strong>.<\/p>\n\n\n\n<p>En esta gu\u00eda, trataremos todo lo relativo a <strong>Tubos soldados en espiral EN 10219<\/strong>incluyendo <strong>fabricantes, especificaciones, tendencias de precios, revestimientos, aplicaciones y procesos de soldadura<\/strong>.<\/p>\n\n\n\n<h2 class=\"wp-block-heading\" id=\"top-en-10219-spiral-welded-pipe-manufacturers\"><strong>Top EN 10219 Tubos soldados en espiral Fabricantes<\/strong><\/h2>\n\n\n\n<p>Selecci\u00f3n de un <strong>fabricante de confianza<\/strong> garantiza <strong>alta calidad, durabilidad y conformidad<\/strong> con <strong>Normas EN 10219<\/strong>. Estos son algunos de los <strong>principales fabricantes<\/strong> en 2025:<\/p>\n\n\n\n<h3 class=\"wp-block-heading\" id=\"1-cangzhou-spiral-steel-pipes-group-co-ltd\"><strong>1. Grupo de tubos de acero en espiral de Cangzhou, S.A<\/strong><\/h3>\n\n\n\n<p>\u2714 <strong>27 a\u00f1os de experiencia<\/strong> en la fabricaci\u00f3n de tubos de acero<br>\u2714 <strong>13 l\u00edneas de producci\u00f3n<\/strong> para <strong>\u03a6219-\u03a63500mm<\/strong> tubos soldados en espiral<br>\u2714 <strong>Certificaci\u00f3n EN 10219, ISO 9001 y API 5L<\/strong><br>\u2714 <strong>Capacidad de producci\u00f3n anual: 400.000 toneladas<\/strong><br>\u2714 <strong>Revestimientos personalizados disponibles: FBE, 3LPE, revestimiento de mortero de cemento<\/strong><\/p>\n\n\n\n<h3 class=\"wp-block-heading\" id=\"2-arcelormittal-europe\"><strong>2. ArcelorMittal (Europa)<\/strong><\/h3>\n\n\n\n<p>Uno de los mayores fabricantes de acero del mundo, que produce <strong>Tubos con certificaci\u00f3n EN 10219<\/strong> para <strong>aplicaciones estructurales e industriales<\/strong>.<\/p>\n\n\n\n<h3 class=\"wp-block-heading\" id=\"3-tata-steel-europe\"><strong>3. Tata Steel Europa<\/strong><\/h3>\n\n\n\n<p>Un importante proveedor europeo especializado en <strong>tubos de acero estructural soldados conformados en fr\u00edo<\/strong> para <strong>infraestructuras y proyectos offshore<\/strong>.<\/p>\n\n\n\n<h3 class=\"wp-block-heading\" id=\"4-vallourec-france\"><strong>4. Vallourec (Francia)<\/strong><\/h3>\n\n\n\n<p>Un fabricante l\u00edder de <strong>tubos soldados de alta resistencia<\/strong> para <strong>aplicaciones de construcci\u00f3n e ingenier\u00eda<\/strong>.<\/p>\n\n\n\n<h3 class=\"wp-block-heading\" id=\"5-jindal-steel-power-india\"><strong>5. Jindal Steel &amp; Power (India)<\/strong><\/h3>\n\n\n\n<p>Un productor mundial de acero que suministra <strong>Tubos conformes a la norma EN 10219<\/strong> para <strong>Mercados europeos e internacionales<\/strong>.<\/p>\n\n\n\n<p>Cada uno de estos fabricantes garantiza <strong>estricto cumplimiento de las normas EN 10219<\/strong>garantizando <strong>gran durabilidad y resistencia a la corrosi\u00f3n<\/strong>.<\/p>\n\n\n\n<h2 class=\"wp-block-heading\" id=\"en-10219-spiral-welded-pipe-vs-other-pipe-standards\"><strong>Tubos soldados en espiral EN 10219 frente a otras normas de tuber\u00edas<\/strong><\/h2>\n\n\n\n<p>La elecci\u00f3n del tubo de acero adecuado depende de <strong>aplicaci\u00f3n, durabilidad, coste y resistencia<\/strong>. He aqu\u00ed c\u00f3mo <strong>Tubo soldado en espiral EN 10219<\/strong> en comparaci\u00f3n con otras normas comunes para tuber\u00edas:<\/p>\n\n\n\n<figure class=\"wp-block-table\"><table><thead><tr><th><strong>Caracter\u00edstica<\/strong><\/th><th><strong>Tubo soldado en espiral EN 10219<\/strong><\/th><th><strong>Tubos soldados API 5L<\/strong><\/th><th><strong>Tubos soldados ISO 3183<\/strong><\/th><th><strong>Tubo sin soldadura EN 10210<\/strong><\/th><\/tr><\/thead><tbody><tr><td><strong>Proceso de fabricaci\u00f3n<\/strong><\/td><td>Soldadura por arco sumergido helicoidal (HSAW)<\/td><td>SAW o ERW<\/td><td>SAW o ERW<\/td><td>Sin fisuras<\/td><\/tr><tr><td><strong>Resistencia &amp; Durabilidad<\/strong><\/td><td>Alta para aplicaciones estructurales<\/td><td>Alta para el petr\u00f3leo y el gas<\/td><td>Alta para el petr\u00f3leo y el gas<\/td><td>Muy alta<\/td><\/tr><tr><td><strong>Resistencia a la presi\u00f3n<\/strong><\/td><td>Excelente<\/td><td>Superior<\/td><td>Superior<\/td><td>Superior<\/td><\/tr><tr><td><strong>Resistencia a la corrosi\u00f3n<\/strong><\/td><td>Puede mejorarse con revestimientos<\/td><td>Requiere revestimientos<\/td><td>Requiere revestimientos<\/td><td>Naturalmente resistente<\/td><\/tr><tr><td><strong>Coste<\/strong><\/td><td>Rentable<\/td><td>Moderado<\/td><td>Moderado<\/td><td>Caro<\/td><\/tr><tr><td><strong>Tama\u00f1o Disponibilidad<\/strong><\/td><td>Gran di\u00e1metro (hasta 3500 mm)<\/td><td>Di\u00e1metro grande<\/td><td>Di\u00e1metro grande<\/td><td>Di\u00e1metro limitado<\/td><\/tr><tr><td><strong>Aplicaci\u00f3n<\/strong><\/td><td>Construcci\u00f3n, transporte de agua, puentes<\/td><td>Petr\u00f3leo y gas, industrial<\/td><td>Petr\u00f3leo y gas, industrial<\/td><td>Aplicaciones de alta presi\u00f3n<\/td><\/tr><\/tbody><\/table><\/figure>\n\n\n\n<h3 class=\"wp-block-heading\" id=\"why-choose-en-10219-spiral-welded-pipes\"><strong>\u00bfPor qu\u00e9 elegir los tubos soldados en espiral EN 10219?<\/strong><\/h3>\n\n\n\n<p>\u2714 <strong>Alta resistencia y durabilidad para aplicaciones estructurales<\/strong><br>\u2714 <strong>Rentable para tuber\u00edas de gran di\u00e1metro<\/strong><br>\u2714 <strong>Excelente para puentes, pilotes y proyectos en alta mar<\/strong><br>\u2714 <strong>M\u00e1s f\u00e1cil de fabricar en grandes longitudes<\/strong><\/p>\n\n\n<div class=\"wp-block-image\">\n<figure class=\"aligncenter size-full is-resized\"><img loading=\"lazy\" decoding=\"async\" width=\"920\" height=\"518\" src=\"https:\/\/cangluopipe.com\/wp-content\/uploads\/2025\/02\/CSA-Z245.1-spiral-welded-pipe.jpg\" alt=\"Tubo soldado en espiral EN 10219\" class=\"wp-image-271\" style=\"width:842px;height:auto\" srcset=\"https:\/\/cangluopipe.com\/wp-content\/uploads\/2025\/02\/CSA-Z245.1-spiral-welded-pipe.jpg 920w, https:\/\/cangluopipe.com\/wp-content\/uploads\/2025\/02\/CSA-Z245.1-spiral-welded-pipe-300x169.jpg 300w, https:\/\/cangluopipe.com\/wp-content\/uploads\/2025\/02\/CSA-Z245.1-spiral-welded-pipe-768x432.jpg 768w\" sizes=\"auto, (max-width: 920px) 100vw, 920px\" \/><\/figure>\n<\/div>\n\n\n<h2 class=\"wp-block-heading\" id=\"en-10219-spiral-welded-pipe-price-per-ton-in-2025\"><strong>Precio por tonelada de tubos soldados en espiral EN 10219 en 2025<\/strong><\/h2>\n\n\n\n<p>El precio de <strong>Tubos soldados en espiral EN 10219<\/strong> var\u00eda en funci\u00f3n de factores como <strong>calidad del acero, revestimientos, demanda y lugar de fabricaci\u00f3n<\/strong>. A continuaci\u00f3n figura una tabla de precios estimados para 2025:<\/p>\n\n\n\n<figure class=\"wp-block-table\"><table><thead><tr><th><strong>Di\u00e1metro del tubo (mm)<\/strong><\/th><th><strong>Espesor de pared (mm)<\/strong><\/th><th><strong>Precio por tonelada (USD)<\/strong><\/th><\/tr><\/thead><tbody><tr><td>219 \u2013 600<\/td><td>6 \u2013 10<\/td><td>900-900 &#8211; 900-1,350<\/td><\/tr><tr><td>610 \u2013 1200<\/td><td>8 \u2013 14<\/td><td>1,200-1,200 &#8211; 1,200-1,700<\/td><\/tr><tr><td>1220 \u2013 1800<\/td><td>10 \u2013 16<\/td><td>1,400-1,400 &#8211; 1,400-2,000<\/td><\/tr><tr><td>2000 \u2013 3500<\/td><td>12 \u2013 25<\/td><td>1,800-1,800 &#8211; 1,800-2,800<\/td><\/tr><\/tbody><\/table><\/figure>\n\n\n\n<h3 class=\"wp-block-heading\" id=\"factors-affecting-price\"><strong>Factores que afectan al precio:<\/strong><\/h3>\n\n\n\n<p>\u2714 <strong><a href=\"https:\/\/en.wikipedia.org\/wiki\/Steel\" target=\"_blank\" rel=\"noopener\">Acero<\/a> Precios<\/strong> - Las fluctuaciones de los costes de las materias primas repercuten en los precios.<br>\u2714 <strong>Costes de fabricaci\u00f3n<\/strong> - Gastos de mano de obra, energ\u00eda y transporte.<br>\u2714 <strong>Recubrimientos &amp; Tratamientos<\/strong> - Los recubrimientos anticorrosi\u00f3n adicionales aumentan el precio.<br>\u2714 <strong>Cantidad del pedido<\/strong> - Los pedidos al por mayor suelen tener mejores precios.<\/p>\n\n\n\n<p>Cangzhou Spiral Steel Pipes Group ofrece <strong>tubos soldados en espiral EN 10219 de alta calidad a precios competitivos<\/strong>.<\/p>\n\n\n\n<h2 class=\"wp-block-heading\" id=\"faq-en-10219-spiral-welded-pipe\"><strong>EN 10219 Tubos soldados en espiral Proceso de soldadura &amp; Fabricaci\u00f3n<\/strong><\/h2>\n\n\n\n<h3 class=\"wp-block-heading\" id=\"how-are-en-10219-spiral-welded-pipes-manufactured\"><strong>\u00bfC\u00f3mo se fabrican los tubos soldados en espiral EN 10219?<\/strong><\/h3>\n\n\n\n<p>En <strong>Tubo soldado en espiral EN 10219<\/strong> el proceso de fabricaci\u00f3n sigue <strong>estrictas medidas de control de calidad<\/strong> para garantizar <strong>gran resistencia, durabilidad y cumplimiento de las normas europeas<\/strong>. A continuaci\u00f3n se detalla paso a paso el proceso de producci\u00f3n:<\/p>\n\n\n\n<ol class=\"wp-block-list\">\n<li><strong>Selecci\u00f3n de bobinas de acero<\/strong>\n<ul class=\"wp-block-list\">\n<li>Alta calidad <strong>acero estructural no aleado y de grano fino<\/strong> se selecciona en funci\u00f3n de <strong>Especificaciones de los materiales EN 10219<\/strong>.<\/li>\n\n\n\n<li>Las calidades de acero m\u00e1s comunes son <strong>S235JRH, S275J0H, S355J2H y S420MH<\/strong>.<\/li>\n<\/ul>\n<\/li>\n\n\n\n<li><strong>Proceso de formaci\u00f3n de espirales<\/strong>\n<ul class=\"wp-block-list\">\n<li>La banda de acero se introduce continuamente en una m\u00e1quina de conformado donde se <strong>enrollado en forma de espiral<\/strong>.<\/li>\n\n\n\n<li>En <strong>costura helicoidal<\/strong> distribuye uniformemente la tensi\u00f3n, por lo que es ideal para <strong>aplicaciones estructurales de alta resistencia<\/strong>.<\/li>\n<\/ul>\n<\/li>\n\n\n\n<li><strong>Soldadura por arco sumergido (SAW)<\/strong>\n<ul class=\"wp-block-list\">\n<li><strong>Soldadura por arco sumergido de doble cara (DSAW)<\/strong> se aplica, garantizando <strong>penetraci\u00f3n profunda y soldaduras fuertes<\/strong>.<\/li>\n\n\n\n<li>Este m\u00e9todo mejora <strong>resistencia mec\u00e1nica y evita defectos<\/strong>.<\/li>\n<\/ul>\n<\/li>\n\n\n\n<li><strong>Ensayos no destructivos (END) &amp; Control de calidad<\/strong>\n<ul class=\"wp-block-list\">\n<li><strong>Pruebas ultras\u00f3nicas (UT)<\/strong> detecta defectos internos y externos.<\/li>\n\n\n\n<li><strong>Inspecci\u00f3n por rayos X<\/strong> garantiza <strong>integridad de la soldadura<\/strong>.<\/li>\n\n\n\n<li><strong>Pruebas de presi\u00f3n hidrost\u00e1tica<\/strong> verifica que las tuber\u00edas pueden <strong>soportar la presi\u00f3n interna sin fallos<\/strong>.<\/li>\n<\/ul>\n<\/li>\n\n\n\n<li><strong>Recubrimiento &amp; amp; Protecci\u00f3n contra la corrosi\u00f3n<\/strong>\n<ul class=\"wp-block-list\">\n<li>Las tuber\u00edas est\u00e1n recubiertas con <strong>Revestimientos de epoxi adherido por fusi\u00f3n (FBE), 3LPE (polietileno de tres capas) o galvanizado<\/strong> para evitar la corrosi\u00f3n.<\/li>\n<\/ul>\n<\/li>\n\n\n\n<li><strong>Inspecci\u00f3n final y sello; certificaci\u00f3n<\/strong>\n<ul class=\"wp-block-list\">\n<li>Cada tubo se somete a pruebas de <strong>precisi\u00f3n dimensional, propiedades mec\u00e1nicas y calidad del revestimiento<\/strong>.<\/li>\n\n\n\n<li>Certificado seg\u00fan <strong>Normas EN 10219 e ISO 9001<\/strong>.<\/li>\n<\/ul>\n<\/li>\n<\/ol>\n\n\n\n<h3 class=\"wp-block-heading\" id=\"welding-techniques-used-in-en-10219-spiral-pipes\"><strong>T\u00e9cnicas de soldadura utilizadas en los tubos en espiral EN 10219<\/strong><\/h3>\n\n\n\n<figure class=\"wp-block-table\"><table><thead><tr><th><strong>M\u00e9todo de soldadura<\/strong><\/th><th><strong>Ventajas<\/strong><\/th><\/tr><\/thead><tbody><tr><td><strong>Soldadura por arco sumergido (SAW)<\/strong><\/td><td>Soldaduras de penetraci\u00f3n profunda, fuertes y uniformes<\/td><\/tr><tr><td><strong>Soldadura de doble cara (DSAW)<\/strong><\/td><td>Garantiza una resistencia uniforme y evita los puntos d\u00e9biles<\/td><\/tr><tr><td><strong>Pruebas hidrost\u00e1ticas<\/strong><\/td><td>Verifica la resistencia a la presi\u00f3n, garantiza la ausencia de fugas<\/td><\/tr><\/tbody><\/table><\/figure>\n\n\n\n<p>Cangzhou Spiral Steel Pipes Group Co., Ltd garantiza <strong>todos los tubos cumplen la norma EN 10219<\/strong> a trav\u00e9s de <strong>rigurosos controles de calidad y avanzadas t\u00e9cnicas de fabricaci\u00f3n<\/strong>.<\/p>\n\n\n\n<h2 class=\"wp-block-heading\" id=\"en-10219-spiral-welded-pipe-suppliers-exporters\"><strong>EN 10219 Tubo soldado en espiral Proveedores &amp; Exportadores<\/strong><\/h2>\n\n\n\n<p>Si desea <strong>importaci\u00f3n EN 10219 Tubos soldados en espiral<\/strong>trabajando con un <strong>exportador de confianza<\/strong> es esencial. China sigue siendo un <strong>principal exportador<\/strong> debido a su <strong>alta capacidad de fabricaci\u00f3n, precios competitivos y un s\u00f3lido control de calidad<\/strong>.<\/p>\n\n\n<div class=\"wp-block-image\">\n<figure class=\"aligncenter size-full is-resized\"><img loading=\"lazy\" decoding=\"async\" width=\"920\" height=\"414\" src=\"https:\/\/cangluopipe.com\/wp-content\/uploads\/2025\/02\/GOST-20295-spiral-welded-pipe.jpg\" alt=\"\" class=\"wp-image-269\" style=\"width:896px;height:auto\" srcset=\"https:\/\/cangluopipe.com\/wp-content\/uploads\/2025\/02\/GOST-20295-spiral-welded-pipe.jpg 920w, https:\/\/cangluopipe.com\/wp-content\/uploads\/2025\/02\/GOST-20295-spiral-welded-pipe-300x135.jpg 300w, https:\/\/cangluopipe.com\/wp-content\/uploads\/2025\/02\/GOST-20295-spiral-welded-pipe-768x346.jpg 768w\" sizes=\"auto, (max-width: 920px) 100vw, 920px\" \/><\/figure>\n<\/div>\n\n\n<h3 class=\"wp-block-heading\" id=\"top-chinese-exporters-of-en-10219-spiral-welded-pipes\"><strong>Principales exportadores chinos de tubos soldados en espiral EN 10219<\/strong><\/h3>\n\n\n\n<figure class=\"wp-block-table\"><table><thead><tr><th><strong>Nombre de la empresa<\/strong><\/th><th><strong>Ubicaci\u00f3n<\/strong><\/th><th><strong>Capacidad de producci\u00f3n anual<\/strong><\/th><\/tr><\/thead><tbody><tr><td><strong>Grupo de tubos de acero en espiral de Cangzhou, S.A<\/strong><\/td><td>Hebei, China<\/td><td>400.000 toneladas<\/td><\/tr><tr><td><strong>Grupo Baosteel<\/strong><\/td><td>Shanghai, China<\/td><td>m\u00e1s de 500.000 toneladas<\/td><\/tr><tr><td><strong>Tianjin Steel Pipe Co.<\/strong><\/td><td>Tianjin, China<\/td><td>300.000 toneladas<\/td><\/tr><\/tbody><\/table><\/figure>\n\n\n\n<h3 class=\"wp-block-heading\" id=\"why-choose-cangzhou-spiral-steel-pipes-group-for-en-10219-pipes\"><strong>\u00bfPor qu\u00e9 elegir Cangzhou Spiral Steel Pipes Group para tuber\u00edas EN 10219?<\/strong><\/h3>\n\n\n\n<p>\u2714 <strong>27 a\u00f1os de experiencia en la fabricaci\u00f3n de tubos de acero<\/strong><br>\u2714 <strong>Certificaci\u00f3n EN 10219, ISO y CE<\/strong><br>\u2714 <strong>13 l\u00edneas de producci\u00f3n, que abarcan di\u00e1metros de 219 mm a 3500 mm<\/strong><br>\u2714 <strong>Recubrimientos y tratamientos anticorrosi\u00f3n personalizados disponibles<\/strong><br>\u2714 <strong>S\u00f3lida red de exportaci\u00f3n a Europa, Norteam\u00e9rica y Asia<\/strong><\/p>\n\n\n\n<p>Para <strong>tubos soldados en espiral de alta calidad EN 10219<\/strong>, <strong>Grupo de tubos de acero en espiral de Cangzhou, S.A<\/strong> es un <strong>proveedor de confianza<\/strong>.<\/p>\n\n\n\n<h2 class=\"wp-block-heading\" id=\"faq-en-10219-spiral-welded-pipe-1\"><strong>FAQ: Tubos soldados en espiral EN 10219<\/strong><\/h2>\n\n\n\n<figure class=\"wp-block-table\"><table><thead><tr><th><strong>Pregunta<\/strong><\/th><th><strong>Respuesta<\/strong><\/th><\/tr><\/thead><tbody><tr><td><strong>\u00bfPara qu\u00e9 se utilizan los tubos soldados en espiral EN 10219?<\/strong><\/td><td>Se utiliza principalmente para <strong>aplicaciones estructurales, transmisi\u00f3n de agua y proyectos en alta mar<\/strong>.<\/td><\/tr><tr><td><strong>\u00bfQu\u00e9 revestimientos hay disponibles?<\/strong><\/td><td><strong>FBE, 3LPE, revestimiento de mortero de cemento y revestimientos galvanizados<\/strong>.<\/td><\/tr><tr><td><strong>\u00bfEn qu\u00e9 se diferencia de los tubos sin soldadura EN 10210?<\/strong><\/td><td><strong>La norma EN 10219 es rentable para di\u00e1metros mayores, mientras que los tubos sin soldadura EN 10210 se utilizan para aplicaciones de alta presi\u00f3n<\/strong>.<\/td><\/tr><tr><td><strong>\u00bfQui\u00e9n es el mejor proveedor?<\/strong><\/td><td><strong>Grupo de tubos de acero en espiral de Cangzhou, S.A<\/strong> es un proveedor l\u00edder con <strong>Certificaciones ISO &amp; EN 10219<\/strong>.<\/td><\/tr><tr><td><strong>\u00bfCu\u00e1l ser\u00e1 el precio por tonelada en 2025?<\/strong><\/td><td>Los precios oscilan entre <strong>900 a 900 a 2.800 por tonelada<\/strong>seg\u00fan el tama\u00f1o y el revestimiento.<\/td><\/tr><tr><td><strong>\u00bfC\u00f3mo se prueban estas tuber\u00edas?<\/strong><\/td><td><strong>Inspecciones ultras\u00f3nicas, hidrost\u00e1ticas y por rayos X<\/strong> garantizar el cumplimiento de las normas de calidad.<\/td><\/tr><tr><td><strong>\u00bfCu\u00e1les son las ventajas de los tubos soldados en espiral frente a los tubos ERW?<\/strong><\/td><td><strong>Mayor fuerza, mejor resistencia a la presi\u00f3n y rentabilidad para di\u00e1metros grandes<\/strong>.<\/td><\/tr><tr><td><strong>\u00bfNecesitan revestimiento los tubos EN 10219?<\/strong><\/td><td><strong>S\u00ed, los revestimientos como el FBE, el 3LPE o el revestimiento de mortero de cemento mejoran la resistencia a la corrosi\u00f3n<\/strong>.<\/td><\/tr><tr><td><strong>\u00bfExisten tubos EN 10219 de gran di\u00e1metro?<\/strong><\/td><td><strong>S\u00ed, est\u00e1n disponibles en tama\u00f1os de hasta 3500 mm de di\u00e1metro.<\/strong><\/td><\/tr><\/tbody><\/table><\/figure>\n\n\n\n<h2 class=\"wp-block-heading\" id=\"final-thoughts\"><strong>Reflexiones finales<\/strong><\/h2>\n\n\n\n<p><strong>Tubos soldados en espiral EN 10219<\/strong> se utilizan ampliamente en <strong>aplicaciones estructurales, industriales y de transmisi\u00f3n de agua<\/strong> debido a su <strong>alta resistencia, resistencia a la corrosi\u00f3n y rentabilidad<\/strong>.<\/p>\n\n\n\n<p>Si busca <strong>un proveedor fiable<\/strong>, <strong>Grupo de tubos de acero en espiral de Cangzhou, S.A<\/strong> es tu <strong>la mejor opci\u00f3n<\/strong> \u00a1en 2025! <\/p>\n\n\n\n<p>Necesita un <strong>cita<\/strong> o m\u00e1s <strong>detalles t\u00e9cnicos<\/strong>? P\u00f3ngase en contacto con <strong>Grupo de tubos de acero en espiral de Cangzhou<\/strong> \u00a1hoy!<\/p>","protected":false},"featured_media":259,"template":"","meta":{"_acf_changed":false,"_gspb_post_css":"","_kad_blocks_custom_css":"","_kad_blocks_head_custom_js":"","_kad_blocks_body_custom_js":"","_kad_blocks_footer_custom_js":"","_kad_post_transparent":"","_kad_post_title":"","_kad_post_layout":"","_kad_post_sidebar_id":"","_kad_post_content_style":"","_kad_post_vertical_padding":"","_kad_post_feature":"","_kad_post_feature_position":"","_kad_post_header":false,"_kad_post_footer":false,"_kad_post_classname":""},"product-category":[3],"product-standard":[11],"class_list":["post-258","product","type-product","status-publish","has-post-thumbnail","hentry","product-category-spiral-welded-pipe","product-standard-en-10219"],"acf":[],"taxonomy_info":{"product-category":[{"value":3,"label":"Spiral Welded Pipe"}],"product-standard":[{"value":11,"label":"EN 10219"}]},"featured_image_src_large":["https:\/\/cangluopipe.com\/wp-content\/uploads\/2025\/02\/en-10129-spiral-pipe.jpg",920,412,false],"author_info":[],"comment_info":"","_links":{"self":[{"href":"https:\/\/cangluopipe.com\/es\/wp-json\/wp\/v2\/product\/258","targetHints":{"allow":["GET"]}}],"collection":[{"href":"https:\/\/cangluopipe.com\/es\/wp-json\/wp\/v2\/product"}],"about":[{"href":"https:\/\/cangluopipe.com\/es\/wp-json\/wp\/v2\/types\/product"}],"wp:featuredmedia":[{"embeddable":true,"href":"https:\/\/cangluopipe.com\/es\/wp-json\/wp\/v2\/media\/259"}],"wp:attachment":[{"href":"https:\/\/cangluopipe.com\/es\/wp-json\/wp\/v2\/media?parent=258"}],"wp:term":[{"taxonomy":"product-category","embeddable":true,"href":"https:\/\/cangluopipe.com\/es\/wp-json\/wp\/v2\/product-category?post=258"},{"taxonomy":"product-standard","embeddable":true,"href":"https:\/\/cangluopipe.com\/es\/wp-json\/wp\/v2\/product-standard?post=258"}],"curies":[{"name":"wp","href":"https:\/\/api.w.org\/{rel}","templated":true}]}}