{"id":254,"date":"2025-02-12T02:47:51","date_gmt":"2025-02-12T02:47:51","guid":{"rendered":"https:\/\/cangluo.easiwin.com\/?post_type=product&#038;p=254"},"modified":"2025-03-12T10:47:53","modified_gmt":"2025-03-12T10:47:53","slug":"astm-a252-spiral-welded-pipe-manufacturer","status":"publish","type":"product","link":"https:\/\/cangluopipe.com\/es\/product\/astm-a252-spiral-welded-pipe-manufacturer\/","title":{"rendered":"Fabricante de tubos soldados en espiral ASTM A252"},"content":{"rendered":"<h2 class=\"wp-block-heading\" id=\"overview-of-astm-a252-spiral-welded-pipe\"><strong>Descripci\u00f3n general de los tubos soldados en espiral ASTM A252<\/strong><\/h2>\n\n\n\n<p><strong>Tubo soldado en espiral ASTM A252<\/strong> es una especificaci\u00f3n est\u00e1ndar para <strong>tubos de acero soldados y sin soldadura<\/strong> utilizado en <strong>aplicaciones estructurales como pilotes, soportes de cimientos y proyectos de infraestructuras<\/strong>. Esta norma, publicada por la <strong>Sociedad Americana de Pruebas y Materiales (ASTM)<\/strong>garantiza que las tuber\u00edas cumplan <strong>criterios de alta resistencia mec\u00e1nica, soldabilidad y durabilidad<\/strong>.<\/p>\n\n\n\n<p>Tubos soldados en espiral bajo <strong>ASTM A252<\/strong> se utilizan principalmente para <strong>aplicaciones de rodamientos y carcasas<\/strong>por lo que son ideales para <strong>cimentaciones de puentes, pilotes marinos y proyectos de construcci\u00f3n subterr\u00e1nea<\/strong>. Su <strong>costura helicoidal<\/strong> proporciona <strong>mayor resistencia a la presi\u00f3n y capacidad de carga<\/strong>convirti\u00e9ndolos en <strong>alternativa rentable a los tubos sin soldadura<\/strong>.<\/p>\n\n\n\n<p>En esta gu\u00eda, trataremos todo lo relativo a <strong>Tubos soldados en espiral ASTM A252<\/strong>incluyendo <strong>fabricantes, especificaciones, tendencias de precios, revestimientos, aplicaciones y procesos de soldadura<\/strong>.<\/p>\n\n\n\n<h2 class=\"wp-block-heading\" id=\"top-astm-a252-spiral-welded-pipe-manufacturers\"><strong>Top ASTM A252 Tubos soldados en espiral Fabricantes<\/strong><\/h2>\n\n\n\n<p>Elegir un <strong>fabricante de confianza<\/strong> garantiza <strong>materiales de alta calidad, cumplimiento de las normas ASTM A252 y rendimiento duradero<\/strong>. A continuaci\u00f3n figuran algunos de los <strong>principales fabricantes de tubos soldados en espiral ASTM A252<\/strong> en 2025:<\/p>\n\n\n\n<h3 class=\"wp-block-heading\" id=\"1-cangzhou-spiral-steel-pipes-group-co-ltd\"><strong>1. Grupo de tubos de acero en espiral de Cangzhou, S.A<\/strong><\/h3>\n\n\n\n<p>\u2714 <strong>27 a\u00f1os de experiencia<\/strong> en la fabricaci\u00f3n de tubos de acero<br>\u2714 <strong>13 l\u00edneas de producci\u00f3n<\/strong> para <strong>\u03a6219-\u03a63500mm<\/strong> tubos soldados en espiral<br>\u2714 <strong>Certificaci\u00f3n ASTM A252, API 5L e ISO 9001<\/strong><br>\u2714 <strong>Capacidad de producci\u00f3n anual: 400.000 toneladas<\/strong><br>\u2714 <strong>Revestimientos personalizados disponibles: FBE, 3LPE, revestimiento de mortero de cemento<\/strong><\/p>\n\n\n\n<h3 class=\"wp-block-heading\" id=\"2-american-spiralweld-pipe-co-usa\"><strong>2. American SpiralWeld Pipe Co. (EE.UU.)<\/strong><\/h3>\n\n\n\n<p>Un fabricante estadounidense l\u00edder especializado en <strong>Tubos de acero conformes con ASTM A252<\/strong> para <strong>proyectos de infraestructuras<\/strong>.<\/p>\n\n\n\n<h3 class=\"wp-block-heading\" id=\"3-jindal-saw-ltd-india\"><strong>3. Jindal SAW Ltd (India)<\/strong><\/h3>\n\n\n\n<p>Uno de los principales proveedores de <strong>tubos de acero soldado de gran di\u00e1metro<\/strong> para <strong>pilotes de cimentaci\u00f3n y aplicaciones estructurales<\/strong>.<\/p>\n\n\n\n<h3 class=\"wp-block-heading\" id=\"4-arcelormittal-europe\"><strong>4. ArcelorMittal (Europa)<\/strong><\/h3>\n\n\n\n<p>Uno de los mayores fabricantes de acero del mundo, que produce <strong>Tubos con certificaci\u00f3n ASTM A252<\/strong> para <strong>construcci\u00f3n y aplicaciones industriales<\/strong>.<\/p>\n\n\n\n<h3 class=\"wp-block-heading\" id=\"5-welspun-corp-ltd-india\"><strong>5. Welspun Corp Ltd (India)<\/strong><\/h3>\n\n\n\n<p>Un destacado fabricante de <strong>tubos soldados en espiral<\/strong> para <strong>pilotes marinos, construcci\u00f3n de puentes y apoyos subterr\u00e1neos<\/strong>.<\/p>\n\n\n\n<p>Cada uno de estos fabricantes garantiza <strong>estricto cumplimiento de las normas ASTM A252<\/strong>garantizando <strong>gran durabilidad y resistencia a la corrosi\u00f3n<\/strong>.<\/p>\n\n\n<div class=\"wp-block-image\">\n<figure class=\"aligncenter size-full\"><img loading=\"lazy\" decoding=\"async\" width=\"920\" height=\"412\" src=\"https:\/\/cangluopipe.com\/wp-content\/uploads\/2025\/02\/en-10129-spiral-pipe.jpg\" alt=\"Tubo soldado en espiral ASTM A252\" class=\"wp-image-259\" srcset=\"https:\/\/cangluopipe.com\/wp-content\/uploads\/2025\/02\/en-10129-spiral-pipe.jpg 920w, https:\/\/cangluopipe.com\/wp-content\/uploads\/2025\/02\/en-10129-spiral-pipe-300x134.jpg 300w, https:\/\/cangluopipe.com\/wp-content\/uploads\/2025\/02\/en-10129-spiral-pipe-768x344.jpg 768w\" sizes=\"auto, (max-width: 920px) 100vw, 920px\" \/><\/figure>\n<\/div>\n\n\n<h2 class=\"wp-block-heading\" id=\"astm-a252-spiral-welded-pipe-vs-other-pipe-standards\"><strong>Tubos soldados en espiral ASTM A252 frente a otras normas de tuber\u00edas<\/strong><\/h2>\n\n\n\n<p>La elecci\u00f3n del tubo de acero adecuado depende de <strong>aplicaci\u00f3n, durabilidad, coste y resistencia<\/strong>. He aqu\u00ed c\u00f3mo <strong>Tubo soldado en espiral ASTM A252<\/strong> en comparaci\u00f3n con otras normas comunes para tuber\u00edas:<\/p>\n\n\n\n<figure class=\"wp-block-table\"><table class=\"has-fixed-layout\"><thead><tr><th><strong>Caracter\u00edstica<\/strong><\/th><th><strong>Tubo soldado en espiral ASTM A252<\/strong><\/th><th><strong>Tubos soldados API 5L<\/strong><\/th><th><strong>Tubos soldados ASTM A53<\/strong><\/th><th><strong>Tubos estructurales EN 10219<\/strong><\/th><\/tr><\/thead><tbody><tr><td><strong>Proceso de fabricaci\u00f3n<\/strong><\/td><td>Soldadura por arco sumergido helicoidal (HSAW)<\/td><td>SAW o ERW<\/td><td>SAW o ERW<\/td><td>HSAW conformado en fr\u00edo<\/td><\/tr><tr><td><strong>Resistencia &amp; Durabilidad<\/strong><\/td><td>Alta para aplicaciones estructurales<\/td><td>Alta para el petr\u00f3leo y el gas<\/td><td>Moderado<\/td><td>Alta para uso estructural<\/td><\/tr><tr><td><strong>Resistencia a la presi\u00f3n<\/strong><\/td><td>Excelente<\/td><td>Superior<\/td><td>Moderado<\/td><td>Moderado<\/td><\/tr><tr><td><strong>Resistencia a la corrosi\u00f3n<\/strong><\/td><td>Puede mejorarse con revestimientos<\/td><td>Requiere revestimientos<\/td><td>Requiere revestimientos<\/td><td>Requiere revestimientos<\/td><\/tr><tr><td><strong>Coste<\/strong><\/td><td>Rentable<\/td><td>Moderado<\/td><td>Moderado<\/td><td>Rentable<\/td><\/tr><tr><td><strong>Tama\u00f1o Disponibilidad<\/strong><\/td><td>Gran di\u00e1metro (hasta 3500 mm)<\/td><td>Di\u00e1metro grande<\/td><td>Di\u00e1metro limitado<\/td><td>Di\u00e1metro grande<\/td><\/tr><tr><td><strong>Aplicaci\u00f3n<\/strong><\/td><td>Pilotes, cimentaciones, estructuras marinas<\/td><td>Oleoductos y gasoductos industriales<\/td><td>Transporte de agua, construcci\u00f3n<\/td><td>Estructurales, puentes, offshore<\/td><\/tr><\/tbody><\/table><\/figure>\n\n\n\n<h3 class=\"wp-block-heading\" id=\"why-choose-astm-a252-spiral-welded-pipes\"><strong>\u00bfPor qu\u00e9 elegir los tubos soldados en espiral ASTM A252?<\/strong><\/h3>\n\n\n\n<p>\u2714 <strong>Alta resistencia y durabilidad para aplicaciones de pilotaje<\/strong><br>\u2714 <strong>Rentable para proyectos de gran di\u00e1metro<\/strong><br>\u2714 <strong>Ideal para cimentaciones de puentes, pilotes marinos y soportes subterr\u00e1neos<\/strong><br>\u2714 <strong>F\u00e1cil de soldar e instalar en proyectos de infraestructuras<\/strong><\/p>\n\n\n\n<h2 class=\"wp-block-heading\" id=\"astm-a252-spiral-welded-pipe-price-per-ton-in-2025\"><strong>Precio por tonelada de tubos soldados en espiral ASTM A252 en 2025<\/strong><\/h2>\n\n\n\n<p>El precio de <strong>Tubos soldados en espiral ASTM A252<\/strong> var\u00eda en funci\u00f3n de factores como <strong>calidad del acero, revestimientos, demanda y lugar de fabricaci\u00f3n<\/strong>. A continuaci\u00f3n figura una tabla de precios estimados para 2025:<\/p>\n\n\n\n<figure class=\"wp-block-table\"><table class=\"has-fixed-layout\"><thead><tr><th><strong>Di\u00e1metro del tubo (mm)<\/strong><\/th><th><strong>Espesor de pared (mm)<\/strong><\/th><th><strong>Precio por tonelada (USD)<\/strong><\/th><\/tr><\/thead><tbody><tr><td>219 \u2013 600<\/td><td>6 \u2013 10<\/td><td>950-950 &#8211; 950-1,400<\/td><\/tr><tr><td>610 \u2013 1200<\/td><td>8 \u2013 14<\/td><td>1,250-1,250 &#8211; 1,250-1,750<\/td><\/tr><tr><td>1220 \u2013 1800<\/td><td>10 \u2013 16<\/td><td>1,450-1,450 &#8211; 1,450-2,100<\/td><\/tr><tr><td>2000 \u2013 3500<\/td><td>12 \u2013 25<\/td><td>1,900-1,900 &#8211; 1,900-2,900<\/td><\/tr><\/tbody><\/table><\/figure>\n\n\n\n<h3 class=\"wp-block-heading\" id=\"factors-affecting-price\"><strong>Factores que afectan al precio:<\/strong><\/h3>\n\n\n\n<p>\u2714<a href=\"https:\/\/en.wikipedia.org\/wiki\/Steel\" target=\"_blank\" rel=\"noopener\"> <strong>Acero<\/strong><\/a><strong> Precios<\/strong> - Las fluctuaciones de los costes de las materias primas repercuten en los precios.<br>\u2714 <strong>Costes de fabricaci\u00f3n<\/strong> - Gastos de mano de obra, energ\u00eda y transporte.<br>\u2714 <strong>Recubrimientos &amp; Tratamientos<\/strong> - Los recubrimientos anticorrosi\u00f3n adicionales aumentan el precio.<br>\u2714 <strong>Cantidad del pedido<\/strong> - Los pedidos al por mayor suelen tener mejores precios.<\/p>\n\n\n\n<p>Cangzhou Spiral Steel Pipes Group ofrece <strong>tubos soldados en espiral ASTM A252 de alta calidad a precios competitivos<\/strong>.<\/p>\n\n\n\n<h2 class=\"wp-block-heading\" id=\"astm-a252-spiral-welded-pipe-welding-process-manufacturing\"><strong>Tubos soldados en espiral ASTM A252 Proceso de soldadura y fabricaci\u00f3n<\/strong><\/h2>\n\n\n\n<h3 class=\"wp-block-heading\" id=\"how-are-astm-a252-spiral-welded-pipes-manufactured\"><strong>\u00bfC\u00f3mo se fabrican los tubos soldados en espiral ASTM A252?<\/strong><\/h3>\n\n\n\n<p>En <strong>Tubo soldado en espiral ASTM A252<\/strong> el proceso de fabricaci\u00f3n sigue <strong>estrictas medidas de control de calidad<\/strong> para garantizar <strong>alta resistencia, durabilidad y cumplimiento de las normas internacionales de pilotaje<\/strong>. A continuaci\u00f3n se detalla paso a paso el proceso de producci\u00f3n:<\/p>\n\n\n\n<h3 class=\"wp-block-heading\" id=\"1-steel-coil-selection\"><strong>1. Selecci\u00f3n de bobinas de acero<\/strong><\/h3>\n\n\n\n<ul class=\"wp-block-list\">\n<li>Alta calidad <strong>acero al carbono<\/strong> se selecciona en funci\u00f3n de <strong>Requisitos de los materiales ASTM A252<\/strong>.<\/li>\n\n\n\n<li>Las calidades de acero m\u00e1s comunes son <strong>Grado 1, Grado 2 y Grado 3<\/strong>con <strong>El grado 3 es el m\u00e1s fuerte y el m\u00e1s utilizado<\/strong>.<\/li>\n<\/ul>\n\n\n\n<h3 class=\"wp-block-heading\" id=\"2-spiral-forming-process\"><strong>2. Proceso de formaci\u00f3n de espirales<\/strong><\/h3>\n\n\n\n<ul class=\"wp-block-list\">\n<li>En <strong>fleje de acero<\/strong> se introduce en un <strong>m\u00e1quina formadora<\/strong>donde est\u00e1 <strong>enrollado en forma helicoidal<\/strong>.<\/li>\n\n\n\n<li>En <strong>costura en espiral<\/strong> proporciona <strong>mayor resistencia y capacidad de carga<\/strong>por lo que es ideal para <strong>aplicaciones de pilotaje estructural<\/strong>.<\/li>\n<\/ul>\n\n\n\n<h3 class=\"wp-block-heading\" id=\"3-submerged-arc-welding-saw-process\"><strong>3. Proceso de soldadura por arco sumergido (SAW)<\/strong><\/h3>\n\n\n\n<ul class=\"wp-block-list\">\n<li><strong>Soldadura por arco sumergido de doble cara (DSAW)<\/strong> se utiliza para crear <strong>soldaduras de alta resistencia y sin defectos<\/strong>.<\/li>\n\n\n\n<li>Este m\u00e9todo de soldadura garantiza <strong>penetraci\u00f3n profunda, uniformidad y resistencia a la tensi\u00f3n<\/strong>.<\/li>\n<\/ul>\n\n\n\n<h3 class=\"wp-block-heading\" id=\"4-quality-control-testing\"><strong>4. Control de calidad y pruebas<\/strong><\/h3>\n\n\n\n<ul class=\"wp-block-list\">\n<li><strong>Ultrasonidos &amp; Pruebas de rayos X<\/strong> garantiza que no haya defectos internos ni externos.<\/li>\n\n\n\n<li><strong>Pruebas de presi\u00f3n hidrost\u00e1tica<\/strong> verifica la capacidad de la tuber\u00eda para resistir <strong>altas presiones de carga<\/strong>.<\/li>\n\n\n\n<li><strong>Control dimensional<\/strong> comprueba <strong>rectitud, uniformidad del espesor y precisi\u00f3n del di\u00e1metro<\/strong>.<\/li>\n<\/ul>\n\n\n\n<h3 class=\"wp-block-heading\" id=\"5-coating-corrosion-protection\"><strong>5. Revestimiento &amp; amp; Protecci\u00f3n contra la corrosi\u00f3n<\/strong><\/h3>\n\n\n\n<ul class=\"wp-block-list\">\n<li>Las tuber\u00edas pueden revestirse con <strong>Revestimientos de epoxi adherido por fusi\u00f3n (FBE), 3LPE o bet\u00fan<\/strong> resistir <strong>corrosi\u00f3n, humedad y da\u00f1os ambientales<\/strong>.<\/li>\n<\/ul>\n\n\n\n<h3 class=\"wp-block-heading\" id=\"6-final-inspection-certification\"><strong>6. Inspecci\u00f3n final y sello; certificaci\u00f3n<\/strong><\/h3>\n\n\n\n<ul class=\"wp-block-list\">\n<li>Se comprueba que cada tuber\u00eda <strong>conformidad con ASTM A252, ISO 9001 y otras certificaciones de calidad<\/strong>.<\/li>\n\n\n\n<li>Las tuber\u00edas est\u00e1n marcadas con <strong>grado, tama\u00f1o, n\u00famero de colada y nombre del fabricante<\/strong> para la trazabilidad.<\/li>\n<\/ul>\n\n\n\n<h3 class=\"wp-block-heading\" id=\"welding-techniques-used-in-astm-a252-spiral-welded-pipes\"><strong>T\u00e9cnicas de soldadura utilizadas en los tubos soldados en espiral ASTM A252<\/strong><\/h3>\n\n\n\n<figure class=\"wp-block-table\"><table class=\"has-fixed-layout\"><thead><tr><th><strong>M\u00e9todo de soldadura<\/strong><\/th><th><strong>Ventajas<\/strong><\/th><\/tr><\/thead><tbody><tr><td><strong>Soldadura por arco sumergido (SAW)<\/strong><\/td><td>Soldaduras de penetraci\u00f3n profunda, fuertes y uniformes<\/td><\/tr><tr><td><strong>Soldadura de doble cara (DSAW)<\/strong><\/td><td>Garantiza una resistencia uniforme y evita los puntos d\u00e9biles<\/td><\/tr><tr><td><strong>Pruebas hidrost\u00e1ticas<\/strong><\/td><td>Verifica la resistencia a la presi\u00f3n, garantiza la ausencia de fugas<\/td><\/tr><\/tbody><\/table><\/figure>\n\n\n\n<p>Cangzhou Spiral Steel Pipes Group Co., Ltd garantiza <strong>todos los tubos cumplen la norma ASTM A252<\/strong> a trav\u00e9s de <strong>t\u00e9cnicas avanzadas de soldadura y un riguroso control de calidad<\/strong>.<\/p>\n\n\n<div class=\"wp-block-image\">\n<figure class=\"aligncenter size-full\"><img loading=\"lazy\" decoding=\"async\" width=\"920\" height=\"412\" src=\"https:\/\/cangluopipe.com\/wp-content\/uploads\/2025\/02\/EN-10217-spiral-pipe.jpg\" alt=\"\" class=\"wp-image-257\" srcset=\"https:\/\/cangluopipe.com\/wp-content\/uploads\/2025\/02\/EN-10217-spiral-pipe.jpg 920w, https:\/\/cangluopipe.com\/wp-content\/uploads\/2025\/02\/EN-10217-spiral-pipe-300x134.jpg 300w, https:\/\/cangluopipe.com\/wp-content\/uploads\/2025\/02\/EN-10217-spiral-pipe-768x344.jpg 768w\" sizes=\"auto, (max-width: 920px) 100vw, 920px\" \/><\/figure>\n<\/div>\n\n\n<h2 class=\"wp-block-heading\" id=\"astm-a252-spiral-welded-pipe-coating-and-anti-corrosion-treatment\"><strong>Tubos soldados en espiral ASTM A252 Recubrimiento y tratamiento anticorrosi\u00f3n<\/strong><\/h2>\n\n\n\n<p>Los tubos de pilotaje suelen estar expuestos a <strong>entornos dif\u00edciles<\/strong>incluyendo <strong>humedad, agua salada y condiciones subterr\u00e1neas<\/strong>. Aplicaci\u00f3n de <strong>revestimientos protectores<\/strong> ayuda a <strong>prolongan la vida \u00fatil y evitan la corrosi\u00f3n<\/strong>.<\/p>\n\n\n\n<h3 class=\"wp-block-heading\" id=\"common-coating-options-for-astm-a252-pipes\"><strong>Opciones de revestimiento habituales para tubos ASTM A252<\/strong><\/h3>\n\n\n\n<figure class=\"wp-block-table\"><table class=\"has-fixed-layout\"><thead><tr><th><strong>Tipo de revestimiento<\/strong><\/th><th><strong>Ventajas<\/strong><\/th><th><strong>Aplicaciones<\/strong><\/th><\/tr><\/thead><tbody><tr><td><strong>Epoxi unido por fusi\u00f3n (FBE)<\/strong><\/td><td>Alta resistencia a la corrosi\u00f3n, fuerte adherencia<\/td><td>Pilotes marinos, tuber\u00edas subterr\u00e1neas<\/td><\/tr><tr><td><strong>3LPE (polietileno de tres capas)<\/strong><\/td><td>Excelente resistencia a los impactos, protecci\u00f3n contra la humedad<\/td><td>L\u00edneas de transmisi\u00f3n de agua, petr\u00f3leo &amp; gasoductos<\/td><\/tr><tr><td><strong>Revestimiento bituminoso<\/strong><\/td><td>Econ\u00f3mico, adecuado para aplicaciones subterr\u00e1neas<\/td><td>Cimientos, soportes de puentes<\/td><\/tr><tr><td><strong>Revestimiento galvanizado<\/strong><\/td><td>Resistente a la corrosi\u00f3n, de larga duraci\u00f3n<\/td><td>Estructuras marinas, pilotes marinos<\/td><\/tr><\/tbody><\/table><\/figure>\n\n\n\n<h3 class=\"wp-block-heading\" id=\"why-coating-is-important-for-astm-a252-pipes\"><strong>\u00bfPor qu\u00e9 es importante el revestimiento de los tubos ASTM A252?<\/strong><\/h3>\n\n\n\n<p>\u2714 <strong>Evita el \u00f3xido y la corrosi\u00f3n<\/strong> en entornos dif\u00edciles<br>\u2714 <strong>Mejora la integridad estructural<\/strong> y prolonga la vida \u00fatil<br>\u2714 <strong>Mejora la resistencia a los productos qu\u00edmicos, la humedad y el agua salada<\/strong><br>\u2714 <strong>Reduce los costes de mantenimiento<\/strong> para proyectos a largo plazo<\/p>\n\n\n\n<p>Cangzhou Spiral Steel Pipes Group ofrece <strong>soluciones de revestimiento personalizadas<\/strong> basado en <strong>requisitos del proyecto<\/strong>.<\/p>\n\n\n\n<h2 class=\"wp-block-heading\" id=\"astm-a252-spiral-welded-pipe-for-water-transmission-projects\"><strong>Tubos soldados en espiral ASTM A252 para proyectos de conducci\u00f3n de agua<\/strong><\/h2>\n\n\n\n<p>Una de las principales aplicaciones de <strong>Tubos soldados en espiral ASTM A252<\/strong> est\u00e1 en <strong>proyectos de transporte de agua<\/strong>espec\u00edficamente para <strong>tuber\u00edas de suministro de agua, sistemas de drenaje y redes de riego<\/strong>.<\/p>\n\n\n\n<h3 class=\"wp-block-heading\" id=\"why-astm-a252-pipes-are-ideal-for-water-transmission\"><strong>\u00bfPor qu\u00e9 los tubos ASTM A252 son ideales para la conducci\u00f3n de agua?<\/strong><\/h3>\n\n\n\n<p>\u2714 <strong>Alta resistencia y durabilidad<\/strong> para la manipulaci\u00f3n de grandes vol\u00famenes de agua<br>\u2714 <strong>Revestimientos resistentes a la corrosi\u00f3n<\/strong> para prolongar la vida \u00fatil<br>\u2714 <strong>Alternativa rentable<\/strong> a tubos sin soldadura<br>\u2714 <strong>Disponible en di\u00e1metros grandes<\/strong> para el transporte de agua a granel<\/p>\n\n\n\n<h3 class=\"wp-block-heading\" id=\"comparing-astm-a252-vs-other-water-transmission-pipes\"><strong>Comparaci\u00f3n de ASTM A252 con otras tuber\u00edas de conducci\u00f3n de agua<\/strong><\/h3>\n\n\n\n<figure class=\"wp-block-table\"><table class=\"has-fixed-layout\"><thead><tr><th><strong>Caracter\u00edstica<\/strong><\/th><th><strong>Tubo soldado en espiral ASTM A252<\/strong><\/th><th><strong>Tuber\u00edas de hierro d\u00factil<\/strong><\/th><th><strong>Tuber\u00eda de PVC<\/strong><\/th><\/tr><\/thead><tbody><tr><td><strong>Resistencia y amortiguaci\u00f3n; soporte de carga<\/strong><\/td><td>Alta<\/td><td>Muy alta<\/td><td>Bajo<\/td><\/tr><tr><td><strong>Resistencia a la corrosi\u00f3n<\/strong><\/td><td>Puede mejorarse con revestimientos<\/td><td>Naturalmente resistente<\/td><td>Alta<\/td><\/tr><tr><td><strong>Coste<\/strong><\/td><td>Rentable<\/td><td>Caro<\/td><td>Barato<\/td><\/tr><tr><td><strong>Di\u00e1metro Disponibilidad<\/strong><\/td><td>Di\u00e1metro grande<\/td><td>Limitado<\/td><td>Limitado<\/td><\/tr><tr><td><strong>El mejor caso de uso<\/strong><\/td><td>Conducciones de agua a gran escala<\/td><td>Distribuci\u00f3n municipal de agua<\/td><td>Peque\u00f1os sistemas de fontaner\u00eda<\/td><\/tr><\/tbody><\/table><\/figure>\n\n\n\n<p>Cangzhou Spiral Steel Pipes Group suministra <strong>tubos ASTM A252 de alta calidad<\/strong> para <strong>proyectos h\u00eddricos municipales, abastecimiento de agua industrial y gesti\u00f3n de aguas residuales<\/strong>.<\/p>\n\n\n\n<h2 class=\"wp-block-heading\" id=\"astm-a252-spiral-welded-pipe-suppliers-exporters\"><strong>ASTM A252 Tubo soldado en espiral Proveedores &amp; Exportadores<\/strong><\/h2>\n\n\n\n<p>Si desea <strong>importaci\u00f3n Tubos soldados en espiral ASTM A252<\/strong>trabajando con un <strong>exportador de confianza<\/strong> es crucial. China sigue siendo un <strong>principal exportador<\/strong> debido a su <strong>alta capacidad de producci\u00f3n, precios competitivos y estricto control de calidad<\/strong>.<\/p>\n\n\n\n<h3 class=\"wp-block-heading\" id=\"top-chinese-exporters-of-astm-a252-spiral-welded-pipes\"><strong>Principales exportadores chinos de tubos soldados en espiral ASTM A252<\/strong><\/h3>\n\n\n\n<figure class=\"wp-block-table\"><table class=\"has-fixed-layout\"><thead><tr><th><strong>Nombre de la empresa<\/strong><\/th><th><strong>Ubicaci\u00f3n<\/strong><\/th><th><strong>Capacidad de producci\u00f3n anual<\/strong><\/th><\/tr><\/thead><tbody><tr><td><strong>Grupo de tubos de acero en espiral de Cangzhou, S.A<\/strong><\/td><td>Hebei, China<\/td><td>400.000 toneladas<\/td><\/tr><tr><td><strong>Grupo Baosteel<\/strong><\/td><td>Shanghai, China<\/td><td>m\u00e1s de 500.000 toneladas<\/td><\/tr><tr><td><strong>Tianjin Steel Pipe Co.<\/strong><\/td><td>Tianjin, China<\/td><td>300.000 toneladas<\/td><\/tr><\/tbody><\/table><\/figure>\n\n\n\n<h3 class=\"wp-block-heading\" id=\"why-choose-cangzhou-spiral-steel-pipes-group-for-astm-a252-pipes\"><strong>\u00bfPor qu\u00e9 elegir Cangzhou Spiral Steel Pipes Group para tubos ASTM A252?<\/strong><\/h3>\n\n\n\n<p>\u2714 <strong>27 a\u00f1os de experiencia en la fabricaci\u00f3n de tubos de acero<\/strong><br>\u2714 <strong>Certificaci\u00f3n ASTM A252, ISO 9001 y API<\/strong><br>\u2714 <strong>13 l\u00edneas de producci\u00f3n, que abarcan di\u00e1metros de 219 mm a 3500 mm<\/strong><br>\u2714 <strong>Recubrimientos y tratamientos anticorrosi\u00f3n personalizados disponibles<\/strong><br>\u2714 <strong>S\u00f3lida red de exportaci\u00f3n a Norteam\u00e9rica, Europa y Asia<\/strong><\/p>\n\n\n\n<p>Para <strong>tubos soldados en espiral de alta calidad ASTM A252<\/strong>, <strong>Grupo de tubos de acero en espiral de Cangzhou, S.A<\/strong> es un <strong>proveedor de confianza<\/strong>.<\/p>\n\n\n\n<h2 class=\"wp-block-heading\" id=\"faq-astm-a252-spiral-welded-pipe\"><strong>FAQ: Tubo soldado en espiral ASTM A252<\/strong><\/h2>\n\n\n\n<figure class=\"wp-block-table\"><table class=\"has-fixed-layout\"><thead><tr><th><strong>Pregunta<\/strong><\/th><th><strong>Respuesta<\/strong><\/th><\/tr><\/thead><tbody><tr><td><strong>\u00bfPara qu\u00e9 se utilizan los tubos soldados en espiral ASTM A252?<\/strong><\/td><td>Se utiliza principalmente para <strong>pilotes, soportes de cimentaci\u00f3n y estructuras marinas<\/strong>.<\/td><\/tr><tr><td><strong>\u00bfCu\u00e1l es el grado m\u00e1s resistente de ASTM A252?<\/strong><\/td><td><strong>Grado 3<\/strong> es el m\u00e1s resistente y el m\u00e1s utilizado para el pilotaje.<\/td><\/tr><tr><td><strong>\u00bfQu\u00e9 revestimientos hay disponibles?<\/strong><\/td><td><strong>FBE, 3LPE, revestimiento de mortero de cemento y revestimientos galvanizados<\/strong>.<\/td><\/tr><tr><td><strong>\u00bfEn qu\u00e9 se diferencia de los tubos API 5L?<\/strong><\/td><td><strong>ASTM A252 est\u00e1 dise\u00f1ado para aplicaciones estructurales, mientras que API 5L es para oleoductos y gasoductos<\/strong>.<\/td><\/tr><tr><td><strong>\u00bfQui\u00e9n es el mejor proveedor?<\/strong><\/td><td><strong>Grupo de tubos de acero en espiral de Cangzhou, S.A<\/strong> es un proveedor l\u00edder con <strong>ISO &amp; certificaciones ASTM A252<\/strong>.<\/td><\/tr><tr><td><strong>\u00bfCu\u00e1l ser\u00e1 el precio por tonelada en 2025?<\/strong><\/td><td>Los precios oscilan entre <strong>950 a 950 a 2.900 por tonelada<\/strong>seg\u00fan el tama\u00f1o y el revestimiento.<\/td><\/tr><tr><td><strong>\u00bfC\u00f3mo se prueban estas tuber\u00edas?<\/strong><\/td><td><strong>Inspecciones ultras\u00f3nicas, hidrost\u00e1ticas y por rayos X<\/strong> garantizar el cumplimiento de las normas de calidad.<\/td><\/tr><tr><td><strong>\u00bfExisten tubos ASTM A252 de gran di\u00e1metro?<\/strong><\/td><td><strong>S\u00ed, est\u00e1n disponibles en tama\u00f1os de hasta 3500 mm de di\u00e1metro.<\/strong><\/td><\/tr><\/tbody><\/table><\/figure>\n\n\n\n<h2 class=\"wp-block-heading\" id=\"final-thoughts\"><strong>Reflexiones finales<\/strong><\/h2>\n\n\n\n<p><strong>Tubos soldados en espiral ASTM A252<\/strong> se utilizan ampliamente en <strong>pilotaje, cimentaci\u00f3n y aplicaciones estructurales<\/strong> debido a su <strong>alta resistencia, resistencia a la corrosi\u00f3n y rentabilidad<\/strong>.<\/p>\n\n\n\n<p>Para <strong>tubos ASTM A252 de calidad superior<\/strong>, <strong>Grupo de tubos de acero en espiral de Cangzhou, S.A<\/strong> es tu <strong>la mejor opci\u00f3n<\/strong> \u00a1en 2025! <\/p>\n\n\n\n<p>Necesita un <strong>cita<\/strong> o m\u00e1s <strong>detalles t\u00e9cnicos<\/strong>? P\u00f3ngase en contacto con <strong>Grupo de tubos de acero en espiral de Cangzhou<\/strong> \u00a1hoy!<\/p>","protected":false},"featured_media":1626,"template":"","meta":{"_acf_changed":false,"_gspb_post_css":"","_kad_blocks_custom_css":"","_kad_blocks_head_custom_js":"","_kad_blocks_body_custom_js":"","_kad_blocks_footer_custom_js":"","_kad_post_transparent":"","_kad_post_title":"","_kad_post_layout":"","_kad_post_sidebar_id":"","_kad_post_content_style":"","_kad_post_vertical_padding":"","_kad_post_feature":"","_kad_post_feature_position":"","_kad_post_header":false,"_kad_post_footer":false,"_kad_post_classname":""},"product-category":[3],"product-standard":[9],"class_list":["post-254","product","type-product","status-publish","has-post-thumbnail","hentry","product-category-spiral-welded-pipe","product-standard-astm-a252"],"acf":[],"taxonomy_info":{"product-category":[{"value":3,"label":"Spiral Welded Pipe"}],"product-standard":[{"value":9,"label":"ASTM A252"}]},"featured_image_src_large":["https:\/\/cangluopipe.com\/wp-content\/uploads\/2025\/02\/ASTM-A252-3-Spiral-Pipe-1024x576.jpg",1024,576,true],"author_info":[],"comment_info":"","_links":{"self":[{"href":"https:\/\/cangluopipe.com\/es\/wp-json\/wp\/v2\/product\/254","targetHints":{"allow":["GET"]}}],"collection":[{"href":"https:\/\/cangluopipe.com\/es\/wp-json\/wp\/v2\/product"}],"about":[{"href":"https:\/\/cangluopipe.com\/es\/wp-json\/wp\/v2\/types\/product"}],"wp:featuredmedia":[{"embeddable":true,"href":"https:\/\/cangluopipe.com\/es\/wp-json\/wp\/v2\/media\/1626"}],"wp:attachment":[{"href":"https:\/\/cangluopipe.com\/es\/wp-json\/wp\/v2\/media?parent=254"}],"wp:term":[{"taxonomy":"product-category","embeddable":true,"href":"https:\/\/cangluopipe.com\/es\/wp-json\/wp\/v2\/product-category?post=254"},{"taxonomy":"product-standard","embeddable":true,"href":"https:\/\/cangluopipe.com\/es\/wp-json\/wp\/v2\/product-standard?post=254"}],"curies":[{"name":"wp","href":"https:\/\/api.w.org\/{rel}","templated":true}]}}