{"id":245,"date":"2025-02-12T02:44:46","date_gmt":"2025-02-12T02:44:46","guid":{"rendered":"https:\/\/cangluo.easiwin.com\/?post_type=product&#038;p=245"},"modified":"2025-03-28T00:47:21","modified_gmt":"2025-03-28T00:47:21","slug":"api-5l-psl1-spiral-welded-pipe-manufacturer","status":"publish","type":"product","link":"https:\/\/cangluopipe.com\/es\/product\/api-5l-psl1-spiral-welded-pipe-manufacturer\/","title":{"rendered":"Fabricante de tubos soldados en espiral API 5l Psl1"},"content":{"rendered":"<h2 class=\"wp-block-heading\" id=\"overview-of-api-5l-psl1-spiral-welded-pipe\"><strong>Descripci\u00f3n general de los tubos soldados en espiral API 5L PSL1<\/strong><\/h2>\n\n\n\n<p><strong><a href=\"https:\/\/cangluopipe.com\/es\/api-5l-psl1-spiral-pipe\/\">Tubo soldado en espiral API 5L PSL1<\/a><\/strong> es un <strong>tuber\u00eda de acero al carbono<\/strong> dise\u00f1ado para <strong>petr\u00f3leo &amp; transmisi\u00f3n de gas, conducciones de agua y aplicaciones estructurales<\/strong>. Sigue el <strong>Norma API 5L<\/strong>especificado por el <strong>Instituto Americano del Petr\u00f3leo (API)<\/strong>garantizando <strong>rendimiento fiable, durabilidad y cumplimiento de las normas del sector<\/strong>.<\/p>\n\n\n\n<p>Los tubos API 5L se dividen en <strong>dos niveles de especificaci\u00f3n del producto (PSL):<\/strong><\/p>\n\n\n\n<ul class=\"wp-block-list\">\n<li><strong>PSL1:<\/strong> En <strong>b\u00e1sico<\/strong> y el tipo m\u00e1s utilizado para <strong>oleoductos, gasoductos y acueductos<\/strong>.<\/li>\n\n\n\n<li><strong>PSL2:<\/strong> Una versi\u00f3n de mayor calidad con <strong>requisitos m\u00e1s estrictos en materia de pruebas, propiedades mec\u00e1nicas y tenacidad<\/strong> para <strong>aplicaciones cr\u00edticas<\/strong>.<\/li>\n<\/ul>\n\n\n\n<h3 class=\"wp-block-heading\" id=\"key-features-of-api-5l-psl1-spiral-welded-pipe\"><strong>Caracter\u00edsticas principales de los tubos soldados en espiral API 5L PSL1<\/strong><\/h3>\n\n\n\n<p>\u2714 <strong>Fabricado mediante soldadura por arco sumergido (SAW) o soldadura por arco sumergido helicoidal (HSAW)<\/strong><br>\u2714 <strong>Disponible en los grados de acero X42, X46, X52, X56, X60, X65 y X70<\/strong><br>\u2714 <strong>Dise\u00f1ado para aplicaciones de petr\u00f3leo, gas, agua y estructurales<\/strong><br>\u2714 <strong>Pruebas menos estrictas que las de PSL2, pero fiables para uso general<\/strong><br>\u2714 <strong>Alternativa rentable a los tubos sin soldadura para proyectos a gran escala<\/strong><\/p>\n\n\n\n<p>En esta gu\u00eda, exploraremos todo lo relacionado con <strong>Tubos soldados en espiral API 5L PSL1<\/strong>incluyendo <strong>fabricantes, especificaciones, tendencias de precios, revestimientos, aplicaciones y procesos de soldadura<\/strong>.<\/p>\n\n\n\n<h2 class=\"wp-block-heading\" id=\"top-api-5l-psl1-spiral-welded-pipe-manufacturers\"><strong>Mejores fabricantes de tubos soldados en espiral API 5L PSL1<\/strong><\/h2>\n\n\n\n<p>Elegir un <strong>fabricante de confianza<\/strong> garantiza <strong>materiales de alta calidad, cumplimiento de las normas API 5L y rendimiento duradero<\/strong>. A continuaci\u00f3n figuran algunos de los <strong>principales fabricantes de tubos soldados en espiral API 5L PSL1<\/strong> en 2025:<\/p>\n\n\n\n<h3 class=\"wp-block-heading\" id=\"1-cangzhou-spiral-steel-pipes-group-co-ltd\"><strong>1. Grupo de tubos de acero en espiral de Cangzhou, S.A<\/strong><\/h3>\n\n\n\n<p>\u2714 <strong>27 a\u00f1os de experiencia<\/strong> en la fabricaci\u00f3n de tubos de acero<br>\u2714 <strong>13 l\u00edneas de producci\u00f3n<\/strong> para <strong>\u03a6219-\u03a63500mm<\/strong> tubos soldados en espiral<br>\u2714 <strong>Certificados API 5L PSL1, ASTM A53, ASTM A252 e ISO 9001<\/strong><br>\u2714 <strong>Capacidad de producci\u00f3n anual: 400.000 toneladas<\/strong><br>\u2714 <strong>Revestimientos personalizados disponibles: FBE, 3LPE, revestimiento de mortero de cemento<\/strong><\/p>\n\n\n\n<h3 class=\"wp-block-heading\" id=\"2-tenaris-global\"><strong>2. Tenaris (Mundial)<\/strong><\/h3>\n\n\n\n<p>Fabricante l\u00edder mundial especializado en <strong>Tubos API 5L PSL1<\/strong> para <strong>petr\u00f3leo &amp; gasoductos y aplicaciones industriales<\/strong>.<\/p>\n\n\n\n<h3 class=\"wp-block-heading\" id=\"3-jindal-saw-ltd-india\"><strong>3. Jindal SAW Ltd (India)<\/strong><\/h3>\n\n\n\n<p>Uno de los principales proveedores de <strong>tubos API 5L PSL1 de gran di\u00e1metro<\/strong> utilizado en <strong>transporte de agua, petr\u00f3leo y gas, y proyectos de infraestructura<\/strong>.<\/p>\n\n\n\n<h3 class=\"wp-block-heading\" id=\"4-arcelormittal-europe\"><strong>4. ArcelorMittal (Europa)<\/strong><\/h3>\n\n\n\n<p>Un productor mundial de acero que fabrica <strong>Tubos con certificaci\u00f3n API 5L PSL1<\/strong> para <strong>proyectos de construcci\u00f3n y oleoductos<\/strong>.<\/p>\n\n\n\n<h3 class=\"wp-block-heading\" id=\"5-welspun-corp-ltd-india\"><strong>5. Welspun Corp Ltd (India)<\/strong><\/h3>\n\n\n\n<p>Uno de los principales productores de <strong>tubos soldados en espiral para transmisi\u00f3n de agua, petr\u00f3leo &amp; gas y aplicaciones industriales<\/strong>.<\/p>\n\n\n\n<p>Cada uno de estos fabricantes garantiza <strong>estricto cumplimiento de las normas API 5L PSL1<\/strong>garantizando <strong>gran durabilidad y resistencia a la corrosi\u00f3n<\/strong>.<\/p>\n\n\n<div class=\"wp-block-image\">\n<figure class=\"aligncenter size-large is-resized\"><img loading=\"lazy\" decoding=\"async\" width=\"683\" height=\"1024\" src=\"https:\/\/cangluopipe.com\/wp-content\/uploads\/2025\/02\/spiral-steel-pipe-manufacturer-683x1024.jpg\" alt=\"Tubo soldado en espiral API 5L PSL1\" class=\"wp-image-212\" style=\"width:513px;height:auto\" srcset=\"https:\/\/cangluopipe.com\/wp-content\/uploads\/2025\/02\/spiral-steel-pipe-manufacturer-683x1024.jpg 683w, https:\/\/cangluopipe.com\/wp-content\/uploads\/2025\/02\/spiral-steel-pipe-manufacturer-200x300.jpg 200w, https:\/\/cangluopipe.com\/wp-content\/uploads\/2025\/02\/spiral-steel-pipe-manufacturer.jpg 700w\" sizes=\"auto, (max-width: 683px) 100vw, 683px\" \/><\/figure>\n<\/div>\n\n\n<h2 class=\"wp-block-heading\" id=\"api-5l-psl1-spiral-welded-pipe-vs-other-pipe-standards\"><strong>Tubos soldados en espiral API 5L PSL1 frente a otras normas de tuber\u00edas<\/strong><\/h2>\n\n\n\n<p>La elecci\u00f3n del tubo de acero adecuado depende de <strong>aplicaci\u00f3n, durabilidad, coste y resistencia<\/strong>. He aqu\u00ed c\u00f3mo <strong>Tubo soldado en espiral API 5L PSL1<\/strong> en comparaci\u00f3n con otras normas comunes para tuber\u00edas:<\/p>\n\n\n\n<figure class=\"wp-block-table\"><table><thead><tr><th><strong>Caracter\u00edstica<\/strong><\/th><th><strong>Tubo soldado en espiral API 5L PSL1<\/strong><\/th><th><strong>Tubos API 5L PSL2<\/strong><\/th><th><strong>Tubos soldados ASTM A53<\/strong><\/th><th><strong>Tubos para pilotes ASTM A252<\/strong><\/th><\/tr><\/thead><tbody><tr><td><strong>Proceso de fabricaci\u00f3n<\/strong><\/td><td>SAW o HSAW<\/td><td>SAW o HSAW<\/td><td>ERW o SAW<\/td><td>SIERRA<\/td><\/tr><tr><td><strong>Resistencia &amp; Durabilidad<\/strong><\/td><td>Alta<\/td><td>Muy alta<\/td><td>Moderado<\/td><td>Alta<\/td><\/tr><tr><td><strong>Resistencia a la presi\u00f3n<\/strong><\/td><td>Moderado<\/td><td>Superior<\/td><td>Bajo a medio<\/td><td>Bajo<\/td><\/tr><tr><td><strong>Requisitos de las pruebas<\/strong><\/td><td>Pruebas mec\u00e1nicas b\u00e1sicas<\/td><td>Pruebas de impacto, dureza y no destructivas m\u00e1s estrictas<\/td><td>Visual, hidrost\u00e1tica<\/td><td>Visual, hidrost\u00e1tica<\/td><\/tr><tr><td><strong>Resistencia a la corrosi\u00f3n<\/strong><\/td><td>Puede mejorarse con revestimientos<\/td><td>Puede mejorarse con revestimientos<\/td><td>Puede galvanizarse<\/td><td>Requiere revestimientos<\/td><\/tr><tr><td><strong>Coste<\/strong><\/td><td>Rentable<\/td><td>M\u00e1s alto<\/td><td>Rentable<\/td><td>Moderado<\/td><\/tr><tr><td><strong>El mejor caso de uso<\/strong><\/td><td>Petr\u00f3leo &amp; gasoductos, transporte de agua<\/td><td>Aplicaciones de alta presi\u00f3n<\/td><td>Transporte de agua, estructural<\/td><td>Pilotes, soportes de cimentaci\u00f3n<\/td><\/tr><\/tbody><\/table><\/figure>\n\n\n\n<h3 class=\"wp-block-heading\" id=\"why-choose-api-5l-psl1-spiral-welded-pipes\"><strong>\u00bfPor qu\u00e9 elegir los tubos soldados en espiral API 5L PSL1?<\/strong><\/h3>\n\n\n\n<p>\u2714 <strong>Fiable y rentable para el transporte de petr\u00f3leo y gas en general<\/strong><br>\u2714 <strong>Disponible en grandes di\u00e1metros para aplicaciones industriales<\/strong><br>\u2714 <strong>Apto para uso subterr\u00e1neo y en superficie<\/strong><br>\u2714 <strong>Puede recubrirse para mejorar la resistencia a la corrosi\u00f3n<\/strong><\/p>\n\n\n\n<h2 class=\"wp-block-heading\" id=\"api-5l-psl1-spiral-welded-pipe-price-per-ton-in-2025\"><strong>Precio por tonelada de tubos soldados en espiral API 5L PSL1 en 2025<\/strong><\/h2>\n\n\n\n<p>El precio de <strong>Tubos soldados en espiral API 5L PSL1<\/strong> depende de factores como <strong>calidad del acero, revestimientos, demanda y lugar de fabricaci\u00f3n<\/strong>. A continuaci\u00f3n figura una tabla de precios estimados para 2025:<\/p>\n\n\n\n<figure class=\"wp-block-table\"><table><thead><tr><th><strong>Di\u00e1metro del tubo (mm)<\/strong><\/th><th><strong>Espesor de pared (mm)<\/strong><\/th><th><strong>Grado de acero<\/strong><\/th><th><strong>Precio por tonelada (USD)<\/strong><\/th><\/tr><\/thead><tbody><tr><td>219 \u2013 600<\/td><td>6 \u2013 10<\/td><td>X42 &#8211; X52<\/td><td>1,000-1,000 &#8211; 1,000-1,600<\/td><\/tr><tr><td>610 \u2013 1200<\/td><td>8 \u2013 14<\/td><td>X52 &#8211; X60<\/td><td>1,400-1,400 &#8211; 1,400-2,000<\/td><\/tr><tr><td>1220 \u2013 1800<\/td><td>10 \u2013 18<\/td><td>X60 &#8211; X70<\/td><td>1,700-1,700 &#8211; 1,700-2,400<\/td><\/tr><tr><td>2000 \u2013 3500<\/td><td>12 \u2013 25<\/td><td>X70<\/td><td>2,200-2,200 &#8211; 2,200-3,000<\/td><\/tr><\/tbody><\/table><\/figure>\n\n\n\n<h3 class=\"wp-block-heading\" id=\"factors-affecting-price\"><strong>Factores que afectan al precio:<\/strong><\/h3>\n\n\n\n<p>\u2714 <strong><a href=\"https:\/\/en.wikipedia.org\/wiki\/Steel\" target=\"_blank\" rel=\"noopener\">Acero<\/a> Grado<\/strong> - Las calidades superiores (X60-X70) cuestan m\u00e1s debido a su mayor resistencia.<br>\u2714 <strong>Costes de fabricaci\u00f3n<\/strong> - Gastos de mano de obra, energ\u00eda y transporte.<br>\u2714 <strong>Recubrimientos &amp; Tratamientos<\/strong> - Los recubrimientos anticorrosi\u00f3n adicionales aumentan el precio.<br>\u2714 <strong>Pedidos al por mayor<\/strong> - Los pedidos de grandes cantidades reciben mejores precios.<\/p>\n\n\n\n<p>Cangzhou Spiral Steel Pipes Group ofrece <strong>tubos soldados en espiral API 5L PSL1 de alta calidad a precios competitivos<\/strong>.<\/p>\n\n\n\n<h2 class=\"wp-block-heading\" id=\"api-5l-psl1-spiral-welded-pipe-welding-process-manufacturing\"><strong>Tubos soldados en espiral API 5L PSL1 Proceso de soldadura y fabricaci\u00f3n<\/strong><\/h2>\n\n\n\n<h3 class=\"wp-block-heading\" id=\"how-are-api-5l-psl1-spiral-welded-pipes-manufactured\"><strong>\u00bfC\u00f3mo se fabrican los tubos soldados en espiral API 5L PSL1?<\/strong><\/h3>\n\n\n\n<p>En <strong>Tubo soldado en espiral API 5L PSL1<\/strong> el proceso de fabricaci\u00f3n sigue <strong>estrictas medidas de control de calidad<\/strong> para garantizar <strong>alta resistencia, durabilidad y cumplimiento de las normas internacionales<\/strong>. A continuaci\u00f3n se detalla paso a paso el proceso de producci\u00f3n:<\/p>\n\n\n\n<h3 class=\"wp-block-heading\" id=\"1-steel-coil-selection\"><strong>1. Selecci\u00f3n de bobinas de acero<\/strong><\/h3>\n\n\n\n<ul class=\"wp-block-list\">\n<li>El proceso comienza con la selecci\u00f3n de <strong>bobinas de acero al carbono de alta calidad<\/strong> que cumplen las especificaciones de material API 5L PSL1.<\/li>\n\n\n\n<li>Las calidades de acero m\u00e1s comunes son <strong>X42, X46, X52, X56, X60, X65 y X70<\/strong>con <strong>grados superiores que ofrecen una mayor solidez y resistencia a la presi\u00f3n<\/strong>.<\/li>\n<\/ul>\n\n\n\n<h3 class=\"wp-block-heading\" id=\"2-spiral-forming-process\"><strong>2. Proceso de formaci\u00f3n de espirales<\/strong><\/h3>\n\n\n\n<ul class=\"wp-block-list\">\n<li>La banda de acero se introduce continuamente en una <strong>m\u00e1quina formadora<\/strong>donde est\u00e1 <strong>enrollado en forma helicoidal<\/strong>.<\/li>\n\n\n\n<li>En <strong>la costura en espiral proporciona mayor resistencia y flexibilidad<\/strong>por lo que es ideal para <strong>petr\u00f3leo &amp; gasoductos y aplicaciones industriales<\/strong>.<\/li>\n<\/ul>\n\n\n\n<h3 class=\"wp-block-heading\" id=\"3-submerged-arc-welding-saw-process\"><strong>3. Proceso de soldadura por arco sumergido (SAW)<\/strong><\/h3>\n\n\n\n<ul class=\"wp-block-list\">\n<li>El proceso de soldadura utilizado para los tubos API 5L PSL1 es el siguiente <strong>Soldadura por arco sumergido (SAW)<\/strong>que incluye <strong>soldadura sumergida por una o dos caras<\/strong>.<\/li>\n\n\n\n<li>Este m\u00e9todo garantiza <strong>penetraci\u00f3n profunda, uniformidad y resistencia a la tensi\u00f3n<\/strong>por lo que es ideal para <strong>aplicaciones de alta presi\u00f3n<\/strong>.<\/li>\n<\/ul>\n\n\n\n<h3 class=\"wp-block-heading\" id=\"4-quality-control-testing\"><strong>4. Control de calidad y pruebas<\/strong><\/h3>\n\n\n\n<ul class=\"wp-block-list\">\n<li><strong>Pruebas de presi\u00f3n hidrost\u00e1tica<\/strong> verifica que las tuber\u00edas pueden manejar <strong>presiones de funcionamiento moderadas<\/strong>.<\/li>\n\n\n\n<li><strong>Ultrasonidos &amp; Pruebas con rayos X<\/strong> garantiza que no haya <strong>defectos internos<\/strong>.<\/li>\n\n\n\n<li><strong>Inspecci\u00f3n dimensional<\/strong> garantiza <strong>rectitud, uniformidad del espesor y precisi\u00f3n del di\u00e1metro<\/strong>.<\/li>\n<\/ul>\n\n\n\n<h3 class=\"wp-block-heading\" id=\"5-coating-corrosion-protection\"><strong>5. Revestimiento &amp; amp; Protecci\u00f3n contra la corrosi\u00f3n<\/strong><\/h3>\n\n\n\n<ul class=\"wp-block-list\">\n<li>Las tuber\u00edas pueden revestirse con <strong>Revestimiento de epoxi adherido por fusi\u00f3n (FBE), 3LPE, bet\u00fan o mortero de cemento<\/strong> resistir <strong>corrosi\u00f3n, humedad y da\u00f1os ambientales<\/strong>.<\/li>\n<\/ul>\n\n\n\n<h3 class=\"wp-block-heading\" id=\"6-final-inspection-certification\"><strong>6. Inspecci\u00f3n final y sello; certificaci\u00f3n<\/strong><\/h3>\n\n\n\n<ul class=\"wp-block-list\">\n<li>Se comprueba que cada tuber\u00eda <strong>conformidad con API 5L PSL1, ISO 9001 y otras certificaciones de calidad pertinentes<\/strong>.<\/li>\n\n\n\n<li>Las tuber\u00edas est\u00e1n marcadas con <strong>grado, tama\u00f1o, n\u00famero de colada y nombre del fabricante<\/strong> para una trazabilidad completa.<\/li>\n<\/ul>\n\n\n\n<h3 class=\"wp-block-heading\" id=\"welding-techniques-used-in-api-5l-psl1-spiral-welded-pipes\"><strong>T\u00e9cnicas de soldadura utilizadas en los tubos soldados en espiral API 5L PSL1<\/strong><\/h3>\n\n\n\n<figure class=\"wp-block-table\"><table><thead><tr><th><strong>M\u00e9todo de soldadura<\/strong><\/th><th><strong>Ventajas<\/strong><\/th><\/tr><\/thead><tbody><tr><td><strong>Soldadura por arco sumergido (SAW)<\/strong><\/td><td>Soldaduras de penetraci\u00f3n profunda, fuertes y uniformes<\/td><\/tr><tr><td><strong>Soldadura por una sola cara<\/strong><\/td><td>Adecuado para aplicaciones de presi\u00f3n media<\/td><\/tr><tr><td><strong>Soldadura de doble cara (DSAW)<\/strong><\/td><td>Garantiza una resistencia uniforme y evita los puntos d\u00e9biles<\/td><\/tr><tr><td><strong>Pruebas hidrost\u00e1ticas<\/strong><\/td><td>Verifica la resistencia a la presi\u00f3n, garantiza la ausencia de fugas<\/td><\/tr><tr><td><strong>Ultrasonidos &amp; Pruebas con rayos X<\/strong><\/td><td>Detecta defectos internos para mejorar la seguridad<\/td><\/tr><\/tbody><\/table><\/figure>\n\n\n\n<p>Cangzhou Spiral Steel Pipes Group Co., Ltd garantiza <strong>todos los tubos cumplen la norma API 5L PSL1<\/strong> a trav\u00e9s de <strong>t\u00e9cnicas avanzadas de soldadura y un riguroso control de calidad<\/strong>.<\/p>\n\n\n\n<h2 class=\"wp-block-heading\" id=\"api-5l-psl1-spiral-welded-pipe-coating-and-anti-corrosion-treatment\"><strong>Tubo soldado en espiral API 5L PSL1 Revestimiento y tratamiento anticorrosi\u00f3n<\/strong><\/h2>\n\n\n\n<p>Tuber\u00edas utilizadas en <strong>oil &amp; transporte de gas, suministro de agua y aplicaciones industriales<\/strong> suelen estar expuestos a <strong>entornos corrosivos, condiciones de alta presi\u00f3n y temperaturas extremas<\/strong>. Aplicaci\u00f3n de <strong>revestimientos protectores<\/strong> ayuda a <strong>prolongan la vida \u00fatil y evitan la corrosi\u00f3n<\/strong>.<\/p>\n\n\n\n<h3 class=\"wp-block-heading\" id=\"common-coating-options-for-api-5l-psl1-pipes\"><strong>Opciones comunes de revestimiento para tuber\u00edas API 5L PSL1<\/strong><\/h3>\n\n\n\n<figure class=\"wp-block-table\"><table><thead><tr><th><strong>Tipo de revestimiento<\/strong><\/th><th><strong>Ventajas<\/strong><\/th><th><strong>Aplicaciones<\/strong><\/th><\/tr><\/thead><tbody><tr><td><strong>Epoxi unido por fusi\u00f3n (FBE)<\/strong><\/td><td>Alta resistencia a la corrosi\u00f3n, fuerte adherencia<\/td><td>Oil &amp; gasoductos, tuber\u00edas industriales<\/td><\/tr><tr><td><strong>3LPE (polietileno de tres capas)<\/strong><\/td><td>Excelente resistencia a los impactos, protecci\u00f3n contra la humedad<\/td><td>Tuber\u00edas subterr\u00e1neas, aplicaciones en alta mar<\/td><\/tr><tr><td><strong>Revestimiento bituminoso<\/strong><\/td><td>Econ\u00f3mico, adecuado para aplicaciones subterr\u00e1neas<\/td><td>Pilotaje estructural, proyectos de drenaje<\/td><\/tr><tr><td><strong>Revestimiento de mortero de cemento<\/strong><\/td><td>Evita la corrosi\u00f3n interna, ideal para el transporte por agua<\/td><td>Conducciones de agua, suministro de agua industrial<\/td><\/tr><\/tbody><\/table><\/figure>\n\n\n\n<h3 class=\"wp-block-heading\" id=\"why-coating-is-important-for-api-5l-psl1-pipes\"><strong>\u00bfPor qu\u00e9 es importante el revestimiento de los tubos API 5L PSL1?<\/strong><\/h3>\n\n\n\n<p>\u2714 <strong>Evita el \u00f3xido y la corrosi\u00f3n<\/strong> en entornos dif\u00edciles<br>\u2714 <strong>Mejora la integridad estructural<\/strong> y prolonga la vida \u00fatil<br>\u2714 <strong>Mejora la resistencia a los productos qu\u00edmicos, la humedad y el agua salada<\/strong><br>\u2714 <strong>Reduce los costes de mantenimiento<\/strong> para proyectos a largo plazo<\/p>\n\n\n\n<p>Cangzhou Spiral Steel Pipes Group ofrece <strong>soluciones de revestimiento personalizadas<\/strong> basado en <strong>requisitos del proyecto<\/strong>.<\/p>\n\n\n<div class=\"wp-block-image\">\n<figure class=\"aligncenter size-full\"><img loading=\"lazy\" decoding=\"async\" width=\"706\" height=\"500\" src=\"https:\/\/cangluopipe.com\/wp-content\/uploads\/2025\/02\/spiral-weld-pipe-manufacturer.jpg\" alt=\"Tubo soldado en espiral API 5L PSL1\" class=\"wp-image-173\" srcset=\"https:\/\/cangluopipe.com\/wp-content\/uploads\/2025\/02\/spiral-weld-pipe-manufacturer.jpg 706w, https:\/\/cangluopipe.com\/wp-content\/uploads\/2025\/02\/spiral-weld-pipe-manufacturer-300x212.jpg 300w\" sizes=\"auto, (max-width: 706px) 100vw, 706px\" \/><\/figure>\n<\/div>\n\n\n<h2 class=\"wp-block-heading\" id=\"api-5l-psl1-spiral-welded-pipe-for-water-transmission-industrial-applications\"><strong>Tubos soldados en espiral API 5L PSL1 para conducci\u00f3n de agua &amp; Aplicaciones industriales<\/strong><\/h2>\n\n\n\n<p>Uno de los usos m\u00e1s comunes de <strong>Tubos soldados en espiral API 5L PSL1<\/strong> est\u00e1 en <strong>conducci\u00f3n de agua y tuber\u00edas industriales<\/strong>incluyendo <strong>abastecimiento municipal de agua, gesti\u00f3n de aguas residuales y conducciones del sector energ\u00e9tico<\/strong>.<\/p>\n\n\n\n<h3 class=\"wp-block-heading\" id=\"why-api-5l-psl1-pipes-are-ideal-for-water-transmission-industrial-use\"><strong>\u00bfPor qu\u00e9 las tuber\u00edas API 5L PSL1 son ideales para el transporte de agua y el uso industrial?<\/strong><\/h3>\n\n\n\n<p>\u2714 <strong>Alta resistencia y durabilidad<\/strong> para la manipulaci\u00f3n de grandes vol\u00famenes de agua<br>\u2714 <strong>Revestimientos resistentes a la corrosi\u00f3n<\/strong> para prolongar la vida \u00fatil<br>\u2714 <strong>Alternativa rentable<\/strong> a tubos sin soldadura<br>\u2714 <strong>Disponible en di\u00e1metros grandes<\/strong> para el transporte de agua a granel<\/p>\n\n\n\n<h3 class=\"wp-block-heading\" id=\"comparing-api-5l-psl1-vs-other-water-transmission-pipes\"><strong>Comparaci\u00f3n de API 5L PSL1 con otras tuber\u00edas de conducci\u00f3n de agua<\/strong><\/h3>\n\n\n\n<figure class=\"wp-block-table\"><table><thead><tr><th><strong>Caracter\u00edstica<\/strong><\/th><th><strong>Tubo soldado en espiral API 5L PSL1<\/strong><\/th><th><strong>Tuber\u00edas de hierro d\u00factil<\/strong><\/th><th><strong>Tuber\u00eda de PVC<\/strong><\/th><\/tr><\/thead><tbody><tr><td><strong>Resistencia y amortiguaci\u00f3n; soporte de carga<\/strong><\/td><td>Alta<\/td><td>Muy alta<\/td><td>Bajo<\/td><\/tr><tr><td><strong>Resistencia a la corrosi\u00f3n<\/strong><\/td><td>Puede mejorarse con revestimientos<\/td><td>Naturalmente resistente<\/td><td>Alta<\/td><\/tr><tr><td><strong>Coste<\/strong><\/td><td>Rentable<\/td><td>Caro<\/td><td>Barato<\/td><\/tr><tr><td><strong>Di\u00e1metro Disponibilidad<\/strong><\/td><td>Di\u00e1metro grande<\/td><td>Limitado<\/td><td>Limitado<\/td><\/tr><tr><td><strong>El mejor caso de uso<\/strong><\/td><td>Conducciones de agua a gran escala<\/td><td>Distribuci\u00f3n municipal de agua<\/td><td>Peque\u00f1os sistemas de fontaner\u00eda<\/td><\/tr><\/tbody><\/table><\/figure>\n\n\n\n<p>Cangzhou Spiral Steel Pipes Group suministra <strong>tubos API 5L PSL1 de alta calidad<\/strong> para <strong>proyectos h\u00eddricos municipales, abastecimiento de agua industrial y gesti\u00f3n de aguas residuales<\/strong>.<\/p>\n\n\n\n<h2 class=\"wp-block-heading\" id=\"api-5l-psl1-spiral-welded-pipe-suppliers-exporters\"><strong>Tubos soldados en espiral API 5L PSL1 Proveedores &amp; Exportadores<\/strong><\/h2>\n\n\n\n<p>Si desea <strong>importaci\u00f3n Tubos soldados en espiral API 5L PSL1<\/strong>trabajando con un <strong>exportador de confianza<\/strong> es crucial. China sigue siendo un <strong>principal exportador<\/strong> debido a su <strong>alta capacidad de producci\u00f3n, precios competitivos y estricto control de calidad<\/strong>.<\/p>\n\n\n\n<h3 class=\"wp-block-heading\" id=\"top-chinese-exporters-of-api-5l-psl1-spiral-welded-pipes\"><strong>Principales exportadores chinos de tubos soldados en espiral API 5L PSL1<\/strong><\/h3>\n\n\n\n<figure class=\"wp-block-table\"><table><thead><tr><th><strong>Nombre de la empresa<\/strong><\/th><th><strong>Ubicaci\u00f3n<\/strong><\/th><th><strong>Capacidad de producci\u00f3n anual<\/strong><\/th><\/tr><\/thead><tbody><tr><td><strong>Grupo de tubos de acero en espiral de Cangzhou, S.A<\/strong><\/td><td>Hebei, China<\/td><td>400.000 toneladas<\/td><\/tr><tr><td><strong>Grupo Baosteel<\/strong><\/td><td>Shanghai, China<\/td><td>m\u00e1s de 500.000 toneladas<\/td><\/tr><tr><td><strong>Tianjin Steel Pipe Co.<\/strong><\/td><td>Tianjin, China<\/td><td>300.000 toneladas<\/td><\/tr><\/tbody><\/table><\/figure>\n\n\n\n<h3 class=\"wp-block-heading\" id=\"why-choose-cangzhou-spiral-steel-pipes-group-for-api-5l-psl1-pipes\"><strong>\u00bfPor qu\u00e9 elegir Cangzhou Spiral Steel Pipes Group para tuber\u00edas API 5L PSL1?<\/strong><\/h3>\n\n\n\n<p>\u2714 <strong>27 a\u00f1os de experiencia en la fabricaci\u00f3n de tubos de acero<\/strong><br>\u2714 <strong>Certificaci\u00f3n API 5L PSL1, ISO 9001 y API<\/strong><br>\u2714 <strong>13 l\u00edneas de producci\u00f3n, que abarcan di\u00e1metros de 219 mm a 3500 mm<\/strong><br>\u2714 <strong>Recubrimientos y tratamientos anticorrosi\u00f3n personalizados disponibles<\/strong><br>\u2714 <strong>S\u00f3lida red de exportaci\u00f3n a Norteam\u00e9rica, Europa y Asia<\/strong><\/p>\n\n\n\n<p>Para <strong>tubos soldados en espiral API 5L PSL1 de alta calidad<\/strong>, <strong>Grupo de tubos de acero en espiral de Cangzhou, S.A<\/strong> es un <strong>proveedor de confianza<\/strong>.<\/p>\n\n\n\n<h2 class=\"wp-block-heading\" id=\"final-thoughts\"><strong>Reflexiones finales<\/strong><\/h2>\n\n\n\n<p>Las tuber\u00edas soldadas en espiral API 5L PSL1 se utilizan ampliamente en la extracci\u00f3n de petr\u00f3leo, la transmisi\u00f3n de gas, las tuber\u00edas de agua y las aplicaciones industriales debido a su alta resistencia, resistencia a la corrosi\u00f3n y rentabilidad.<\/p>\n\n\n\n<p>\u00a1Para tubos API 5L PSL1 de primera calidad, Cangzhou Spiral Steel Pipes Group Co., Ltd es su mejor opci\u00f3n en 2025!<\/p>\n\n\n\n<p>\u00bfNecesita un presupuesto o m\u00e1s detalles t\u00e9cnicos? P\u00f3ngase en contacto con Cangzhou Spiral Steel Pipes Group hoy mismo<\/p>","protected":false},"featured_media":246,"template":"","meta":{"_acf_changed":false,"_gspb_post_css":"","_kad_blocks_custom_css":"","_kad_blocks_head_custom_js":"","_kad_blocks_body_custom_js":"","_kad_blocks_footer_custom_js":"","_kad_post_transparent":"","_kad_post_title":"","_kad_post_layout":"","_kad_post_sidebar_id":"","_kad_post_content_style":"","_kad_post_vertical_padding":"","_kad_post_feature":"","_kad_post_feature_position":"","_kad_post_header":false,"_kad_post_footer":false,"_kad_post_classname":""},"product-category":[3],"product-standard":[6],"class_list":["post-245","product","type-product","status-publish","has-post-thumbnail","hentry","product-category-spiral-welded-pipe","product-standard-api-spec-5l"],"acf":[],"taxonomy_info":{"product-category":[{"value":3,"label":"Spiral Welded Pipe"}],"product-standard":[{"value":6,"label":"API SPEC 5L"}]},"featured_image_src_large":["https:\/\/cangluopipe.com\/wp-content\/uploads\/2025\/02\/api-5l-psl1-grb-spiral-pipe.jpg",920,414,false],"author_info":[],"comment_info":"","_links":{"self":[{"href":"https:\/\/cangluopipe.com\/es\/wp-json\/wp\/v2\/product\/245","targetHints":{"allow":["GET"]}}],"collection":[{"href":"https:\/\/cangluopipe.com\/es\/wp-json\/wp\/v2\/product"}],"about":[{"href":"https:\/\/cangluopipe.com\/es\/wp-json\/wp\/v2\/types\/product"}],"wp:featuredmedia":[{"embeddable":true,"href":"https:\/\/cangluopipe.com\/es\/wp-json\/wp\/v2\/media\/246"}],"wp:attachment":[{"href":"https:\/\/cangluopipe.com\/es\/wp-json\/wp\/v2\/media?parent=245"}],"wp:term":[{"taxonomy":"product-category","embeddable":true,"href":"https:\/\/cangluopipe.com\/es\/wp-json\/wp\/v2\/product-category?post=245"},{"taxonomy":"product-standard","embeddable":true,"href":"https:\/\/cangluopipe.com\/es\/wp-json\/wp\/v2\/product-standard?post=245"}],"curies":[{"name":"wp","href":"https:\/\/api.w.org\/{rel}","templated":true}]}}